{"id":2210,"date":"2022-02-03T17:38:56","date_gmt":"2022-02-03T14:38:56","guid":{"rendered":"https:\/\/amt.eu.com\/?post_type=product&#038;p=2210"},"modified":"2022-10-22T14:21:52","modified_gmt":"2022-10-22T11:21:52","slug":"ns-1200","status":"publish","type":"product","link":"https:\/\/amt.eu.com\/de\/produkt\/ns-1200\/","title":{"rendered":"NS-1200"},"content":{"rendered":"<h3>Nanosekundenlaser NS-1200 der europ\u00e4ischen Firma &quot;A.M.T.&quot;<\/h3>\n<p>Nanosekundenlaser NS-1200 von A.M.T. ist eine neue Nanolaser-Technologie in der Kosmetik, die selbst Skeptiker verbl\u00fcffen und \u00fcberraschen kann. Dieser Laser geh\u00f6rt zur professionellen Ausstattung und verrichtet vielf\u00e4ltige Leistungen f\u00fcr Gesicht und K\u00f6rper.<\/p>\n<p><strong>Was ist der grundlegende Unterschied zu anderen Lasern? Was macht den NS-1200 so sicher und effektiv?<\/strong><\/p>\n<p>Der Nanosekundenlaser arbeitet mit einer Wellenl\u00e4nge von 532 und 1064 nm. Sein wichtigstes \u201eZiel\u201c oder Chromophor ist das Melaninpigment. Die Dauer der Laserpulse betr\u00e4gt nur wenige Nanosekunden, w\u00e4hrend die Pulsenergie 1200 mJ erreicht, was es erm\u00f6glicht, eine solche Energiemenge in so kurzer Zeit an das Gewebe abzugeben.<\/p>\n<p>Funktionsprinzip: Der Laserstrahl wird vom Tattoo-Pigment absorbiert und spaltet es in kleinere Partikel, die \u00fcber das Lymphsystem aus dem K\u00f6rper ausgeschieden werden. Bereits nach der ersten Belichtung wird eine merkliche Aufhellung des T\u00e4towierungspigments beobachtet und die T\u00e4towierung wird in 2-4 Vorg\u00e4ngen entfernt.<\/p>\n<h3>Welche Aufgaben l\u00f6st der NS-1200 Laser?<\/h3>\n<p>Ein Nanosekundenlaser liefert einen Impuls, der wie eine kr\u00e4ftige Schockwelle von ultrakurzer Dauer gro\u00dfe Pigmentmolek\u00fcle selbst in hellen Farbt\u00f6nen zu Staub zerlegt und dunklere Farbt\u00f6ne wie Schwarz, Grau, Braun entfernt genauso einfach und problemlos. Dabei werden die Zellen der Haut selbst nicht angegriffen und bleiben intakt. Der Nanosekundenlaser NS-1200 wirkt sich positiv auf den Allgemeinzustand der Haut aus und nivelliert ihre Oberfl\u00e4che. Sein Impuls l\u00f6st die Prozesse der Neokollagenogenese, der Verl\u00e4ngerung von Elastinfasern und der Bildung neuer Gef\u00e4\u00dfe aus. Das hei\u00dft, die Struktur der Haut wird aktualisiert und verbessert, und das alles ohne Schaden.<\/p>\n<h3>Welche Verfahren f\u00fchrt der A.M.T.-Nanosekundenlaser durch:<\/h3>\n<ul>\n<li>Entfernung von T\u00e4towierungen und T\u00e4towierungen verschiedener Komplexit\u00e4t;<\/li>\n<li>Aufhellung und Verj\u00fcngung der Haut von Gesicht, Hals, Dekollet\u00e9 und H\u00e4nden;<\/li>\n<li>L\u00f6sung des Problems der Hyperpigmentierung, Entfernung von Altersflecken an allen K\u00f6rperteilen und im Gesicht;<\/li>\n<li>Verringerung der Tiefe von Falten und vergr\u00f6\u00dferten Poren;<\/li>\n<li>Kampf gegen Hautausschl\u00e4ge, antibakterielle Wirkung;<\/li>\n<li>Behandlung von Onychomykose (Pilz der Nagelplatte);<\/li>\n<li>Beseitigung von \u00d6lglanz - Carbon-Laser-Peeling.<\/li>\n<\/ul>\n<p><strong>Anstelle einer photothermischen Belichtung interagiert der Laser mit der Haut des Patienten durch einen sichereren photomechanischen Effekt.<\/strong><\/p>\n<p><strong>Vergleichen<\/strong><\/p>\n<table style=\"border-collapse: collapse; width: 100%;\">\n<tbody>\n<tr>\n<td style=\"width: 50%;\"><strong>Photothermischer Effekt<\/strong><\/p>\n<ul>\n<li>Erholungszeit - mehr als eine Woche<\/li>\n<li>Schmerzen sind erheblich, An\u00e4sthesie ist erforderlich<\/li>\n<li>Die Dauer der Verfahren betr\u00e4gt 30-90 Minuten<\/li>\n<\/ul>\n<\/td>\n<td style=\"width: 50%;\"><strong>Photomechanischer Effekt<\/strong><\/p>\n<ul>\n<li>Wiederherstellung - 5-24 Stunden<\/li>\n<li>Die Schmerzen sind minimal, eine An\u00e4sthesie ist nicht erforderlich<\/li>\n<li>Die Dauer des Verfahrens betr\u00e4gt 5-20 Minuten.<\/li>\n<\/ul>\n<\/td>\n<\/tr>\n<\/tbody>\n<\/table>\n<h3>Vorteile unseres Ger\u00e4tes:<\/h3>\n<div class=\"advantages\">\n<div class=\"item\">\n<div class=\"header\">1.<\/div>\n<div class=\"content\">\n<ul>\n<li>Die Erholungszeit ist minimal.<\/li>\n<li>R\u00f6tungen nach dem Eingriff verschwinden nach 5-24 Stunden.<\/li>\n<li>Die Epidermis wird nicht thermisch gesch\u00e4digt. In diesem Fall ist das Verfahren so effektiv wie aggressive Ablationsmethoden.<\/li>\n<li>F\u00fcr den Kunden und Ihren Salon bedeutet dies, dass keine Risiken im Zusammenhang mit posttraumatischer Pigmentierung, Gazehaut, Infektionen usw. bestehen.<\/li>\n<li>F\u00fcr den Klienten ist dies Verj\u00fcngung ohne Einschr\u00e4nkung der sozialen Aktivit\u00e4t.<\/li>\n<li>Infolgedessen m\u00f6chten Kunden das Verfahren immer wieder durchf\u00fchren, da sie keine spezielle Zeit einplanen m\u00fcssen, in der sie nicht ausgehen k\u00f6nnen.<\/li>\n<\/ul>\n<\/div>\n<\/div>\n<p><!-----><\/p>\n<div class=\"item\">\n<div class=\"header\">2.<\/div>\n<div class=\"content\">\n<ul>\n<li>Sie k\u00f6nnen das Verfahren zu jeder Jahreszeit durchf\u00fchren. Auch im Sommer!<\/li>\n<li>Sie k\u00f6nnen einen konstanten Kundenstrom mit jedem Hauttyp und zu jeder Jahreszeit aufbauen.<\/li>\n<li>F\u00fcr den Kunden bedeutet dies, dass er zu jeder Jahreszeit gut aussehen kann.<\/li>\n<\/ul>\n<\/div>\n<\/div>\n<p><!-----><\/p>\n<div class=\"item\">\n<div class=\"header\">3.<\/div>\n<div class=\"content\">\n<ul>\n<li>Entfernt auch \u201ealte\u201c Tattoos und das 2 mal schneller als \u201eVorg\u00e4nger\u201c.<\/li>\n<li>Entfernt T\u00e4towierungen, die andere Laser nicht entfernen konnten. Es sind 2-mal weniger Sitzungen erforderlich als beim Entfernen des Lasers der vorherigen Generation. Ein gutes Ergebnis ist nach 1-2 Sitzungen sichtbar. Die Pause zwischen den Sitzungen betr\u00e4gt etwa 5 Wochen. Das bedeutet f\u00fcr den Salon \u2013 Sie k\u00f6nnen mehr Kunden gewinnen. Einschlie\u00dflich derjenigen, die das Tattoo mit anderen Lasern nicht entfernen konnten.<\/li>\n<li>F\u00fcr Ihren Kunden ist dies eine Gelegenheit, das Tattoo schneller loszuwerden. Auch wenn es vorher nicht geklappt hat.<\/li>\n<\/ul>\n<\/div>\n<\/div>\n<p><!-----><\/p>\n<div class=\"item\">\n<div class=\"header\">4.<\/div>\n<div class=\"content\">\n<ul>\n<li>Die Eingriffe sind praktisch schmerzfrei.<\/li>\n<li>Die Wirkung des Lasers ist photomechanisch, nicht photothermisch. Die Zellen erhitzen sich nicht, die Haut wird also nicht gesch\u00e4digt. Auf diese Weise ist es wahrscheinlicher, dass Kunden einen weniger schmerzfreien Eingriff haben.<\/li>\n<\/ul>\n<\/div>\n<\/div>\n<p><!-----><\/p>\n<div class=\"item\">\n<div class=\"header\">5.<\/div>\n<div class=\"content\">\n<ul>\n<li>Die Geschwindigkeit des Verfahrens.<\/li>\n<li>Gesichtsverj\u00fcngung - 15 Minuten.<\/li>\n<li>Sitzung zur Entfernung von T\u00e4towierungen - 10-15 Minuten.<\/li>\n<li>Entfernung von Altersflecken - 15 Minuten.<\/li>\n<li>F\u00fcr Ihren Salon - die M\u00f6glichkeit, mehr Kunden pro Tag zu empfangen.<\/li>\n<li>Es wird f\u00fcr den Kunden einfacher sein, Zeit zu finden, um den Salon zu besuchen.<\/li>\n<\/ul>\n<\/div>\n<\/div>\n<\/div>\n<h3>Die Ergebnisse der Arbeit an einem Pikosekundenlaser:<\/h3>\n<p><img decoding=\"async\" style=\"width: 50%;\" src=\"\/wp-content\/uploads\/2022\/10\/ns-1200-do-i-posle.jpg\" \/><img decoding=\"async\" style=\"width: 50%;\" src=\"\/wp-content\/uploads\/2022\/10\/ns-1200-do-i-posle-2.jpg\" \/><img decoding=\"async\" style=\"width: 50%;\" src=\"\/wp-content\/uploads\/2022\/10\/ns-1200-do-i-posle-3.jpg\" \/><img decoding=\"async\" style=\"width: 50%;\" src=\"\/wp-content\/uploads\/2022\/10\/ns-1200-do-i-posle-4.jpg\" \/><\/p>\n<h3>Nach dem Kauf des Lasers NS-1200 schult unser Unternehmen Sie und Ihre Kosmetikerinnen:<\/h3>\n<ul class=\"styled_list\">\n<li><span class=\"num\">1<\/span>Wie man das Ger\u00e4t richtig bedient und seinen Betrieb \u00fcberwacht.<\/li>\n<li><span class=\"num\">2<\/span>Wir sagen Ihnen, wie Sie den Kunden kompetent durch den gesamten Prozess der Tattooentfernung oder dauerhaften T\u00e4towierung f\u00fchren und die Haut w\u00e4hrend der Rehabilitationsphase richtig pflegen.<\/li>\n<li><span class=\"num\">3<\/span>Wir werden viele Geheimnisse f\u00fcr die Entfernung von Pigmenten verschiedener Herkunft und die obligatorische Vorbereitung des Kunden auf ein solches Verfahren enth\u00fcllen.<\/li>\n<li><span class=\"num\">4<\/span>Sie erfahren, was die richtige Entfernung eines Tattoos ausmacht, \u00fcber die individuellen Besonderheiten der Kunden und die Fallstricke bei der Entfernung, insbesondere bei alten Tattoos.<\/li>\n<li><span class=\"num\">5<\/span>Wir zeigen Ihnen, wie Sie die Arbeit eines Pikosekundenlasers und anderer Hardwaretechnologien im Kampf gegen Pigmente auf der Haut kombinieren k\u00f6nnen.<\/li>\n<li><span class=\"num\">6<\/span>Wir bringen Ihnen bei, das Funktionsprinzip aller Laser zum Entfernen von T\u00e4towierungen und Permanent Make-up zu verstehen, was ihre Unterschiede sind und worauf Sie bei der Auswahl achten m\u00fcssen.<\/li>\n<li><span class=\"num\">7<\/span>Sie erfahren, warum viele station\u00e4re Laser bei der Tattooentfernung nicht effektiv sind und was der Fehler von Salons ist, die ein billiges Ger\u00e4t gekauft haben.<\/li>\n<li><span class=\"num\">8<\/span>Wir bringen Ihnen bei, wie Sie die Haut des Kunden richtig diagnostizieren und die notwendigen Parameter zur L\u00f6sung eines bestimmten Problems ausw\u00e4hlen.<\/li>\n<li><span class=\"num\">9<\/span>Wir stellen die notwendigen Arbeitsprotokolle und am Ende des Kurses ein europ\u00e4isches Diplom aus.<\/li>\n<\/ul>\n<p>&nbsp;<\/p>\n<h3><b>Behandlungstheorie<\/b><\/h3>\n<table style=\"border-collapse: collapse; width: 100%;\">\n<tbody>\n<tr>\n<td style=\"width: 50%;\"><img decoding=\"async\" src=\"\/wp-content\/uploads\/2022\/05\/NS-600-description.png\" \/><\/td>\n<td style=\"width: 50%;\"><img decoding=\"async\" src=\"\/wp-content\/uploads\/2022\/05\/NS-600-description-2.png\" \/><\/td>\n<\/tr>\n<\/tbody>\n<\/table>","protected":false},"excerpt":{"rendered":"<p>Der Laser sendet in ultrakurzen Intervallen (Nanosekunden) Licht einer bestimmten Wellenl\u00e4nge aus. Impulse mit hoher Spitzenenergie werden vom Pigment absorbiert und f\u00fchren zu einer sofortigen Explosion, die das Prinzip des Lichtsto\u00dfes ist. Partikel von Altersflecken zerfallen in Fragmente, von denen einige von der Haut abprallen k\u00f6nnen, w\u00e4hrend andere in winzige Partikel zerlegt werden k\u00f6nnen, die von Fresszellen verschlungen und dann vom Lymphsystem entfernt werden k\u00f6nnen.<\/p>","protected":false},"featured_media":2214,"comment_status":"open","ping_status":"closed","template":"","meta":{"site-sidebar-layout":"default","site-content-layout":"default","ast-main-header-display":"","ast-hfb-above-header-display":"","ast-hfb-below-header-display":"","ast-hfb-mobile-header-display":"","site-post-title":"","ast-breadcrumbs-content":"","ast-featured-img":"","footer-sml-layout":"","theme-transparent-header-meta":"","adv-header-id-meta":"","stick-header-meta":"","header-above-stick-meta":"","header-main-stick-meta":"","header-below-stick-meta":""},"product_cat":[36,46],"product_tag":[],"yoast_head":"<!-- This site is optimized with the Yoast SEO Premium plugin v15.6.2 - https:\/\/yoast.com\/wordpress\/plugins\/seo\/ -->\n<title>NS-1200 - \u042d\u0441\u0442\u0435\u0442\u0438\u0447\u0435\u0441\u043a\u0438\u0435 \u041c\u0435\u0434\u0438\u0446\u0438\u043d\u0441\u043a\u0438\u0435 \u0422\u0435\u0445\u043d\u043e\u043b\u043e\u0433\u0438\u0438 - Aesthetic Medical Technology<\/title>\n<meta name=\"robots\" content=\"index, follow, max-snippet:-1, max-image-preview:large, max-video-preview:-1\" \/>\n<link rel=\"canonical\" href=\"https:\/\/amt.eu.com\/de\/produkt\/ns-1200\/\" \/>\n<meta property=\"og:locale\" content=\"de_DE\" \/>\n<meta property=\"og:type\" content=\"article\" \/>\n<meta property=\"og:title\" content=\"NS-1200 - \u042d\u0441\u0442\u0435\u0442\u0438\u0447\u0435\u0441\u043a\u0438\u0435 \u041c\u0435\u0434\u0438\u0446\u0438\u043d\u0441\u043a\u0438\u0435 \u0422\u0435\u0445\u043d\u043e\u043b\u043e\u0433\u0438\u0438 - Aesthetic Medical Technology\" \/>\n<meta property=\"og:description\" content=\"\u041b\u0430\u0437\u0435\u0440 \u0438\u0437\u043b\u0443\u0447\u0430\u0435\u0442 \u0441\u0432\u0435\u0442 \u043e\u043f\u0440\u0435\u0434\u0435\u043b\u0435\u043d\u043d\u043e\u0439 \u0434\u043b\u0438\u043d\u044b \u0432\u043e\u043b\u043d\u044b \u0432 \u0443\u043b\u044c\u0442\u0440\u0430\u043a\u043e\u0440\u043e\u0442\u043a\u0438\u0445 \u043f\u0440\u043e\u043c\u0435\u0436\u0443\u0442\u043a\u0430\u0445 (\u043d\u0430\u043d\u043e\u0441\u0435\u043a\u0443\u043d\u0434\u0430\u0445). \u0418\u043c\u043f\u0443\u043b\u044c\u0441\u044b \u0441 \u0432\u044b\u0441\u043e\u043a\u043e\u0439 \u043f\u0438\u043a\u043e\u0432\u043e\u0439 \u044d\u043d\u0435\u0440\u0433\u0438\u0435\u0439 \u043f\u043e\u0433\u043b\u043e\u0449\u0430\u044e\u0442\u0441\u044f \u043f\u0438\u0433\u043c\u0435\u043d\u0442\u043e\u043c \u0438 \u043f\u0440\u0438\u0432\u043e\u0434\u044f\u0442 \u043a \u043c\u0433\u043d\u043e\u0432\u0435\u043d\u043d\u043e\u043c\u0443 \u0432\u0437\u0440\u044b\u0432\u0443, \u0447\u0442\u043e \u044f\u0432\u043b\u044f\u0435\u0442\u0441\u044f \u043f\u0440\u0438\u043d\u0446\u0438\u043f\u043e\u043c \u0441\u0432\u0435\u0442\u043e\u0432\u043e\u0433\u043e \u0432\u0437\u0440\u044b\u0432\u0430. \u0427\u0430\u0441\u0442\u0438\u0446\u044b \u043f\u0438\u0433\u043c\u0435\u043d\u0442\u043d\u044b\u0445 \u043f\u044f\u0442\u0435\u043d \u0440\u0430\u0437\u0431\u0438\u0432\u0430\u044e\u0442\u0441\u044f \u043d\u0430 \u0444\u0440\u0430\u0433\u043c\u0435\u043d\u0442\u044b, \u043d\u0435\u043a\u043e\u0442\u043e\u0440\u044b\u0435 \u0438\u0437 \u043d\u0438\u0445 \u043c\u043e\u0433\u0443\u0442 \u043e\u0442\u0441\u043a\u043e\u0447\u0438\u0442\u044c \u043e\u0442 \u043a\u043e\u0436\u0438, \u0430 \u0434\u0440\u0443\u0433\u0438\u0435 \u043c\u043e\u0433\u0443\u0442 \u0431\u044b\u0442\u044c \u0440\u0430\u0441\u0449\u0435\u043f\u043b\u0435\u043d\u044b \u043d\u0430 \u043a\u0440\u043e\u0448\u0435\u0447\u043d\u044b\u0435 \u0447\u0430\u0441\u0442\u0438\u0446\u044b, \u043a\u043e\u0442\u043e\u0440\u044b\u0435 \u043c\u043e\u0433\u0443\u0442 \u0431\u044b\u0442\u044c \u043f\u043e\u0433\u043b\u043e\u0449\u0435\u043d\u044b \u0444\u0430\u0433\u043e\u0446\u0438\u0442\u0430\u043c\u0438 \u0438 \u0437\u0430\u0442\u0435\u043c \u0443\u0434\u0430\u043b\u0435\u043d\u044b \u043b\u0438\u043c\u0444\u0430\u0442\u0438\u0447\u0435\u0441\u043a\u043e\u0439 \u0441\u0438\u0441\u0442\u0435\u043c\u043e\u0439.\" \/>\n<meta property=\"og:url\" content=\"https:\/\/amt.eu.com\/de\/produkt\/ns-1200\/\" \/>\n<meta property=\"og:site_name\" content=\"\u042d\u0441\u0442\u0435\u0442\u0438\u0447\u0435\u0441\u043a\u0438\u0435 \u041c\u0435\u0434\u0438\u0446\u0438\u043d\u0441\u043a\u0438\u0435 \u0422\u0435\u0445\u043d\u043e\u043b\u043e\u0433\u0438\u0438 - Aesthetic Medical Technology\" \/>\n<meta property=\"article:modified_time\" content=\"2022-10-22T11:21:52+00:00\" \/>\n<meta property=\"og:image\" content=\"https:\/\/amt.eu.com\/wp-content\/uploads\/2022\/02\/Yiliya-1064QCCH-1.jpg\" \/>\n\t<meta property=\"og:image:width\" content=\"2362\" \/>\n\t<meta property=\"og:image:height\" content=\"2362\" \/>\n<meta name=\"twitter:card\" content=\"summary_large_image\" \/>\n<meta name=\"twitter:label1\" content=\"Gesch\u00e4tzte Lesezeit\">\n\t<meta name=\"twitter:data1\" content=\"5 Minuten\">\n<script type=\"application\/ld+json\" class=\"yoast-schema-graph\">{\"@context\":\"https:\/\/schema.org\",\"@graph\":[{\"@type\":\"WebSite\",\"@id\":\"https:\/\/amt.eu.com\/#website\",\"url\":\"https:\/\/amt.eu.com\/\",\"name\":\"\\u042d\\u0441\\u0442\\u0435\\u0442\\u0438\\u0447\\u0435\\u0441\\u043a\\u0438\\u0435 \\u041c\\u0435\\u0434\\u0438\\u0446\\u0438\\u043d\\u0441\\u043a\\u0438\\u0435 \\u0422\\u0435\\u0445\\u043d\\u043e\\u043b\\u043e\\u0433\\u0438\\u0438 - Aesthetic Medical Technology\",\"description\":\"\\u041c\\u0435\\u0434\\u0438\\u0446\\u0438\\u043d\\u0441\\u043a\\u0438\\u0435 \\u0442\\u0435\\u0445\\u043d\\u043e\\u043b\\u043e\\u0433\\u0438\\u0438 \\u0438 \\u043f\\u0440\\u043e\\u0446\\u0435\\u0434\\u0443\\u0440\\u044b\",\"potentialAction\":[{\"@type\":\"SearchAction\",\"target\":\"https:\/\/amt.eu.com\/?s={search_term_string}\",\"query-input\":\"required name=search_term_string\"}],\"inLanguage\":\"de-DE\"},{\"@type\":\"ImageObject\",\"@id\":\"https:\/\/amt.eu.com\/product\/ns-1200\/#primaryimage\",\"inLanguage\":\"de-DE\",\"url\":\"https:\/\/amt.eu.com\/wp-content\/uploads\/2022\/02\/Yiliya-1064QCCH-1.jpg\",\"width\":2362,\"height\":2362},{\"@type\":\"WebPage\",\"@id\":\"https:\/\/amt.eu.com\/product\/ns-1200\/#webpage\",\"url\":\"https:\/\/amt.eu.com\/product\/ns-1200\/\",\"name\":\"NS-1200 - \\u042d\\u0441\\u0442\\u0435\\u0442\\u0438\\u0447\\u0435\\u0441\\u043a\\u0438\\u0435 \\u041c\\u0435\\u0434\\u0438\\u0446\\u0438\\u043d\\u0441\\u043a\\u0438\\u0435 \\u0422\\u0435\\u0445\\u043d\\u043e\\u043b\\u043e\\u0433\\u0438\\u0438 - Aesthetic Medical Technology\",\"isPartOf\":{\"@id\":\"https:\/\/amt.eu.com\/#website\"},\"primaryImageOfPage\":{\"@id\":\"https:\/\/amt.eu.com\/product\/ns-1200\/#primaryimage\"},\"datePublished\":\"2022-02-03T14:38:56+00:00\",\"dateModified\":\"2022-10-22T11:21:52+00:00\",\"breadcrumb\":{\"@id\":\"https:\/\/amt.eu.com\/product\/ns-1200\/#breadcrumb\"},\"inLanguage\":\"de-DE\",\"potentialAction\":[{\"@type\":\"ReadAction\",\"target\":[\"https:\/\/amt.eu.com\/product\/ns-1200\/\"]}]},{\"@type\":\"BreadcrumbList\",\"@id\":\"https:\/\/amt.eu.com\/product\/ns-1200\/#breadcrumb\",\"itemListElement\":[{\"@type\":\"ListItem\",\"position\":1,\"item\":{\"@type\":\"WebPage\",\"@id\":\"https:\/\/amt.eu.com\/\",\"url\":\"https:\/\/amt.eu.com\/\",\"name\":\"\"}},{\"@type\":\"ListItem\",\"position\":2,\"item\":{\"@type\":\"WebPage\",\"@id\":\"https:\/\/amt.eu.com\/shop\/\",\"url\":\"https:\/\/amt.eu.com\/shop\/\",\"name\":\"\\u041c\\u0430\\u0433\\u0430\\u0437\\u0438\\u043d\"}},{\"@type\":\"ListItem\",\"position\":3,\"item\":{\"@type\":\"WebPage\",\"@id\":\"https:\/\/amt.eu.com\/product\/ns-1200\/\",\"url\":\"https:\/\/amt.eu.com\/product\/ns-1200\/\",\"name\":\"NS-1200\"}}]}]}<\/script>\n<!-- \/ Yoast SEO Premium plugin. -->","_links":{"self":[{"href":"https:\/\/amt.eu.com\/de\/wp-json\/wp\/v2\/product\/2210"}],"collection":[{"href":"https:\/\/amt.eu.com\/de\/wp-json\/wp\/v2\/product"}],"about":[{"href":"https:\/\/amt.eu.com\/de\/wp-json\/wp\/v2\/types\/product"}],"replies":[{"embeddable":true,"href":"https:\/\/amt.eu.com\/de\/wp-json\/wp\/v2\/comments?post=2210"}],"wp:featuredmedia":[{"embeddable":true,"href":"https:\/\/amt.eu.com\/de\/wp-json\/wp\/v2\/media\/2214"}],"wp:attachment":[{"href":"https:\/\/amt.eu.com\/de\/wp-json\/wp\/v2\/media?parent=2210"}],"wp:term":[{"taxonomy":"product_cat","embeddable":true,"href":"https:\/\/amt.eu.com\/de\/wp-json\/wp\/v2\/product_cat?post=2210"},{"taxonomy":"product_tag","embeddable":true,"href":"https:\/\/amt.eu.com\/de\/wp-json\/wp\/v2\/product_tag?post=2210"}],"curies":[{"name":"wp","href":"https:\/\/api.w.org\/{rel}","templated":true}]}}