{"id":2330,"date":"2022-02-23T18:33:38","date_gmt":"2022-02-23T15:33:38","guid":{"rendered":"https:\/\/amt.eu.com\/?post_type=product&#038;p=2330"},"modified":"2022-10-22T14:20:10","modified_gmt":"2022-10-22T11:20:10","slug":"cryo-mix","status":"publish","type":"product","link":"https:\/\/amt.eu.com\/de\/produkt\/cryo-mix\/","title":{"rendered":"CRYO-Mischung"},"content":{"rendered":"<h3>CRYOLIPOLIS-VERFAHREN<\/h3>\n<p>\u00dcbersch\u00fcssiges Fett, das sich an den unpassendsten Stellen ansammelt, hat moderne M\u00e4nner und Frauen immer beunruhigt. Gl\u00fccklicherweise ist dieser Prozess reversibel, nur dass es viel einfacher ist, zus\u00e4tzliche Pfunde zuzunehmen, als sie loszuwerden. Einer der Schwerpunkte der Medizin ist daher derzeit die Entwicklung von Methoden, um \u00fcbersch\u00fcssiges Fett in verschiedenen Bereichen des K\u00f6rpers loszuwerden. Dar\u00fcber hinaus liegt der Schwerpunkt auf nicht-chirurgischen Methoden, eine davon ist die Kryolipolyse am CRYO-MIX-Ger\u00e4t.<\/p>\n<table style=\"border-collapse: collapse; width: 100%;\">\n<tbody>\n<tr>\n<td style=\"vertical-align: middle; width: 50%; text-align: center;\"><img decoding=\"async\" src=\"\/wp-content\/uploads\/2022\/08\/CRYO-MIX-procedura.jpg\" \/><\/td>\n<td style=\"vertical-align: middle; width: 50%; text-align: center;\"><img decoding=\"async\" src=\"\/wp-content\/uploads\/2022\/08\/CRYO-MIX-procedura-2.jpg\" \/><\/td>\n<\/tr>\n<\/tbody>\n<\/table>\n<p>&nbsp;<\/p>\n<h3>FUNKTIONSPRINZIP UND EIGENSCHAFTEN VON CRYOLIPOLIS<\/h3>\n<p>Kryolipolyse soll Fettzellen zerst\u00f6ren, indem sie K\u00e4lte ausgesetzt werden. Die Exposition erfolgt durch intakte Haut. Zu diesem Zweck ist unser Ger\u00e4t mit einer speziellen Vakuumd\u00fcse ausgestattet, die einen bestimmten Gewebebereich ansaugt und in diesem Bereich lokal mit K\u00e4lte einwirkt. Dadurch werden die k\u00e4lteempfindlichen Adipozytenmembranen zerst\u00f6rt, der Inhalt der Zellen gelangt in das Lymphsystem und wird auf nat\u00fcrliche Weise ausgeschieden. Das Kryolipolyse-Verfahren basiert somit auf den nat\u00fcrlichen Mechanismen der Fettentfernung, ohne die inneren Organe und den gesamten K\u00f6rper \u00fcberm\u00e4\u00dfig zu belasten. Kryolipolyse kann Fett in den folgenden Bereichen des K\u00f6rpers entfernen:<\/p>\n<ul style=\"list-style-type: square;\">\n<li>H\u00e4nde.<\/li>\n<li>Zur\u00fcck.<\/li>\n<li>Magen.<\/li>\n<li>H\u00fcften.<\/li>\n<li>Ges\u00e4\u00df.<\/li>\n<li>Knie.<\/li>\n<li>Taille.<\/li>\n<\/ul>\n<p>Es muss verstanden werden, dass das Kryolipolyse-Ger\u00e4t CRYO-MIX keine Methode zum Abnehmen ist. Bei einem erheblichen \u00dcbergewicht an K\u00f6rpergewicht ist das Kryolipolyse-Verfahren nicht effektiv genug. Der Hauptzweck der Technik ist die Entfernung kleiner Fettmengen, die Korrektur von K\u00f6rperkonturen und die lokale Modellierung von Formen. Au\u00dferdem h\u00e4lt die Wirkung nach der Exposition nicht lange an, wenn Sie die Di\u00e4t und k\u00f6rperliche Aktivit\u00e4t nicht einhalten. Eine \u00fcberm\u00e4\u00dfige Kalorienaufnahme wird sehr schnell das gesamte entfernte Fett zur\u00fcckgeben.<\/p>\n<p>&nbsp;<\/p>\n<h3><b>WIE DAS VERFAHREN FUNKTIONIERT<\/b><\/h3>\n<p>Wie bereits erw\u00e4hnt, verf\u00fcgt die Kryolipolyse \u00fcber eine spezielle Vakuumd\u00fcse, die den Problembereich einer K\u00e4lteeinwirkung aussetzt. Es gibt verschiedene Arten von D\u00fcsen, die in bestimmten Bereichen des K\u00f6rpers verwendet werden. Zun\u00e4chst sammelt der Facharzt die Haut in einer Falte und beurteilt die Schicht des Unterhautfettgewebes. Basierend auf diesen Daten sowie der Lokalisierung des Problembereichs wird ein bestimmter D\u00fcsentyp ausgew\u00e4hlt. Au\u00dferdem wird die Haut mit einem speziellen Gel behandelt, das einerseits eine Unterk\u00fchlung des Gewebes verhindert und andererseits einen maximalen Hautkontakt mit der D\u00fcse gew\u00e4hrleistet. F\u00fcr eine genauere Positionierung des Sensors und eine vollst\u00e4ndigere Abdeckung des gesamten Problembereichs k\u00f6nnen auch Markierungen angebracht werden.<\/p>\n<p>W\u00e4hrend des Kryolipolyse-Verfahrens wird die D\u00fcse auf den betroffenen Bereich gesetzt, w\u00e4hrend ein Unterdruck erzeugt wird, der hilft, die Haut zur\u00fcckzuziehen und auf eine vorbestimmte Temperatur zu k\u00fchlen. Die Dauer einer Sitzung h\u00e4ngt von der Problemzone ab und kann zwischen 30 Minuten und 2 Stunden liegen. Die Wirkung der Kryolipolyse ist auf Anhieb sehr schwer einzusch\u00e4tzen. Dies liegt daran, dass Fettzellen Zeit brauchen, um vollst\u00e4ndig abgebaut zu werden und den K\u00f6rper zu verlassen. Dieser Vorgang kann bis zu mehreren Monaten dauern. Laut \u00c4rzten ist es in einer Sitzung m\u00f6glich, die Fettschicht um 20-25% zu reduzieren, jedoch nur an der Stelle, an der die Kryolipolyse durchgef\u00fchrt wurde.<\/p>\n<p>Das Verfahren ist harmlos und erfordert keine besondere Vorbereitung. Es wird empfohlen, 2-3 Tage vorher die Wasseraufnahme auf 3 Liter Wasser zu erh\u00f6hen, um die Lymphe zu starten. Das Ergebnis ist nach dem ersten Eingriff sichtbar, bei erheblichen Fettablagerungen wird eine Kryolipolyse empfohlen. Die Anzahl der Sitzungen 1-3 h\u00e4ngt von der \u00fcbersch\u00fcssigen Fettmenge ab. Der Abstand zwischen den Sitzungen betr\u00e4gt 25 - 45 Tage.<\/p>\n<p>&nbsp;<\/p>\n<h3>Indikationen f\u00fcr die Kryolipolyse<\/h3>\n<ul style=\"list-style-type: square;\">\n<li>das Vorhandensein von lokalen Fettfalten mit einer Dicke von 2,5 bis 6 cm, die durch traditionelle Methoden zum Abnehmen - Sport, Di\u00e4ten, Massagen - nicht korrigiert werden k\u00f6nnen;<\/li>\n<li>Verbesserung des Hauttons;<\/li>\n<li>Verringerung des K\u00f6rpervolumens.<\/li>\n<\/ul>\n<h3>Kontraindikationen<\/h3>\n<ul style=\"list-style-type: square;\">\n<li>Schwangerschaft jederzeit<\/li>\n<li>onkologische Erkrankungen<\/li>\n<li>anormale Reaktion auf K\u00e4lte<\/li>\n<li>das Vorhandensein eines Herzschrittmachers<\/li>\n<li>schwere Nieren- und Lebererkrankung<\/li>\n<li>offene Wunden im Behandlungsbereich<\/li>\n<li>Infektions- und Autoimmunerkrankungen<\/li>\n<li>akute chronische Erkrankungen<\/li>\n<li>Zeitraum.<\/li>\n<\/ul>\n<h3>M\u00d6GLICHE KOMPLIKATIONEN NACH DER KRYOLIPOLYSE<\/h3>\n<p>Unser CRYO-MIX-Ger\u00e4t ist offiziell f\u00fcr die Verwendung zugelassen und daher sind die Nebenwirkungen nach dem Eingriff minimal und verursachen keine ernsthaften Gesundheitssch\u00e4den. Die h\u00e4ufigsten Komplikationen sind:<\/p>\n<ul style=\"list-style-type: square;\">\n<li>R\u00f6tung, Schmerzen im betroffenen Bereich.<\/li>\n<li>Kleine H\u00e4matome.<\/li>\n<li>Gewebeversiegelung.<\/li>\n<\/ul>\n<p>Diese Bedingungen entstehen durch K\u00e4lteeinwirkung und die Saugwirkung der D\u00fcse. Sie bed\u00fcrfen keiner besonderen Pflege und verschwinden nach einiger Zeit von selbst. Um die Schwere dieser Komplikationen zu verringern, k\u00f6nnen Sie unmittelbar nach dem Kryolipolyse-Verfahren einen Massagekurs absolvieren.<\/p>\n<p><!--\n\n\n\n\n<h3><b>\u0418\u043d\u0442\u0435\u0440\u0444\u0435\u0439\u0441 \u0430\u043f\u043f\u0430\u0440\u0430\u0442\u0430<\/b><\/h3>\n\n\n\n\n<table style=\"border-collapse: collapse; width: 100%;\">\n\n\n<tbody>\n\n\n<tr>\n\n\n<td style=\"width: 50%; vertical-align: middle;\"><img decoding=\"async\" src=\"\/wp-content\/uploads\/2022\/05\/real-pro-interface.png\" \/><\/td>\n\n\n\n\n<td style=\"width: 50%; vertical-align: middle;\">\n\n\n<ul class=\"styled_list\">\n\t\n\n<li><span class=\"num\">1<\/span>\u0422\u0435\u043c\u043f\u0435\u0440\u0430\u0442\u0443\u0440\u043d\u044b\u0439 \u043a\u043e\u043d\u0442\u0440\u043e\u043b\u044c<\/li>\n\n\n\t\n\n<li><span class=\"num\">2<\/span>\u041d\u0430\u0441\u0442\u0440\u043e\u0439\u043a\u0430 \u0432\u0440\u0435\u043c\u0435\u043d\u0438 \u0440\u0430\u0431\u043e\u0442\u044b<\/li>\n\n\n\t\n\n<li><span class=\"num\">3<\/span>\u0412\u043e\u0441\u0435\u043c\u044c \u0430\u0434\u0441\u043e\u0440\u0431\u0446\u0438\u043e\u043d\u043d\u044b\u0445 \u0447\u0430\u0441\u0442\u043e\u0442<\/li>\n\n\n\t\n\n<li><span class=\"num\">4<\/span>\u041a\u043e\u043d\u0442\u0440\u043e\u043b\u044c \u0430\u0434\u0441\u043e\u0440\u0431\u0446\u0438\u0438<\/li>\n\n\n\t\n\n<li><span class=\"num\">5<\/span>\u0420\u0435\u0433\u0443\u043b\u0438\u0440\u043e\u0432\u043a\u0430 \u0438\u043d\u0442\u0435\u043d\u0441\u0438\u0432\u043d\u043e\u0441\u0442\u0438 \u0438\u043d\u0444\u0440\u0430\u043a\u0440\u0430\u0441\u043d\u043e\u0433\u043e \u0441\u0432\u0435\u0442\u0430<\/li>\n\n\n<\/ul>\n\n\n<\/td>\n\n\n<\/tr>\n\n\n<\/tbody>\n\n\n<\/table>\n\n\n\n\n<p>&nbsp;<\/p>\n\n\n\n\n<h3><b>\u0420\u0435\u0437\u0443\u043b\u044c\u0442\u0430\u0442\u044b \u0434\u043e \u0438 \u043f\u043e\u0441\u043b\u0435 \u043f\u0440\u043e\u0446\u0435\u0434\u0443\u0440\u044b<\/b><\/h3>\n\n\n\n\n<table style=\"border-collapse: collapse; width: 100%;\">\n\n\n<tbody>\n\n\n<tr>\n\n\n<td style=\"width: 50%;\"><img decoding=\"async\" src=\"\/wp-content\/uploads\/2022\/05\/\u0441ryo-mix-do-i-posle.png\" \/><\/td>\n\n\n\n\n<td style=\"width: 50%;\"><img decoding=\"async\" src=\"\/wp-content\/uploads\/2022\/05\/\u0441ryo-mix-do-i-posle-2.png\" \/><\/td>\n\n\n<\/tr>\n\n\n\n\n<tr>\n\n\n<td style=\"width: 50%;\"><img decoding=\"async\" src=\"\/wp-content\/uploads\/2022\/05\/\u0441ryo-mix-do-i-posle-3.png\" \/><\/td>\n\n\n\n\n<td style=\"width: 50%;\"><img decoding=\"async\" src=\"\/wp-content\/uploads\/2022\/05\/\u0441ryo-mix-do-i-posle-4.png\" \/><\/td>\n\n\n<\/tr>\n\n\n<\/tbody>\n\n\n<\/table>\n\n\n\n\n--><\/p>","protected":false},"excerpt":{"rendered":"<p>\u00dcbersch\u00fcssiges Fett, das sich an den unpassendsten Stellen ansammelt, hat moderne M\u00e4nner und Frauen immer beunruhigt. Gl\u00fccklicherweise ist dieser Prozess reversibel, nur dass es viel einfacher ist, zus\u00e4tzliche Pfunde zuzunehmen, als sie loszuwerden. Einer der Schwerpunkte der Medizin ist daher derzeit die Entwicklung von Methoden, um \u00fcbersch\u00fcssiges Fett in verschiedenen Bereichen des K\u00f6rpers loszuwerden. Dar\u00fcber hinaus liegt der Schwerpunkt auf nicht-chirurgischen Methoden, eine davon ist die Kryolipolyse am CRYO-MIX-Ger\u00e4t.<\/p>","protected":false},"featured_media":2332,"comment_status":"open","ping_status":"closed","template":"","meta":{"site-sidebar-layout":"default","site-content-layout":"default","ast-main-header-display":"","ast-hfb-above-header-display":"","ast-hfb-below-header-display":"","ast-hfb-mobile-header-display":"","site-post-title":"","ast-breadcrumbs-content":"","ast-featured-img":"","footer-sml-layout":"","theme-transparent-header-meta":"","adv-header-id-meta":"","stick-header-meta":"","header-above-stick-meta":"","header-main-stick-meta":"","header-below-stick-meta":""},"product_cat":[36,46],"product_tag":[],"yoast_head":"<!-- This site is optimized with the Yoast SEO Premium plugin v15.6.2 - https:\/\/yoast.com\/wordpress\/plugins\/seo\/ -->\n<title>CRYO-Mix - \u042d\u0441\u0442\u0435\u0442\u0438\u0447\u0435\u0441\u043a\u0438\u0435 \u041c\u0435\u0434\u0438\u0446\u0438\u043d\u0441\u043a\u0438\u0435 \u0422\u0435\u0445\u043d\u043e\u043b\u043e\u0433\u0438\u0438 - Aesthetic Medical Technology<\/title>\n<meta name=\"robots\" content=\"index, follow, max-snippet:-1, max-image-preview:large, max-video-preview:-1\" \/>\n<link rel=\"canonical\" href=\"https:\/\/amt.eu.com\/de\/produkt\/cryo-mix\/\" \/>\n<meta property=\"og:locale\" content=\"de_DE\" \/>\n<meta property=\"og:type\" content=\"article\" \/>\n<meta property=\"og:title\" content=\"CRYO-Mix - \u042d\u0441\u0442\u0435\u0442\u0438\u0447\u0435\u0441\u043a\u0438\u0435 \u041c\u0435\u0434\u0438\u0446\u0438\u043d\u0441\u043a\u0438\u0435 \u0422\u0435\u0445\u043d\u043e\u043b\u043e\u0433\u0438\u0438 - Aesthetic Medical Technology\" \/>\n<meta property=\"og:description\" content=\"\u0418\u0437\u043b\u0438\u0448\u043a\u0438 \u0436\u0438\u0440\u0430, \u043a\u043e\u0442\u043e\u0440\u044b\u0435 \u043d\u0430\u043a\u0430\u043f\u043b\u0438\u0432\u0430\u044e\u0442\u0441\u044f \u0432 \u0441\u0430\u043c\u044b\u0445 \u043d\u0435\u043f\u043e\u0434\u0445\u043e\u0434\u044f\u0449\u0438\u0445 \u043c\u0435\u0441\u0442\u0430\u0445, \u0432\u0441\u0435\u0433\u0434\u0430 \u0432\u043e\u043b\u043d\u043e\u0432\u0430\u043b\u0438 \u0441\u043e\u0432\u0440\u0435\u043c\u0435\u043d\u043d\u044b\u0445 \u043c\u0443\u0436\u0447\u0438\u043d \u0438 \u0436\u0435\u043d\u0449\u0438\u043d. \u041a \u0441\u0447\u0430\u0441\u0442\u044c\u044e, \u044d\u0442\u043e\u0442 \u043f\u0440\u043e\u0446\u0435\u0441\u0441 \u044f\u0432\u043b\u044f\u0435\u0442\u0441\u044f \u043e\u0431\u0440\u0430\u0442\u0438\u043c\u044b\u043c, \u0432\u043e\u0442 \u0442\u043e\u043b\u044c\u043a\u043e \u043d\u0430\u0431\u0440\u0430\u0442\u044c \u043b\u0438\u0448\u043d\u0438\u0435 \u043a\u0438\u043b\u043e\u0433\u0440\u0430\u043c\u043c\u044b \u0433\u043e\u0440\u0430\u0437\u0434\u043e \u043f\u0440\u043e\u0449\u0435, \u0447\u0435\u043c \u0438\u0437\u0431\u0430\u0432\u0438\u0442\u044c\u0441\u044f \u043e\u0442 \u043d\u0438\u0445. \u041f\u043e\u044d\u0442\u043e\u043c\u0443 \u043e\u0434\u043d\u0438\u043c \u0438\u0437 \u043f\u0440\u0438\u043e\u0440\u0438\u0442\u0435\u0442\u043d\u044b\u0445 \u043d\u0430\u043f\u0440\u0430\u0432\u043b\u0435\u043d\u0438\u0439 \u043c\u0435\u0434\u0438\u0446\u0438\u043d\u044b \u0432 \u043d\u0430\u0441\u0442\u043e\u044f\u0449\u0435\u0435 \u0432\u0440\u0435\u043c\u044f \u044f\u0432\u043b\u044f\u0435\u0442\u0441\u044f \u0440\u0430\u0437\u0440\u0430\u0431\u043e\u0442\u043a\u0430 \u043c\u0435\u0442\u043e\u0434\u043e\u0432 \u0438\u0437\u0431\u0430\u0432\u043b\u0435\u043d\u0438\u044f \u043e\u0442 \u043b\u0438\u0448\u043d\u0435\u0433\u043e \u0436\u0438\u0440\u0430 \u0432 \u0440\u0430\u0437\u043b\u0438\u0447\u043d\u044b\u0445 \u0437\u043e\u043d\u0430\u0445 \u0442\u0435\u043b\u0430. \u041f\u0440\u0438\u0447\u0435\u043c \u0433\u043b\u0430\u0432\u043d\u044b\u0439 \u0443\u043f\u043e\u0440 \u0434\u0435\u043b\u0430\u0435\u0442\u0441\u044f \u0438\u043c\u0435\u043d\u043d\u043e \u043d\u0430 \u0431\u0435\u0437\u043e\u043f\u0435\u0440\u0430\u0446\u0438\u043e\u043d\u043d\u044b\u0435 \u0441\u043f\u043e\u0441\u043e\u0431\u044b, \u043e\u0434\u043d\u0438\u043c \u0438\u0437 \u043a\u043e\u0442\u043e\u0440\u044b\u0445 \u044f\u0432\u043b\u044f\u0435\u0442\u0441\u044f \u043a\u0440\u0438\u043e\u043b\u0438\u043f\u043e\u043b\u0438\u0437 \u043d\u0430 \u0430\u043f\u043f\u0430\u0440\u0430\u0442\u0435 CRYO-MIX\" \/>\n<meta property=\"og:url\" content=\"https:\/\/amt.eu.com\/de\/produkt\/cryo-mix\/\" \/>\n<meta property=\"og:site_name\" content=\"\u042d\u0441\u0442\u0435\u0442\u0438\u0447\u0435\u0441\u043a\u0438\u0435 \u041c\u0435\u0434\u0438\u0446\u0438\u043d\u0441\u043a\u0438\u0435 \u0422\u0435\u0445\u043d\u043e\u043b\u043e\u0433\u0438\u0438 - Aesthetic Medical Technology\" \/>\n<meta property=\"article:modified_time\" content=\"2022-10-22T11:20:10+00:00\" \/>\n<meta property=\"og:image\" content=\"https:\/\/amt.eu.com\/wp-content\/uploads\/2022\/02\/CRYO-Mix-1.jpg\" \/>\n\t<meta property=\"og:image:width\" content=\"2362\" \/>\n\t<meta property=\"og:image:height\" content=\"2362\" \/>\n<meta name=\"twitter:card\" content=\"summary_large_image\" \/>\n<meta name=\"twitter:label1\" content=\"Gesch\u00e4tzte Lesezeit\">\n\t<meta name=\"twitter:data1\" content=\"5 Minuten\">\n<script type=\"application\/ld+json\" class=\"yoast-schema-graph\">{\"@context\":\"https:\/\/schema.org\",\"@graph\":[{\"@type\":\"WebSite\",\"@id\":\"https:\/\/amt.eu.com\/#website\",\"url\":\"https:\/\/amt.eu.com\/\",\"name\":\"\\u042d\\u0441\\u0442\\u0435\\u0442\\u0438\\u0447\\u0435\\u0441\\u043a\\u0438\\u0435 \\u041c\\u0435\\u0434\\u0438\\u0446\\u0438\\u043d\\u0441\\u043a\\u0438\\u0435 \\u0422\\u0435\\u0445\\u043d\\u043e\\u043b\\u043e\\u0433\\u0438\\u0438 - Aesthetic Medical Technology\",\"description\":\"\\u041c\\u0435\\u0434\\u0438\\u0446\\u0438\\u043d\\u0441\\u043a\\u0438\\u0435 \\u0442\\u0435\\u0445\\u043d\\u043e\\u043b\\u043e\\u0433\\u0438\\u0438 \\u0438 \\u043f\\u0440\\u043e\\u0446\\u0435\\u0434\\u0443\\u0440\\u044b\",\"potentialAction\":[{\"@type\":\"SearchAction\",\"target\":\"https:\/\/amt.eu.com\/?s={search_term_string}\",\"query-input\":\"required name=search_term_string\"}],\"inLanguage\":\"de-DE\"},{\"@type\":\"ImageObject\",\"@id\":\"https:\/\/amt.eu.com\/product\/cryo-mix\/#primaryimage\",\"inLanguage\":\"de-DE\",\"url\":\"https:\/\/amt.eu.com\/wp-content\/uploads\/2022\/02\/CRYO-Mix-1.jpg\",\"width\":2362,\"height\":2362},{\"@type\":\"WebPage\",\"@id\":\"https:\/\/amt.eu.com\/product\/cryo-mix\/#webpage\",\"url\":\"https:\/\/amt.eu.com\/product\/cryo-mix\/\",\"name\":\"CRYO-Mix - \\u042d\\u0441\\u0442\\u0435\\u0442\\u0438\\u0447\\u0435\\u0441\\u043a\\u0438\\u0435 \\u041c\\u0435\\u0434\\u0438\\u0446\\u0438\\u043d\\u0441\\u043a\\u0438\\u0435 \\u0422\\u0435\\u0445\\u043d\\u043e\\u043b\\u043e\\u0433\\u0438\\u0438 - Aesthetic Medical Technology\",\"isPartOf\":{\"@id\":\"https:\/\/amt.eu.com\/#website\"},\"primaryImageOfPage\":{\"@id\":\"https:\/\/amt.eu.com\/product\/cryo-mix\/#primaryimage\"},\"datePublished\":\"2022-02-23T15:33:38+00:00\",\"dateModified\":\"2022-10-22T11:20:10+00:00\",\"breadcrumb\":{\"@id\":\"https:\/\/amt.eu.com\/product\/cryo-mix\/#breadcrumb\"},\"inLanguage\":\"de-DE\",\"potentialAction\":[{\"@type\":\"ReadAction\",\"target\":[\"https:\/\/amt.eu.com\/product\/cryo-mix\/\"]}]},{\"@type\":\"BreadcrumbList\",\"@id\":\"https:\/\/amt.eu.com\/product\/cryo-mix\/#breadcrumb\",\"itemListElement\":[{\"@type\":\"ListItem\",\"position\":1,\"item\":{\"@type\":\"WebPage\",\"@id\":\"https:\/\/amt.eu.com\/\",\"url\":\"https:\/\/amt.eu.com\/\",\"name\":\"\"}},{\"@type\":\"ListItem\",\"position\":2,\"item\":{\"@type\":\"WebPage\",\"@id\":\"https:\/\/amt.eu.com\/shop\/\",\"url\":\"https:\/\/amt.eu.com\/shop\/\",\"name\":\"\\u041c\\u0430\\u0433\\u0430\\u0437\\u0438\\u043d\"}},{\"@type\":\"ListItem\",\"position\":3,\"item\":{\"@type\":\"WebPage\",\"@id\":\"https:\/\/amt.eu.com\/product\/cryo-mix\/\",\"url\":\"https:\/\/amt.eu.com\/product\/cryo-mix\/\",\"name\":\"CRYO-Mix\"}}]}]}<\/script>\n<!-- \/ Yoast SEO Premium plugin. -->","_links":{"self":[{"href":"https:\/\/amt.eu.com\/de\/wp-json\/wp\/v2\/product\/2330"}],"collection":[{"href":"https:\/\/amt.eu.com\/de\/wp-json\/wp\/v2\/product"}],"about":[{"href":"https:\/\/amt.eu.com\/de\/wp-json\/wp\/v2\/types\/product"}],"replies":[{"embeddable":true,"href":"https:\/\/amt.eu.com\/de\/wp-json\/wp\/v2\/comments?post=2330"}],"wp:featuredmedia":[{"embeddable":true,"href":"https:\/\/amt.eu.com\/de\/wp-json\/wp\/v2\/media\/2332"}],"wp:attachment":[{"href":"https:\/\/amt.eu.com\/de\/wp-json\/wp\/v2\/media?parent=2330"}],"wp:term":[{"taxonomy":"product_cat","embeddable":true,"href":"https:\/\/amt.eu.com\/de\/wp-json\/wp\/v2\/product_cat?post=2330"},{"taxonomy":"product_tag","embeddable":true,"href":"https:\/\/amt.eu.com\/de\/wp-json\/wp\/v2\/product_tag?post=2330"}],"curies":[{"name":"wp","href":"https:\/\/api.w.org\/{rel}","templated":true}]}}