{"id":2340,"date":"2022-02-23T18:39:47","date_gmt":"2022-02-23T15:39:47","guid":{"rendered":"https:\/\/amt.eu.com\/?post_type=product&#038;p=2340"},"modified":"2022-10-22T14:19:39","modified_gmt":"2022-10-22T11:19:39","slug":"bbg-pro","status":"publish","type":"product","link":"https:\/\/amt.eu.com\/de\/produkt\/bbg-pro\/","title":{"rendered":"BBG Pro"},"content":{"rendered":"<p>Ger\u00e4t der europ\u00e4ischen Firma &quot;A.M.T.&quot; der unangefochtene Verkaufsschlager und unentbehrlicher Helfer in der K\u00f6rperformung, f\u00fcr die Arbeit eines Masseurs oder f\u00fcr \u00c4rzte in Physiotherapier\u00e4umen. Die Anzahl der Dienste, die auf diesem Ger\u00e4t ausgef\u00fchrt werden k\u00f6nnen, hat eine riesige Liste. Mit dem Kauf von BBG Pro steigern Sie schnell das Ansehen der Klinik und erweitern das Leistungsspektrum erheblich!<\/p>\n<table style=\"border-collapse: collapse; width: 100%;\">\n<tbody>\n<tr>\n<td style=\"width: 50%; vertical-align: center;\"><img decoding=\"async\" src=\"\/wp-content\/uploads\/2022\/10\/BBG-Pro.jpg\" \/><\/td>\n<td style=\"width: 50%; vertical-align: center;\">\n<p style=\"padding-top: 10px;\"><strong>BBG Pro-Ger\u00e4t<\/strong> ist das neueste innovative Produkt, das den Bereich der nicht-invasiven K\u00f6rperformung revolutioniert hat. Die einzigartige Technologie erm\u00f6glicht es Ihnen, gleichzeitig subkutane Fettdepots zu reduzieren und auf die Tiefenmuskulatur einzuwirken, wodurch diese gest\u00e4rkt und gestrafft wird. Durch die Muskelkontraktion wird die Fettverbrennung angeregt: Fetts\u00e4uren werden abgebaut und abgebaut. Zersetzungsprodukte werden innerhalb weniger Wochen auf nat\u00fcrlichem Wege vom K\u00f6rper ausgeschieden.<\/p>\n<\/td>\n<\/tr>\n<\/tbody>\n<\/table>\n<p>Dieses Ger\u00e4t verwendet die HI-EMT-Technologie. Dies ist eine Technologie hochintensiver fokussierter elektromagnetischer Wellen, die tief in die Muskelschicht eindringen, Muskelmotorneuronen stimulieren und eine kontinuierliche Kontraktion der k\u00f6rpereigenen Muskeln bewirken. So werden extreme Workouts durchgef\u00fchrt, damit sich die Muskeln tiefgreifend umbauen k\u00f6nnen. Dadurch kommt es zum Muskelwachstum, zur Bildung neuer Kollagenketten und Muskelfasern (Muskelhyperplasie). Mit Hilfe hochintensiver elektromagnetischer Wellen werden die menschlichen Muskeln schnell trainiert, ihre Dichte und ihr Volumen erh\u00f6ht und der Tonus verbessert.<\/p>\n<p>Die HI-FEM-Technologie verursacht etwa 20.000 unwillk\u00fcrliche Muskelkontraktionen in einer Sitzung. Diese Art der Muskelkontraktion ist supermaximal, was bedeutet, dass sie nicht durch Training sowie durch willk\u00fcrliche Muskelanspannung und -entspannung erreicht werden kann.<\/p>\n<p><b>Die Verfahren auf dem BBG Pro-Ger\u00e4t sind:<\/b><\/p>\n<ul>\n<li>Hocheffektiver Muskelaufbau und -entlastung.<\/li>\n<li>Verlust von bis zu 19% Fett.<\/li>\n<li>Bildung einer starken und sch\u00f6nen Figur.<\/li>\n<li>Zunahme der Muskelmasse bis zu 16%.<\/li>\n<li>10 Sitzungen \u2013 ein Kurs zur Wiederherstellung des Muskeltonus.<\/li>\n<li>Nur 30 Minuten pro Sitzung.<\/li>\n<li>Ein ausgepr\u00e4gter Effekt der Erh\u00f6hung des Muskeltonus.<\/li>\n<li>Weitere Kurse k\u00f6nnen individuell gebucht werden.<\/li>\n<li>Der perfekte Begleiter f\u00fcr das Training oder nach einer Fettabsaugung.<\/li>\n<li>Ein unverzichtbarer Helfer f\u00fcr die Muskelregeneration nach der Schwangerschaft.<\/li>\n<li>Ein wirksames Verfahren zur Muskelregeneration nach Verletzungen.<\/li>\n<li>Reduzierung chronischer Muskel- und Gelenkschmerzen.<\/li>\n<\/ul>\n<p>Der Verlauf vieler neurologischer Erkrankungen wird von Schmerzen, einer Verschlechterung der Nervenleitungsleitung sowie einer Abnahme oder einem Verlust der motorischen Aktivit\u00e4t begleitet. Es ist praktisch unm\u00f6glich, die Funktionalit\u00e4t von Muskel- und Nervengewebe selbst schnell wiederherzustellen, da der Genesungsprozess viel Zeit und viel M\u00fche vom Patienten selbst erfordert. Ein effektiverer Weg ist eine Reihe von Ma\u00dfnahmen der Rehabilitationstherapie, die den Einsatz moderner physiotherapeutischer Techniken beinhaltet. Dabei wird unser Ger\u00e4t ein unverzichtbarer Helfer f\u00fcr Ihre \u00c4rzte in physikalischen R\u00e4umen.<\/p>\n<h3>Indikationen f\u00fcr die Verwendung des BBG Pro-Ger\u00e4ts f\u00fcr medizinische Zwecke.<\/h3>\n<p>Aufgrund der einzigartigen Heilwirkung wird die Stimulationsmethode erfolgreich zur Behandlung der Folgen einer Vielzahl von neurologischen, orthop\u00e4dischen, traumatologischen Erkrankungen sowie L\u00e4sionen des Bewegungsapparates eingesetzt.<\/p>\n<p>Zur Rehabilitation von Patienten werden hochintensive elektromagnetische Wellen verschrieben:<\/p>\n<ul>\n<li>bei Arthritis und Arthrose und Erkrankungen der Wirbels\u00e4ule;<\/li>\n<li>mit atherosklerotischen L\u00e4sionen der Gef\u00e4\u00dfe der unteren Extremit\u00e4ten;<\/li>\n<li>nach Sch\u00e4del-Hirn- und Wirbels\u00e4ulenverletzungen, Operationen, mit L\u00e4hmungen;<\/li>\n<li>mit eingeschr\u00e4nkter motorischer Funktion oder Atonie innerer Organe - Magen-Darm-Trakt, Blase, Geb\u00e4rmutter;<\/li>\n<li>nach orthop\u00e4discher Korrektur - Beseitigung der Deformit\u00e4t der Gliedma\u00dfen, Endoprothetik;<\/li>\n<li>mit Pathologien des Gehirns und des R\u00fcckenmarks, der neuromuskul\u00e4ren Knoten, des peripheren und autonomen Nervensystems.<\/li>\n<\/ul>\n<p>Die Stromstimulation wird auch verwendet, um Muskeldystrophie, Phlebothrombose, Impotenz, Hypokinesie und Skoliose zu verhindern.<\/p>\n<table style=\"border-collapse: collapse; width: 100%;\">\n<tbody>\n<tr>\n<td style=\"width: 50%; vertical-align: center;\"><img decoding=\"async\" src=\"\/wp-content\/uploads\/2022\/10\/BBG-Pro-2.jpg\" \/><\/td>\n<td style=\"width: 50%; vertical-align: center;\">\n<p style=\"padding-top: 10px;\"><b>Warum BBG Pro f\u00fcr Ihren Salon oder Ihre Klinik kaufen?<\/b><\/p>\n<ul class=\"styled_list\">\n<li><span class=\"num\">1<\/span>Es hat eine benutzerfreundliche Oberfl\u00e4che, Sie k\u00f6nnen pr\u00e4zise individuelle Einstellungen vornehmen.<\/li>\n<li><span class=\"num\">2<\/span>Das Set enth\u00e4lt 4 D\u00fcsen f\u00fcr den K\u00f6rper und 1 f\u00fcr die Ges\u00e4\u00df- und Intimmuskulatur in sitzender Position.<\/li>\n<li><span class=\"num\">3<\/span>Sie k\u00f6nnen den Eingriff durch Kleidung durchf\u00fchren, was das Leben des Kunden und die Arbeit eines Spezialisten erheblich vereinfacht.<\/li>\n<li><span class=\"num\">4<\/span>Der praktische Koffer erm\u00f6glicht es, das Ger\u00e4t problemlos in verschiedene B\u00fcros zu rollen.<\/li>\n<li><span class=\"num\">5<\/span>Gut gummierter Schlauch f\u00fcr Manipel.<\/li>\n<li><span class=\"num\">6<\/span>Erfordert keine Anwendung eines Hardware-Gels.<\/li>\n<\/ul>\n<\/td>\n<\/tr>\n<\/tbody>\n<\/table>\n<p><b>Mit Hilfe unseres Ger\u00e4tes im Physiotherapieraum k\u00f6nnen Sie:<\/b><\/p>\n<ul>\n<li>Gewebeatrophie verlangsamen;<\/li>\n<li>Muskelkr\u00e4mpfe beseitigen;<\/li>\n<li>reduzieren Sie die Intensit\u00e4t der Schmerzen in den Gelenken;<\/li>\n<li>Verbesserung der Durchblutung;<\/li>\n<li>den Abfluss von Lymphe verbessern;<\/li>\n<li>bilden ein motorisches Stereotyp, das dem nat\u00fcrlichen nahe kommt.<\/li>\n<\/ul>\n<p>Das Ger\u00e4t mit HI-FEM-Technologie dient in erster Linie der Tonusverbesserung und Kr\u00e4ftigung der Bauchmuskulatur sowie der Formung und Kr\u00e4ftigung der Ges\u00e4\u00dfmuskulatur, kann aber auch f\u00fcr die Arm- und Beinmuskulatur eingesetzt werden.<\/p>\n<p>Das Verfahren ist schmerzlos und erfordert keine An\u00e4sthesie. W\u00e4hrend des Eingriffs sind im behandelten Bereich intensive, aber schmerzlose Muskelkontraktionen zu sp\u00fcren.<\/p>\n<p>Das Verfahren erfordert keine Rehabilitation. Sie k\u00f6nnen unmittelbar nach dem Eingriff zu Ihren t\u00e4glichen Aktivit\u00e4ten zur\u00fcckkehren.<\/p>\n<p><img decoding=\"async\" src=\"\/wp-content\/uploads\/2022\/10\/BBG-Pro-3.jpg\" \/><\/p>\n<p>Nach dem Kauf des BBG Pro-Ger\u00e4ts bietet unser Unternehmen kostenlose Schulungen und Unterst\u00fctzung f\u00fcr einen Spezialisten in Fragen der Arbeit mit dem Ger\u00e4t, Anleitung von Kunden bei der Hardware-K\u00f6rperformung und der kompetenten Auswahl von Methoden zur Bildung einer \u201eTraumfigur\u201c!<\/p>\n<p>Das Studium umfasst einen theoretischen und einen praktischen Teil mit Erprobung an Modellen. Am Ende der Ausbildung stellt Ihnen das Unternehmen ein europ\u00e4isches Diplom aus und bietet Spezialisten f\u00fcr die Arbeit mit einem elektromagnetischen Ger\u00e4t eine st\u00e4ndige beratende Unterst\u00fctzung.<\/p>\n<h3>Vorteile<\/h3>\n<div class=\"image-content\">\n<div class=\"item\">\n<div class=\"img\" style=\"background-image: url('\/wp-content\/uploads\/2022\/05\/bbg-pro-advantage-1.jpg');\">\u00a0<\/div>\n<div class=\"description\">\n<h4>Vorteil 1<\/h4>\n<p>Brandneues luftgek\u00fchltes Hardwaresystem, Dauerbetrieb ohne Ausfall.<\/p>\n<\/div>\n<\/div>\n<div class=\"item reverse\">\n<div class=\"img\" style=\"background-image: url('\/wp-content\/uploads\/2022\/05\/bbg-pro-advantage-2.jpg');\">\u00a0<\/div>\n<div class=\"description\">\n<h4>Vorteil 2<\/h4>\n<p>Einfache und bequeme Steuerung.<\/p>\n<\/div>\n<\/div>\n<div class=\"item\">\n<div class=\"img\" style=\"background-image: url('\/wp-content\/uploads\/2022\/05\/bbg-pro-advantage-3.jpg');\">\u00a0<\/div>\n<div class=\"description\">\n<h4>Vorteil 3<\/h4>\n<p>Nicht-invasiv, keine Ausfallzeiten, keine Nebenwirkungen und schmerzlos.<br \/>\nVollkommen sicher<\/p>\n<\/div>\n<\/div>\n<div class=\"item reverse\">\n<div class=\"img\" style=\"background-image: url('\/wp-content\/uploads\/2022\/05\/bbg-pro-advantage-4.jpg');\">\u00a0<\/div>\n<div class=\"description\">\n<h4>Vorteil 4<\/h4>\n<p>Beckenbodentraining, Erholung nach der Geburt, reproduktive Privatsph\u00e4re.<\/p>\n<\/div>\n<\/div>\n<div class=\"item\">\n<div class=\"img\" style=\"background-image: url('\/wp-content\/uploads\/2022\/05\/bbg-pro-advantage-5.jpg');\">\u00a0<\/div>\n<div class=\"description\">\n<h4>Vorteil 5<\/h4>\n<p>Der Arbeitskopf (Griff) hat eine Lebensdauer von mehr als 600 Stunden und alle Arbeitsk\u00f6pfe sind luftgek\u00fchlt.<\/p>\n<\/div>\n<\/div>\n<div class=\"item reverse\">\n<div class=\"img\" style=\"background-image: url('\/wp-content\/uploads\/2022\/05\/bbg-pro-advantage-6.jpg');\">\u00a0<\/div>\n<div class=\"description\">\n<h4>Vorteil 6<\/h4>\n<p>Standardkonfiguration mit 2 Baucharbeitsk\u00f6pfen und 2 Wadenarbeitsk\u00f6pfen.<\/p>\n<\/div>\n<\/div>\n<\/div>\n<p>&nbsp;<\/p>\n<p>&nbsp;<\/p>\n<h3>Vorher und nachher<\/h3>\n<table style=\"border-collapse: collapse; width: 100%; margin: 0;\">\n<tbody>\n<tr>\n<td style=\"width: 50%;\">\n<h4>Magen<\/h4>\n<p><img decoding=\"async\" src=\"\/wp-content\/uploads\/2022\/05\/bbg-pro-do-i-posle-1.jpg\" \/><\/p>\n<\/td>\n<td style=\"width: 50%;\">\n<h4>Waffen<\/h4>\n<p><img decoding=\"async\" src=\"\/wp-content\/uploads\/2022\/05\/bbg-pro-do-i-posle-2.jpg\" \/><\/p>\n<\/td>\n<\/tr>\n<tr style=\"margin: 0;\">\n<td style=\"width: 50%;\">\n<h4>Beine<\/h4>\n<p><img decoding=\"async\" src=\"\/wp-content\/uploads\/2022\/05\/bbg-pro-do-i-posle-3.jpg\" \/><\/p>\n<\/td>\n<td style=\"width: 50%;\">\n<h4>Ges\u00e4\u00df<\/h4>\n<p><img decoding=\"async\" src=\"\/wp-content\/uploads\/2022\/05\/bbg-pro-do-i-posle-4.jpg\" \/><\/p>\n<\/td>\n<\/tr>\n<\/tbody>\n<\/table>","protected":false},"excerpt":{"rendered":"<p>Dieses Ger\u00e4t verwendet HIEMT (High Intensity Focused Electromagnetic Wave Technology), hochenergetische konzentrierte elektromagnetische Wellen dringen bis in die Tiefe der \u00b5m-Muskelschicht ein. stimulieren Muskelmotorneuronen, verursachen eine kontinuierliche Kontraktion der k\u00f6rpereigenen Muskeln. Durch extremes Training, damit die Muskeln tief umgestalten k\u00f6nnen, d. h. das Wachstum von Myofibrillen (Muskelwachstum) und die Produktion neuer Kollagen- und Muskelfaserketten (Muskelhyperplasie), wodurch Muskeldichte und -volumen trainiert und erh\u00f6ht werden.<\/p>","protected":false},"featured_media":2342,"comment_status":"open","ping_status":"closed","template":"","meta":{"site-sidebar-layout":"default","site-content-layout":"default","ast-main-header-display":"","ast-hfb-above-header-display":"","ast-hfb-below-header-display":"","ast-hfb-mobile-header-display":"","site-post-title":"","ast-breadcrumbs-content":"","ast-featured-img":"","footer-sml-layout":"","theme-transparent-header-meta":"","adv-header-id-meta":"","stick-header-meta":"","header-above-stick-meta":"","header-main-stick-meta":"","header-below-stick-meta":""},"product_cat":[36,46],"product_tag":[],"yoast_head":"<!-- This site is optimized with the Yoast SEO Premium plugin v15.6.2 - https:\/\/yoast.com\/wordpress\/plugins\/seo\/ -->\n<title>BBG Pro - \u042d\u0441\u0442\u0435\u0442\u0438\u0447\u0435\u0441\u043a\u0438\u0435 \u041c\u0435\u0434\u0438\u0446\u0438\u043d\u0441\u043a\u0438\u0435 \u0422\u0435\u0445\u043d\u043e\u043b\u043e\u0433\u0438\u0438 - Aesthetic Medical Technology<\/title>\n<meta name=\"robots\" content=\"index, follow, max-snippet:-1, max-image-preview:large, max-video-preview:-1\" \/>\n<link rel=\"canonical\" href=\"https:\/\/amt.eu.com\/de\/produkt\/bbg-pro\/\" \/>\n<meta property=\"og:locale\" content=\"de_DE\" \/>\n<meta property=\"og:type\" content=\"article\" \/>\n<meta property=\"og:title\" content=\"BBG Pro - \u042d\u0441\u0442\u0435\u0442\u0438\u0447\u0435\u0441\u043a\u0438\u0435 \u041c\u0435\u0434\u0438\u0446\u0438\u043d\u0441\u043a\u0438\u0435 \u0422\u0435\u0445\u043d\u043e\u043b\u043e\u0433\u0438\u0438 - Aesthetic Medical Technology\" \/>\n<meta property=\"og:description\" content=\"\u0412 \u044d\u0442\u043e\u043c \u0430\u043f\u043f\u0430\u0440\u0430\u0442\u0435 \u0438\u0441\u043f\u043e\u043b\u044c\u0437\u0443\u0435\u0442\u0441\u044f HIEMT (\u0442\u0435\u0445\u043d\u043e\u043b\u043e\u0433\u0438\u044f \u0432\u044b\u0441\u043e\u043a\u043e\u0438\u043d\u0442\u0435\u043d\u0441\u0438\u0432\u043d\u044b\u0445 \u0441\u0444\u043e\u043a\u0443\u0441\u0438\u0440\u043e\u0432\u0430\u043d\u043d\u044b\u0445 \u044d\u043b\u0435\u043a\u0442\u0440\u043e\u043c\u0430\u0433\u043d\u0438\u0442\u043d\u044b\u0445 \u0432\u043e\u043b\u043d), \u0432\u044b\u0441\u043e\u043a\u043e\u044d\u043d\u0435\u0440\u0433\u0435\u0442\u0438\u0447\u0435\u0441\u043a\u0438\u0435 \u043a\u043e\u043d\u0446\u0435\u043d\u0442\u0440\u0438\u0440\u043e\u0432\u0430\u043d\u043d\u044b\u0435 \u044d\u043b\u0435\u043a\u0442\u0440\u043e\u043c\u0430\u0433\u043d\u0438\u0442\u043d\u044b\u0435 \u0432\u043e\u043b\u043d\u044b \u043f\u0440\u043e\u043d\u0438\u043a\u0430\u044e\u0442 \u043d\u0430 \u0433\u043b\u0443\u0431\u0438\u043d\u0443 \u043c\u044b\u0448\u0435\u0447\u043d\u043e\u0433\u043e \u0441\u043b\u043e\u044f \u043c\u043a\u043c. \u0441\u0442\u0438\u043c\u0443\u043b\u0438\u0440\u0443\u044e\u0442 \u043c\u044b\u0448\u0435\u0447\u043d\u044b\u0435 \u0434\u0432\u0438\u0433\u0430\u0442\u0435\u043b\u044c\u043d\u044b\u0435 \u043d\u0435\u0439\u0440\u043e\u043d\u044b, \u0432\u044b\u0437\u044b\u0432\u0430\u044e\u0442 \u043d\u0435\u043f\u0440\u0435\u0440\u044b\u0432\u043d\u043e\u0435 \u0441\u043e\u043a\u0440\u0430\u0449\u0435\u043d\u0438\u0435 \u0430\u0443\u0442\u043e\u043b\u043e\u0433\u0438\u0447\u043d\u044b\u0445 \u043c\u044b\u0448\u0446. \u0432\u044b\u043f\u043e\u043b\u043d\u044f\u044f \u044d\u043a\u0441\u0442\u0440\u0435\u043c\u0430\u043b\u044c\u043d\u044b\u0435 \u0442\u0440\u0435\u043d\u0438\u0440\u043e\u0432\u043a\u0438, \u0447\u0442\u043e\u0431\u044b \u043c\u044b\u0448\u0446\u044b \u043c\u043e\u0433\u043b\u0438 \u0433\u043b\u0443\u0431\u043e\u043a\u043e \u0440\u0435\u043c\u043e\u0434\u0435\u043b\u0438\u0440\u043e\u0432\u0430\u0442\u044c, \u0442\u043e \u0435\u0441\u0442\u044c \u0440\u043e\u0441\u0442 \u043c\u0438\u043e\u0444\u0438\u0431\u0440\u0438\u043b\u043b (\u0440\u043e\u0441\u0442 \u043c\u044b\u0448\u0446) \u0438 \u043f\u0440\u043e\u0438\u0437\u0432\u043e\u0434\u0441\u0442\u0432\u043e \u043d\u043e\u0432\u044b\u0445 \u0446\u0435\u043f\u0435\u0439 \u043a\u043e\u043b\u043b\u0430\u0433\u0435\u043d\u0430 \u0438 \u043c\u044b\u0448\u0435\u0447\u043d\u044b\u0445 \u0432\u043e\u043b\u043e\u043a\u043e\u043d (\u0433\u0438\u043f\u0435\u0440\u043f\u043b\u0430\u0437\u0438\u044f \u043c\u044b\u0448\u0446), \u0442\u0435\u043c \u0441\u0430\u043c\u044b\u043c \u0442\u0440\u0435\u043d\u0438\u0440\u0443\u044f \u0438 \u0443\u0432\u0435\u043b\u0438\u0447\u0438\u0432\u0430\u044f \u043f\u043b\u043e\u0442\u043d\u043e\u0441\u0442\u044c \u0438 \u043e\u0431\u044a\u0435\u043c \u043c\u044b\u0448\u0446.\" \/>\n<meta property=\"og:url\" content=\"https:\/\/amt.eu.com\/de\/produkt\/bbg-pro\/\" \/>\n<meta property=\"og:site_name\" content=\"\u042d\u0441\u0442\u0435\u0442\u0438\u0447\u0435\u0441\u043a\u0438\u0435 \u041c\u0435\u0434\u0438\u0446\u0438\u043d\u0441\u043a\u0438\u0435 \u0422\u0435\u0445\u043d\u043e\u043b\u043e\u0433\u0438\u0438 - Aesthetic Medical Technology\" \/>\n<meta property=\"article:modified_time\" content=\"2022-10-22T11:19:39+00:00\" \/>\n<meta property=\"og:image\" content=\"https:\/\/amt.eu.com\/wp-content\/uploads\/2022\/02\/BBG-Pro-1.jpg\" \/>\n\t<meta property=\"og:image:width\" content=\"2362\" \/>\n\t<meta property=\"og:image:height\" content=\"2362\" \/>\n<meta name=\"twitter:card\" content=\"summary_large_image\" \/>\n<meta name=\"twitter:label1\" content=\"Gesch\u00e4tzte Lesezeit\">\n\t<meta name=\"twitter:data1\" content=\"5 Minuten\">\n<script type=\"application\/ld+json\" class=\"yoast-schema-graph\">{\"@context\":\"https:\/\/schema.org\",\"@graph\":[{\"@type\":\"WebSite\",\"@id\":\"https:\/\/amt.eu.com\/#website\",\"url\":\"https:\/\/amt.eu.com\/\",\"name\":\"\\u042d\\u0441\\u0442\\u0435\\u0442\\u0438\\u0447\\u0435\\u0441\\u043a\\u0438\\u0435 \\u041c\\u0435\\u0434\\u0438\\u0446\\u0438\\u043d\\u0441\\u043a\\u0438\\u0435 \\u0422\\u0435\\u0445\\u043d\\u043e\\u043b\\u043e\\u0433\\u0438\\u0438 - Aesthetic Medical Technology\",\"description\":\"\\u041c\\u0435\\u0434\\u0438\\u0446\\u0438\\u043d\\u0441\\u043a\\u0438\\u0435 \\u0442\\u0435\\u0445\\u043d\\u043e\\u043b\\u043e\\u0433\\u0438\\u0438 \\u0438 \\u043f\\u0440\\u043e\\u0446\\u0435\\u0434\\u0443\\u0440\\u044b\",\"potentialAction\":[{\"@type\":\"SearchAction\",\"target\":\"https:\/\/amt.eu.com\/?s={search_term_string}\",\"query-input\":\"required name=search_term_string\"}],\"inLanguage\":\"de-DE\"},{\"@type\":\"ImageObject\",\"@id\":\"https:\/\/amt.eu.com\/product\/bbg-pro\/#primaryimage\",\"inLanguage\":\"de-DE\",\"url\":\"https:\/\/amt.eu.com\/wp-content\/uploads\/2022\/02\/BBG-Pro-1.jpg\",\"width\":2362,\"height\":2362},{\"@type\":\"WebPage\",\"@id\":\"https:\/\/amt.eu.com\/product\/bbg-pro\/#webpage\",\"url\":\"https:\/\/amt.eu.com\/product\/bbg-pro\/\",\"name\":\"BBG Pro - \\u042d\\u0441\\u0442\\u0435\\u0442\\u0438\\u0447\\u0435\\u0441\\u043a\\u0438\\u0435 \\u041c\\u0435\\u0434\\u0438\\u0446\\u0438\\u043d\\u0441\\u043a\\u0438\\u0435 \\u0422\\u0435\\u0445\\u043d\\u043e\\u043b\\u043e\\u0433\\u0438\\u0438 - Aesthetic Medical Technology\",\"isPartOf\":{\"@id\":\"https:\/\/amt.eu.com\/#website\"},\"primaryImageOfPage\":{\"@id\":\"https:\/\/amt.eu.com\/product\/bbg-pro\/#primaryimage\"},\"datePublished\":\"2022-02-23T15:39:47+00:00\",\"dateModified\":\"2022-10-22T11:19:39+00:00\",\"breadcrumb\":{\"@id\":\"https:\/\/amt.eu.com\/product\/bbg-pro\/#breadcrumb\"},\"inLanguage\":\"de-DE\",\"potentialAction\":[{\"@type\":\"ReadAction\",\"target\":[\"https:\/\/amt.eu.com\/product\/bbg-pro\/\"]}]},{\"@type\":\"BreadcrumbList\",\"@id\":\"https:\/\/amt.eu.com\/product\/bbg-pro\/#breadcrumb\",\"itemListElement\":[{\"@type\":\"ListItem\",\"position\":1,\"item\":{\"@type\":\"WebPage\",\"@id\":\"https:\/\/amt.eu.com\/\",\"url\":\"https:\/\/amt.eu.com\/\",\"name\":\"\"}},{\"@type\":\"ListItem\",\"position\":2,\"item\":{\"@type\":\"WebPage\",\"@id\":\"https:\/\/amt.eu.com\/shop\/\",\"url\":\"https:\/\/amt.eu.com\/shop\/\",\"name\":\"\\u041c\\u0430\\u0433\\u0430\\u0437\\u0438\\u043d\"}},{\"@type\":\"ListItem\",\"position\":3,\"item\":{\"@type\":\"WebPage\",\"@id\":\"https:\/\/amt.eu.com\/product\/bbg-pro\/\",\"url\":\"https:\/\/amt.eu.com\/product\/bbg-pro\/\",\"name\":\"BBG Pro\"}}]}]}<\/script>\n<!-- \/ Yoast SEO Premium plugin. -->","_links":{"self":[{"href":"https:\/\/amt.eu.com\/de\/wp-json\/wp\/v2\/product\/2340"}],"collection":[{"href":"https:\/\/amt.eu.com\/de\/wp-json\/wp\/v2\/product"}],"about":[{"href":"https:\/\/amt.eu.com\/de\/wp-json\/wp\/v2\/types\/product"}],"replies":[{"embeddable":true,"href":"https:\/\/amt.eu.com\/de\/wp-json\/wp\/v2\/comments?post=2340"}],"wp:featuredmedia":[{"embeddable":true,"href":"https:\/\/amt.eu.com\/de\/wp-json\/wp\/v2\/media\/2342"}],"wp:attachment":[{"href":"https:\/\/amt.eu.com\/de\/wp-json\/wp\/v2\/media?parent=2340"}],"wp:term":[{"taxonomy":"product_cat","embeddable":true,"href":"https:\/\/amt.eu.com\/de\/wp-json\/wp\/v2\/product_cat?post=2340"},{"taxonomy":"product_tag","embeddable":true,"href":"https:\/\/amt.eu.com\/de\/wp-json\/wp\/v2\/product_tag?post=2340"}],"curies":[{"name":"wp","href":"https:\/\/api.w.org\/{rel}","templated":true}]}}