{"id":2349,"date":"2022-02-23T18:47:17","date_gmt":"2022-02-23T15:47:17","guid":{"rendered":"https:\/\/amt.eu.com\/?post_type=product&#038;p=2349"},"modified":"2023-05-09T19:42:24","modified_gmt":"2023-05-09T16:42:24","slug":"amt-ret-one","status":"publish","type":"product","link":"https:\/\/amt.eu.com\/de\/produkt\/amt-ret-one\/","title":{"rendered":"AMT RET-ONE"},"content":{"rendered":"<p><strong>AMT RET-ONE<\/strong> ist das Ger\u00e4t der neuesten Generation in der HF-Technologie. Bei einer Stromversorgungsfrequenz von 4,096 MHz kann HF eine Dicke von 10\u201320 mm durchdringen.<\/p>\n<p>Ger\u00e4t <strong>AMT RET-ONE<\/strong> \u2013 eines der gefragtesten und beliebtesten Kosmetikger\u00e4te bei unseren Kunden. RF-Hebeger\u00e4te sind heute moderne professionelle Ger\u00e4te zur Zellverj\u00fcngung und Hautstraffung von Gesicht und K\u00f6rper, eine hervorragende Hilfe bei der K\u00f6rperformung. Dem Prinzip nach bewirkt die Stimulation der Dermis eine sofortige Straffung und Regeneration des Kollagens, was zu einem Facelifting-Effekt und der Gl\u00e4ttung feiner Linien und Fettabbau f\u00fchrt.<\/p>\n<p>Durch die erh\u00f6hte Temperatur des Radiowellen-Liftings wird die Zellregeneration aktiviert, was wiederum die Kollagensynthese in den Hautschichten anregt. Der verj\u00fcngende Effekt kann nach 2-3 Anwendungen auf einem professionellen Radiofrequenz-Hebeger\u00e4t beobachtet werden.<\/p>\n<p>Die RF-Hebevorrichtung hat die Funktion, die Heiztemperatur einzustellen. Dies erm\u00f6glicht der Kosmetikerin, den gesamten Vorgang vollst\u00e4ndig zu kontrollieren, ihn f\u00fcr Patienten sicher und hochwirksam zu machen. Das Handst\u00fcck des Ger\u00e4ts verf\u00fcgt \u00fcber einen Satz einzigartiger Keramikd\u00fcsen unterschiedlicher Gr\u00f6\u00dfe, um schwer zug\u00e4ngliche Bereiche oder Bereiche mit gro\u00dfem Volumen zu bearbeiten.<\/p>\n<h3>Ergebnis nach AMT RET-ONE:<\/h3>\n<ul style=\"list-style-type: square;\">\n<li>Verbesserung des Allgemeinzustandes der Gesichts- und K\u00f6rperhaut;<\/li>\n<li>Reduzierung von Schwellungen, Bruchs\u00e4cken unter den Augen;<\/li>\n<li>Erh\u00f6hung der Elastizit\u00e4t und Festigkeit der Haut;<\/li>\n<li>Sp\u00fcrbares Lifting bereits nach dem 1. Eingriff;<\/li>\n<li>Verringerung des Auftretens von Cellulite am K\u00f6rper;<\/li>\n<li>Gl\u00e4ttung kleiner Mimikf\u00e4ltchen;<\/li>\n<li>Verbesserung der Durchblutung der Hautzellen;<\/li>\n<li>Hautaufhellung und -verj\u00fcngung;<\/li>\n<li>Abgestorbene Zellen werden aus dem K\u00f6rper entfernt, alle Hautschichten werden aktiv erneuert.<\/li>\n<\/ul>\n<p style=\"text-align: center;\"><img decoding=\"async\" style=\"max-width: 500px;\" src=\"\/wp-content\/uploads\/2022\/08\/rf-lifting-monopolyarniy.jpg\" \/><\/p>\n<p>Dar\u00fcber hinaus regelm\u00e4\u00dfige kosmetische Eingriffe am Ger\u00e4t <strong>AMT RET-ONE<\/strong> unterscheiden sich in der kumulativen Wirkung, die bis zu sechs Monate anh\u00e4lt. Der Eingriff selbst ist v\u00f6llig schmerzfrei und sehr angenehm. RF-Lifting ist ein Verfahren \u201eAuf dem Weg nach drau\u00dfen!\u201c. Nach dem Eingriff k\u00f6nnen Sie problemlos zu Ihrem gewohnten Lebensstil zur\u00fcckkehren. Das Verfahren hat keine Rehabilitationsphase und wird unabh\u00e4ngig von der Jahreszeit durchgef\u00fchrt. Nach Abschluss eines vollst\u00e4ndigen RF-Lifting-Kurses k\u00f6nnen Sie eine sp\u00fcrbare Hautstraffung, Straffung und Verbesserung des Hautbildes erzielen.<\/p>\n<h3>Mit welchen Problemen k\u00e4mpft AMT RET-ONE:<\/h3>\n<ul style=\"list-style-type: square;\">\n<li>Zellulitis;<\/li>\n<li>kleine Dehnungsstreifen;<\/li>\n<li>lokale Fettablagerungen;<\/li>\n<li>Schlaffheit, tiefer Ton;<\/li>\n<li>m\u00fcder, grauer Teint;<\/li>\n<li>Falten nachahmen;<\/li>\n<li>ungleichm\u00e4\u00dfige Konturen von K\u00f6rper und Gesicht;<\/li>\n<\/ul>\n<h3>Welches RF-Hebeger\u00e4t w\u00e4hlen?<\/h3>\n<p>Nat\u00fcrlich kann ein solcher Effekt nur mit professionellen Hochfrequenz-Hebeger\u00e4ten erzielt werden, die die erforderliche Zertifizierung bestanden haben und alle Qualit\u00e4ts- und Sicherheitsstandards erf\u00fcllen.<\/p>\n<p>Unser monopolares RF-Ger\u00e4t mit verschiedenen Keramikhandst\u00fccken ist die neueste Technik, die es Ihnen erm\u00f6glicht, die Hautstraffung f\u00fcr den Kunden so komfortabel und sicher wie m\u00f6glich durchzuf\u00fchren. Nach der Einwirkung elektrischer Str\u00f6me bleibt die Haut intakt, Verletzungs- und Verbrennungsrisiken sind v\u00f6llig ausgeschlossen. Es gibt keine Erholungsphase. Sehr oft wird RF-Lifting als Hilfseingriff w\u00e4hrend der Erholungsphase nach einer plastischen Operation in komplexe Verj\u00fcngungsprogramme einbezogen. Au\u00dferdem kann eine Kosmetikerin es mit anderen Hardware-Verfahren kombinieren und in ganze Technikkomplexe einbeziehen, um ein besseres Ergebnis bei der Verj\u00fcngung von Gesicht und K\u00f6rper zu erzielen.<\/p>\n<p>Beim Kauf eines Ger\u00e4tes bietet unser Unternehmen eine kostenlose Schulung und Unterst\u00fctzung eines Spezialisten in allen Fragen rund um die Arbeit mit dem Ger\u00e4t an. Das Studium umfasst einen theoretischen und einen praktischen Teil mit Erprobung an Modellen. Nach Abschluss der Ausbildung stellen wir ein europ\u00e4isches Diplom aus.<\/p>\n<h3>Vorteile unseres Ger\u00e4tes.<\/h3>\n<p>Das Ger\u00e4t AMT RET-ONE der Firma AMT hat viele Vorteile, n\u00e4mlich:<\/p>\n<ul class=\"styled_list\">\n<li><span class=\"num\">1<\/span>Effizienz und Genauigkeit des Verfahrens in jedem Bereich des Gesichts und des K\u00f6rpers;<\/li>\n<li><span class=\"num\">2<\/span>Spektakul\u00e4res Geh\u00e4use mit gro\u00dfem Display und einem Men\u00fc, das bereits in verschiedene Zonen unterteilt ist;<\/li>\n<li><span class=\"num\">3<\/span>Monopolare D\u00fcsen, die HF-Wellen bis zur maximalen Tiefe durchlassen und hervorragende Ergebnisse erzielen;<\/li>\n<li><span class=\"num\">4<\/span>Im Lieferumfang des Ger\u00e4ts sind 2 Manipel mit unterschiedlichen Durchmessern enthalten;<\/li>\n<li><span class=\"num\">5<\/span>Das Arbeitshandst\u00fcck hat 5 D\u00fcsen mit unterschiedlichen Durchmessern (45 mm, 35 mm, 30 mm, 20 mm, 15 mm), die es dem Spezialisten erm\u00f6glichen, verschiedene Hautoberfl\u00e4chen zu behandeln;<\/li>\n<li><span class=\"num\">6<\/span>Bei einer Stromversorgungsfrequenz von 4,096 MHz kann HF eine Dicke von 10\u201320 mm durchdringen.<\/li>\n<\/ul>\n<p>Ein hochwertiges HF-Hebeger\u00e4t k\u00f6nnen Sie bei uns g\u00fcnstig erwerben.<\/p>\n<p>RF-Hebeger\u00e4te von A.M.T. hergestellt von einem zuverl\u00e4ssigen europ\u00e4ischen Hersteller unter Einhaltung aller notwendigen Normen und Qualit\u00e4tsstandards, was Ihnen und Ihren Kunden professionelle kosmetische Verfahren zur Zellverj\u00fcngung und Sch\u00f6nheitserhaltung garantiert.<\/p>\n<p>Das Ger\u00e4t hat 1 Jahr Garantie und weiteren professionellen Service.<\/p>\n<p>&nbsp;<\/p>\n<p>Runde Elektrode, komfortableres Design, n\u00e4her an der Haut f\u00fcr eine bessere Behandlung!<\/p>\n<p><img decoding=\"async\" class=\"alignnone\" src=\"\/wp-content\/uploads\/2022\/02\/amt-ret-one-electrode.jpg\" alt=\"\u041a\u0440\u0443\u0433\u043b\u044b\u0439 \u044d\u043b\u0435\u043a\u0442\u0440\u043e\u0434, \u0431\u043e\u043b\u0435\u0435 \u0443\u0434\u043e\u0431\u043d\u044b\u0439 \u0434\u0438\u0437\u0430\u0439\u043d, \u0431\u043b\u0438\u0436\u0435 \u043a \u043a\u043e\u0436\u0435 \u0434\u043b\u044f \u043b\u0443\u0447\u0448\u0435\u0433\u043e \u043b\u0435\u0447\u0435\u043d\u0438\u044f!\" \/><\/p>\n<ul class=\"inline-list\">\n<li><span style=\"font-size: 16px;\">Begrenzter Heizbereich<\/span><\/li>\n<li><span style=\"font-size: 16px;\">Erw\u00e4rmung nur in der Epidermis<\/span><\/li>\n<li><span style=\"font-size: 16px;\">Erhitze tiefer, breiter und weiter<\/span><\/li>\n<\/ul>\n<p>&nbsp;<\/p>\n<h3>Hautstraffung und Faltenentfernung<\/h3>\n<table style=\"border-collapse: collapse; width: 100%;\">\n<tbody>\n<tr>\n<td style=\"width: 50%;\"><img decoding=\"async\" class=\"alignnone\" src=\"\/wp-content\/uploads\/2022\/05\/skin-tightening-lifting-wrinkle-removal-2.jpg\" alt=\"\u041f\u043e\u0434\u0442\u044f\u0436\u043a\u0430 \u043a\u043e\u0436\u0438 \u0438 \u0443\u0434\u0430\u043b\u0435\u043d\u0438\u0435 \u043c\u043e\u0440\u0449\u0438\u043d\" \/><\/td>\n<td style=\"width: 50%;\"><img decoding=\"async\" class=\"alignnone\" src=\"\/wp-content\/uploads\/2022\/05\/skin-tightening-lifting-wrinkle-removal.jpg\" alt=\"\u041f\u043e\u0434\u0442\u044f\u0436\u043a\u0430 \u043a\u043e\u0436\u0438 \u0438 \u0443\u0434\u0430\u043b\u0435\u043d\u0438\u0435 \u043c\u043e\u0440\u0449\u0438\u043d\" \/><\/td>\n<\/tr>\n<\/tbody>\n<\/table>\n<p>&nbsp;<\/p>\n<div class=\"image-content\">\n<div class=\"item\">\n<div class=\"img\" style=\"background-image: url('\/wp-content\/uploads\/2022\/05\/model-1.jpg');\">\u00a0<\/div>\n<div class=\"description\">\n<h4>Vorteil 1 \u2013 Sicher<\/h4>\n<p>Sch\u00fctzen Sie effektiv die Epidermis der Haut und l\u00f6sen Sie die Probleme des Alterns in einem bequemen und entspannten Zustand. Keine Auswirkung auf die t\u00e4gliche Routine, keine besondere Pflege, solange Feuchtigkeit vorhanden ist.<\/p>\n<\/div>\n<\/div>\n<div class=\"item reverse\">\n<div class=\"img\" style=\"background-image: url('\/wp-content\/uploads\/2022\/05\/model-2.jpg');\">\u00a0<\/div>\n<div class=\"description\">\n<h4>Vorteil 2 \u2013 Dauerhaft<\/h4>\n<p>Nach der ersten Behandlung kann die Haut nach oben geliftet und gestrafft werden, dann schlie\u00dft das angeregte Kollagengewebe nach und nach den Regenerationsprozess ab und der Straffungseffekt wird immer deutlicher.<\/p>\n<\/div>\n<\/div>\n<div class=\"item\">\n<div class=\"img\" style=\"background-image: url('\/wp-content\/uploads\/2022\/05\/model-3.jpg');\">\u00a0<\/div>\n<div class=\"description\">\n<h4>Vorteil 3 \u2013 Hohe Frequenz<\/h4>\n<p>Effektive Stimulierung der Kollagenreorganisation, Hautstraffung und Faltenreduzierung. Im Vergleich zur herk\u00f6mmlichen Massage kann das Ger\u00e4t schnell W\u00e4rme erzeugen, die Durchblutung verbessern, die Kollagenfasern erh\u00f6hen und die Hautelastizit\u00e4t verbessern.<\/p>\n<\/div>\n<\/div>\n<\/div>\n<p>&nbsp;<\/p>\n<h3>Vorher und nachher<\/h3>\n<table style=\"border-collapse: collapse; width: 100%; margin-bottom: 0;\">\n<tbody>\n<tr style=\"margin-bottom: 0;\">\n<td style=\"width: 33.3333%;\">\n<p><img decoding=\"async\" class=\"aligncenter\" src=\"\/wp-content\/uploads\/2022\/05\/treatment-comparison.jpg\" data-wp-editing=\"1\" \/><\/p>\n<p style=\"text-align: center; margin-bottom: 0;\">Periokulare feine Linien<\/p>\n<\/td>\n<td style=\"width: 33.3333%;\">\n<p><img decoding=\"async\" class=\"aligncenter\" src=\"\/wp-content\/uploads\/2022\/05\/treatment-comparison-2.jpg\" \/><\/p>\n<p style=\"text-align: center; margin-bottom: 0;\">Unterkieferlinie<\/p>\n<\/td>\n<td style=\"width: 33.3333%;\">\n<p><img decoding=\"async\" class=\"aligncenter\" src=\"\/wp-content\/uploads\/2022\/05\/treatment-comparison-3.jpg\" \/><\/p>\n<p style=\"text-align: center; margin-bottom: 0;\">Ganzes Gesicht<\/p>\n<\/td>\n<\/tr>\n<\/tbody>\n<\/table>","protected":false},"excerpt":{"rendered":"<p><strong>AMT RET-ONE<\/strong> ist das Ger\u00e4t der neuesten Generation in der HF-Technologie. Bei einer Stromversorgungsfrequenz von 4,096 MHz kann HF eine Dicke von 10\u201320 mm durchdringen.<\/p>\n<p>Ger\u00e4t <strong>AMT RET-ONE<\/strong> \u2013 eines der gefragtesten und beliebtesten Kosmetikger\u00e4te bei unseren Kunden. RF-Hebeger\u00e4te sind heute moderne professionelle Ger\u00e4te zur Zellverj\u00fcngung und Hautstraffung von Gesicht und K\u00f6rper, eine hervorragende Hilfe bei der K\u00f6rperformung. Dem Prinzip nach bewirkt die Stimulation der Dermis eine sofortige Straffung und Regeneration des Kollagens, was zu einem Facelifting-Effekt und der Gl\u00e4ttung feiner Linien und Fettabbau f\u00fchrt.<\/p>","protected":false},"featured_media":2351,"comment_status":"open","ping_status":"closed","template":"","meta":{"site-sidebar-layout":"default","site-content-layout":"default","ast-main-header-display":"","ast-hfb-above-header-display":"","ast-hfb-below-header-display":"","ast-hfb-mobile-header-display":"","site-post-title":"","ast-breadcrumbs-content":"","ast-featured-img":"","footer-sml-layout":"","theme-transparent-header-meta":"","adv-header-id-meta":"","stick-header-meta":"","header-above-stick-meta":"","header-main-stick-meta":"","header-below-stick-meta":""},"product_cat":[36,46],"product_tag":[],"yoast_head":"<!-- This site is optimized with the Yoast SEO Premium plugin v15.6.2 - https:\/\/yoast.com\/wordpress\/plugins\/seo\/ -->\n<title>AMT RET-ONE - \u042d\u0441\u0442\u0435\u0442\u0438\u0447\u0435\u0441\u043a\u0438\u0435 \u041c\u0435\u0434\u0438\u0446\u0438\u043d\u0441\u043a\u0438\u0435 \u0422\u0435\u0445\u043d\u043e\u043b\u043e\u0433\u0438\u0438 - Aesthetic Medical Technology<\/title>\n<meta name=\"robots\" content=\"index, follow, max-snippet:-1, max-image-preview:large, max-video-preview:-1\" \/>\n<link rel=\"canonical\" href=\"https:\/\/amt.eu.com\/de\/produkt\/amt-ret-one\/\" \/>\n<meta property=\"og:locale\" content=\"de_DE\" \/>\n<meta property=\"og:type\" content=\"article\" \/>\n<meta property=\"og:title\" content=\"AMT RET-ONE - \u042d\u0441\u0442\u0435\u0442\u0438\u0447\u0435\u0441\u043a\u0438\u0435 \u041c\u0435\u0434\u0438\u0446\u0438\u043d\u0441\u043a\u0438\u0435 \u0422\u0435\u0445\u043d\u043e\u043b\u043e\u0433\u0438\u0438 - Aesthetic Medical Technology\" \/>\n<meta property=\"og:description\" content=\"AMT RET-ONE \u2013 \u044d\u0442\u043e \u0430\u043f\u043f\u0430\u0440\u0430\u0442 \u043f\u043e\u0441\u043b\u0435\u0434\u043d\u0435\u0433\u043e \u043f\u043e\u043a\u043e\u043b\u0435\u043d\u0438\u044f \u0432 \u0442\u0435\u0445\u043d\u043e\u043b\u043e\u0433\u0438\u0438 RF. \u0411\u043b\u0430\u0433\u043e\u0434\u0430\u0440\u044f \u0447\u0430\u0441\u0442\u043e\u0442\u0435 \u044d\u043b\u0435\u043a\u0442\u0440\u043e\u043f\u0438\u0442\u0430\u043d\u0438\u044f 4.096\u043c\u0433\u0446 RF \u0441\u043c\u043e\u0436\u0435\u0442 \u043f\u0440\u043e\u043d\u0438\u043a\u0430\u0442\u044c \u043d\u0430 \u0442\u043e\u043b\u0449\u0438\u043d\u0443 10-20\u043c\u043c. \u0410\u043f\u043f\u0430\u0440\u0430\u0442 AMT RET-ONE \u2013 \u043e\u0434\u0438\u043d \u0438\u0437 \u043d\u0430\u0438\u0431\u043e\u043b\u0435\u0435 \u0432\u043e\u0441\u0442\u0440\u0435\u0431\u043e\u0432\u0430\u043d\u043d\u044b\u0445 \u0438 \u043f\u043e\u043f\u0443\u043b\u044f\u0440\u043d\u044b\u0445 \u043a\u043e\u0441\u043c\u0435\u0442\u043e\u043b\u043e\u0433\u0438\u0447\u0435\u0441\u043a\u0438\u0445 \u0430\u043f\u043f\u0430\u0440\u0430\u0442\u043e\u0432 \u0441\u0440\u0435\u0434\u0438 \u043d\u0430\u0448\u0438\u0445 \u043a\u043b\u0438\u0435\u043d\u0442\u043e\u0432. \u0410\u043f\u043f\u0430\u0440\u0430\u0442\u044b RF \u043b\u0438\u0444\u0442\u0438\u043d\u0433\u0430 \u0441\u0435\u0433\u043e\u0434\u043d\u044f \u2013 \u044d\u0442\u043e \u0441\u043e\u0432\u0440\u0435\u043c\u0435\u043d\u043d\u043e\u0435 \u043f\u0440\u043e\u0444\u0435\u0441\u0441\u0438\u043e\u043d\u0430\u043b\u044c\u043d\u043e\u0435 \u043e\u0431\u043e\u0440\u0443\u0434\u043e\u0432\u0430\u043d\u0438\u0435 \u0434\u043b\u044f \u043e\u043c\u043e\u043b\u043e\u0436\u0435\u043d\u0438\u044f \u043a\u043b\u0435\u0442\u043e\u043a \u0438 \u043f\u043e\u0434\u0442\u044f\u0436\u043a\u0438 \u043a\u043e\u0436\u0438 \u043b\u0438\u0446\u0430 \u0438 \u0442\u0435\u043b\u0430, \u043e\u0442\u043b\u0438\u0447\u043d\u0430\u044f \u043f\u043e\u043c\u043e\u0449\u044c \u0432 \u043a\u043e\u0440\u0440\u0435\u043a\u0446\u0438\u0438 \u0444\u0438\u0433\u0443\u0440\u044b. \u0421\u043e\u0433\u043b\u0430\u0441\u043d\u043e \u043f\u0440\u0438\u043d\u0446\u0438\u043f\u0443, \u0441\u0442\u0438\u043c\u0443\u043b\u044f\u0446\u0438\u044f \u0434\u0435\u0440\u043c\u044b \u0432\u044b\u0437\u044b\u0432\u0430\u0435\u0442 \u043d\u0435\u043c\u0435\u0434\u043b\u0435\u043d\u043d\u043e\u0435 \u0443\u043f\u043b\u043e\u0442\u043d\u0435\u043d\u0438\u0435 \u0438 \u0440\u0435\u0433\u0435\u043d\u0435\u0440\u0430\u0446\u0438\u044e \u043a\u043e\u043b\u043b\u0430\u0433\u0435\u043d\u0430, \u0447\u0442\u043e \u043f\u0440\u0438\u0432\u043e\u0434\u0438\u0442 \u043a \u044d\u0444\u0444\u0435\u043a\u0442\u0443 \u043f\u043e\u0434\u0442\u044f\u0436\u043a\u0438 \u043b\u0438\u0446\u0430 \u0438 \u0440\u0430\u0437\u0433\u043b\u0430\u0436\u0438\u0432\u0430\u043d\u0438\u044e \u043c\u0435\u043b\u043a\u0438\u0445 \u043c\u043e\u0440\u0449\u0438\u043d \u0438 \u0443\u043c\u0435\u043d\u044c\u0448\u0435\u043d\u0438\u044e \u0436\u0438\u0440\u043e\u0432\u043e\u0439 \u043f\u0440\u043e\u0441\u043b\u043e\u0439\u043a\u0438.\" \/>\n<meta property=\"og:url\" content=\"https:\/\/amt.eu.com\/de\/produkt\/amt-ret-one\/\" \/>\n<meta property=\"og:site_name\" content=\"\u042d\u0441\u0442\u0435\u0442\u0438\u0447\u0435\u0441\u043a\u0438\u0435 \u041c\u0435\u0434\u0438\u0446\u0438\u043d\u0441\u043a\u0438\u0435 \u0422\u0435\u0445\u043d\u043e\u043b\u043e\u0433\u0438\u0438 - Aesthetic Medical Technology\" \/>\n<meta property=\"article:modified_time\" content=\"2023-05-09T16:42:24+00:00\" \/>\n<meta property=\"og:image\" content=\"https:\/\/amt.eu.com\/wp-content\/uploads\/2022\/02\/RF-Lift-1.jpg\" \/>\n\t<meta property=\"og:image:width\" content=\"2362\" \/>\n\t<meta property=\"og:image:height\" content=\"2362\" \/>\n<meta name=\"twitter:card\" content=\"summary_large_image\" \/>\n<meta name=\"twitter:label1\" content=\"Gesch\u00e4tzte Lesezeit\">\n\t<meta name=\"twitter:data1\" content=\"5 Minuten\">\n<script type=\"application\/ld+json\" class=\"yoast-schema-graph\">{\"@context\":\"https:\/\/schema.org\",\"@graph\":[{\"@type\":\"WebSite\",\"@id\":\"https:\/\/amt.eu.com\/#website\",\"url\":\"https:\/\/amt.eu.com\/\",\"name\":\"\\u042d\\u0441\\u0442\\u0435\\u0442\\u0438\\u0447\\u0435\\u0441\\u043a\\u0438\\u0435 \\u041c\\u0435\\u0434\\u0438\\u0446\\u0438\\u043d\\u0441\\u043a\\u0438\\u0435 \\u0422\\u0435\\u0445\\u043d\\u043e\\u043b\\u043e\\u0433\\u0438\\u0438 - Aesthetic Medical Technology\",\"description\":\"\\u041c\\u0435\\u0434\\u0438\\u0446\\u0438\\u043d\\u0441\\u043a\\u0438\\u0435 \\u0442\\u0435\\u0445\\u043d\\u043e\\u043b\\u043e\\u0433\\u0438\\u0438 \\u0438 \\u043f\\u0440\\u043e\\u0446\\u0435\\u0434\\u0443\\u0440\\u044b\",\"potentialAction\":[{\"@type\":\"SearchAction\",\"target\":\"https:\/\/amt.eu.com\/?s={search_term_string}\",\"query-input\":\"required name=search_term_string\"}],\"inLanguage\":\"de-DE\"},{\"@type\":\"ImageObject\",\"@id\":\"https:\/\/amt.eu.com\/product\/amt-ret-one\/#primaryimage\",\"inLanguage\":\"de-DE\",\"url\":\"https:\/\/amt.eu.com\/wp-content\/uploads\/2022\/02\/RF-Lift-1.jpg\",\"width\":2362,\"height\":2362},{\"@type\":\"WebPage\",\"@id\":\"https:\/\/amt.eu.com\/product\/amt-ret-one\/#webpage\",\"url\":\"https:\/\/amt.eu.com\/product\/amt-ret-one\/\",\"name\":\"AMT RET-ONE - \\u042d\\u0441\\u0442\\u0435\\u0442\\u0438\\u0447\\u0435\\u0441\\u043a\\u0438\\u0435 \\u041c\\u0435\\u0434\\u0438\\u0446\\u0438\\u043d\\u0441\\u043a\\u0438\\u0435 \\u0422\\u0435\\u0445\\u043d\\u043e\\u043b\\u043e\\u0433\\u0438\\u0438 - Aesthetic Medical Technology\",\"isPartOf\":{\"@id\":\"https:\/\/amt.eu.com\/#website\"},\"primaryImageOfPage\":{\"@id\":\"https:\/\/amt.eu.com\/product\/amt-ret-one\/#primaryimage\"},\"datePublished\":\"2022-02-23T15:47:17+00:00\",\"dateModified\":\"2023-05-09T16:42:24+00:00\",\"breadcrumb\":{\"@id\":\"https:\/\/amt.eu.com\/product\/amt-ret-one\/#breadcrumb\"},\"inLanguage\":\"de-DE\",\"potentialAction\":[{\"@type\":\"ReadAction\",\"target\":[\"https:\/\/amt.eu.com\/product\/amt-ret-one\/\"]}]},{\"@type\":\"BreadcrumbList\",\"@id\":\"https:\/\/amt.eu.com\/product\/amt-ret-one\/#breadcrumb\",\"itemListElement\":[{\"@type\":\"ListItem\",\"position\":1,\"item\":{\"@type\":\"WebPage\",\"@id\":\"https:\/\/amt.eu.com\/\",\"url\":\"https:\/\/amt.eu.com\/\",\"name\":\"\"}},{\"@type\":\"ListItem\",\"position\":2,\"item\":{\"@type\":\"WebPage\",\"@id\":\"https:\/\/amt.eu.com\/shop\/\",\"url\":\"https:\/\/amt.eu.com\/shop\/\",\"name\":\"\\u041c\\u0430\\u0433\\u0430\\u0437\\u0438\\u043d\"}},{\"@type\":\"ListItem\",\"position\":3,\"item\":{\"@type\":\"WebPage\",\"@id\":\"https:\/\/amt.eu.com\/product\/amt-ret-one\/\",\"url\":\"https:\/\/amt.eu.com\/product\/amt-ret-one\/\",\"name\":\"AMT RET-ONE\"}}]}]}<\/script>\n<!-- \/ Yoast SEO Premium plugin. -->","_links":{"self":[{"href":"https:\/\/amt.eu.com\/de\/wp-json\/wp\/v2\/product\/2349"}],"collection":[{"href":"https:\/\/amt.eu.com\/de\/wp-json\/wp\/v2\/product"}],"about":[{"href":"https:\/\/amt.eu.com\/de\/wp-json\/wp\/v2\/types\/product"}],"replies":[{"embeddable":true,"href":"https:\/\/amt.eu.com\/de\/wp-json\/wp\/v2\/comments?post=2349"}],"wp:featuredmedia":[{"embeddable":true,"href":"https:\/\/amt.eu.com\/de\/wp-json\/wp\/v2\/media\/2351"}],"wp:attachment":[{"href":"https:\/\/amt.eu.com\/de\/wp-json\/wp\/v2\/media?parent=2349"}],"wp:term":[{"taxonomy":"product_cat","embeddable":true,"href":"https:\/\/amt.eu.com\/de\/wp-json\/wp\/v2\/product_cat?post=2349"},{"taxonomy":"product_tag","embeddable":true,"href":"https:\/\/amt.eu.com\/de\/wp-json\/wp\/v2\/product_tag?post=2349"}],"curies":[{"name":"wp","href":"https:\/\/api.w.org\/{rel}","templated":true}]}}