{"id":2362,"date":"2022-02-23T21:14:08","date_gmt":"2022-02-23T18:14:08","guid":{"rendered":"https:\/\/amt.eu.com\/?post_type=product&#038;p=2362"},"modified":"2022-08-28T11:26:15","modified_gmt":"2022-08-28T08:26:15","slug":"l-1200-3","status":"publish","type":"product","link":"https:\/\/amt.eu.com\/de\/produkt\/l-1200-3\/","title":{"rendered":"L-1200-3"},"content":{"rendered":"<p>Mit diesem Ger\u00e4t wird die Haarentfernung Ihrer Kunden bequem, schnell und effizient! Der Diodenlaser L-1200-3 hat viele Vorteile und wird zu Ihrem unverzichtbaren Helfer bei Ihrer Arbeit.<\/p>\n<h3>Warum einen Laser-Epilierer L-1200-3 von A.M.T. kaufen?<\/h3>\n<p>Es ist das einzige Haarentfernungsger\u00e4t, das alle fortschrittlichen Technologien vereint:<\/p>\n<ul class=\"styled_list\">\n<li><span class=\"num\">1<\/span>Ultrakurze Lichtimpulse helfen dabei, unerw\u00fcnschte Haare sanft loszuwerden, ohne zarte und empfindliche Haut zu gef\u00e4hrden.<\/li>\n<li><span class=\"num\">2<\/span>Die erh\u00f6hte Lebensdauer des Diodenlasers betr\u00e4gt 30 Millionen Blitze, was unbegrenzte M\u00f6glichkeiten f\u00fcr den regul\u00e4ren Betrieb bedeutet.<\/li>\n<li><span class=\"num\">3<\/span>Der Mikrokanal-Diodenemitter ist jetzt 2-mal leistungsst\u00e4rker.<\/li>\n<li><span class=\"num\">4<\/span>Ein sehr langlebiges Saphirglas h\u00e4lt das Handst\u00fcck im t\u00e4glichen Gebrauch intakt.<\/li>\n<li><span class=\"num\">5<\/span>Dank eines leichten Handst\u00fccks, eines praktischen Touchscreens und eines gut gummierten und flexiblen Kabels ist die Epilation mit diesem Ger\u00e4t einfach zu handhaben.<\/li>\n<li><span class=\"num\">6<\/span>Die Leistung der Laserquelle betr\u00e4gt 1200 W, wodurch Sie so schmerzlos und effizient wie m\u00f6glich epilieren k\u00f6nnen.<\/li>\n<li><span class=\"num\">7<\/span>Das neue K\u00fchlsystem des Diodenlasers sorgt f\u00fcr einen schnellen Temperaturabfall des Handst\u00fccks im Bereich des Hautzugangs.<\/li>\n<li><span class=\"num\">8<\/span>Erschwinglicher Preis - hervorragende Qualit\u00e4t, da unser Unternehmen H\u00e4ndler in der Herstellung europ\u00e4ischer Kosmetikger\u00e4te ist.<\/li>\n<li><span class=\"num\">9<\/span>Auf unserem Ger\u00e4t kann die Haarentfernung auch im Sommer durchgef\u00fchrt werden, ohne den Behandlungsablauf zu unterbrechen!<\/li>\n<li><span class=\"num\">10<\/span>Garantie und Qualit\u00e4tsservice.<\/li>\n<\/ul>\n<p>Mit Laser wird die Haarentfernung f\u00fcr Ihre Kunden so sicher und komfortabel wie m\u00f6glich! Das stilvolle, sch\u00f6ne Design des Ger\u00e4ts weckt das Vertrauen der Kunden und st\u00e4rkt den Ruf des Salons. Das Ger\u00e4t ist in einem praktischen Koffer gefertigt, hat eine geringe Gr\u00f6\u00dfe und nimmt in der Arztpraxis wenig Platz ein.<\/p>\n<p>Die Laser-Haarentfernung ist einer der profitabelsten Bereiche in der Hardware-Kosmetik. Es besteht eine st\u00e4ndige Nachfrage danach, und die Verfahrenskosten sind so hoch, dass sich das Ger\u00e4t innerhalb weniger Monate amortisiert. Au\u00dferdem arbeitet das Ger\u00e4t ausschlie\u00dflich f\u00fcr die Klinik.<\/p>\n<p>Die technischen Eigenschaften und F\u00e4higkeiten unserer Ger\u00e4te suchen ihresgleichen! Ihre W\u00fcrde wird von Haarentfernungsmeistern und Hardware-Kosmetikern leicht gesch\u00e4tzt.<\/p>\n<p>Die Nachfrage und Popularit\u00e4t der Laser-Haarentfernung w\u00e4chst t\u00e4glich.<\/p>\n<p><strong>Seine Vorteile liegen auf der Hand!<\/strong><\/p>\n<ul style=\"list-style-type: square;\">\n<li>Entfernung unerw\u00fcnschter Haare, ohne die Unversehrtheit der Haut zu beeintr\u00e4chtigen<\/li>\n<li>Hohe Effizienz der Methode<\/li>\n<li>Keine Narben oder Hautirritationen<\/li>\n<li>Ultrakurze Pulsl\u00e4nge f\u00fcr komfortable und schmerzfreie Eingriffe<\/li>\n<li>Kurze Erholungsphase<\/li>\n<\/ul>\n<p>Unsere Firma &quot;A.M.T.&quot; verpflichtet sich, Sie oder Ihre Techniker in der korrekten Bedienung eines Diodenlasers zu schulen und den Unterschied zu anderen Laser-Haarentfernungsger\u00e4ten zu verstehen. Sie werden feststellen, warum die Haarentfernung in vielen Salons keine 100%-Ergebnisse liefert oder gar nicht existiert! Sie lernen die h\u00e4ufigsten Fehler von Laser-Haarentfernungsspezialisten kennen und verstehen, warum Kunden mehr als 12 Mal zu Eingriffen gehen m\u00fcssen, was einen schlechten Ruf des Salons und negative Bewertungen mit sich bringt.<\/p>\n<p>Die Essenz der Laser-Haarentfernung ist die selektive Absorption der Laserstrahlungsenergie durch das im Haarfollikel enthaltene Melanin. Dieser Prozess wird von einer Erw\u00e4rmung des Follikels und dem Tod von Zellen begleitet, die f\u00fcr das Haarwachstum verantwortlich sind.<\/p>\n<p>Die Epilation jedes Bereichs erfordert mehrere Verfahren zur endg\u00fcltigen Beseitigung unerw\u00fcnschter Haare. Die Anzahl der Wiederholungen h\u00e4ngt von der Effizienz des Laserger\u00e4ts ab, von der M\u00f6glichkeit, seine Leistung w\u00e4hrend des Epiliervorgangs anzupassen, um den jeweils am besten geeigneten Modus auszuw\u00e4hlen. Mit unserem Ger\u00e4t <strong>L-1200-3<\/strong> Sie m\u00fcssen keine Blitze z\u00e4hlen und speichern, und seine Leistung hilft, den Vorgang so bequem und schmerzlos wie m\u00f6glich durchzuf\u00fchren.<\/p>\n<p>Ein sehr wichtiger Parameter bei der Auswahl eines Lasers zur Haarentfernung ist, f\u00fcr welche Fitzpatrick-Hauttypen er verwendet werden kann. Gem\u00e4\u00df dieser Klassifizierung werden sechs Hautfototypen unterschieden, die sich in der S\u00e4ttigung der Epidermis mit Melanin unterscheiden. Je breiter die M\u00f6glichkeiten des Lasers in dieser Richtung sind, desto vielseitiger ist er und kann sowohl bei hellh\u00e4utigen Menschen mit dunklem Haar als auch bei Menschen mit dunklerer Haut eingesetzt werden. Unser Ger\u00e4t funktioniert bei 6 verschiedenen Hautfototypen, Ihr Kundenstamm erweitert sich entsprechend.<\/p>\n<p><strong>Kaufen Sie einen Diodenlaser von A.M.T.<\/strong> ist eine aktuelle L\u00f6sung f\u00fcr Haarentfernungsmeister, Kosmetiker und Unternehmer, die am Erfolg interessiert sind. Um auf diesem Markt erfolgreich zu sein, viele Kunden in Ihren Salon zu locken und hohe Gewinne zu erzielen, m\u00fcssen Sie mit zuverl\u00e4ssigen und effizienten Ger\u00e4ten arbeiten, die modernen Anforderungen entsprechen. Noch wichtiger ist es, es von einem Unternehmen zu kaufen, das sich um die Wartung der Ger\u00e4te k\u00fcmmert, Mitarbeiter schult und den Kundenstrom erh\u00f6ht. Die Verwendung eines Ger\u00e4ts zur Entfernung unerw\u00fcnschter Haare verbessert die Qualit\u00e4t der erbrachten Dienstleistungen. Gleichzeitig amortisiert sich die Ausstattung sehr schnell. Das Epilieren ist komfortabel, da das Ger\u00e4t 1200 Watt hat. Und die Verfahren werden schnell zu hervorragenden Ergebnissen f\u00fchren. Ihre Kunden werden zufrieden sein und jedem empfehlen, sich mit Ihrem Ger\u00e4t epilieren zu lassen.<\/p>\n<p>Dank zuverl\u00e4ssiger An\u00e4sthesie ist das Epilationsverfahren an den Ger\u00e4ten der Firma &quot;A.M.T.&quot; wird richtig gem\u00fctlich. Weitere Vorteile des Ger\u00e4ts sind seine Vielseitigkeit in der Anwendung f\u00fcr jeden Hauttyp und die Notwendigkeit weniger Eingriffe im Vergleich zu Alexandrit- und Neodym-Lasern.<\/p>\n<p>Beim Kauf eines Ger\u00e4tes bietet unser Unternehmen eine kostenlose Schulung und Unterst\u00fctzung eines Spezialisten in allen Fragen rund um die Arbeit mit dem Ger\u00e4t an. Das Studium umfasst einen theoretischen und einen praktischen Teil mit Erprobung an Modellen. Am Ende der Schulung stellt Ihnen das Unternehmen ein europ\u00e4isches Diplom aus und bietet Ihnen st\u00e4ndige beratende Unterst\u00fctzung durch einen Spezialisten bei der Arbeit mit dem Ger\u00e4t.<\/p>\n<table style=\"border-collapse: collapse; width: 100%;\">\n<tbody>\n<tr>\n<td style=\"width: 50%; vertical-align: middle;\"><img decoding=\"async\" class=\"aligncenter\" src=\"\/wp-content\/uploads\/2021\/11\/808CUTE7-1.jpg\" \/><\/td>\n<td style=\"width: 50%; vertical-align: middle;\">\n<h3>Vorteile<\/h3>\n<ol>\n<li>Nimmt wenig Platz in der Kabine ein<\/li>\n<li>Sender mit Makrokanal<\/li>\n<li>Schlauchhalter \u2013 f\u00fcr den Komfort des Meisters<\/li>\n<\/ol>\n<\/td>\n<\/tr>\n<tr class=\"mobile-reverse\">\n<td style=\"width: 50%; vertical-align: middle;\">\n<h3>Prinzip der Behandlung<\/h3>\n<p>Die effektive Eindringtiefe des 808-nm-Diodenlasers kann das Zielgewebe der Hautpapille erreichen. Bei entsprechender Pulsdauer reicht die thermische Sch\u00e4digung des Ziels aus und das umliegende Gewebe bleibt nahezu unber\u00fchrt. Sorgen Sie f\u00fcr eine ausreichende Energieabgabe, um das Zielgewebe zu sch\u00e4digen, und normales Gewebe wird praktisch nicht beeintr\u00e4chtigt. Hautschutzma\u00dfnahmen sorgen f\u00fcr eine ausreichende Sch\u00e4digung des Zielgewebes. Um die Sicherheit der Behandlung zu gew\u00e4hrleisten. Im Modus mit niedriger Energiedichte wurden die Haarfollikel auf bis zu 75 \u00b0C erhitzt und den Haarfollikeln und Wachstumsstammzellen wurde durch die gleitende Pflege der Hand und Haarfollikel das Wachstum entzogen. (Bedingung 10 Hz).<\/p>\n<\/td>\n<td style=\"width: 50%; vertical-align: middle;\"><img decoding=\"async\" class=\"aligncenter\" src=\"\/wp-content\/uploads\/2021\/11\/808CUTE2-1.jpg\" \/><\/td>\n<\/tr>\n<tr class=\"mobile-reverse\">\n<td style=\"width: 50%; vertical-align: middle;\">\n<h3>Anwendung<\/h3>\n<ul style=\"list-style-type: square;\">\n<li>Beine<\/li>\n<li>Achseln<\/li>\n<li>Lippen<\/li>\n<li>Waffen<\/li>\n<li>Bikini<\/li>\n<li>Bart<\/li>\n<\/ul>\n<\/td>\n<td style=\"width: 50%; vertical-align: middle;\"><img decoding=\"async\" class=\"aligncenter\" src=\"\/wp-content\/uploads\/2021\/11\/808CUTE4-1.jpg\" \/><\/td>\n<\/tr>\n<tr>\n<td style=\"width: 50%; vertical-align: middle;\"><img decoding=\"async\" class=\"aligncenter\" src=\"\/wp-content\/uploads\/2021\/11\/808CUTE3-1.jpg\" \/><\/td>\n<td style=\"width: 50%; vertical-align: middle;\">\n<h3>808 Diodenlaser-Haarentfernungsger\u00e4te<\/h3>\n<p>Leistungsstarke Upgrades sind sicherer, schneller, schmerzfrei und effektiv, dies ist Ihr bevorzugtes Haarentfernungsger\u00e4t.<\/p>\n<\/td>\n<\/tr>\n<tr class=\"mobile-reverse\">\n<td style=\"width: 50%; vertical-align: middle;\">\n<h3>Einzelheiten<\/h3>\n<ul style=\"list-style-type: square;\">\n<li>Ber\u00fchrungssensitiver Bildschirm<\/li>\n<li>HF-05 Griff (Bearbeitungsgriff)<\/li>\n<li>Lokalisierter Behandlungskopf<\/li>\n<\/ul>\n<\/td>\n<td style=\"width: 50%; vertical-align: middle;\">\n<p><img decoding=\"async\" class=\"aligncenter\" src=\"\/wp-content\/uploads\/2022\/05\/L-1200-2-excerpt.jpg\" \/><\/p>\n<\/td>\n<\/tr>\n<tr>\n<td style=\"width: 50%; vertical-align: middle;\"><img decoding=\"async\" class=\"aligncenter\" src=\"\/wp-content\/uploads\/2021\/11\/808CUTE6-2.jpg\" \/><\/td>\n<td style=\"width: 50%; vertical-align: middle;\">\n<h3>Gro\u00dfer Punktstift<\/h3>\n<p>Der 12 mm * 23 mm Punktgriff kann Festpunktgleiten ausf\u00fchren und kleine Teile mit hoher Entfernungsgeschwindigkeit handhaben.<\/p>\n<ul style=\"list-style-type: square;\">\n<li>Sicher<\/li>\n<li>Wirksam<\/li>\n<li>Schnell<\/li>\n<\/ul>\n<\/td>\n<\/tr>\n<\/tbody>\n<\/table>","protected":false},"excerpt":{"rendered":"<p>Mit diesem Ger\u00e4t wird die Haarentfernung Ihrer Kunden bequem, schnell und effizient! Diodenlaser <strong>L-1200-3<\/strong> hat viele Vorteile und wird zu Ihrem unverzichtbaren Helfer bei Ihrer Arbeit.<\/p>","protected":false},"featured_media":2364,"comment_status":"open","ping_status":"closed","template":"","meta":{"site-sidebar-layout":"default","site-content-layout":"default","ast-main-header-display":"","ast-hfb-above-header-display":"","ast-hfb-below-header-display":"","ast-hfb-mobile-header-display":"","site-post-title":"","ast-breadcrumbs-content":"","ast-featured-img":"","footer-sml-layout":"","theme-transparent-header-meta":"","adv-header-id-meta":"","stick-header-meta":"","header-above-stick-meta":"","header-main-stick-meta":"","header-below-stick-meta":""},"product_cat":[36,46],"product_tag":[],"yoast_head":"<!-- This site is optimized with the Yoast SEO Premium plugin v15.6.2 - https:\/\/yoast.com\/wordpress\/plugins\/seo\/ -->\n<title>L-1200-3 - \u042d\u0441\u0442\u0435\u0442\u0438\u0447\u0435\u0441\u043a\u0438\u0435 \u041c\u0435\u0434\u0438\u0446\u0438\u043d\u0441\u043a\u0438\u0435 \u0422\u0435\u0445\u043d\u043e\u043b\u043e\u0433\u0438\u0438 - Aesthetic Medical Technology<\/title>\n<meta name=\"robots\" content=\"index, follow, max-snippet:-1, max-image-preview:large, max-video-preview:-1\" \/>\n<link rel=\"canonical\" href=\"https:\/\/amt.eu.com\/de\/produkt\/l-1200-3\/\" \/>\n<meta property=\"og:locale\" content=\"de_DE\" \/>\n<meta property=\"og:type\" content=\"article\" \/>\n<meta property=\"og:title\" content=\"L-1200-3 - \u042d\u0441\u0442\u0435\u0442\u0438\u0447\u0435\u0441\u043a\u0438\u0435 \u041c\u0435\u0434\u0438\u0446\u0438\u043d\u0441\u043a\u0438\u0435 \u0422\u0435\u0445\u043d\u043e\u043b\u043e\u0433\u0438\u0438 - Aesthetic Medical Technology\" \/>\n<meta property=\"og:description\" content=\"\u0421 \u044d\u0442\u0438\u043c \u0430\u043f\u043f\u0430\u0440\u0430\u0442\u043e\u043c \u0443\u0434\u0430\u043b\u0435\u043d\u0438\u0435 \u0432\u043e\u043b\u043e\u0441 \u0443 \u0432\u0430\u0448\u0438\u0445 \u043a\u043b\u0438\u0435\u043d\u0442\u043e\u0432 \u0431\u0443\u0434\u0435\u0442 \u043a\u043e\u043c\u0444\u043e\u0440\u0442\u043d\u044b\u043c, \u0431\u044b\u0441\u0442\u0440\u044b\u043c \u0438 \u044d\u0444\u0444\u0435\u043a\u0442\u0438\u0432\u043d\u044b\u043c! \u0414\u0438\u043e\u0434\u043d\u044b\u0439 \u043b\u0430\u0437\u0435\u0440 L-1200-3 \u0438\u043c\u0435\u0435\u0442 \u043c\u0430\u0441\u0441\u0443 \u043f\u0440\u0435\u0438\u043c\u0443\u0449\u0435\u0441\u0442\u0432 \u0438 \u0441\u0442\u0430\u043d\u0435\u0442 \u0432\u0430\u043c \u043d\u0435\u0437\u0430\u043c\u0435\u043d\u0438\u043c\u044b\u043c \u043f\u043e\u043c\u043e\u0449\u043d\u0438\u043a\u043e\u043c \u0432 \u0440\u0430\u0431\u043e\u0442\u0435.\" \/>\n<meta property=\"og:url\" content=\"https:\/\/amt.eu.com\/de\/produkt\/l-1200-3\/\" \/>\n<meta property=\"og:site_name\" content=\"\u042d\u0441\u0442\u0435\u0442\u0438\u0447\u0435\u0441\u043a\u0438\u0435 \u041c\u0435\u0434\u0438\u0446\u0438\u043d\u0441\u043a\u0438\u0435 \u0422\u0435\u0445\u043d\u043e\u043b\u043e\u0433\u0438\u0438 - Aesthetic Medical Technology\" \/>\n<meta property=\"article:modified_time\" content=\"2022-08-28T08:26:15+00:00\" \/>\n<meta property=\"og:image\" content=\"https:\/\/amt.eu.com\/wp-content\/uploads\/2022\/02\/L-1200-3-1.jpg\" \/>\n\t<meta property=\"og:image:width\" content=\"2362\" \/>\n\t<meta property=\"og:image:height\" content=\"2362\" \/>\n<meta name=\"twitter:card\" content=\"summary_large_image\" \/>\n<meta name=\"twitter:label1\" content=\"Gesch\u00e4tzte Lesezeit\">\n\t<meta name=\"twitter:data1\" content=\"6 Minuten\">\n<script type=\"application\/ld+json\" class=\"yoast-schema-graph\">{\"@context\":\"https:\/\/schema.org\",\"@graph\":[{\"@type\":\"WebSite\",\"@id\":\"https:\/\/amt.eu.com\/#website\",\"url\":\"https:\/\/amt.eu.com\/\",\"name\":\"\\u042d\\u0441\\u0442\\u0435\\u0442\\u0438\\u0447\\u0435\\u0441\\u043a\\u0438\\u0435 \\u041c\\u0435\\u0434\\u0438\\u0446\\u0438\\u043d\\u0441\\u043a\\u0438\\u0435 \\u0422\\u0435\\u0445\\u043d\\u043e\\u043b\\u043e\\u0433\\u0438\\u0438 - Aesthetic Medical Technology\",\"description\":\"\\u041c\\u0435\\u0434\\u0438\\u0446\\u0438\\u043d\\u0441\\u043a\\u0438\\u0435 \\u0442\\u0435\\u0445\\u043d\\u043e\\u043b\\u043e\\u0433\\u0438\\u0438 \\u0438 \\u043f\\u0440\\u043e\\u0446\\u0435\\u0434\\u0443\\u0440\\u044b\",\"potentialAction\":[{\"@type\":\"SearchAction\",\"target\":\"https:\/\/amt.eu.com\/?s={search_term_string}\",\"query-input\":\"required name=search_term_string\"}],\"inLanguage\":\"de-DE\"},{\"@type\":\"ImageObject\",\"@id\":\"https:\/\/amt.eu.com\/product\/l-1200-3\/#primaryimage\",\"inLanguage\":\"de-DE\",\"url\":\"https:\/\/amt.eu.com\/wp-content\/uploads\/2022\/02\/L-1200-3-1.jpg\",\"width\":2362,\"height\":2362},{\"@type\":\"WebPage\",\"@id\":\"https:\/\/amt.eu.com\/product\/l-1200-3\/#webpage\",\"url\":\"https:\/\/amt.eu.com\/product\/l-1200-3\/\",\"name\":\"L-1200-3 - \\u042d\\u0441\\u0442\\u0435\\u0442\\u0438\\u0447\\u0435\\u0441\\u043a\\u0438\\u0435 \\u041c\\u0435\\u0434\\u0438\\u0446\\u0438\\u043d\\u0441\\u043a\\u0438\\u0435 \\u0422\\u0435\\u0445\\u043d\\u043e\\u043b\\u043e\\u0433\\u0438\\u0438 - Aesthetic Medical Technology\",\"isPartOf\":{\"@id\":\"https:\/\/amt.eu.com\/#website\"},\"primaryImageOfPage\":{\"@id\":\"https:\/\/amt.eu.com\/product\/l-1200-3\/#primaryimage\"},\"datePublished\":\"2022-02-23T18:14:08+00:00\",\"dateModified\":\"2022-08-28T08:26:15+00:00\",\"breadcrumb\":{\"@id\":\"https:\/\/amt.eu.com\/product\/l-1200-3\/#breadcrumb\"},\"inLanguage\":\"de-DE\",\"potentialAction\":[{\"@type\":\"ReadAction\",\"target\":[\"https:\/\/amt.eu.com\/product\/l-1200-3\/\"]}]},{\"@type\":\"BreadcrumbList\",\"@id\":\"https:\/\/amt.eu.com\/product\/l-1200-3\/#breadcrumb\",\"itemListElement\":[{\"@type\":\"ListItem\",\"position\":1,\"item\":{\"@type\":\"WebPage\",\"@id\":\"https:\/\/amt.eu.com\/\",\"url\":\"https:\/\/amt.eu.com\/\",\"name\":\"\"}},{\"@type\":\"ListItem\",\"position\":2,\"item\":{\"@type\":\"WebPage\",\"@id\":\"https:\/\/amt.eu.com\/shop\/\",\"url\":\"https:\/\/amt.eu.com\/shop\/\",\"name\":\"\\u041c\\u0430\\u0433\\u0430\\u0437\\u0438\\u043d\"}},{\"@type\":\"ListItem\",\"position\":3,\"item\":{\"@type\":\"WebPage\",\"@id\":\"https:\/\/amt.eu.com\/product\/l-1200-3\/\",\"url\":\"https:\/\/amt.eu.com\/product\/l-1200-3\/\",\"name\":\"L-1200-3\"}}]}]}<\/script>\n<!-- \/ Yoast SEO Premium plugin. -->","_links":{"self":[{"href":"https:\/\/amt.eu.com\/de\/wp-json\/wp\/v2\/product\/2362"}],"collection":[{"href":"https:\/\/amt.eu.com\/de\/wp-json\/wp\/v2\/product"}],"about":[{"href":"https:\/\/amt.eu.com\/de\/wp-json\/wp\/v2\/types\/product"}],"replies":[{"embeddable":true,"href":"https:\/\/amt.eu.com\/de\/wp-json\/wp\/v2\/comments?post=2362"}],"wp:featuredmedia":[{"embeddable":true,"href":"https:\/\/amt.eu.com\/de\/wp-json\/wp\/v2\/media\/2364"}],"wp:attachment":[{"href":"https:\/\/amt.eu.com\/de\/wp-json\/wp\/v2\/media?parent=2362"}],"wp:term":[{"taxonomy":"product_cat","embeddable":true,"href":"https:\/\/amt.eu.com\/de\/wp-json\/wp\/v2\/product_cat?post=2362"},{"taxonomy":"product_tag","embeddable":true,"href":"https:\/\/amt.eu.com\/de\/wp-json\/wp\/v2\/product_tag?post=2362"}],"curies":[{"name":"wp","href":"https:\/\/api.w.org\/{rel}","templated":true}]}}