{"id":2372,"date":"2022-02-23T21:20:22","date_gmt":"2022-02-23T18:20:22","guid":{"rendered":"https:\/\/amt.eu.com\/?post_type=product&#038;p=2372"},"modified":"2022-10-22T14:15:42","modified_gmt":"2022-10-22T11:15:42","slug":"amt-rf","status":"publish","type":"product","link":"https:\/\/amt.eu.com\/de\/produkt\/amt-rf\/","title":{"rendered":"AMT-RF"},"content":{"rendered":"<h3>Die AMT-RF 448 kHz Frequenztechnologie ist ein einzigartiges innovatives Verfahren f\u00fcr Ihre Kunden und eine gro\u00dfartige Werbung f\u00fcr Ihren Salon!<\/h3>\n<table style=\"border-collapse: collapse; width: 100%;\">\n<tbody>\n<tr>\n<td style=\"width: 50%;\"><img decoding=\"async\" class=\"aligncenter\" src=\"\/wp-content\/uploads\/2022\/10\/AMT-RF.jpg\" \/><\/td>\n<td style=\"width: 50%;\"><img decoding=\"async\" class=\"aligncenter\" src=\"\/wp-content\/uploads\/2022\/10\/AMT-RF-2.jpg\" \/><\/td>\n<\/tr>\n<\/tbody>\n<\/table>\n<p><strong>Ein einzigartiges, in Europa von AMT hergestelltes Ger\u00e4t Das AMT-RF-Ger\u00e4t f\u00fchrt eine aktive Zelltherapie durch<\/strong>, wodurch der nat\u00fcrliche Heilungsprozess und die Gewebereparatur angeregt werden, ohne sie zu verletzen. Es handelt sich um eine Technologie, die mit einer einzigartigen Frequenz von 448 kHz arbeitet und die Grundlage des pro-ion-Systems bildet. Das wiederum verst\u00e4rkt die Biostimulation, aktiviert die Mikrozirkulation und sorgt f\u00fcr eine metabolische Hyperaktivierung (einschlie\u00dflich Stammzellen), w\u00e4hrend die nat\u00fcrlichen Prozesse der Zellphysiologie aufrechterhalten werden. Monopolare RF verbessert die Lymphdrainage und beschleunigt die Entfernung von Zellzerfallsprodukten und freien Radikalen.<\/p>\n<p>Das Ger\u00e4t verwendet fortschrittliche Elektrotherapietechnologien, die ein elektromagnetisches Wechselfeld erzeugen, das die freien elektrischen Ladungen beeinflusst, die in biologischen Geweben in Form von Ionen vorhanden sind. Das 448-kHz-Proionensystem ist insofern einzigartig, als es die Stimulation des Ionenaustauschs gleichzeitig auf intrazellul\u00e4rer und extrazellul\u00e4rer Ebene erm\u00f6glicht.<\/p>\n<p><strong>AMT-RF<\/strong> ist eine nicht-invasive Technik, die mithilfe von resistiven und kapazitiven Elektroden HF-Energie mit einer Frequenz von 448 kHz in unterschiedlichen Tiefen in die Haut und das subkutane Fett abgibt.<br \/>\nDiese Technik kann bei einer Vielzahl von Erkrankungen in der \u00e4sthetischen Medizin, Dermatologie, Traumatologie, Chirurgie und Gyn\u00e4kologie eingesetzt werden. Dank des AMT-RF-Ger\u00e4ts erhalten Ihre Kunden eine gro\u00dfe Auswahl an Dienstleistungen, sie k\u00f6nnen schnell den gew\u00fcnschten Effekt sehen und das gew\u00fcnschte Ergebnis erzielen.<\/p>\n<table style=\"border-collapse: collapse; width: 100%;\">\n<tbody>\n<tr>\n<td style=\"width: 25%; vertical-align: center;\"><img decoding=\"async\" class=\"aligncenter\" src=\"\/wp-content\/uploads\/2022\/10\/AMT-RF-3.jpg\" \/><\/td>\n<td style=\"width: 25%; vertical-align: center;\"><img decoding=\"async\" class=\"aligncenter\" src=\"\/wp-content\/uploads\/2022\/10\/AMT-RF-4.jpg\" \/><\/td>\n<td style=\"width: 25%; vertical-align: center;\"><img decoding=\"async\" class=\"aligncenter\" src=\"\/wp-content\/uploads\/2022\/10\/AMT-RF-5.jpg\" \/><\/td>\n<td style=\"width: 25%; vertical-align: center;\"><img decoding=\"async\" class=\"aligncenter\" src=\"\/wp-content\/uploads\/2022\/10\/AMT-RF-6.jpg\" \/><\/td>\n<\/tr>\n<\/tbody>\n<\/table>\n<p>Durch den Kauf dieses Ger\u00e4ts steigern Sie schnell das Ansehen des Salons und erh\u00f6hen ganz einfach die Rechnung. Das Leistungsspektrum, das mit Hilfe des AMT-RF-Ger\u00e4ts erbracht werden kann, ist wirklich riesig und die Kontraindikationen, f\u00fcr die dieses Verfahren nicht geeignet w\u00e4re, sehr gering. Fast jeder Kunde kann das Verfahren w\u00e4hlen, das er ben\u00f6tigt. Das Ger\u00e4t verf\u00fcgt \u00fcber eine benutzerfreundliche Oberfl\u00e4che, ein TFT-Farbdisplay, 800 x 480 Pixel, 10,4\u2033 + Touchpanel, auf dem Ihr Fachmann ganz einfach die gew\u00fcnschten Einstellungen vornehmen kann. Das Set verf\u00fcgt au\u00dferdem \u00fcber viele verschiedene D\u00fcsen mit unterschiedlichen Gr\u00f6\u00dfen, die es dem Fachmann erm\u00f6glichen, jeden Bereich zu bearbeiten. Das monopolare Ger\u00e4t AMT-RF mit einer Frequenz von 448 kHz ist minimalinvasiv und nach den Eingriffen kann der Kunde problemlos zu seinem Gesch\u00e4ft zur\u00fcckkehren, ohne Rehabilitations- oder saisonale Einschr\u00e4nkungen. Daher k\u00f6nnen die Kunden Ihres Salons zu jedem f\u00fcr sie passenden Zeitpunkt Eingriffe in Anspruch nehmen!<\/p>\n<ul class=\"styled_list\">\n<li><span class=\"num\">1<\/span><b>Was passiert w\u00e4hrend der Therapie mit dem AMT-RF-Ger\u00e4t?<\/b><br \/>\nW\u00e4hrend des Eingriffs wird eine leitf\u00e4hige Creme auf die Haut aufgetragen. Der Spezialist verwendet entweder eine beschichtete Elektrode namens kapazitiv, die mehr oberfl\u00e4chliche W\u00e4rme erzeugt, oder eine resistive Metallelektrode, die tiefere W\u00e4rme erzeugt und auf tieferes Gewebe abzielt. Begleitet wird diese Behandlungsmethode von einer angenehmen W\u00e4rme, die keine Reizungen oder R\u00f6tungen der Haut verursacht. Es gibt keine Rehabilitationsphase, nach dem Eingriff kann der Patient zu seinen gewohnten Aktivit\u00e4ten zur\u00fcckkehren.<\/li>\n<li><span class=\"num\">2<\/span><b>Kann eine 448-kHz-Behandlung Schmerzen lindern?<\/b><br \/>\n<img decoding=\"async\" style=\"float: left; width: 250px;\" src=\"\/wp-content\/uploads\/2022\/10\/AMT-RF-7.jpg\" \/>Bereits nach einer kleinen komplexen Behandlung am Ger\u00e4t werden die Schmerzen bei Arthrose deutlich reduziert, nach der Therapie k\u00f6nnen die Menschen ihre Aktivit\u00e4t steigern. Die Therapie kann Schmerzen im unteren R\u00fccken deutlich reduzieren, Kr\u00e4ftigungs\u00fcbungen erm\u00f6glichen und die Bewegung verbessern. Bei Beckenschmerzen berichten die Patienten von einer Schmerzlinderung innerhalb weniger Wochen zwischen den Behandlungen. Postoperative Schmerzen und Schwellungen sind nach dem ersten Eingriff wirksamer.<\/li>\n<li><span class=\"num\">3<\/span><b>Wie lange h\u00e4lt die Wirkung nach einem Behandlungszyklus am AMT-RF-Ger\u00e4t an?<\/b><br \/>\nDie Wirkung kann je nach Art des Eingriffs lange anhalten. Oft h\u00e4lt das Ergebnis nach mehreren Behandlungen l\u00e4nger an. Menschen mit chronischen Osteoarthritis-Schmerzen berichten, dass die Wirkung bis zu 3 Monate anh\u00e4lt. Nach \u00e4sthetischen Anti-Aging-Eingriffen kann die Wirkung bis zu mehreren Monaten anhalten.<\/li>\n<li><span class=\"num\">4<\/span><b>Gibt es Nebenwirkungen bei dieser Therapie?<\/b><br \/>\nEs gibt keine Nebenwirkungen, die Therapie an unserem Ger\u00e4t ist unbedenklich f\u00fcr Ihre Haut und den gesamten K\u00f6rper. Dies ist eine sehr angenehme und gut w\u00e4rmende Technik, die sofort ein heilendes und verj\u00fcngendes Ergebnis bringt! Bei sehr empfindlicher Haut oder bei sehr hohen Temperaturen kann es jedoch aufgrund der Gef\u00e4\u00dferweiterung und verbesserten Durchblutung zu leichten R\u00f6tungen kommen. Diese R\u00f6tung l\u00e4sst nach ein paar Stunden schnell nach.<\/li>\n<li><span class=\"num\">5<\/span><b>Kann der Klient unmittelbar nach dem Eingriff Sport treiben?<\/b><br \/>\nWenn w\u00e4hrend des Eingriffs hohe Temperaturen an der betroffenen Stelle angewendet werden, sollte der Kunde an diesem Tag jede \u00fcberm\u00e4\u00dfige Anstrengung vermeiden. Der Bereich sollte in Ruhe sein, ohne starke k\u00f6rperliche Anstrengung.<\/li>\n<li><span class=\"num\">6<\/span><b>Wie viele Verfahren sind erforderlich?<\/b><br \/>\nDie Anzahl der Eingriffe h\u00e4ngt von der Art der Behandlung ab. Unter normalen Umst\u00e4nden erfordern chronische Erkrankungen mehr Behandlungen als Exazerbationen. Es kann 2-3 Behandlungen oder mehr dauern. Dieser wird nach einem pers\u00f6nlichen Gespr\u00e4ch mit dem Kunden und dem zu l\u00f6senden Problem von einem Spezialisten ernannt.<\/li>\n<\/ul>\n<p>Es ist m\u00f6glich, eine Erhaltungsbehandlung zu erhalten, um die Ergebnisse zu verl\u00e4ngern, wenn chronische Probleme bestehen oder wenn Ihr Kunde die Wirkung der Behandlung verl\u00e4ngern m\u00f6chte. Im Anfangsstadium der Erkrankung k\u00f6nnen h\u00e4ufig Eingriffe durchgef\u00fchrt werden. In den meisten F\u00e4llen 1-3 Behandlungen pro Woche. F\u00fcr Profisportler kann das Verfahren zweimal t\u00e4glich verschrieben werden! F\u00fcr Eingriffe im Bereich der \u00e4sthetischen Medizin gilt jedoch eine etwas andere Herangehensweise.<\/p>\n<ul class=\"styled_list\">\n<li><span class=\"num\">7<\/span>Die wichtigsten Kontraindikationen f\u00fcr die Therapie sind nicht signifikant.\n<ul>\n<li>Herzschrittmacher oder andere elektronische Implantate<\/li>\n<li>Schwangerschaft<\/li>\n<li>Thrombophlebitis (einschlie\u00dflich tiefer Venenthrombose)<\/li>\n<li>Hautsch\u00e4den (offene Wunden oder k\u00fcrzliche Verbrennungen) nach Ermessen des Spezialisten<\/li>\n<li>Das Vorhandensein von gutartigen oder b\u00f6sartigen Tumoren beim Patienten.<\/li>\n<\/ul>\n<\/li>\n<\/ul>\n<div class=\"image-content\" style=\"box-shadow: none;\">\n<div class=\"item\">\n<div class=\"img\" style=\"background-image: url('\/wp-content\/uploads\/2022\/05\/AMT-RF-chastota.jpg'); width: 50%;\">\u00a0<\/div>\n<div class=\"description\" style=\"background: none; width: 50%;\">\n<h3>Einzigartige Frequenz 448 kHz<\/h3>\n<p>Als Ergebnis der Zusammenarbeit mit renommierten Universit\u00e4ten, Kliniken und Forschungszentren auf der ganzen Welt sind mehr als 300 Hinweise auf AMT - RF in der wissenschaftlichen Literatur erschienen, Dutzende Artikel in wissenschaftlichen Zeitschriften, Abschlussarbeiten und Doktorarbeiten wurden verfasst, die die Wirksamkeit belegen Sicherheit der AMT-RF-Technologie.<\/p>\n<p>Die Daten zahlreicher Studien haben gezeigt, dass die Verwendung einer Frequenz von 448 kHz drei Effekte liefert: subthermal (Biostimulation), thermisch (Vaskularisierung) und hyperthermal (Hyperaktivierung). Durch diese drei Effekte wird die Geweberegeneration beschleunigt, die Zellern\u00e4hrung verbessert und die Kollagen- und Elastinsynthese angeregt.<\/p>\n<\/div>\n<\/div>\n<\/div>\n<p>&nbsp;<\/p>\n<h3>AMT-Anwendung - RF<\/h3>\n<p><img decoding=\"async\" class=\"aligncenter\" src=\"\/wp-content\/uploads\/2022\/05\/AMT-RF-Applying.jpg\" \/><\/p>\n<table style=\"border-collapse: collapse; width: 100%;\">\n<tbody>\n<tr>\n<td style=\"width: 50%;\">\n<h4>Kosmetologie<\/h4>\n<ul>\n<li>Hautverj\u00fcngung, Wiederherstellung der Elastizit\u00e4t;<\/li>\n<li>K\u00f6rperformung, Cellulite-Behandlung;<br \/>\nBeschleunigung der Geweberegeneration nach aggressiven<br \/>\nVerfahren;<\/li>\n<li>Vorbereitung auf aggressive Verfahren;<br \/>\nteilen mit beliebt<br \/>\nkosmetische Eingriffe zu erh\u00f6hen<br \/>\nEffizienz;<\/li>\n<li>beschleunigte Genesung von Patienten - Verringerung von Bluterg\u00fcssen, Schwellungen, Hyper\u00e4mie.<\/li>\n<\/ul>\n<\/td>\n<td style=\"width: 50%;\">\n<h4>Plastische Chirurgie<\/h4>\n<ul>\n<li>Beschleunigung der Gewebeheilung, Reduktion<br \/>\nRehabilitation;<\/li>\n<li>Verringerung von Schmerzen und Beschwerden;<\/li>\n<li>Reduzierung von Bluterg\u00fcssen, \u00d6demen in der postoperativen Phase;<\/li>\n<li>Reduzierung postoperativer Narben;<\/li>\n<li>verbesserte Ergebnisse von Fettabsaugungen und Operationen<br \/>\nLiposkulptur;<\/li>\n<li>Reduzierung der Fibrosebildung in postoperativen Bereichen.<\/li>\n<\/ul>\n<\/td>\n<\/tr>\n<tr>\n<td style=\"width: 50%;\">\n<h4>Dermatologie<\/h4>\n<ul>\n<li>Behandlung von Seborrhoe, Akne, Verringerung von Entz\u00fcndungen;<\/li>\n<li>kombinierte Anwendung mit Mikrodermabrasion,<br \/>\nPRP, Mesotherapie, Konturierung, Botulinumtoxin-Injektionen;<\/li>\n<li>Behandlung von Verbrennungen und Wunden;<\/li>\n<li>Behandlung von Narben, roten und wei\u00dfen Dehnungsstreifen.<\/li>\n<\/ul>\n<\/td>\n<td style=\"width: 50%;\">\n<h4>Gyn\u00e4kologie<\/h4>\n<ul>\n<li>Beschleunigung der Gewebeheilung, Reduktion<br \/>\nRehabilitation;<\/li>\n<li>Verringerung von Schmerzen und Beschwerden;<\/li>\n<li>verbesserter Muskeltonus und Vaskularisierung<br \/>\nVaginalschleimhaut;<\/li>\n<li>Normalisierung der sekretorischen Funktion der Schleimhaut.<\/li>\n<\/ul>\n<\/td>\n<\/tr>\n<tr>\n<td style=\"width: 50%;\">\n<h4>Haarbehandlung<\/h4>\n<ul>\n<li>Anregung der Durchblutung der Kopfhaut: Kr\u00e4ftigung der Haare und Reduzierung von Haarausfall in Kombination mit PRP;<\/li>\n<li>Teilen mit Methoden<br \/>\nHaartransplantation.<\/li>\n<\/ul>\n<\/td>\n<td style=\"width: 50%;\">\n<h4>Schmerzreduktion<\/h4>\n<ul>\n<li>Genesung und Schmerzlinderung<br \/>\naggressive Eingriffe, Verletzungen, Verbrennungen, chirurgische Eingriffe;<\/li>\n<li>Behandlung chronischer Schmerzen und Linderung von Entz\u00fcndungen.<\/li>\n<\/ul>\n<\/td>\n<\/tr>\n<\/tbody>\n<\/table>\n<p>&nbsp;<\/p>\n<h3>Nach dem Kauf des AMT-RF-Ger\u00e4ts schult unser Unternehmen Sie und Ihre Kosmetikerinnen:<\/h3>\n<ul class=\"styled_list\">\n<li><span class=\"num\">1<\/span>Wie man mit einem 448-kHz-Ger\u00e4t arbeitet und seinen Betrieb \u00fcberwacht.<\/li>\n<li><span class=\"num\">2<\/span>Wir sagen Ihnen, wie Sie den Kunden kompetent durch den gesamten Behandlungs- oder Verj\u00fcngungsprozess f\u00fchren k\u00f6nnen.<\/li>\n<li><span class=\"num\">3<\/span>Wir l\u00fcften viele Geheimnisse \u00fcber die kompetente Kombination verschiedener Hardware-Arbeitsmethoden im Kampf gegen Falten, schlaffe Haut und Cellulite.<\/li>\n<li><span class=\"num\">4<\/span>Sie erfahren, was das Ergebnis bei der L\u00f6sung von Problemen im Zusammenhang mit Cellulite und der Auswahl des richtigen Rezepts f\u00fcr ihre Beseitigung bestimmt.<\/li>\n<li><span class=\"num\">5<\/span>Wir werden Ihnen beibringen, das Funktionsprinzip des einzigartigen monopolaren Ger\u00e4ts AMT-RF mit einer Frequenz von 448 kHz zu verstehen, was seine Einzigartigkeit ist.<\/li>\n<li><span class=\"num\">6<\/span>Sie werden herausfinden, warum viele Ger\u00e4te nicht effektiv arbeiten, nicht das gew\u00fcnschte Ergebnis bringen und was der Fehler der Salons ist, die ein solches Ger\u00e4t gekauft haben.<\/li>\n<li><span class=\"num\">7<\/span>Wir bringen Ihnen bei, wie Sie die erforderlichen Parameter zur L\u00f6sung eines bestimmten Kundenproblems richtig diagnostizieren und ausw\u00e4hlen.<\/li>\n<li><span class=\"num\">8<\/span>Wir stellen die notwendigen Arbeitsprotokolle und am Ende des Kurses ein europ\u00e4isches Diplom aus.<\/li>\n<\/ul>\n<h3>Komponente<\/h3>\n<p><img decoding=\"async\" src=\"\/wp-content\/uploads\/2022\/05\/AMT-RF-Tools.jpg\" \/><\/p>\n<p>&nbsp;<\/p>\n<h3>Ergebnisse<\/h3>\n<p><img decoding=\"async\" src=\"\/wp-content\/uploads\/2022\/05\/amt-rf-results.jpg\" \/><\/p>","protected":false},"excerpt":{"rendered":"<p>AMT-RF ist ein einzigartiges monopolares HF-System, das mit einer Frequenz von 448 kHz arbeitet und neben der Erw\u00e4rmung eine Reihe von biomodulierenden Effekten im Gewebe hervorruft.<br \/>\nDiese Wirkungen umfassen die Aktivierung der Zellproliferation, eine verringerte Entz\u00fcndungsreaktion, einen erh\u00f6hten Zellstoffwechsel, eine erh\u00f6hte Durchblutung und Sauerstoffversorgung des Gewebes. Die Wirkung von AMT-RF f\u00f6rdert die Synthese von Kollagen und anderen Bestandteilen der Gewebematrix, verbessert die Lymphdrainage und beschleunigt die Ausscheidung von Stoffwechselprodukten.<\/p>","protected":false},"featured_media":2374,"comment_status":"open","ping_status":"closed","template":"","meta":{"site-sidebar-layout":"default","site-content-layout":"default","ast-main-header-display":"","ast-hfb-above-header-display":"","ast-hfb-below-header-display":"","ast-hfb-mobile-header-display":"","site-post-title":"","ast-breadcrumbs-content":"","ast-featured-img":"","footer-sml-layout":"","theme-transparent-header-meta":"","adv-header-id-meta":"","stick-header-meta":"","header-above-stick-meta":"","header-main-stick-meta":"","header-below-stick-meta":""},"product_cat":[36,46],"product_tag":[],"yoast_head":"<!-- This site is optimized with the Yoast SEO Premium plugin v15.6.2 - https:\/\/yoast.com\/wordpress\/plugins\/seo\/ -->\n<title>AMT - RF - \u042d\u0441\u0442\u0435\u0442\u0438\u0447\u0435\u0441\u043a\u0438\u0435 \u041c\u0435\u0434\u0438\u0446\u0438\u043d\u0441\u043a\u0438\u0435 \u0422\u0435\u0445\u043d\u043e\u043b\u043e\u0433\u0438\u0438 - Aesthetic Medical Technology<\/title>\n<meta name=\"robots\" content=\"index, follow, max-snippet:-1, max-image-preview:large, max-video-preview:-1\" \/>\n<link rel=\"canonical\" href=\"https:\/\/amt.eu.com\/de\/produkt\/amt-rf\/\" \/>\n<meta property=\"og:locale\" content=\"de_DE\" \/>\n<meta property=\"og:type\" content=\"article\" \/>\n<meta property=\"og:title\" content=\"AMT - RF - \u042d\u0441\u0442\u0435\u0442\u0438\u0447\u0435\u0441\u043a\u0438\u0435 \u041c\u0435\u0434\u0438\u0446\u0438\u043d\u0441\u043a\u0438\u0435 \u0422\u0435\u0445\u043d\u043e\u043b\u043e\u0433\u0438\u0438 - Aesthetic Medical Technology\" \/>\n<meta property=\"og:description\" content=\"AMT-RF \u2013 \u044d\u0442\u043e \u0443\u043d\u0438\u043a\u0430\u043b\u044c\u043d\u0430\u044f \u043c\u043e\u043d\u043e\u043f\u043e\u043b\u044f\u0440\u043d\u0430\u044f RF-\u0441\u0438\u0441\u0442\u0435\u043c\u0430, \u043a\u043e\u0442\u043e\u0440\u0430\u044f \u0440\u0430\u0431\u043e\u0442\u0430\u0435\u0442 \u043d\u0430 \u0447\u0430\u0441\u0442\u043e\u0442\u0435 448 \u043a\u0413\u0446 \u0438, \u043f\u043e\u043c\u0438\u043c\u043e \u043d\u0430\u0433\u0440\u0435\u0432\u0430, \u0432\u044b\u0437\u044b\u0432\u0430\u0435\u0442 \u0432 \u0442\u043a\u0430\u043d\u044f\u0445 \u0440\u044f\u0434 \u0431\u0438\u043e\u043c\u043e\u0434\u0443\u043b\u0438\u0440\u0443\u044e\u0449\u0438\u0445 \u044d\u0444\u0444\u0435\u043a\u0442\u043e\u0432. \u042d\u0442\u0438 \u044d\u0444\u0444\u0435\u043a\u0442\u044b \u0432\u043a\u043b\u044e\u0447\u0430\u044e\u0442 \u0432 \u0441\u0435\u0431\u044f \u0430\u043a\u0442\u0438\u0432\u0430\u0446\u0438\u044e \u043a\u043b\u0435\u0442\u043e\u0447\u043d\u043e\u0439 \u043f\u0440\u043e\u043b\u0438\u0444\u0435\u0440\u0430\u0446\u0438\u0438, \u0441\u043d\u0438\u0436\u0435\u043d\u0438\u0435 \u0432\u043e\u0441\u043f\u0430\u043b\u0438\u0442\u0435\u043b\u044c\u043d\u043e\u0439 \u0440\u0435\u0430\u043a\u0446\u0438\u0438, \u0443\u0441\u0438\u043b\u0435\u043d\u0438\u0435 \u043a\u043b\u0435\u0442\u043e\u0447\u043d\u043e\u0433\u043e \u043c\u0435\u0442\u0430\u0431\u043e\u043b\u0438\u0437\u043c\u0430, \u0443\u0432\u0435\u043b\u0438\u0447\u0435\u043d\u0438\u0435 \u043a\u0440\u043e\u0432\u043e\u0442\u043e\u043a\u0430 \u0438 \u043e\u043a\u0441\u0438\u0433\u0435\u043d\u0430\u0446\u0438\u0438 \u0442\u043a\u0430\u043d\u0435\u0439. \u0412\u043e\u0437\u0434\u0435\u0439\u0441\u0442\u0432\u0438\u0435 AMT-RF \u0441\u043f\u043e\u0441\u043e\u0431\u0441\u0442\u0432\u0443\u0435\u0442 \u0441\u0438\u043d\u0442\u0435\u0437\u0443 \u043a\u043e\u043b\u043b\u0430\u0433\u0435\u043d\u0430 \u0438 \u0434\u0440\u0443\u0433\u0438\u0445 \u043a\u043e\u043c\u043f\u043e\u043d\u0435\u043d\u0442\u043e\u0432 \u0442\u043a\u0430\u043d\u0435\u0432\u043e\u0433\u043e \u043c\u0430\u0442\u0440\u0438\u043a\u0441\u0430, \u0443\u0441\u0438\u043b\u0438\u0432\u0430\u0435\u0442 \u043b\u0438\u043c\u0444\u043e\u0434\u0440\u0435\u043d\u0430\u0436 \u0438 \u0443\u0441\u043a\u043e\u0440\u044f\u0435\u0442 \u0432\u044b\u0432\u0435\u0434\u0435\u043d\u0438\u0435 \u043f\u0440\u043e\u0434\u0443\u043a\u0442\u043e\u0432 \u043c\u0435\u0442\u0430\u0431\u043e\u043b\u0438\u0437\u043c\u0430.\" \/>\n<meta property=\"og:url\" content=\"https:\/\/amt.eu.com\/de\/produkt\/amt-rf\/\" \/>\n<meta property=\"og:site_name\" content=\"\u042d\u0441\u0442\u0435\u0442\u0438\u0447\u0435\u0441\u043a\u0438\u0435 \u041c\u0435\u0434\u0438\u0446\u0438\u043d\u0441\u043a\u0438\u0435 \u0422\u0435\u0445\u043d\u043e\u043b\u043e\u0433\u0438\u0438 - Aesthetic Medical Technology\" \/>\n<meta property=\"article:modified_time\" content=\"2022-10-22T11:15:42+00:00\" \/>\n<meta property=\"og:image\" content=\"https:\/\/amt.eu.com\/wp-content\/uploads\/2022\/02\/amt-rf-1.jpg\" \/>\n\t<meta property=\"og:image:width\" content=\"2362\" \/>\n\t<meta property=\"og:image:height\" content=\"2362\" \/>\n<meta name=\"twitter:card\" content=\"summary_large_image\" \/>\n<meta name=\"twitter:label1\" content=\"Gesch\u00e4tzte Lesezeit\">\n\t<meta name=\"twitter:data1\" content=\"8 Minuten\">\n<script type=\"application\/ld+json\" class=\"yoast-schema-graph\">{\"@context\":\"https:\/\/schema.org\",\"@graph\":[{\"@type\":\"WebSite\",\"@id\":\"https:\/\/amt.eu.com\/#website\",\"url\":\"https:\/\/amt.eu.com\/\",\"name\":\"\\u042d\\u0441\\u0442\\u0435\\u0442\\u0438\\u0447\\u0435\\u0441\\u043a\\u0438\\u0435 \\u041c\\u0435\\u0434\\u0438\\u0446\\u0438\\u043d\\u0441\\u043a\\u0438\\u0435 \\u0422\\u0435\\u0445\\u043d\\u043e\\u043b\\u043e\\u0433\\u0438\\u0438 - Aesthetic Medical Technology\",\"description\":\"\\u041c\\u0435\\u0434\\u0438\\u0446\\u0438\\u043d\\u0441\\u043a\\u0438\\u0435 \\u0442\\u0435\\u0445\\u043d\\u043e\\u043b\\u043e\\u0433\\u0438\\u0438 \\u0438 \\u043f\\u0440\\u043e\\u0446\\u0435\\u0434\\u0443\\u0440\\u044b\",\"potentialAction\":[{\"@type\":\"SearchAction\",\"target\":\"https:\/\/amt.eu.com\/?s={search_term_string}\",\"query-input\":\"required name=search_term_string\"}],\"inLanguage\":\"de-DE\"},{\"@type\":\"ImageObject\",\"@id\":\"https:\/\/amt.eu.com\/product\/amt-rf\/#primaryimage\",\"inLanguage\":\"de-DE\",\"url\":\"https:\/\/amt.eu.com\/wp-content\/uploads\/2022\/02\/amt-rf-1.jpg\",\"width\":2362,\"height\":2362},{\"@type\":\"WebPage\",\"@id\":\"https:\/\/amt.eu.com\/product\/amt-rf\/#webpage\",\"url\":\"https:\/\/amt.eu.com\/product\/amt-rf\/\",\"name\":\"AMT - RF - \\u042d\\u0441\\u0442\\u0435\\u0442\\u0438\\u0447\\u0435\\u0441\\u043a\\u0438\\u0435 \\u041c\\u0435\\u0434\\u0438\\u0446\\u0438\\u043d\\u0441\\u043a\\u0438\\u0435 \\u0422\\u0435\\u0445\\u043d\\u043e\\u043b\\u043e\\u0433\\u0438\\u0438 - Aesthetic Medical Technology\",\"isPartOf\":{\"@id\":\"https:\/\/amt.eu.com\/#website\"},\"primaryImageOfPage\":{\"@id\":\"https:\/\/amt.eu.com\/product\/amt-rf\/#primaryimage\"},\"datePublished\":\"2022-02-23T18:20:22+00:00\",\"dateModified\":\"2022-10-22T11:15:42+00:00\",\"breadcrumb\":{\"@id\":\"https:\/\/amt.eu.com\/product\/amt-rf\/#breadcrumb\"},\"inLanguage\":\"de-DE\",\"potentialAction\":[{\"@type\":\"ReadAction\",\"target\":[\"https:\/\/amt.eu.com\/product\/amt-rf\/\"]}]},{\"@type\":\"BreadcrumbList\",\"@id\":\"https:\/\/amt.eu.com\/product\/amt-rf\/#breadcrumb\",\"itemListElement\":[{\"@type\":\"ListItem\",\"position\":1,\"item\":{\"@type\":\"WebPage\",\"@id\":\"https:\/\/amt.eu.com\/\",\"url\":\"https:\/\/amt.eu.com\/\",\"name\":\"\"}},{\"@type\":\"ListItem\",\"position\":2,\"item\":{\"@type\":\"WebPage\",\"@id\":\"https:\/\/amt.eu.com\/shop\/\",\"url\":\"https:\/\/amt.eu.com\/shop\/\",\"name\":\"\\u041c\\u0430\\u0433\\u0430\\u0437\\u0438\\u043d\"}},{\"@type\":\"ListItem\",\"position\":3,\"item\":{\"@type\":\"WebPage\",\"@id\":\"https:\/\/amt.eu.com\/product\/amt-rf\/\",\"url\":\"https:\/\/amt.eu.com\/product\/amt-rf\/\",\"name\":\"AMT &#8211; RF\"}}]}]}<\/script>\n<!-- \/ Yoast SEO Premium plugin. -->","_links":{"self":[{"href":"https:\/\/amt.eu.com\/de\/wp-json\/wp\/v2\/product\/2372"}],"collection":[{"href":"https:\/\/amt.eu.com\/de\/wp-json\/wp\/v2\/product"}],"about":[{"href":"https:\/\/amt.eu.com\/de\/wp-json\/wp\/v2\/types\/product"}],"replies":[{"embeddable":true,"href":"https:\/\/amt.eu.com\/de\/wp-json\/wp\/v2\/comments?post=2372"}],"wp:featuredmedia":[{"embeddable":true,"href":"https:\/\/amt.eu.com\/de\/wp-json\/wp\/v2\/media\/2374"}],"wp:attachment":[{"href":"https:\/\/amt.eu.com\/de\/wp-json\/wp\/v2\/media?parent=2372"}],"wp:term":[{"taxonomy":"product_cat","embeddable":true,"href":"https:\/\/amt.eu.com\/de\/wp-json\/wp\/v2\/product_cat?post=2372"},{"taxonomy":"product_tag","embeddable":true,"href":"https:\/\/amt.eu.com\/de\/wp-json\/wp\/v2\/product_tag?post=2372"}],"curies":[{"name":"wp","href":"https:\/\/api.w.org\/{rel}","templated":true}]}}