{"id":2460,"date":"2022-05-13T17:52:12","date_gmt":"2022-05-13T14:52:12","guid":{"rendered":"https:\/\/amt.eu.com\/?post_type=product&#038;p=2460"},"modified":"2022-07-27T12:36:31","modified_gmt":"2022-07-27T09:36:31","slug":"hidropeel","status":"publish","type":"product","link":"https:\/\/amt.eu.com\/de\/produkt\/hidropeel\/","title":{"rendered":"HydroPeel"},"content":{"rendered":"<ul class=\"styled_list\">\n<li><span class=\"num\">1<\/span>HidroPeel - intensives Strahlpeeling ohne Chemie<\/li>\n<li><span class=\"num\">2<\/span>Lymphdrainage-Massage<\/li>\n<li><span class=\"num\">3<\/span>Peeling<\/li>\n<li><span class=\"num\">4<\/span>Anregende Mikromassage<\/li>\n<li><span class=\"num\">5<\/span>Regelm\u00e4\u00dfige Gesichtsreinigung<\/li>\n<li><span class=\"num\">5<\/span>Intensive Gesichtsreinigung<\/li>\n<li><span class=\"num\">5<\/span>Nicht-invasive Mesotherapie.<\/li>\n<\/ul>\n<p>&nbsp;<\/p>\n<p>Eine Neuheit der beliebten europ\u00e4ischen Marke AMT ist eine gro\u00dfartige M\u00f6glichkeit, das Angebot an kosmetischen Dienstleistungen zu erweitern und sich von der Konkurrenz abzuheben.<\/p>\n<p>&nbsp;<\/p>\n<h3>Neue Technologien f\u00fcr Sch\u00f6nheit und ewige Jugend<\/h3>\n<p>Rechtzeitige Reinigung und Peeling ist der Schl\u00fcssel zu gesunder, jugendlicher Haut. Die Gas-Fl\u00fcssigkeits-Peeling-Vorrichtung l\u00f6st diese Probleme, indem sie einen gemischten Strahl aus Kochsalzl\u00f6sung und Sauerstoff unter Druck freisetzt. Wenn Gewebe mit einem Gas-Fl\u00fcssigkeitsstrahl kollidieren:<\/p>\n<ul>\n<li>tote Zellschichten werden zerst\u00f6rt und abgebl\u00e4ttert;<\/li>\n<li>Lymphfluss und lokale Durchblutung werden aktiviert;<\/li>\n<li>nat\u00fcrliche Stoffwechselprozesse werden in Gang gesetzt.<\/li>\n<\/ul>\n<p>Die HidroPeel-Technologie kombiniert intensives mechanisches Peeling und anregende Massage. Das Verfahren erfordert keine Verwendung von S\u00e4uren oder anderen Chemikalien, die die nat\u00fcrliche Barriere der Haut angreifen. Die Jet-Behandlung ist im Gegensatz zu herk\u00f6mmlichen abrasiven Peelings und Peelings nicht traumatisch. Ihre Kunden k\u00f6nnen die Pflege erhalten, die sie ben\u00f6tigen, ohne dass die Gefahr besteht, dass die Haut durch regelm\u00e4\u00dfige Reinigungen \u201ealtert\u201c.<\/p>\n<p>&nbsp;<\/p>\n<h3>Gas-Fl\u00fcssigkeits-Sch\u00e4lmaschine: Nr. 1 f\u00fcr eine umfassende Erneuerung<\/h3>\n<p>Wenn Sie die ultimative professionelle L\u00f6sung zum Peelen, Polieren und Tiefenreinigen ben\u00f6tigen, brauchen Sie nur das Original HidroPeel Gas-Fl\u00fcssigkeits-Peeling-Ger\u00e4t zu kaufen. Eine Luftstromgeschwindigkeit ab 280 m\/s garantiert ein optimales Ergebnis, unabh\u00e4ngig von der Pflegestrategie (Einzelreinigung, Kurstherapie, Kursgruppe, Regelpflege).<\/p>\n<p>Jet-Peeling, Mikromassage und andere Verfahren mit Gas-Fl\u00fcssigkeitsstrahlen haben eine komplexe Wirkung auf die Hautstruktur:<\/p>\n<ul class=\"styled_list\">\n<li><span class=\"num\">1<\/span>abgestorbene Hautzellen vollst\u00e4ndig entfernen<\/li>\n<li><span class=\"num\">2<\/span>Schleifen Sie die Oberfl\u00e4che sanft und entfernen Sie feine Falten<\/li>\n<li><span class=\"num\">3<\/span>Mitesser entfernen und Poren reinigen<\/li>\n<li><span class=\"num\">4<\/span>die Durchblutung anregen<\/li>\n<li><span class=\"num\">5<\/span>erh\u00f6hen Muskel und allgemeinen Tonus<\/li>\n<li><span class=\"num\">6<\/span>Befreien Sie sich von Klammern und entlasten Sie die Gesichtsmuskeln<\/li>\n<li><span class=\"num\">7<\/span>normalisiert den Lymphfluss<\/li>\n<li><span class=\"num\">8<\/span>Stoffwechselprozesse beschleunigen<\/li>\n<\/ul>\n<p>Das Gas-Fl\u00fcssigkeits-Peelingger\u00e4t kann so konfiguriert werden, dass es mit den oberen (Peeling und oberfl\u00e4chliche Reinigung), mittleren (Tiefenreinigung, Stimulation) und tiefen (verj\u00fcngende Mikromassage, Mesotherapie) Hautschichten arbeitet. Passen Sie das Druckniveau an und steuern Sie die Leistung mit ein paar Ber\u00fchrungen, ohne den Vorgang zu unterbrechen.<\/p>\n<p><img decoding=\"async\" src=\"\/wp-content\/uploads\/2022\/07\/laser-udaleniya-sosudov-amt.jpg\" \/><\/p>\n<p>&nbsp;<\/p>\n<h3>Mesotherapie ohne Injektionen mit HidroPeel<\/h3>\n<p>Das Ger\u00e4t wird mit einer innovativen Spr\u00fchpistole (Spray) f\u00fcr die nicht-invasive Mesotherapie geliefert. Die Druckgasd\u00fcsen werden zum idealen Kanal f\u00fcr Vitamine und Wirkstoffe f\u00fcr die Hautgesundheit. Vorteile der Mesotherapie mit einer Strahlpistole:<\/p>\n<div class=\"image-content\" style=\"box-shadow: none;\">\n<div class=\"item\">\n<div class=\"description\" style=\"background: none; width: 60%;\">\n<ul class=\"styled_list\">\n<li><span class=\"num\">1<\/span><strong>Keine Injektionen.<\/strong> Die Substanzen erreichen das Gewebe ohne Einstiche, die Haut muss nach der Behandlung nicht rehabilitiert werden.<\/li>\n<li><span class=\"num\">2<\/span><strong>Keine Beschwerden.<\/strong> Kunden beschreiben die Empfindungen der Jet-Mesotherapie als \u201eangenehme Massage\u201c, nach der sich die Haut lange frisch und vital anf\u00fchlt.<\/li>\n<li><span class=\"num\">3<\/span><strong>Einwandfreier Look direkt nach der Sitzung.<\/strong> Die Haut wird frisch und samtig, die Farbe verbessert sich und die Gesichtskonturen werden gestrafft.<\/li>\n<li><span class=\"num\">4<\/span><strong>Maximale Effizienz.<\/strong> Nicht nur die Verdaulichkeit von Drogen steht herk\u00f6mmlichen Methoden in nichts nach.<\/li>\n<\/ul>\n<\/div>\n<div class=\"img\" style=\"background-image: url('\/wp-content\/uploads\/2022\/07\/apparat-gazogidkostnogo-pilinga-amt.webp'); background-size: contain; width: 40%;\">\u00a0<\/div>\n<\/div>\n<\/div>\n<p>Die Wirkung von Mesotherapieverfahren auf HidroPeel ist bereits nach der ersten Sitzung sp\u00fcrbar. F\u00fcr den durchschnittlichen Patienten einer Kosmetikerin reicht es aus, einmal einen Kurs zu kaufen und seine Vorteile zu sp\u00fcren, um immer wieder in den Salon zur\u00fcckzukehren.<\/p>\n<p>&nbsp;<\/p>\n<h3>Eine belebende Dosis Sauerstoff f\u00fcr Problemhaut<\/h3>\n<p>Eine unzureichende Sauerstoffaufnahme ist eine der Hauptursachen f\u00fcr vorzeitiges Altern und Welken der Haut. Das Gas-Fl\u00fcssigkeits-Peeling-Ger\u00e4t f\u00fchrt dem Gewebe eine mit einem konzentrierten Sauerstoffstrahl gemischte Kochsalzl\u00f6sung zu. Der Zustrom von Frischluft wirkt sich in mehrere Richtungen gleichzeitig positiv aus:<\/p>\n<div class=\"image-content\" style=\"box-shadow: none;\">\n<div class=\"item\">\n<div class=\"img\" style=\"background-image: url('\/wp-content\/uploads\/2022\/07\/apparat-gazogidkostnogo-pilinga-amt.jpg'); background-size: contain; width: 50%;\">\u00a0<\/div>\n<div class=\"description\" style=\"background: none; width: 50%;\">\n<ul class=\"styled_list\">\n<li><span class=\"num\">1<\/span>Das Zellpeeling erfolgt sanft, ohne die Gefahr, die Haut zu sch\u00e4digen oder Reizungen hervorzurufen.<\/li>\n<li><span class=\"num\">2<\/span>Die Empf\u00e4nglichkeit der Haut f\u00fcr wohltuende Inhaltsstoffe steigt. Verwenden Sie eine Spr\u00fchpistole, um Behandlungsformulierungen direkt in tiefes Gewebe zu bringen, oder experimentieren Sie mit n\u00e4hrenden Masken nach einem Jet-Peeling.<\/li>\n<li><span class=\"num\">3<\/span>Die Haut erh\u00e4lt reinsten Sauerstoff, der direkt zu den Zellen gelangt und sich sofort auf die Gesundheit und das Wohlbefinden der Haut auswirkt.<\/li>\n<\/ul>\n<\/div>\n<\/div>\n<p>Das HidroPeel ist das beste Sauerstoffger\u00e4t zur Verj\u00fcngung und Pflege. Die Sauerstoffversorgung stimuliert die nat\u00fcrlichen Prozesse der Haut und macht sie aufnahmef\u00e4higer f\u00fcr nachfolgende Behandlungen.<\/p>\n<p>&nbsp;<\/p>\n<h3>Indikationen f\u00fcr eine Kursbehandlung<\/h3>\n<p>Das Gas-Fl\u00fcssigkeits-Peeling-Ger\u00e4t ist vollst\u00e4ndig an die Arbeit mit problematischer und alternder Haut angepasst. Flexible Einstellungen erm\u00f6glichen es Ihnen, pers\u00f6nliche Modi unter Ber\u00fccksichtigung der Eigenschaften jedes Patienten zu erstellen.<\/p>\n<p>Fachleute empfehlen den Kauf von HidroPeel zur intensiven Behandlung h\u00e4ufiger kosmetischer Probleme:<\/p>\n<ul class=\"styled_list\">\n<li><span class=\"num\">1<\/span>stumpfe, ungleichm\u00e4\u00dfige Haut;<\/li>\n<li><span class=\"num\">2<\/span>erh\u00f6hte Empfindlichkeit, R\u00f6tung;<\/li>\n<li><span class=\"num\">3<\/span>st\u00e4ndiges Peeling und Trockenheit;<\/li>\n<li><span class=\"num\">4<\/span>Akne und verstopfte Poren;<\/li>\n<li><span class=\"num\">5<\/span>Alters- und Mimikfalten;<\/li>\n<li><span class=\"num\">6<\/span>Durchh\u00e4ngen oder Elastizit\u00e4tsverlust;<\/li>\n<li><span class=\"num\">7<\/span>Schwellungen, Augenringe und Tr\u00e4nens\u00e4cke;<\/li>\n<li><span class=\"num\">8<\/span>lokale Pigmentst\u00f6rungen;<\/li>\n<li><span class=\"num\">9<\/span>\u00fcberm\u00e4\u00dfige Talgproduktion;<\/li>\n<li><span class=\"num\">10<\/span>lokale Durchblutungsst\u00f6rungen, Stoffwechsel;<\/li>\n<li><span class=\"num\">11<\/span>verz\u00f6gerte Hautregeneration etc.<\/li>\n<\/ul>\n<p>Dies ist ein High-Level-Tool f\u00fcr Sch\u00f6nheitssalons, Sch\u00f6nheitszentren und Praxen f\u00fcr Sch\u00f6nheitsmedizin mit jedem Profil. Es beseitigt umfassend Probleme, die zuvor irreversibel schienen, ohne Operation oder schmerzhafte Injektionen.<\/p>\n<p>&nbsp;<\/p>\n<h3>Neue Technologien f\u00fcr Sch\u00f6nheit und ewige Jugend<\/h3>\n<p>Rechtzeitige Reinigung und Peeling ist der Schl\u00fcssel zu gesunder, jugendlicher Haut. Die Gas-Fl\u00fcssigkeits-Peeling-Vorrichtung l\u00f6st diese Probleme, indem sie einen gemischten Strahl aus Kochsalzl\u00f6sung und Sauerstoff unter Druck freisetzt. Wenn Gewebe mit einem Gas-Fl\u00fcssigkeitsstrahl kollidieren:<\/p>\n<h3>Anwendung<\/h3>\n<ul class=\"styled_list\">\n<li><span class=\"num\">1<\/span>Akne-Entfernung.<\/li>\n<li><span class=\"num\">2<\/span>Hautaufhellung, Verbesserung der Hautstruktur.<\/li>\n<li><span class=\"num\">3<\/span>Tiefenreinigung der Haut, Hydratation der Haut.<\/li>\n<li><span class=\"num\">4<\/span>Follikulitis-Behandlung.<\/li>\n<li><span class=\"num\">5<\/span>In Kombination mit beliebigen RF-, IPL- und E-Light-Ger\u00e4ten zur Tiefenreinigung der Haut vor und nach der Behandlung.<\/li>\n<\/ul>\n<p>&nbsp;<\/p>\n<h3>Vorteile<\/h3>\n<p>Im Vergleich zu anderen \u00e4hnlichen Ger\u00e4ten hat HydroPeel Gas-Fl\u00fcssigkeits-Peeling eine Reihe von Vorteilen, darunter:<\/p>\n<div class=\"image-content\" style=\"box-shadow: none;\">\n<div class=\"item\">\n<div class=\"img\" style=\"background-image: url('\/wp-content\/uploads\/2022\/05\/amt-m-207.jpg'); width: 50%;\">\u00a0<\/div>\n<div class=\"description\" style=\"background: none; width: 50%;\">\n<ol style=\"margin-left: 15px;\">\n<li>Speziald\u00fcse mit drei L\u00f6chern der japanischen Firma Fuji zum Spr\u00fchen von Mischung mit einem Durchmesser von 50-80 \u03bcm (kleinere Poren 80-100 \u03bcm);<\/li>\n<li>Die importierte Pumpe der deutschen Firma &quot;Thomas&quot; gibt einen stabilen Druck von 8 Atmosph\u00e4ren, unter dem die H\u00f6chstgeschwindigkeit von 230 m \/ s ausgehen kann.<\/li>\n<li>Kochsalz- und Vitaminl\u00f6sungen \u2013 die verspr\u00fchte medizinische L\u00f6sung ist eine Kochsalzl\u00f6sung (isotonische 0,9%-Natriumchloridl\u00f6sung) oder ein beliebiger Vitamincocktail, dessen Tr\u00f6pfchen zu einem Schleifmittel f\u00fcr das Peeling werden und gleichzeitig die Zellen n\u00e4hren.<\/li>\n<li>Intensive Massage \u2013 das Verfahren zeichnet sich dadurch aus, dass der verj\u00fcngende Effekt bereits nach den ersten Sitzungen sp\u00fcrbar wird, da eine intensive Massage mit Hilfe von gek\u00fchltem Sauerstoff das Mikrozirkulationsbett der oberfl\u00e4chlichen Gef\u00e4\u00dfe schnell normalisiert.<\/li>\n<li>Durch die Luftk\u00fchlung kann das Ger\u00e4t 24 Stunden am Tag arbeiten.<\/li>\n<li>Luxuri\u00f6ses Gas-Fl\u00fcssigkeits-Peeling-Design mit verbesserter RF-Funktion.<\/li>\n<\/ol>\n<\/div>\n<\/div>\n<\/div>\n<p>&nbsp;<\/p>\n<table style=\"border-collapse: collapse; width: 100%;\">\n<tbody>\n<tr>\n<td style=\"width: 60%;\"><img decoding=\"async\" src=\"\/wp-content\/uploads\/2022\/07\/amt-m-207-description.jpg\" \/><\/td>\n<td style=\"width: 40%;\"><img decoding=\"async\" src=\"\/wp-content\/uploads\/2022\/05\/amt-m-207-description-2.jpg\" \/><\/td>\n<\/tr>\n<\/tbody>\n<\/table>\n<p>&nbsp;<\/p>\n<h3>Vorher und nachher<\/h3>\n<table style=\"border-collapse: collapse; width: 100%;\">\n<tbody>\n<tr>\n<td style=\"width: 50%;\">\n<h4>Akne<\/h4>\n<p><img decoding=\"async\" src=\"\/wp-content\/uploads\/2022\/05\/akne-do-i-posle.jpg\" \/><\/p>\n<\/td>\n<td style=\"width: 50%;\">\n<h4>Verengung der Poren<\/h4>\n<p><img decoding=\"async\" src=\"\/wp-content\/uploads\/2022\/05\/suzheniye-por-do-i-posle.jpg\" \/><\/p>\n<\/td>\n<\/tr>\n<tr>\n<td style=\"width: 50%;\">\n<h4>Aufhellung<\/h4>\n<p><img decoding=\"async\" src=\"\/wp-content\/uploads\/2022\/05\/otbelivaniye-do-i-posle.jpg\" \/><\/p>\n<\/td>\n<td style=\"width: 50%;\">\n<h4>Hautverj\u00fcngung<\/h4>\n<p><img decoding=\"async\" src=\"\/wp-content\/uploads\/2022\/05\/omolozheniye-kozhy.jpg\" \/><\/p>\n<\/td>\n<\/tr>\n<\/tbody>\n<\/table>\n<\/div>","protected":false},"excerpt":{"rendered":"<p>HidroPeel: innovatives Gas-Fl\u00fcssigkeits-Peelingger\u00e4t f\u00fcr makellose Haut.<\/p>\n<p>Gas-Fl\u00fcssigkeits-Peeling oder HidroPeel ist der neueste Trend in der Anti-Aging- und restaurativen Kosmetik. Mit dem HidroPeel Gas-Fl\u00fcssigkeits-Peeling-Ger\u00e4t k\u00f6nnen Sie alle g\u00e4ngigen Verfahren mit Jet-Technologie durchf\u00fchren:<\/p>","protected":false},"featured_media":2461,"comment_status":"open","ping_status":"closed","template":"","meta":{"site-sidebar-layout":"default","site-content-layout":"default","ast-main-header-display":"","ast-hfb-above-header-display":"","ast-hfb-below-header-display":"","ast-hfb-mobile-header-display":"","site-post-title":"","ast-breadcrumbs-content":"","ast-featured-img":"","footer-sml-layout":"","theme-transparent-header-meta":"default","adv-header-id-meta":"","stick-header-meta":"","header-above-stick-meta":"","header-main-stick-meta":"","header-below-stick-meta":""},"product_cat":[36,46],"product_tag":[],"yoast_head":"<!-- This site is optimized with the Yoast SEO Premium plugin v15.6.2 - https:\/\/yoast.com\/wordpress\/plugins\/seo\/ -->\n<title>HidroPeel - \u042d\u0441\u0442\u0435\u0442\u0438\u0447\u0435\u0441\u043a\u0438\u0435 \u041c\u0435\u0434\u0438\u0446\u0438\u043d\u0441\u043a\u0438\u0435 \u0422\u0435\u0445\u043d\u043e\u043b\u043e\u0433\u0438\u0438 - Aesthetic Medical Technology<\/title>\n<meta name=\"robots\" content=\"index, follow, max-snippet:-1, max-image-preview:large, max-video-preview:-1\" \/>\n<link rel=\"canonical\" href=\"https:\/\/amt.eu.com\/de\/produkt\/hidropeel\/\" \/>\n<meta property=\"og:locale\" content=\"de_DE\" \/>\n<meta property=\"og:type\" content=\"article\" \/>\n<meta property=\"og:title\" content=\"HidroPeel - \u042d\u0441\u0442\u0435\u0442\u0438\u0447\u0435\u0441\u043a\u0438\u0435 \u041c\u0435\u0434\u0438\u0446\u0438\u043d\u0441\u043a\u0438\u0435 \u0422\u0435\u0445\u043d\u043e\u043b\u043e\u0433\u0438\u0438 - Aesthetic Medical Technology\" \/>\n<meta property=\"og:description\" content=\"HidroPeel: \u0438\u043d\u043d\u043e\u0432\u0430\u0446\u0438\u043e\u043d\u043d\u044b\u0439 \u0430\u043f\u043f\u0430\u0440\u0430\u0442 \u0433\u0430\u0437\u043e\u0436\u0438\u0434\u043a\u043e\u0441\u0442\u043d\u043e\u0433\u043e \u043f\u0438\u043b\u0438\u043d\u0433\u0430 \u0434\u043b\u044f \u0431\u0435\u0437\u0443\u043f\u0440\u0435\u0447\u043d\u043e\u0439 \u043a\u043e\u0436\u0438. \u0413\u0430\u0437\u043e\u0436\u0438\u0434\u043a\u043e\u0441\u0442\u043d\u044b\u0439 \u043f\u0438\u043b\u0438\u043d\u0433 \u0438\u043b\u0438 HidroPeel \u2013 \u043d\u043e\u0432\u0435\u0439\u0448\u0435\u0435 \u043d\u0430\u043f\u0440\u0430\u0432\u043b\u0435\u043d\u0438\u0435 \u043e\u043c\u043e\u043b\u0430\u0436\u0438\u0432\u0430\u044e\u0449\u0435\u0439 \u0438 \u0432\u043e\u0441\u0441\u0442\u0430\u043d\u043e\u0432\u0438\u0442\u0435\u043b\u044c\u043d\u043e\u0439 \u043a\u043e\u0441\u043c\u0435\u0442\u043e\u043b\u043e\u0433\u0438\u0438. \u0410\u043f\u043f\u0430\u0440\u0430\u0442 \u0433\u0430\u0437\u043e\u0436\u0438\u0434\u043a\u043e\u0441\u0442\u043d\u043e\u0433\u043e \u043f\u0438\u043b\u0438\u043d\u0433\u0430 HidroPeel \u043f\u043e\u0437\u0432\u043e\u043b\u044f\u0435\u0442 \u043f\u0440\u043e\u0432\u043e\u0434\u0438\u0442\u044c \u0432\u0441\u0435 \u0432\u043e\u0441\u0442\u0440\u0435\u0431\u043e\u0432\u0430\u043d\u043d\u044b\u0435 \u043f\u0440\u043e\u0446\u0435\u0434\u0443\u0440\u044b \u0441 \u043f\u0440\u0438\u043c\u0435\u043d\u0435\u043d\u0438\u0435\u043c \u0441\u0442\u0440\u0443\u0439\u043d\u043e\u0439 \u0442\u0435\u0445\u043d\u043e\u043b\u043e\u0433\u0438\u0438:\" \/>\n<meta property=\"og:url\" content=\"https:\/\/amt.eu.com\/de\/produkt\/hidropeel\/\" \/>\n<meta property=\"og:site_name\" content=\"\u042d\u0441\u0442\u0435\u0442\u0438\u0447\u0435\u0441\u043a\u0438\u0435 \u041c\u0435\u0434\u0438\u0446\u0438\u043d\u0441\u043a\u0438\u0435 \u0422\u0435\u0445\u043d\u043e\u043b\u043e\u0433\u0438\u0438 - Aesthetic Medical Technology\" \/>\n<meta property=\"article:modified_time\" content=\"2022-07-27T09:36:31+00:00\" \/>\n<meta property=\"og:image\" content=\"https:\/\/amt.eu.com\/wp-content\/uploads\/2022\/05\/amt-m-207.jpg\" \/>\n\t<meta property=\"og:image:width\" content=\"2362\" \/>\n\t<meta property=\"og:image:height\" content=\"2362\" \/>\n<meta name=\"twitter:card\" content=\"summary_large_image\" \/>\n<meta name=\"twitter:label1\" content=\"Gesch\u00e4tzte Lesezeit\">\n\t<meta name=\"twitter:data1\" content=\"6 Minuten\">\n<script type=\"application\/ld+json\" class=\"yoast-schema-graph\">{\"@context\":\"https:\/\/schema.org\",\"@graph\":[{\"@type\":\"WebSite\",\"@id\":\"https:\/\/amt.eu.com\/#website\",\"url\":\"https:\/\/amt.eu.com\/\",\"name\":\"\\u042d\\u0441\\u0442\\u0435\\u0442\\u0438\\u0447\\u0435\\u0441\\u043a\\u0438\\u0435 \\u041c\\u0435\\u0434\\u0438\\u0446\\u0438\\u043d\\u0441\\u043a\\u0438\\u0435 \\u0422\\u0435\\u0445\\u043d\\u043e\\u043b\\u043e\\u0433\\u0438\\u0438 - Aesthetic Medical Technology\",\"description\":\"\\u041c\\u0435\\u0434\\u0438\\u0446\\u0438\\u043d\\u0441\\u043a\\u0438\\u0435 \\u0442\\u0435\\u0445\\u043d\\u043e\\u043b\\u043e\\u0433\\u0438\\u0438 \\u0438 \\u043f\\u0440\\u043e\\u0446\\u0435\\u0434\\u0443\\u0440\\u044b\",\"potentialAction\":[{\"@type\":\"SearchAction\",\"target\":\"https:\/\/amt.eu.com\/?s={search_term_string}\",\"query-input\":\"required name=search_term_string\"}],\"inLanguage\":\"de-DE\"},{\"@type\":\"ImageObject\",\"@id\":\"https:\/\/amt.eu.com\/product\/hidropeel\/#primaryimage\",\"inLanguage\":\"de-DE\",\"url\":\"https:\/\/amt.eu.com\/wp-content\/uploads\/2022\/05\/amt-m-207.jpg\",\"width\":2362,\"height\":2362},{\"@type\":\"WebPage\",\"@id\":\"https:\/\/amt.eu.com\/product\/hidropeel\/#webpage\",\"url\":\"https:\/\/amt.eu.com\/product\/hidropeel\/\",\"name\":\"HidroPeel - \\u042d\\u0441\\u0442\\u0435\\u0442\\u0438\\u0447\\u0435\\u0441\\u043a\\u0438\\u0435 \\u041c\\u0435\\u0434\\u0438\\u0446\\u0438\\u043d\\u0441\\u043a\\u0438\\u0435 \\u0422\\u0435\\u0445\\u043d\\u043e\\u043b\\u043e\\u0433\\u0438\\u0438 - Aesthetic Medical Technology\",\"isPartOf\":{\"@id\":\"https:\/\/amt.eu.com\/#website\"},\"primaryImageOfPage\":{\"@id\":\"https:\/\/amt.eu.com\/product\/hidropeel\/#primaryimage\"},\"datePublished\":\"2022-05-13T14:52:12+00:00\",\"dateModified\":\"2022-07-27T09:36:31+00:00\",\"breadcrumb\":{\"@id\":\"https:\/\/amt.eu.com\/product\/hidropeel\/#breadcrumb\"},\"inLanguage\":\"de-DE\",\"potentialAction\":[{\"@type\":\"ReadAction\",\"target\":[\"https:\/\/amt.eu.com\/product\/hidropeel\/\"]}]},{\"@type\":\"BreadcrumbList\",\"@id\":\"https:\/\/amt.eu.com\/product\/hidropeel\/#breadcrumb\",\"itemListElement\":[{\"@type\":\"ListItem\",\"position\":1,\"item\":{\"@type\":\"WebPage\",\"@id\":\"https:\/\/amt.eu.com\/\",\"url\":\"https:\/\/amt.eu.com\/\",\"name\":\"\"}},{\"@type\":\"ListItem\",\"position\":2,\"item\":{\"@type\":\"WebPage\",\"@id\":\"https:\/\/amt.eu.com\/shop\/\",\"url\":\"https:\/\/amt.eu.com\/shop\/\",\"name\":\"\\u041c\\u0430\\u0433\\u0430\\u0437\\u0438\\u043d\"}},{\"@type\":\"ListItem\",\"position\":3,\"item\":{\"@type\":\"WebPage\",\"@id\":\"https:\/\/amt.eu.com\/product\/hidropeel\/\",\"url\":\"https:\/\/amt.eu.com\/product\/hidropeel\/\",\"name\":\"HidroPeel\"}}]}]}<\/script>\n<!-- \/ Yoast SEO Premium plugin. -->","_links":{"self":[{"href":"https:\/\/amt.eu.com\/de\/wp-json\/wp\/v2\/product\/2460"}],"collection":[{"href":"https:\/\/amt.eu.com\/de\/wp-json\/wp\/v2\/product"}],"about":[{"href":"https:\/\/amt.eu.com\/de\/wp-json\/wp\/v2\/types\/product"}],"replies":[{"embeddable":true,"href":"https:\/\/amt.eu.com\/de\/wp-json\/wp\/v2\/comments?post=2460"}],"wp:featuredmedia":[{"embeddable":true,"href":"https:\/\/amt.eu.com\/de\/wp-json\/wp\/v2\/media\/2461"}],"wp:attachment":[{"href":"https:\/\/amt.eu.com\/de\/wp-json\/wp\/v2\/media?parent=2460"}],"wp:term":[{"taxonomy":"product_cat","embeddable":true,"href":"https:\/\/amt.eu.com\/de\/wp-json\/wp\/v2\/product_cat?post=2460"},{"taxonomy":"product_tag","embeddable":true,"href":"https:\/\/amt.eu.com\/de\/wp-json\/wp\/v2\/product_tag?post=2460"}],"curies":[{"name":"wp","href":"https:\/\/api.w.org\/{rel}","templated":true}]}}