{"id":2478,"date":"2022-05-13T21:32:29","date_gmt":"2022-05-13T18:32:29","guid":{"rendered":"https:\/\/amt.eu.com\/?post_type=product&#038;p=2478"},"modified":"2022-10-17T12:41:14","modified_gmt":"2022-10-17T09:41:14","slug":"remo-laser","status":"publish","type":"product","link":"https:\/\/amt.eu.com\/de\/produkt\/remo-laser\/","title":{"rendered":"Remo-Laser"},"content":{"rendered":"<p>Laser-Entfernungsger\u00e4te k\u00f6nnen verwendet werden, um Kapillardefekte zu beseitigen. Diese Methode hat folgende Vorteile:<\/p>\n<ul class=\"styled_list\">\n<li><span class=\"num\">1<\/span>Sicherheit;<\/li>\n<li><span class=\"num\">2<\/span>Fehlen von Narben und Narben;<\/li>\n<li><span class=\"num\">3<\/span>keine Hautsch\u00e4den<\/li>\n<li><span class=\"num\">4<\/span>sofortige Wirkung;<\/li>\n<li><span class=\"num\">5<\/span>keine allergischen Reaktionen.<\/li>\n<\/ul>\n<p>&nbsp;<\/p>\n<p><strong>Laserentfernung von Blutgef\u00e4\u00dfen<\/strong> - ein gefragtes Verfahren, daher wird empfohlen, ein professionelles Laserger\u00e4t zu kaufen, um Sch\u00f6nheitssalons, Kosmetikkliniken und B\u00fcros auszustatten. Es wird das Leistungsspektrum erweitern, mehr Kunden anziehen und den Patienten h\u00f6chste Standards bei kosmetischen Eingriffen garantieren.<\/p>\n<p><img decoding=\"async\" src=\"\/wp-content\/uploads\/2022\/07\/laser-udaleniya-sosudov.jpg\" \/><\/p>\n<p>&nbsp;<\/p>\n<h3>Gef\u00e4\u00dfe verschwinden vor unseren Augen. Wie es funktioniert?<\/h3>\n<p>Gef\u00e4\u00dfentfernungslaser sind am effektivsten, wenn blaue und rote Gef\u00e4\u00dfe entfernt werden. Bereits ab der ersten Anwendung werden die \u201eSternchen\u201c und \u201eMesh\u201c weniger ausgepr\u00e4gt und erblassen buchst\u00e4blich vor unseren Augen. Je nach Lage und Gr\u00f6\u00dfe der Gef\u00e4\u00dfe k\u00f6nnen 2-3 Eingriffe erforderlich sein.<\/p>\n<p>Die Entfernung von Blutgef\u00e4\u00dfen mit einem Laser hat zus\u00e4tzliche Auswirkungen, es ist erw\u00e4hnenswert, dass die bakteriziden Eigenschaften der Strahlung vorhanden sind. Wenn Sie Blutgef\u00e4\u00dfe mit einem Laser entfernen, eliminieren Sie das Infektionsrisiko.<\/p>\n<p>Die Wirkung der Verfahren beruht auf der F\u00e4higkeit der roten Blutk\u00f6rperchen, Lichtstrahlung eines bestimmten Spektrums zu absorbieren und in W\u00e4rmeenergie umzuwandeln. Der Diodenlaser sorgt f\u00fcr einen lokalen Effekt, der zu einer Verklebung der Gef\u00e4\u00dfw\u00e4nde f\u00fchrt. Anschlie\u00dfend l\u00f6st sich der gel\u00f6tete Bereich auf, was zur Beseitigung eines Sch\u00f6nheitsfehlers f\u00fchrt.<\/p>\n<p>&nbsp;<\/p>\n<h3>Anwendung<\/h3>\n<ul class=\"styled_list\">\n<li><span class=\"num\">1<\/span>Gef\u00e4\u00dfl\u00e4sionen entfernen<\/li>\n<li><span class=\"num\">2<\/span>Kapillaren an den Beinen<\/li>\n<li><span class=\"num\">3<\/span>Kapillaren am K\u00f6rper<\/li>\n<li><span class=\"num\">4<\/span>Kirschangiome<\/li>\n<\/ul>\n<p>&nbsp;<\/p>\n<h3>Vorteile des Remo-laser Diodenlasers<\/h3>\n<ul class=\"styled_list\">\n<li><span class=\"num\">1<\/span>Hochleistungslaser: Der Hochleistungslasergenerator wird aus Deutschland importiert, was effektive Behandlungsergebnisse und Kundenzufriedenheit gew\u00e4hrleistet. Au\u00dferdem erh\u00f6ht es die Lebensdauer des Ger\u00e4tes.<\/li>\n<li><span class=\"num\">2<\/span>Die Sicherheit des Behandlungsverfahrens.<\/li>\n<li><span class=\"num\">3<\/span>Nicht-invasives Behandlungsverfahren.<\/li>\n<li><span class=\"num\">4<\/span>Der emittierte kleine Laserstrahl wirkt nur auf Angiotelelektase, ohne das umliegende Gewebe in diesem Bereich zu beeintr\u00e4chtigen.<\/li>\n<li><span class=\"num\">5<\/span>Die schnelle Behandlungsgeschwindigkeit erfolgt durch die koordinierte Impulswirkung.<\/li>\n<li><span class=\"num\">6<\/span>Das kompakte Design der tragbaren Einheit macht es einfach, sich zu bewegen.<\/li>\n<li><span class=\"num\">7<\/span>Der F\u00fchrungsstrahl des Ger\u00e4ts erm\u00f6glicht dem Arzt eine genaue Beeinflussung der Angiotelelektase.<\/li>\n<li><span class=\"num\">8<\/span>Zwei Arbeitsmodi:\n<ul>\n<li>Kontinuierlicher Modus - zum Entfernen von Warzen und Papillomen<\/li>\n<li>Pulsmodus - um rote Blutfarbstoffe zu entfernen.<\/li>\n<\/ul>\n<\/li>\n<li><span class=\"num\">9<\/span>Im Pulsmodus k\u00f6nnen Energie und Frequenz eingestellt werden.<\/li>\n<li><span class=\"num\">10<\/span>Keine Verbrauchsmaterialien.<\/li>\n<li><span class=\"num\">11<\/span>Durch die Luftk\u00fchlung kann das Ger\u00e4t 24 Stunden am Tag arbeiten.<\/li>\n<\/ul>\n<p>&nbsp;<\/p>\n<h3><b>Vorteile eines Diodenlasers<\/b><b> Remo-Laser<\/b><\/h3>\n<p>Laser-Fiberoptik-Handst\u00fcck mit drei D\u00fcsen (verf\u00fcgbare Ringgr\u00f6\u00dfen: 1 mm, 2 mm, 3 mm), je nach Tiefe der Gef\u00e4\u00dfe. W\u00e4hlen Sie das richtige Handst\u00fcck, um das umliegende Gewebe in diesem Bereich nicht zu besch\u00e4digen. Hat der Patient beispielsweise tiefe Gef\u00e4\u00dfe, kann eine 3-mm-Spitze gew\u00e4hlt werden.<\/p>\n<p>&nbsp;<\/p>\n<h3><b>Remo-Laser Diodenlaser Kontraindikationen<\/b><\/h3>\n<ul class=\"styled_list\">\n<li><span class=\"num\">1<\/span>Schwangerschaft und Stillzeit.<\/li>\n<li><span class=\"num\">2<\/span>Das Vorhandensein von Herzfrequenzsensoren (Herzschrittmachern).<\/li>\n<li><span class=\"num\">3<\/span>Das Vorhandensein von Metallimplantaten im betroffenen Bereich (dazu geh\u00f6ren keine Kronen oder Zahnimplantate).<\/li>\n<li><span class=\"num\">4<\/span>Neuropsychiatrische Erkrankungen, einschlie\u00dflich Epilepsie.<\/li>\n<li><span class=\"num\">5<\/span>Eitrige Entz\u00fcndung der Haut.<\/li>\n<li><span class=\"num\">6<\/span>Akute und chronische Infektionsherde im K\u00f6rper.<\/li>\n<li><span class=\"num\">7<\/span>Erkrankungen des endokrinen Systems (Diabetes mellitus, Thyreotoxikose und andere).<\/li>\n<li><span class=\"num\">8<\/span>Onkologische Erkrankungen (gutartig und b\u00f6sartig).<\/li>\n<li><span class=\"num\">9<\/span>Sklerodermie, systemischer Lupus erythematodes und andere systemische Bindegewebserkrankungen.<\/li>\n<\/ul>\n<p>&nbsp;<\/p>\n<h3>Vorher und nachher<\/h3>\n<table style=\"border-collapse: collapse; width: 100%;\">\n<tbody>\n<tr>\n<td style=\"width: 50%;\">\n<p><img decoding=\"async\" src=\"\/wp-content\/uploads\/2022\/05\/amt-980K-30-do-i-posle.jpg\" \/><\/p>\n<\/td>\n<td style=\"width: 50%;\">\n<p><img decoding=\"async\" src=\"\/wp-content\/uploads\/2022\/05\/amt-980K-30-do-i-posle-2.jpg\" \/><\/p>\n<\/td>\n<\/tr>\n<tr>\n<td style=\"width: 50%;\">\n<p><img decoding=\"async\" src=\"\/wp-content\/uploads\/2022\/05\/amt-980K-30-do-i-posle-3.jpg\" \/><\/p>\n<\/td>\n<td style=\"width: 50%;\">\n<p><img decoding=\"async\" src=\"\/wp-content\/uploads\/2022\/05\/amt-980K-30-do-i-posle-4.jpg\" \/><\/p>\n<\/td>\n<\/tr>\n<\/tbody>\n<\/table>","protected":false},"excerpt":{"rendered":"<h2>Gef\u00e4\u00dfentfernungslaser: Anwendung, Eigenschaften und F\u00e4higkeiten des Lasers:<\/h2>\n<p>Gef\u00e4\u00dfpathologien werden bei jedem zweiten Patienten von Kosmetikkliniken beobachtet. Mit der Zeit verlieren die W\u00e4nde der Kapillaren ihre Elastizit\u00e4t, \u201eMesh\u201c, \u201eSterne\u201c erscheinen, die Gef\u00e4\u00dfe scheinen durch die Haut. Die effektivste und sicherste Behandlungsmethode ist ein Laser zur Entfernung von Blutgef\u00e4\u00dfen.<\/p>\n<p><strong>Schnelle Beseitigung von Kapillardefekten<\/strong><\/p>","protected":false},"featured_media":2479,"comment_status":"open","ping_status":"closed","template":"","meta":{"site-sidebar-layout":"default","site-content-layout":"default","ast-main-header-display":"","ast-hfb-above-header-display":"","ast-hfb-below-header-display":"","ast-hfb-mobile-header-display":"","site-post-title":"","ast-breadcrumbs-content":"","ast-featured-img":"","footer-sml-layout":"","theme-transparent-header-meta":"default","adv-header-id-meta":"","stick-header-meta":"","header-above-stick-meta":"","header-main-stick-meta":"","header-below-stick-meta":""},"product_cat":[36,46],"product_tag":[],"yoast_head":"<!-- This site is optimized with the Yoast SEO Premium plugin v15.6.2 - https:\/\/yoast.com\/wordpress\/plugins\/seo\/ -->\n<title>Remo-laser - \u042d\u0441\u0442\u0435\u0442\u0438\u0447\u0435\u0441\u043a\u0438\u0435 \u041c\u0435\u0434\u0438\u0446\u0438\u043d\u0441\u043a\u0438\u0435 \u0422\u0435\u0445\u043d\u043e\u043b\u043e\u0433\u0438\u0438 - Aesthetic Medical Technology<\/title>\n<meta name=\"robots\" content=\"index, follow, max-snippet:-1, max-image-preview:large, max-video-preview:-1\" \/>\n<link rel=\"canonical\" href=\"https:\/\/amt.eu.com\/de\/produkt\/remo-laser\/\" \/>\n<meta property=\"og:locale\" content=\"de_DE\" \/>\n<meta property=\"og:type\" content=\"article\" \/>\n<meta property=\"og:title\" content=\"Remo-laser - \u042d\u0441\u0442\u0435\u0442\u0438\u0447\u0435\u0441\u043a\u0438\u0435 \u041c\u0435\u0434\u0438\u0446\u0438\u043d\u0441\u043a\u0438\u0435 \u0422\u0435\u0445\u043d\u043e\u043b\u043e\u0433\u0438\u0438 - Aesthetic Medical Technology\" \/>\n<meta property=\"og:description\" content=\"\u041b\u0430\u0437\u0435\u0440\u044b \u0434\u043b\u044f \u0443\u0434\u0430\u043b\u0435\u043d\u0438\u044f \u0441\u043e\u0441\u0443\u0434\u043e\u0432: \u043f\u0440\u0438\u043c\u0435\u043d\u0435\u043d\u0438\u0435, \u043e\u0441\u043e\u0431\u0435\u043d\u043d\u043e\u0441\u0442\u0438 \u0438 \u0432\u043e\u0437\u043c\u043e\u0436\u043d\u043e\u0441\u0442\u0438 \u043b\u0430\u0437\u0435\u0440\u0430: \u0421\u043e\u0441\u0443\u0434\u0438\u0441\u0442\u044b\u0435 \u043f\u0430\u0442\u043e\u043b\u043e\u0433\u0438\u0438 \u043d\u0430\u0431\u043b\u044e\u0434\u0430\u044e\u0442\u0441\u044f \u0443 \u043a\u0430\u0436\u0434\u043e\u0433\u043e \u0432\u0442\u043e\u0440\u043e\u0433\u043e \u043f\u0430\u0446\u0438\u0435\u043d\u0442\u0430 \u043a\u043e\u0441\u043c\u0435\u0442\u043e\u043b\u043e\u0433\u0438\u0447\u0435\u0441\u043a\u0438\u0445 \u043a\u043b\u0438\u043d\u0438\u043a. \u0421\u043e \u0432\u0440\u0435\u043c\u0435\u043d\u0435\u043c \u0441\u0442\u0435\u043d\u043a\u0438 \u043a\u0430\u043f\u0438\u043b\u043b\u044f\u0440\u043e\u0432 \u0442\u0435\u0440\u044f\u044e\u0442 \u044d\u043b\u0430\u0441\u0442\u0438\u0447\u043d\u043e\u0441\u0442\u044c, \u043f\u043e\u044f\u0432\u043b\u044f\u044e\u0442\u0441\u044f \u00ab\u0441\u0435\u0442\u043e\u0447\u043a\u0438\u00bb, \u00ab\u0437\u0432\u0435\u0437\u0434\u043e\u0447\u043a\u0438\u00bb, \u0441\u043e\u0441\u0443\u0434\u044b \u043f\u0440\u043e\u0441\u0432\u0435\u0447\u0438\u0432\u0430\u044e\u0442 \u0441\u043a\u0432\u043e\u0437\u044c \u043a\u043e\u0436\u0443. \u0421\u0430\u043c\u044b\u043c \u044d\u0444\u0444\u0435\u043a\u0442\u0438\u0432\u043d\u044b\u043c \u0438 \u0431\u0435\u0437\u043e\u043f\u0430\u0441\u043d\u044b\u043c \u043c\u0435\u0442\u043e\u0434\u043e\u043c \u043b\u0435\u0447\u0435\u043d\u0438\u044f \u044f\u0432\u043b\u044f\u0435\u0442\u0441\u044f \u043b\u0430\u0437\u0435\u0440 \u0434\u043b\u044f \u0443\u0434\u0430\u043b\u0435\u043d\u0438\u044f \u0441\u043e\u0441\u0443\u0434\u043e\u0432. \u0411\u044b\u0441\u0442\u0440\u043e\u0435 \u0443\u0441\u0442\u0440\u0430\u043d\u0435\u043d\u0438\u0435 \u043a\u0430\u043f\u0438\u043b\u043b\u044f\u0440\u043d\u044b\u0445 \u0434\u0435\u0444\u0435\u043a\u0442\u043e\u0432\" \/>\n<meta property=\"og:url\" content=\"https:\/\/amt.eu.com\/de\/produkt\/remo-laser\/\" \/>\n<meta property=\"og:site_name\" content=\"\u042d\u0441\u0442\u0435\u0442\u0438\u0447\u0435\u0441\u043a\u0438\u0435 \u041c\u0435\u0434\u0438\u0446\u0438\u043d\u0441\u043a\u0438\u0435 \u0422\u0435\u0445\u043d\u043e\u043b\u043e\u0433\u0438\u0438 - Aesthetic Medical Technology\" \/>\n<meta property=\"article:modified_time\" content=\"2022-10-17T09:41:14+00:00\" \/>\n<meta property=\"og:image\" content=\"https:\/\/amt.eu.com\/wp-content\/uploads\/2022\/05\/amt-980K-30.jpg\" \/>\n\t<meta property=\"og:image:width\" content=\"2362\" \/>\n\t<meta property=\"og:image:height\" content=\"2362\" \/>\n<meta name=\"twitter:card\" content=\"summary_large_image\" \/>\n<meta name=\"twitter:label1\" content=\"Gesch\u00e4tzte Lesezeit\">\n\t<meta name=\"twitter:data1\" content=\"3 Minuten\">\n<script type=\"application\/ld+json\" class=\"yoast-schema-graph\">{\"@context\":\"https:\/\/schema.org\",\"@graph\":[{\"@type\":\"WebSite\",\"@id\":\"https:\/\/amt.eu.com\/#website\",\"url\":\"https:\/\/amt.eu.com\/\",\"name\":\"\\u042d\\u0441\\u0442\\u0435\\u0442\\u0438\\u0447\\u0435\\u0441\\u043a\\u0438\\u0435 \\u041c\\u0435\\u0434\\u0438\\u0446\\u0438\\u043d\\u0441\\u043a\\u0438\\u0435 \\u0422\\u0435\\u0445\\u043d\\u043e\\u043b\\u043e\\u0433\\u0438\\u0438 - Aesthetic Medical Technology\",\"description\":\"\\u041c\\u0435\\u0434\\u0438\\u0446\\u0438\\u043d\\u0441\\u043a\\u0438\\u0435 \\u0442\\u0435\\u0445\\u043d\\u043e\\u043b\\u043e\\u0433\\u0438\\u0438 \\u0438 \\u043f\\u0440\\u043e\\u0446\\u0435\\u0434\\u0443\\u0440\\u044b\",\"potentialAction\":[{\"@type\":\"SearchAction\",\"target\":\"https:\/\/amt.eu.com\/?s={search_term_string}\",\"query-input\":\"required name=search_term_string\"}],\"inLanguage\":\"de-DE\"},{\"@type\":\"ImageObject\",\"@id\":\"https:\/\/amt.eu.com\/product\/remo-laser\/#primaryimage\",\"inLanguage\":\"de-DE\",\"url\":\"https:\/\/amt.eu.com\/wp-content\/uploads\/2022\/05\/amt-980K-30.jpg\",\"width\":2362,\"height\":2362},{\"@type\":\"WebPage\",\"@id\":\"https:\/\/amt.eu.com\/product\/remo-laser\/#webpage\",\"url\":\"https:\/\/amt.eu.com\/product\/remo-laser\/\",\"name\":\"Remo-laser - \\u042d\\u0441\\u0442\\u0435\\u0442\\u0438\\u0447\\u0435\\u0441\\u043a\\u0438\\u0435 \\u041c\\u0435\\u0434\\u0438\\u0446\\u0438\\u043d\\u0441\\u043a\\u0438\\u0435 \\u0422\\u0435\\u0445\\u043d\\u043e\\u043b\\u043e\\u0433\\u0438\\u0438 - Aesthetic Medical Technology\",\"isPartOf\":{\"@id\":\"https:\/\/amt.eu.com\/#website\"},\"primaryImageOfPage\":{\"@id\":\"https:\/\/amt.eu.com\/product\/remo-laser\/#primaryimage\"},\"datePublished\":\"2022-05-13T18:32:29+00:00\",\"dateModified\":\"2022-10-17T09:41:14+00:00\",\"breadcrumb\":{\"@id\":\"https:\/\/amt.eu.com\/product\/remo-laser\/#breadcrumb\"},\"inLanguage\":\"de-DE\",\"potentialAction\":[{\"@type\":\"ReadAction\",\"target\":[\"https:\/\/amt.eu.com\/product\/remo-laser\/\"]}]},{\"@type\":\"BreadcrumbList\",\"@id\":\"https:\/\/amt.eu.com\/product\/remo-laser\/#breadcrumb\",\"itemListElement\":[{\"@type\":\"ListItem\",\"position\":1,\"item\":{\"@type\":\"WebPage\",\"@id\":\"https:\/\/amt.eu.com\/\",\"url\":\"https:\/\/amt.eu.com\/\",\"name\":\"\"}},{\"@type\":\"ListItem\",\"position\":2,\"item\":{\"@type\":\"WebPage\",\"@id\":\"https:\/\/amt.eu.com\/shop\/\",\"url\":\"https:\/\/amt.eu.com\/shop\/\",\"name\":\"\\u041c\\u0430\\u0433\\u0430\\u0437\\u0438\\u043d\"}},{\"@type\":\"ListItem\",\"position\":3,\"item\":{\"@type\":\"WebPage\",\"@id\":\"https:\/\/amt.eu.com\/product\/remo-laser\/\",\"url\":\"https:\/\/amt.eu.com\/product\/remo-laser\/\",\"name\":\"Remo-laser\"}}]}]}<\/script>\n<!-- \/ Yoast SEO Premium plugin. -->","_links":{"self":[{"href":"https:\/\/amt.eu.com\/de\/wp-json\/wp\/v2\/product\/2478"}],"collection":[{"href":"https:\/\/amt.eu.com\/de\/wp-json\/wp\/v2\/product"}],"about":[{"href":"https:\/\/amt.eu.com\/de\/wp-json\/wp\/v2\/types\/product"}],"replies":[{"embeddable":true,"href":"https:\/\/amt.eu.com\/de\/wp-json\/wp\/v2\/comments?post=2478"}],"wp:featuredmedia":[{"embeddable":true,"href":"https:\/\/amt.eu.com\/de\/wp-json\/wp\/v2\/media\/2479"}],"wp:attachment":[{"href":"https:\/\/amt.eu.com\/de\/wp-json\/wp\/v2\/media?parent=2478"}],"wp:term":[{"taxonomy":"product_cat","embeddable":true,"href":"https:\/\/amt.eu.com\/de\/wp-json\/wp\/v2\/product_cat?post=2478"},{"taxonomy":"product_tag","embeddable":true,"href":"https:\/\/amt.eu.com\/de\/wp-json\/wp\/v2\/product_tag?post=2478"}],"curies":[{"name":"wp","href":"https:\/\/api.w.org\/{rel}","templated":true}]}}