{"id":662,"date":"2021-11-04T04:15:57","date_gmt":"2021-11-04T01:15:57","guid":{"rendered":"https:\/\/amt.eu.com\/?post_type=product&#038;p=662"},"modified":"2022-08-19T17:26:27","modified_gmt":"2022-08-19T14:26:27","slug":"elos-o4","status":"publish","type":"product","link":"https:\/\/amt.eu.com\/de\/produkt\/elos-o4\/","title":{"rendered":"Elis 04"},"content":{"rendered":"<p>Fotolaser <strong>Elos 04 der europ\u00e4ischen Firma &quot;A.M.T.&quot;<\/strong> ist eine neue OPT-Technologie, die Ihrem Unternehmen neue M\u00f6glichkeiten bietet, seinen Kunden qualitativ hochwertige Dienstleistungen anzubieten!<\/p>\n<p style=\"text-align: center;\"><img decoding=\"async\" src=\"\/wp-content\/uploads\/2022\/08\/elos-04.jpg\" \/><\/p>\n<h3>Was bedeutet die ORT-Technologie, mit der unser Laser ausgestattet ist?<\/h3>\n<p>Die OPT-Optimal-Impuls-Technologie im Elos 04-Ger\u00e4t ist eine der beliebtesten in der Kosmetik. Am h\u00e4ufigsten wird diese Technologie in Ger\u00e4ten zur Photorejuvenation und Photoepilation eingesetzt, sie ist auch zur Korrektur von pigmentierten und kleinen vaskul\u00e4ren Hautdefekten wirksam.<\/p>\n<p>Die Essenz der OPT-Technologie besteht darin, w\u00e4hrend des gesamten Pulses ein hohes stabiles Niveau des Leistungsflusses aufrechtzuerhalten. Bei IPL-Systemen ohne OPT f\u00e4llt die Impulsleistung w\u00e4hrend der Abgabe st\u00e4ndig ab, daher muss die Leistung zu Beginn des Impulses \u00fcbersch\u00e4tzt werden, um eine effektive Fluenz sicherzustellen.<\/p>\n<p style=\"text-align: center;\"><img decoding=\"async\" style=\"max-width: 250px;\" src=\"\/wp-content\/uploads\/2022\/08\/chto-takoye-elos-04.jpg\" \/><\/p>\n<p>Die Hautverj\u00fcngung mit dem Ger\u00e4t Elos 04 beinhaltet die Einwirkung von Lichtimpulsen auf die tiefen Hautschichten. Sie werden von Melanin eingefangen, durch Erhitzen werden unerw\u00fcnschte Pigmente zerst\u00f6rt, Bakterien sterben ab.<\/p>\n<h3>Warum Sie einen Fotolaser von A.M.T. kaufen sollten mit ORT-Technologie?<\/h3>\n<ul class=\"styled_list\">\n<li><span class=\"num\">1<\/span>Das Ger\u00e4t verf\u00fcgt \u00fcber 4 verschiedene Manipel mit flexiblen langen Schl\u00e4uchen f\u00fcr bequemes Arbeiten eines Spezialisten. Das Set enth\u00e4lt 5 Ersatzfilter.<\/li>\n<li><span class=\"num\">2<\/span>Ausgestattet mit der ORT Optimal Pulse Technology, die eine stabile Energieabgabe bei jedem Impuls gew\u00e4hrleistet und den Kunden ein sicheres, schmerzloses und effektives Ergebnis liefert.<\/li>\n<li><span class=\"num\">3<\/span>Eine gro\u00dfe Touch-Oberfl\u00e4che ist f\u00fcr den Master sehr praktisch und erm\u00f6glicht die Feinabstimmung einzelner Belichtungsparameter.<\/li>\n<li><span class=\"num\">4<\/span>Die einzigartige Vakuumtechnologie des Epilationshandst\u00fccks sorgt f\u00fcr ein effektiveres Behandlungsergebnis. Das Vakuum saugt den behandelten Hautbereich an, was eine effizientere Energieabgabe an die Zielzellen erm\u00f6glicht und die Energieaufnahme durch das umgebende Gewebe reduziert.<\/li>\n<li><span class=\"num\">5<\/span>Im SHR-Modus sorgt die Frequenz von 1-10 Hz f\u00fcr eine schnelle Behandlung gro\u00dfer Hautpartien.<\/li>\n<li><span class=\"num\">6<\/span>Dank seiner einzigartigen Module kann das Ger\u00e4t das gesamte Leistungsspektrum der Laser-Kosmetik abdecken und eine Vielzahl von Gesichts- und K\u00f6rperservices anbieten.<\/li>\n<li><span class=\"num\">7<\/span>Kann an jedem K\u00f6rperteil verwendet werden.<\/li>\n<li><span class=\"num\">8<\/span>Kurze Erholungsphase.<\/li>\n<li><span class=\"num\">9<\/span>Breites Anwendungsspektrum.<\/li>\n<li><span class=\"num\">10<\/span>Ger\u00e4t <strong>Elis 04<\/strong> Ausgestattet mit einer zus\u00e4tzlichen Funktion der bipolaren Rf-Heizung (5-50 W), f\u00fcr noch bessere Ergebnisse.<\/li>\n<\/ul>\n<h3>Indikationen f\u00fcr die Verwendung unseres Ger\u00e4ts:<\/h3>\n<ul style=\"list-style-type: square;\">\n<li>Haarentfernung im Gesicht und am K\u00f6rper;<\/li>\n<li>Entfernung von Pigmentflecken, Sommersprossen;<\/li>\n<li>Behandlung des Gef\u00e4\u00dfnetzes, Rosacea;<\/li>\n<li>Akne-Behandlung;<\/li>\n<li>Photorejuvenation, Hautstraffung.<\/li>\n<\/ul>\n<h3>Elos 04 Verfahren:<\/h3>\n<ul class=\"styled_list\">\n<li><span class=\"num\">1<\/span><strong>Fotoepilation<\/strong> (610-1200nm)<\/li>\n<\/ul>\n<p>In die Haut eindringende Lichtblitze werden im Melanin konzentriert. Durch die Wechselwirkung entsteht thermische Energie, die zur Zerst\u00f6rung des Kolbens f\u00fchrt. Nach der Sitzung fallen die Haare von alleine aus. Da Lichtimpulse Melanin (Pigment) beeinflussen und seine gr\u00f6\u00dfte Menge in dunklem Haar ist, ist das Verfahren m\u00f6glicherweise nicht wirksam bei der Bek\u00e4mpfung von blondem oder grauem Haar. Lichtblitze wirken sich nur auf Zwiebeln aus, die sich in der aktiven Wachstumsphase befinden. In einem Verfahren ist es m\u00f6glich, etwa 30% unerw\u00fcnschter Haare zu entfernen, aber nach einer Weile muss die Sitzung von 8 bis 14 Verfahren wiederholt werden, um alle \u00fcbersch\u00fcssigen Haare loszuwerden.<\/p>\n<p style=\"text-align: center;\"><img decoding=\"async\" style=\"max-width: 400px;\" src=\"\/wp-content\/uploads\/2022\/08\/elos-04-procedura.jpg\" \/><\/p>\n<ul class=\"styled_list\">\n<li><span class=\"num\">2<\/span><strong>Photorejuvenation<\/strong> (530-1200nm)<\/li>\n<\/ul>\n<p>Mit zunehmendem Alter nimmt die Kollagenproduktion der Haut ab, was zu einem Absacken der Haut, dem Auftreten von \u201eKr\u00e4henf\u00fc\u00dfen\u201c in den Augenwinkeln, den ersten Mimikfalten, f\u00fchrt. Unter dem Einfluss von hochfrequenter Lichtstrahlung beim \u201eAufw\u00e4rmen\u201c der Epidermis kommt es zu einer zus\u00e4tzlichen Produktion von Kollagen in gro\u00dfen Mengen, was den Zustand der Haut verbessert: Sie gl\u00e4ttet, wird elastischer, weicher, vergr\u00f6\u00dferte und gro\u00dfe Poren eng.<\/p>\n<p style=\"text-align: center;\"><img decoding=\"async\" style=\"max-width: 250px;\" src=\"\/wp-content\/uploads\/2022\/08\/elos-04-fotoomolozheniye.jpg\" \/><\/p>\n<ul class=\"styled_list\">\n<li><span class=\"num\">3<\/span><strong>Couperose-Behandlung<\/strong> (585-1200nm)<\/li>\n<\/ul>\n<p>Bei der Behandlung erweiterter Kapillaren mit der elos-Technologie absorbiert das im Blut enthaltene H\u00e4moglobin das Licht des Laserstrahls, das in W\u00e4rmeenergie umgewandelt wird. Aufgrund der durch die kombinierte Wirkung des optischen Lasers verursachten Erw\u00e4rmung wird das Gef\u00e4\u00df auf eine Temperatur erw\u00e4rmt, die ausreicht, um die Adventitia und das Endothel dauerhaft zu sch\u00e4digen, was zu einer Narbenbildung oder einem Verschwinden des Gef\u00e4\u00dfes f\u00fchrt. Die dabei stattfindende Thermolyse bringt das gew\u00fcnschte Ergebnis \u2013 das Gef\u00e4\u00df wird verl\u00f6tet, sein Lumen verstopft und damit die Blutzirkulation gestoppt. Bei fehlender Durchblutung des erweiterten Gef\u00e4\u00dfes wird es allm\u00e4hlich blass und verschwindet.<\/p>\n<p style=\"text-align: center;\"><img decoding=\"async\" style=\"max-width: 250px;\" src=\"\/wp-content\/uploads\/2022\/08\/elos-04-lecheniye-kuperoza.jpg\" \/><\/p>\n<ul class=\"styled_list\">\n<li><span class=\"num\">4<\/span><strong>Akne-Behandlung<\/strong> (430-1200nm) (optional)<\/li>\n<\/ul>\n<p>Bei der ELOS-Behandlung werden die Akne verursachenden Propions\u00e4ure- und Coca-Bakterien durch Einwirkung von Breitbandlicht zerst\u00f6rt. Wenn Lichtstrahlen auf Protoporphyrine treffen, werden freie Radikale gebildet, die krankheitserregende Mikroorganismen in verstopften Poren abt\u00f6ten. Gleichzeitig werden Talgdr\u00fcsen zerst\u00f6rt und der Fettgehalt der Haut reduziert.<\/p>\n<p style=\"text-align: center;\"><img decoding=\"async\" style=\"max-width: 250px;\" src=\"\/wp-content\/uploads\/2022\/08\/elos-04-lecheniye-akne.jpg\" \/><\/p>\n<ul class=\"styled_list\">\n<li><span class=\"num\">5<\/span><strong>Entfernung von Sommersprossen, Pigmentierung<\/strong> (560-1200nm) (optional)<\/li>\n<\/ul>\n<p>Der Problembereich wird Elos-Licht ausgesetzt. Eine spezielle D\u00fcse unseres Ger\u00e4ts erm\u00f6glicht es Ihnen, die tiefen Schichten der Epidermis zu beeinflussen. Zellen, die einer Pigmentierung unterzogen wurden, erhalten einen starken Strom von OPT-Licht und erw\u00e4rmen sich dadurch, und der bipolare Strom hilft, das Pigment zu zerst\u00f6ren. Dann werden die abgestorbenen pigmentierten Zellen entfernt, wodurch die Pigmentierung verschwindet, und was wichtig ist, ELOS erm\u00f6glicht es, Sommersprossen zu behandeln, ohne die Haut selbst zu sch\u00e4digen. Nach dem Eingriff verdunkeln sich die lokal behandelten Bereiche und nach einigen Tagen erh\u00e4lt die Haut ihre einheitliche Farbe zur\u00fcck, jedoch ohne Pigmentierung - sie verschwindet.<\/p>\n<p style=\"text-align: center;\"><img decoding=\"async\" style=\"max-width: 250px;\" src=\"\/wp-content\/uploads\/2022\/08\/elos-04-udalenoye-vesnushek-i-pegmentaciyi.jpg\" \/><\/p>\n<p>Beim Kauf eines M\u00e4hdreschers <strong>Elos 04 A.M.T.<\/strong> wird Ihnen und Ihren Kosmetikerinnen beibringen, wie man mit dem Ger\u00e4t arbeitet, seinen Betrieb \u00fcberwacht, es richtig mit anderen Verfahren Ihres Salons kombiniert und die richtigen zus\u00e4tzlichen Dienstleistungen f\u00fcr Kunden ausw\u00e4hlt. Das Studium umfasst einen theoretischen und einen praktischen Teil mit Erprobung an Modellen. Am Ende der Schulung stellt Ihnen das Unternehmen ein europ\u00e4isches Diplom aus und bietet Ihnen st\u00e4ndige beratende Unterst\u00fctzung durch einen Spezialisten bei der Arbeit mit dem Ger\u00e4t.<\/p>\n<p>Das OPT-Ger\u00e4t l\u00f6st die Probleme der Reduzierung der Energie des herk\u00f6mmlichen IPL und reduziert die erste Spitze der Impulsenergie, die gleiche Energie in jedem Impuls, wir f\u00fchlen uns weniger schmerzhaft und die Wirkung ist besser als bei herk\u00f6mmlichem IPL und verk\u00fcrzt das Verfahren.<\/p>\n<table style=\"border-collapse: collapse; width: 100%; border: 0px;\">\n<tbody>\n<tr>\n<td style=\"width: 50%; vertical-align: middle;\"><img decoding=\"async\" class=\"aligncenter\" src=\"\/wp-content\/uploads\/2021\/11\/S3C-apparat-deatils-2.jpg\" \/><\/td>\n<td style=\"width: 50%; vertical-align: middle;\"><img decoding=\"async\" class=\"aligncenter\" src=\"\/wp-content\/uploads\/2021\/11\/S3C-apparat-deatils-1.jpg\" \/><\/td>\n<\/tr>\n<\/tbody>\n<\/table>","protected":false},"excerpt":{"rendered":"<p>Fotolaser <strong>Elos 04 der europ\u00e4ischen Firma &quot;A.M.T.&quot;<\/strong> ist eine neue OPT-Technologie, die Ihrem Unternehmen neue M\u00f6glichkeiten bietet, seinen Kunden qualitativ hochwertige Dienstleistungen anzubieten!<\/p>","protected":false},"featured_media":2239,"comment_status":"open","ping_status":"closed","template":"","meta":{"site-sidebar-layout":"default","site-content-layout":"default","ast-main-header-display":"","ast-hfb-above-header-display":"","ast-hfb-below-header-display":"","ast-hfb-mobile-header-display":"","site-post-title":"","ast-breadcrumbs-content":"","ast-featured-img":"","footer-sml-layout":"","theme-transparent-header-meta":"default","adv-header-id-meta":"","stick-header-meta":"","header-above-stick-meta":"","header-main-stick-meta":"","header-below-stick-meta":""},"product_cat":[36,46],"product_tag":[],"yoast_head":"<!-- This site is optimized with the Yoast SEO Premium plugin v15.6.2 - https:\/\/yoast.com\/wordpress\/plugins\/seo\/ -->\n<title>Elos 04 - \u042d\u0441\u0442\u0435\u0442\u0438\u0447\u0435\u0441\u043a\u0438\u0435 \u041c\u0435\u0434\u0438\u0446\u0438\u043d\u0441\u043a\u0438\u0435 \u0422\u0435\u0445\u043d\u043e\u043b\u043e\u0433\u0438\u0438 - Aesthetic Medical Technology<\/title>\n<meta name=\"robots\" content=\"index, follow, max-snippet:-1, max-image-preview:large, max-video-preview:-1\" \/>\n<link rel=\"canonical\" href=\"https:\/\/amt.eu.com\/de\/produkt\/elos-o4\/\" \/>\n<meta property=\"og:locale\" content=\"de_DE\" \/>\n<meta property=\"og:type\" content=\"article\" \/>\n<meta property=\"og:title\" content=\"Elos 04 - \u042d\u0441\u0442\u0435\u0442\u0438\u0447\u0435\u0441\u043a\u0438\u0435 \u041c\u0435\u0434\u0438\u0446\u0438\u043d\u0441\u043a\u0438\u0435 \u0422\u0435\u0445\u043d\u043e\u043b\u043e\u0433\u0438\u0438 - Aesthetic Medical Technology\" \/>\n<meta property=\"og:description\" content=\"\u0424\u043e\u0442\u043e\u043b\u0430\u0437\u0435\u0440 Elos 04 \u0415\u0432\u0440\u043e\u043f\u0435\u0439\u0441\u043a\u043e\u0439\u00a0 \u0444\u0438\u0440\u043c\u044b \u00ab\u0410.\u041c.\u0422.\u00bb - \u044d\u0442\u043e \u043d\u043e\u0432\u0430\u044f OPT \u0442\u0435\u0445\u043d\u043e\u043b\u043e\u0433\u0438\u044f, \u0430 \u0437\u043d\u0430\u0447\u0438\u0442 \u043d\u043e\u0432\u044b\u0435 \u0432\u043e\u0437\u043c\u043e\u0436\u043d\u043e\u0441\u0442\u0438 \u0432\u0430\u0448\u0435\u0439 \u0444\u0438\u0440\u043c\u044b \u043f\u043e \u043f\u0440\u0435\u0434\u043e\u0441\u0442\u0430\u0432\u043b\u0435\u043d\u0438\u044e \u043a\u0430\u0447\u0435\u0441\u0442\u0432\u0435\u043d\u043d\u044b\u0445 \u0443\u0441\u043b\u0443\u0433 \u0441\u0432\u043e\u0438\u043c \u043a\u043b\u0438\u0435\u043d\u0442\u0430\u043c!\" \/>\n<meta property=\"og:url\" content=\"https:\/\/amt.eu.com\/de\/produkt\/elos-o4\/\" \/>\n<meta property=\"og:site_name\" content=\"\u042d\u0441\u0442\u0435\u0442\u0438\u0447\u0435\u0441\u043a\u0438\u0435 \u041c\u0435\u0434\u0438\u0446\u0438\u043d\u0441\u043a\u0438\u0435 \u0422\u0435\u0445\u043d\u043e\u043b\u043e\u0433\u0438\u0438 - Aesthetic Medical Technology\" \/>\n<meta property=\"article:modified_time\" content=\"2022-08-19T14:26:27+00:00\" \/>\n<meta property=\"og:image\" content=\"https:\/\/amt.eu.com\/wp-content\/uploads\/2021\/11\/S3C-1-scaled.jpg\" \/>\n\t<meta property=\"og:image:width\" content=\"2560\" \/>\n\t<meta property=\"og:image:height\" content=\"2560\" \/>\n<meta name=\"twitter:card\" content=\"summary_large_image\" \/>\n<meta name=\"twitter:label1\" content=\"Gesch\u00e4tzte Lesezeit\">\n\t<meta name=\"twitter:data1\" content=\"6 Minuten\">\n<script type=\"application\/ld+json\" class=\"yoast-schema-graph\">{\"@context\":\"https:\/\/schema.org\",\"@graph\":[{\"@type\":\"WebSite\",\"@id\":\"https:\/\/amt.eu.com\/#website\",\"url\":\"https:\/\/amt.eu.com\/\",\"name\":\"\\u042d\\u0441\\u0442\\u0435\\u0442\\u0438\\u0447\\u0435\\u0441\\u043a\\u0438\\u0435 \\u041c\\u0435\\u0434\\u0438\\u0446\\u0438\\u043d\\u0441\\u043a\\u0438\\u0435 \\u0422\\u0435\\u0445\\u043d\\u043e\\u043b\\u043e\\u0433\\u0438\\u0438 - Aesthetic Medical Technology\",\"description\":\"\\u041c\\u0435\\u0434\\u0438\\u0446\\u0438\\u043d\\u0441\\u043a\\u0438\\u0435 \\u0442\\u0435\\u0445\\u043d\\u043e\\u043b\\u043e\\u0433\\u0438\\u0438 \\u0438 \\u043f\\u0440\\u043e\\u0446\\u0435\\u0434\\u0443\\u0440\\u044b\",\"potentialAction\":[{\"@type\":\"SearchAction\",\"target\":\"https:\/\/amt.eu.com\/?s={search_term_string}\",\"query-input\":\"required name=search_term_string\"}],\"inLanguage\":\"de-DE\"},{\"@type\":\"ImageObject\",\"@id\":\"https:\/\/amt.eu.com\/product\/elos-o4\/#primaryimage\",\"inLanguage\":\"de-DE\",\"url\":\"https:\/\/amt.eu.com\/wp-content\/uploads\/2021\/11\/S3C-1-scaled.jpg\",\"width\":2560,\"height\":2560},{\"@type\":\"WebPage\",\"@id\":\"https:\/\/amt.eu.com\/product\/elos-o4\/#webpage\",\"url\":\"https:\/\/amt.eu.com\/product\/elos-o4\/\",\"name\":\"Elos 04 - \\u042d\\u0441\\u0442\\u0435\\u0442\\u0438\\u0447\\u0435\\u0441\\u043a\\u0438\\u0435 \\u041c\\u0435\\u0434\\u0438\\u0446\\u0438\\u043d\\u0441\\u043a\\u0438\\u0435 \\u0422\\u0435\\u0445\\u043d\\u043e\\u043b\\u043e\\u0433\\u0438\\u0438 - Aesthetic Medical Technology\",\"isPartOf\":{\"@id\":\"https:\/\/amt.eu.com\/#website\"},\"primaryImageOfPage\":{\"@id\":\"https:\/\/amt.eu.com\/product\/elos-o4\/#primaryimage\"},\"datePublished\":\"2021-11-04T01:15:57+00:00\",\"dateModified\":\"2022-08-19T14:26:27+00:00\",\"breadcrumb\":{\"@id\":\"https:\/\/amt.eu.com\/product\/elos-o4\/#breadcrumb\"},\"inLanguage\":\"de-DE\",\"potentialAction\":[{\"@type\":\"ReadAction\",\"target\":[\"https:\/\/amt.eu.com\/product\/elos-o4\/\"]}]},{\"@type\":\"BreadcrumbList\",\"@id\":\"https:\/\/amt.eu.com\/product\/elos-o4\/#breadcrumb\",\"itemListElement\":[{\"@type\":\"ListItem\",\"position\":1,\"item\":{\"@type\":\"WebPage\",\"@id\":\"https:\/\/amt.eu.com\/\",\"url\":\"https:\/\/amt.eu.com\/\",\"name\":\"\"}},{\"@type\":\"ListItem\",\"position\":2,\"item\":{\"@type\":\"WebPage\",\"@id\":\"https:\/\/amt.eu.com\/shop\/\",\"url\":\"https:\/\/amt.eu.com\/shop\/\",\"name\":\"\\u041c\\u0430\\u0433\\u0430\\u0437\\u0438\\u043d\"}},{\"@type\":\"ListItem\",\"position\":3,\"item\":{\"@type\":\"WebPage\",\"@id\":\"https:\/\/amt.eu.com\/product\/elos-o4\/\",\"url\":\"https:\/\/amt.eu.com\/product\/elos-o4\/\",\"name\":\"Elos 04\"}}]}]}<\/script>\n<!-- \/ Yoast SEO Premium plugin. -->","_links":{"self":[{"href":"https:\/\/amt.eu.com\/de\/wp-json\/wp\/v2\/product\/662"}],"collection":[{"href":"https:\/\/amt.eu.com\/de\/wp-json\/wp\/v2\/product"}],"about":[{"href":"https:\/\/amt.eu.com\/de\/wp-json\/wp\/v2\/types\/product"}],"replies":[{"embeddable":true,"href":"https:\/\/amt.eu.com\/de\/wp-json\/wp\/v2\/comments?post=662"}],"wp:featuredmedia":[{"embeddable":true,"href":"https:\/\/amt.eu.com\/de\/wp-json\/wp\/v2\/media\/2239"}],"wp:attachment":[{"href":"https:\/\/amt.eu.com\/de\/wp-json\/wp\/v2\/media?parent=662"}],"wp:term":[{"taxonomy":"product_cat","embeddable":true,"href":"https:\/\/amt.eu.com\/de\/wp-json\/wp\/v2\/product_cat?post=662"},{"taxonomy":"product_tag","embeddable":true,"href":"https:\/\/amt.eu.com\/de\/wp-json\/wp\/v2\/product_tag?post=662"}],"curies":[{"name":"wp","href":"https:\/\/api.w.org\/{rel}","templated":true}]}}