{"id":1033,"date":"2021-11-24T16:14:47","date_gmt":"2021-11-24T13:14:47","guid":{"rendered":"https:\/\/amt.eu.com\/?post_type=product&#038;p=1033"},"modified":"2022-05-11T17:28:32","modified_gmt":"2022-05-11T14:28:32","slug":"2249-6-motors-coffee-brown","status":"publish","type":"product","link":"https:\/\/amt.eu.com\/pl\/produkt\/2249-6-motors-coffee-brown\/","title":{"rendered":"2249\/6 silniki (kawowy br\u0105z)"},"content":{"rendered":"","protected":false},"excerpt":{"rendered":"<p>Wysokiej klasy fotel kosmetyczny wyposa\u017cony w 6 silnik\u00f3w elektrycznych do regulacji wysoko\u015bci oparcia, pochylenia siedziska oraz sterowania podn\u00f3\u017ckiem. Wygodne prze\u0142\u0105czniki no\u017cne umo\u017cliwiaj\u0105 pe\u0142n\u0105 kontrol\u0119 nad wszystkimi funkcjami, kt\u00f3re uwalniaj\u0105 r\u0119ce. Wysokiej jako\u015bci poliuretanowa tapicerka zapewnia \u0142atwe czyszczenie.<\/p>","protected":false},"featured_media":1036,"comment_status":"open","ping_status":"closed","template":"","meta":{"site-sidebar-layout":"default","site-content-layout":"default","ast-main-header-display":"","ast-hfb-above-header-display":"","ast-hfb-below-header-display":"","ast-hfb-mobile-header-display":"","site-post-title":"","ast-breadcrumbs-content":"","ast-featured-img":"","footer-sml-layout":"","theme-transparent-header-meta":"default","adv-header-id-meta":"","stick-header-meta":"","header-above-stick-meta":"","header-main-stick-meta":"","header-below-stick-meta":""},"product_cat":[36,47],"product_tag":[],"yoast_head":"<!-- This site is optimized with the Yoast SEO Premium plugin v15.6.2 - https:\/\/yoast.com\/wordpress\/plugins\/seo\/ -->\n<title>2249\/6 motors (coffee brown) - \u042d\u0441\u0442\u0435\u0442\u0438\u0447\u0435\u0441\u043a\u0438\u0435 \u041c\u0435\u0434\u0438\u0446\u0438\u043d\u0441\u043a\u0438\u0435 \u0422\u0435\u0445\u043d\u043e\u043b\u043e\u0433\u0438\u0438 - Aesthetic Medical Technology<\/title>\n<meta name=\"robots\" content=\"index, follow, max-snippet:-1, max-image-preview:large, max-video-preview:-1\" \/>\n<link rel=\"canonical\" href=\"https:\/\/amt.eu.com\/pl\/produkt\/2249-6-motors-coffee-brown\/\" \/>\n<meta property=\"og:locale\" content=\"pl_PL\" \/>\n<meta property=\"og:type\" content=\"article\" \/>\n<meta property=\"og:title\" content=\"2249\/6 motors (coffee brown) - \u042d\u0441\u0442\u0435\u0442\u0438\u0447\u0435\u0441\u043a\u0438\u0435 \u041c\u0435\u0434\u0438\u0446\u0438\u043d\u0441\u043a\u0438\u0435 \u0422\u0435\u0445\u043d\u043e\u043b\u043e\u0433\u0438\u0438 - Aesthetic Medical Technology\" \/>\n<meta property=\"og:description\" content=\"\u0412\u044b\u0441\u043e\u043a\u043e\u043a\u043b\u0430\u0441\u0441\u043d\u043e\u0435 \u043a\u0440\u0435\u0441\u043b\u043e \u043a\u0440\u0430\u0441\u043e\u0442\u044b, \u043e\u0441\u043d\u0430\u0449\u0435\u043d\u043d\u043e\u0435 6 \u044d\u043b\u0435\u043a\u0442\u0440\u043e\u0434\u0432\u0438\u0433\u0430\u0442\u0435\u043b\u044f\u043c\u0438 \u0434\u043b\u044f \u0440\u0435\u0433\u0443\u043b\u0438\u0440\u043e\u0432\u0430\u043d\u0438\u044f \u0432\u044b\u0441\u043e\u0442\u044b \u0441\u043f\u0438\u043d\u043a\u0438, \u043d\u0430\u043a\u043b\u043e\u043d\u0430 \u0441\u0438\u0434\u0435\u043d\u044c\u044f \u0438 \u0443\u043f\u0440\u0430\u0432\u043b\u0435\u043d\u0438\u044f \u043f\u043e\u0434\u043d\u043e\u0436\u043a\u0430\u043c\u0438. \u0423\u0434\u043e\u0431\u043d\u044b\u0435 \u043d\u043e\u0436\u043d\u044b\u0435 \u043f\u0435\u0440\u0435\u043a\u043b\u044e\u0447\u0430\u0442\u0435\u043b\u0438, \u043f\u043e\u0437\u0432\u043e\u043b\u044f\u044e\u0442 \u043f\u043e\u043b\u043d\u043e\u0441\u0442\u044c\u044e \u043a\u043e\u043d\u0442\u0440\u043e\u043b\u0438\u0440\u043e\u0432\u0430\u0442\u044c \u0432\u0441\u0435 \u0444\u0443\u043d\u043a\u0446\u0438\u0438, \u043a\u043e\u0442\u043e\u0440\u044b\u0435 \u043e\u0441\u0432\u043e\u0431\u043e\u0436\u0434\u0430\u044e\u0442 \u0440\u0443\u043a\u0438. \u0412\u044b\u0441\u043e\u043a\u043e\u043a\u0430\u0447\u0435\u0441\u0442\u0432\u0435\u043d\u043d\u0430\u044f \u043f\u043e\u043b\u0438\u0443\u0440\u0435\u0442\u0430\u043d\u043e\u0432\u0430\u044f \u043e\u0431\u0438\u0432\u043a\u0430 \u043e\u0431\u0435\u0441\u043f\u0435\u0447\u0438\u0432\u0430\u0435\u0442 \u043b\u0435\u0433\u043a\u0443\u044e \u0443\u0431\u043e\u0440\u043a\u0443.\" \/>\n<meta property=\"og:url\" content=\"https:\/\/amt.eu.com\/pl\/produkt\/2249-6-motors-coffee-brown\/\" \/>\n<meta property=\"og:site_name\" content=\"\u042d\u0441\u0442\u0435\u0442\u0438\u0447\u0435\u0441\u043a\u0438\u0435 \u041c\u0435\u0434\u0438\u0446\u0438\u043d\u0441\u043a\u0438\u0435 \u0422\u0435\u0445\u043d\u043e\u043b\u043e\u0433\u0438\u0438 - Aesthetic Medical Technology\" \/>\n<meta property=\"article:modified_time\" content=\"2022-05-11T14:28:32+00:00\" \/>\n<meta property=\"og:image\" content=\"https:\/\/amt.eu.com\/wp-content\/uploads\/2021\/11\/2249-A69-min.jpg\" \/>\n\t<meta property=\"og:image:width\" content=\"2000\" \/>\n\t<meta property=\"og:image:height\" content=\"2000\" \/>\n<meta name=\"twitter:card\" content=\"summary_large_image\" \/>\n<script type=\"application\/ld+json\" class=\"yoast-schema-graph\">{\"@context\":\"https:\/\/schema.org\",\"@graph\":[{\"@type\":\"WebSite\",\"@id\":\"https:\/\/amt.eu.com\/#website\",\"url\":\"https:\/\/amt.eu.com\/\",\"name\":\"\\u042d\\u0441\\u0442\\u0435\\u0442\\u0438\\u0447\\u0435\\u0441\\u043a\\u0438\\u0435 \\u041c\\u0435\\u0434\\u0438\\u0446\\u0438\\u043d\\u0441\\u043a\\u0438\\u0435 \\u0422\\u0435\\u0445\\u043d\\u043e\\u043b\\u043e\\u0433\\u0438\\u0438 - Aesthetic Medical Technology\",\"description\":\"\\u041c\\u0435\\u0434\\u0438\\u0446\\u0438\\u043d\\u0441\\u043a\\u0438\\u0435 \\u0442\\u0435\\u0445\\u043d\\u043e\\u043b\\u043e\\u0433\\u0438\\u0438 \\u0438 \\u043f\\u0440\\u043e\\u0446\\u0435\\u0434\\u0443\\u0440\\u044b\",\"potentialAction\":[{\"@type\":\"SearchAction\",\"target\":\"https:\/\/amt.eu.com\/?s={search_term_string}\",\"query-input\":\"required name=search_term_string\"}],\"inLanguage\":\"pl-PL\"},{\"@type\":\"ImageObject\",\"@id\":\"https:\/\/amt.eu.com\/product\/2249-6-motors-coffee-brown\/#primaryimage\",\"inLanguage\":\"pl-PL\",\"url\":\"https:\/\/amt.eu.com\/wp-content\/uploads\/2021\/11\/2249-A69-min.jpg\",\"width\":2000,\"height\":2000},{\"@type\":\"WebPage\",\"@id\":\"https:\/\/amt.eu.com\/product\/2249-6-motors-coffee-brown\/#webpage\",\"url\":\"https:\/\/amt.eu.com\/product\/2249-6-motors-coffee-brown\/\",\"name\":\"2249\/6 motors (coffee brown) - \\u042d\\u0441\\u0442\\u0435\\u0442\\u0438\\u0447\\u0435\\u0441\\u043a\\u0438\\u0435 \\u041c\\u0435\\u0434\\u0438\\u0446\\u0438\\u043d\\u0441\\u043a\\u0438\\u0435 \\u0422\\u0435\\u0445\\u043d\\u043e\\u043b\\u043e\\u0433\\u0438\\u0438 - Aesthetic Medical Technology\",\"isPartOf\":{\"@id\":\"https:\/\/amt.eu.com\/#website\"},\"primaryImageOfPage\":{\"@id\":\"https:\/\/amt.eu.com\/product\/2249-6-motors-coffee-brown\/#primaryimage\"},\"datePublished\":\"2021-11-24T13:14:47+00:00\",\"dateModified\":\"2022-05-11T14:28:32+00:00\",\"breadcrumb\":{\"@id\":\"https:\/\/amt.eu.com\/product\/2249-6-motors-coffee-brown\/#breadcrumb\"},\"inLanguage\":\"pl-PL\",\"potentialAction\":[{\"@type\":\"ReadAction\",\"target\":[\"https:\/\/amt.eu.com\/product\/2249-6-motors-coffee-brown\/\"]}]},{\"@type\":\"BreadcrumbList\",\"@id\":\"https:\/\/amt.eu.com\/product\/2249-6-motors-coffee-brown\/#breadcrumb\",\"itemListElement\":[{\"@type\":\"ListItem\",\"position\":1,\"item\":{\"@type\":\"WebPage\",\"@id\":\"https:\/\/amt.eu.com\/\",\"url\":\"https:\/\/amt.eu.com\/\",\"name\":\"\"}},{\"@type\":\"ListItem\",\"position\":2,\"item\":{\"@type\":\"WebPage\",\"@id\":\"https:\/\/amt.eu.com\/shop\/\",\"url\":\"https:\/\/amt.eu.com\/shop\/\",\"name\":\"\\u041c\\u0430\\u0433\\u0430\\u0437\\u0438\\u043d\"}},{\"@type\":\"ListItem\",\"position\":3,\"item\":{\"@type\":\"WebPage\",\"@id\":\"https:\/\/amt.eu.com\/product\/2249-6-motors-coffee-brown\/\",\"url\":\"https:\/\/amt.eu.com\/product\/2249-6-motors-coffee-brown\/\",\"name\":\"2249\/6 motors (coffee brown)\"}}]}]}<\/script>\n<!-- \/ Yoast SEO Premium plugin. -->","_links":{"self":[{"href":"https:\/\/amt.eu.com\/pl\/wp-json\/wp\/v2\/product\/1033"}],"collection":[{"href":"https:\/\/amt.eu.com\/pl\/wp-json\/wp\/v2\/product"}],"about":[{"href":"https:\/\/amt.eu.com\/pl\/wp-json\/wp\/v2\/types\/product"}],"replies":[{"embeddable":true,"href":"https:\/\/amt.eu.com\/pl\/wp-json\/wp\/v2\/comments?post=1033"}],"wp:featuredmedia":[{"embeddable":true,"href":"https:\/\/amt.eu.com\/pl\/wp-json\/wp\/v2\/media\/1036"}],"wp:attachment":[{"href":"https:\/\/amt.eu.com\/pl\/wp-json\/wp\/v2\/media?parent=1033"}],"wp:term":[{"taxonomy":"product_cat","embeddable":true,"href":"https:\/\/amt.eu.com\/pl\/wp-json\/wp\/v2\/product_cat?post=1033"},{"taxonomy":"product_tag","embeddable":true,"href":"https:\/\/amt.eu.com\/pl\/wp-json\/wp\/v2\/product_tag?post=1033"}],"curies":[{"name":"wp","href":"https:\/\/api.w.org\/{rel}","templated":true}]}}