{"id":2210,"date":"2022-02-03T17:38:56","date_gmt":"2022-02-03T14:38:56","guid":{"rendered":"https:\/\/amt.eu.com\/?post_type=product&#038;p=2210"},"modified":"2022-10-22T14:21:52","modified_gmt":"2022-10-22T11:21:52","slug":"ns-1200","status":"publish","type":"product","link":"https:\/\/amt.eu.com\/pl\/produkt\/ns-1200\/","title":{"rendered":"NS-1200"},"content":{"rendered":"<h3>Laser nanosekundowy NS-1200 europejskiej firmy \u201eA.M.T.\u201d<\/h3>\n<p>Laser nanosekundowy NS-1200 firmy A.M.T. to nowa technologia nanolaser\u00f3w w kosmetologii, kt\u00f3ra mo\u017ce zadziwi\u0107 i zaskoczy\u0107 nawet sceptyk\u00f3w. Laser ten nale\u017cy do profesjonalnego sprz\u0119tu i wykonuje szeroki zakres us\u0142ug na twarz i cia\u0142o.<\/p>\n<p><strong>Jaka jest jego zasadnicza r\u00f3\u017cnica w por\u00f3wnaniu z innymi laserami? Co sprawia, \u017ce NS-1200 jest tak bezpieczny i skuteczny?<\/strong><\/p>\n<p>Laser nanosekundowy pracuje przy d\u0142ugo\u015bci fali 532 i 1064 nm. Jego g\u0142\u00f3wnym \u201ecelem\u201d lub chromoforem jest pigment melaniny. Czas trwania impuls\u00f3w laserowych to zaledwie kilka nanosekund, natomiast energia impulsu si\u0119ga 1200 mJ, co umo\u017cliwia dostarczenie takiej ilo\u015bci energii do tkanek w tak kr\u00f3tkim czasie.<\/p>\n<p>Zasada dzia\u0142ania: wi\u0105zka lasera jest poch\u0142aniana przez pigment tatua\u017cu i dzieli go na mniejsze cz\u0105steczki, kt\u00f3re s\u0105 wydalane z organizmu przez uk\u0142ad limfatyczny. Ju\u017c po pierwszej ekspozycji obserwuje si\u0119 zauwa\u017calne rozja\u015bnienie pigmentu tatua\u017cu, a tatua\u017c usuwany jest w 2-4 zabiegach.<\/p>\n<h3>Jakie zadania rozwi\u0105zuje laser NS-1200?<\/h3>\n<p>Laser nanosekundowy dostarcza impuls, kt\u00f3ry niczym pot\u0119\u017cna fala uderzeniowa o ultrakr\u00f3tkim czasie trwania rozbija du\u017ce cz\u0105steczki pigmentu na py\u0142 - nawet je\u015bli maj\u0105 jasny odcie\u0144, a ciemniejsze odcienie, takie jak czer\u0144, szaro\u015b\u0107, br\u0105z, mo\u017cna usun\u0105\u0107 r\u00f3wnie \u0142atwo i bez trudno\u015bci. W takim przypadku kom\u00f3rki samej sk\u00f3ry pozostaj\u0105 nienaruszone i pozostaj\u0105 nienaruszone. Laser nanosekundowy NS-1200 korzystnie wp\u0142ywa na og\u00f3lny stan sk\u00f3ry, wyr\u00f3wnuj\u0105c jej powierzchni\u0119. Jego impuls uruchamia procesy neokolagenogenezy, wyd\u0142u\u017cania w\u0142\u00f3kien elastyny i tworzenia nowych naczy\u0144. Oznacza to, \u017ce struktura sk\u00f3ry jest aktualizowana i ulepszana, a wszystko to bez \u017cadnych uszkodze\u0144.<\/p>\n<h3>Jakie procedury wykonuje nanosekundowy laser AMT:<\/h3>\n<ul>\n<li>usuwanie tatua\u017cy i tatua\u017cy o r\u00f3\u017cnym stopniu z\u0142o\u017cono\u015bci;<\/li>\n<li>rozja\u015bnienie i odm\u0142odzenie sk\u00f3ry twarzy, szyi, dekoltu i d\u0142oni;<\/li>\n<li>rozwi\u0105zanie problemu przebarwie\u0144, usuni\u0119cie plam starczych na dowolnych cz\u0119\u015bciach cia\u0142a i twarzy;<\/li>\n<li>zmniejszenie g\u0142\u0119boko\u015bci zmarszczek i rozszerzonych por\u00f3w;<\/li>\n<li>walka z wysypkami, dzia\u0142anie antybakteryjne;<\/li>\n<li>leczenie grzybicy paznokci (grzyb p\u0142ytki paznokcia);<\/li>\n<li>eliminacja t\u0142ustego po\u0142ysku \u2013 peeling laserem w\u0119glowym.<\/li>\n<\/ul>\n<p><strong>Zamiast na\u015bwietlania fototermicznego, laser oddzia\u0142uje na sk\u00f3r\u0119 pacjenta poprzez bezpieczniejszy \u2013 efekt fotomechaniczny.<\/strong><\/p>\n<p><strong>Por\u00f3wnywa\u0107<\/strong><\/p>\n<table style=\"border-collapse: collapse; width: 100%;\">\n<tbody>\n<tr>\n<td style=\"width: 50%;\"><strong>Efekt fototermiczny<\/strong><\/p>\n<ul>\n<li>Okres rekonwalescencji - ponad tydzie\u0144<\/li>\n<li>B\u00f3l jest znaczny, wymagane jest znieczulenie<\/li>\n<li>Czas trwania zabieg\u00f3w to 30-90 minut<\/li>\n<\/ul>\n<\/td>\n<td style=\"width: 50%;\"><strong>Efekt fotomechaniczny<\/strong><\/p>\n<ul>\n<li>Regeneracja - 5-24 godziny<\/li>\n<li>B\u00f3l jest minimalny, znieczulenie nie jest wymagane<\/li>\n<li>Czas trwania zabiegu to 5-20 minut.<\/li>\n<\/ul>\n<\/td>\n<\/tr>\n<\/tbody>\n<\/table>\n<h3>Zalety naszego urz\u0105dzenia:<\/h3>\n<div class=\"advantages\">\n<div class=\"item\">\n<div class=\"header\">1.<\/div>\n<div class=\"content\">\n<ul>\n<li>Okres rekonwalescencji jest minimalny.<\/li>\n<li>Zaczerwienienie po zabiegu znika po 5-24 godzinach.<\/li>\n<li>Nask\u00f3rek nie jest uszkodzony termicznie. W tym przypadku zabieg jest r\u00f3wnie skuteczny jak agresywne metody ablacji.<\/li>\n<li>Dla klienta i Twojego salonu oznacza to, \u017ce nie ma ryzyka zwi\u0105zanego z pigmentacj\u0105 pourazow\u0105, gaz\u0105, infekcjami itp.<\/li>\n<li>Dla klienta jest to odm\u0142odzenie bez ograniczania aktywno\u015bci spo\u0142ecznej.<\/li>\n<li>Dzi\u0119ki temu klienci chc\u0105 przeprowadza\u0107 zabieg raz za razem, poniewa\u017c nie musz\u0105 przeznacza\u0107 specjalnego czasu, kiedy nie mog\u0105 wyj\u015b\u0107.<\/li>\n<\/ul>\n<\/div>\n<\/div>\n<p><!-----><\/p>\n<div class=\"item\">\n<div class=\"header\">2.<\/div>\n<div class=\"content\">\n<ul>\n<li>Mo\u017cesz wykona\u0107 zabieg o ka\u017cdej porze roku. Nawet latem!<\/li>\n<li>Mo\u017cesz nawi\u0105za\u0107 sta\u0142y przep\u0142yw klient\u00f3w z dowolnym fototypem sk\u00f3ry i o ka\u017cdej porze roku.<\/li>\n<li>Dla klienta oznacza to mo\u017cliwo\u015b\u0107 dobrego wygl\u0105du o ka\u017cdej porze roku.<\/li>\n<\/ul>\n<\/div>\n<\/div>\n<p><!-----><\/p>\n<div class=\"item\">\n<div class=\"header\">3.<\/div>\n<div class=\"content\">\n<ul>\n<li>Usuwa nawet &quot;stare&quot; tatua\u017ce i robi to 2 razy szybciej ni\u017c &quot;poprzednicy&quot;.<\/li>\n<li>Usuwa tatua\u017ce, kt\u00f3rych nie uda\u0142o si\u0119 usun\u0105\u0107 innymi laserami. Zajmuje 2 razy mniej sesji ni\u017c przy usuwaniu lasera poprzedniej generacji. Dobry wynik widoczny jest ju\u017c po 1-2 sesjach. Przerwa mi\u0119dzy sesjami to oko\u0142o 5 tygodni. Dla salonu oznacza to \u2013 mo\u017cesz przyci\u0105gn\u0105\u0107 wi\u0119cej klient\u00f3w. W tym tych, kt\u00f3rzy nie mogli usun\u0105\u0107 tatua\u017cu innymi laserami.<\/li>\n<li>Dla Twojej klientki to szansa na szybsze pozbycie si\u0119 tatua\u017cu. Nawet je\u015bli wcze\u015bniej nie wysz\u0142o.<\/li>\n<\/ul>\n<\/div>\n<\/div>\n<p><!-----><\/p>\n<div class=\"item\">\n<div class=\"header\">4.<\/div>\n<div class=\"content\">\n<ul>\n<li>Zabiegi s\u0105 praktycznie bezbolesne.<\/li>\n<li>Dzia\u0142anie lasera jest fotomechaniczne, a nie fototermiczne. Kom\u00f3rki nie nagrzewaj\u0105 si\u0119, dzi\u0119ki czemu sk\u00f3ra nie jest uszkodzona. W ten spos\u00f3b klienci s\u0105 bardziej sk\u0142onni do mniej bezbolesnego zabiegu.<\/li>\n<\/ul>\n<\/div>\n<\/div>\n<p><!-----><\/p>\n<div class=\"item\">\n<div class=\"header\">5.<\/div>\n<div class=\"content\">\n<ul>\n<li>Szybko\u015b\u0107 procedury.<\/li>\n<li>Odm\u0142adzanie twarzy - 15 minut.<\/li>\n<li>Sesja usuwania tatua\u017cu - 10-15 minut.<\/li>\n<li>Usuwanie plam starczych - 15 minut.<\/li>\n<li>Dla Twojego salonu \u2013 mo\u017cliwo\u015b\u0107 przyjmowania wi\u0119kszej liczby klient\u00f3w dziennie.<\/li>\n<li>Klientowi \u0142atwiej b\u0119dzie znale\u017a\u0107 czas na wizyt\u0119 w salonie.<\/li>\n<\/ul>\n<\/div>\n<\/div>\n<\/div>\n<h3>Wyniki prac nad laserem pikosekundowym:<\/h3>\n<p><img decoding=\"async\" style=\"width: 50%;\" src=\"\/wp-content\/uploads\/2022\/10\/ns-1200-do-i-posle.jpg\" \/><img decoding=\"async\" style=\"width: 50%;\" src=\"\/wp-content\/uploads\/2022\/10\/ns-1200-do-i-posle-2.jpg\" \/><img decoding=\"async\" style=\"width: 50%;\" src=\"\/wp-content\/uploads\/2022\/10\/ns-1200-do-i-posle-3.jpg\" \/><img decoding=\"async\" style=\"width: 50%;\" src=\"\/wp-content\/uploads\/2022\/10\/ns-1200-do-i-posle-4.jpg\" \/><\/p>\n<h3>Po zakupie lasera NS-1200 nasza firma przeszkoli Ciebie i Twoje kosmetyczki:<\/h3>\n<ul class=\"styled_list\">\n<li><span class=\"num\">1<\/span>Jak prawid\u0142owo obs\u0142ugiwa\u0107 urz\u0105dzenie i monitorowa\u0107 jego dzia\u0142anie.<\/li>\n<li><span class=\"num\">2<\/span>Podpowiemy Ci, jak umiej\u0119tnie przeprowadzi\u0107 klienta przez ca\u0142y proces usuwania tatua\u017cu lub tatua\u017cu permanentnego oraz odpowiednio dba\u0107 o sk\u00f3r\u0119 w okresie rehabilitacji.<\/li>\n<li><span class=\"num\">3<\/span>Zdradzimy wiele sekret\u00f3w usuwania przebarwie\u0144 r\u00f3\u017cnego pochodzenia oraz obowi\u0105zkowego przygotowania klientki do takiego zabiegu.<\/li>\n<li><span class=\"num\">4<\/span>Dowiesz si\u0119, co decyduje o prawid\u0142owym usuni\u0119ciu tatua\u017cu, o indywidualnych cechach klient\u00f3w i pu\u0142apkach w procesie usuwania, zw\u0142aszcza starych tatua\u017cy.<\/li>\n<li><span class=\"num\">5<\/span>Nauczymy Ci\u0119, jak po\u0142\u0105czy\u0107 prac\u0119 lasera pikosekundowego i innych technologii sprz\u0119towych w walce z pigmentem na sk\u00f3rze.<\/li>\n<li><span class=\"num\">6<\/span>Nauczymy Ci\u0119 rozumie\u0107 zasad\u0119 dzia\u0142ania wszystkich laser\u00f3w do usuwania tatua\u017cy i makija\u017cu permanentnego, czym si\u0119 r\u00f3\u017cni\u0105 i na co nale\u017cy zwr\u00f3ci\u0107 uwag\u0119 przy ich wyborze.<\/li>\n<li><span class=\"num\">7<\/span>Dowiesz si\u0119, dlaczego wiele laser\u00f3w stacjonarnych nie jest skutecznych w usuwaniu tatua\u017cy i jaki jest b\u0142\u0105d salon\u00f3w, kt\u00f3re kupi\u0142y tanie urz\u0105dzenie.<\/li>\n<li><span class=\"num\">8<\/span>Nauczymy Ci\u0119, jak prawid\u0142owo zdiagnozowa\u0107 sk\u00f3r\u0119 klienta i dobra\u0107 niezb\u0119dne parametry w rozwi\u0105zaniu konkretnego problemu.<\/li>\n<li><span class=\"num\">9<\/span>Wystawimy niezb\u0119dne protoko\u0142y pracy, a na koniec kursu dyplom europejski.<\/li>\n<\/ul>\n<p>&nbsp;<\/p>\n<h3><b>Teoria leczenia<\/b><\/h3>\n<table style=\"border-collapse: collapse; width: 100%;\">\n<tbody>\n<tr>\n<td style=\"width: 50%;\"><img decoding=\"async\" src=\"\/wp-content\/uploads\/2022\/05\/NS-600-description.png\" \/><\/td>\n<td style=\"width: 50%;\"><img decoding=\"async\" src=\"\/wp-content\/uploads\/2022\/05\/NS-600-description-2.png\" \/><\/td>\n<\/tr>\n<\/tbody>\n<\/table>","protected":false},"excerpt":{"rendered":"<p>Laser emituje \u015bwiat\u0142o o okre\u015blonej d\u0142ugo\u015bci fali w ultrakr\u00f3tkich odst\u0119pach czasu (nanosekundy). Impulsy o wysokiej energii szczytowej s\u0105 poch\u0142aniane przez pigment i powoduj\u0105 natychmiastow\u0105 eksplozj\u0119, kt\u00f3ra jest zasad\u0105 rozb\u0142ysku \u015bwiat\u0142a. Cz\u0105steczki plam starczych rozpadaj\u0105 si\u0119 na fragmenty, z kt\u00f3rych niekt\u00f3re mog\u0105 odbija\u0107 si\u0119 od sk\u00f3ry, podczas gdy inne mog\u0105 by\u0107 rozbite na male\u0144kie cz\u0105stki, kt\u00f3re mog\u0105 zosta\u0107 poch\u0142oni\u0119te przez fagocyty, a nast\u0119pnie usuni\u0119te przez uk\u0142ad limfatyczny.<\/p>","protected":false},"featured_media":2214,"comment_status":"open","ping_status":"closed","template":"","meta":{"site-sidebar-layout":"default","site-content-layout":"default","ast-main-header-display":"","ast-hfb-above-header-display":"","ast-hfb-below-header-display":"","ast-hfb-mobile-header-display":"","site-post-title":"","ast-breadcrumbs-content":"","ast-featured-img":"","footer-sml-layout":"","theme-transparent-header-meta":"","adv-header-id-meta":"","stick-header-meta":"","header-above-stick-meta":"","header-main-stick-meta":"","header-below-stick-meta":""},"product_cat":[36,46],"product_tag":[],"yoast_head":"<!-- This site is optimized with the Yoast SEO Premium plugin v15.6.2 - https:\/\/yoast.com\/wordpress\/plugins\/seo\/ -->\n<title>NS-1200 - \u042d\u0441\u0442\u0435\u0442\u0438\u0447\u0435\u0441\u043a\u0438\u0435 \u041c\u0435\u0434\u0438\u0446\u0438\u043d\u0441\u043a\u0438\u0435 \u0422\u0435\u0445\u043d\u043e\u043b\u043e\u0433\u0438\u0438 - Aesthetic Medical Technology<\/title>\n<meta name=\"robots\" content=\"index, follow, max-snippet:-1, max-image-preview:large, max-video-preview:-1\" \/>\n<link rel=\"canonical\" href=\"https:\/\/amt.eu.com\/pl\/produkt\/ns-1200\/\" \/>\n<meta property=\"og:locale\" content=\"pl_PL\" \/>\n<meta property=\"og:type\" content=\"article\" \/>\n<meta property=\"og:title\" content=\"NS-1200 - \u042d\u0441\u0442\u0435\u0442\u0438\u0447\u0435\u0441\u043a\u0438\u0435 \u041c\u0435\u0434\u0438\u0446\u0438\u043d\u0441\u043a\u0438\u0435 \u0422\u0435\u0445\u043d\u043e\u043b\u043e\u0433\u0438\u0438 - Aesthetic Medical Technology\" \/>\n<meta property=\"og:description\" content=\"\u041b\u0430\u0437\u0435\u0440 \u0438\u0437\u043b\u0443\u0447\u0430\u0435\u0442 \u0441\u0432\u0435\u0442 \u043e\u043f\u0440\u0435\u0434\u0435\u043b\u0435\u043d\u043d\u043e\u0439 \u0434\u043b\u0438\u043d\u044b \u0432\u043e\u043b\u043d\u044b \u0432 \u0443\u043b\u044c\u0442\u0440\u0430\u043a\u043e\u0440\u043e\u0442\u043a\u0438\u0445 \u043f\u0440\u043e\u043c\u0435\u0436\u0443\u0442\u043a\u0430\u0445 (\u043d\u0430\u043d\u043e\u0441\u0435\u043a\u0443\u043d\u0434\u0430\u0445). \u0418\u043c\u043f\u0443\u043b\u044c\u0441\u044b \u0441 \u0432\u044b\u0441\u043e\u043a\u043e\u0439 \u043f\u0438\u043a\u043e\u0432\u043e\u0439 \u044d\u043d\u0435\u0440\u0433\u0438\u0435\u0439 \u043f\u043e\u0433\u043b\u043e\u0449\u0430\u044e\u0442\u0441\u044f \u043f\u0438\u0433\u043c\u0435\u043d\u0442\u043e\u043c \u0438 \u043f\u0440\u0438\u0432\u043e\u0434\u044f\u0442 \u043a \u043c\u0433\u043d\u043e\u0432\u0435\u043d\u043d\u043e\u043c\u0443 \u0432\u0437\u0440\u044b\u0432\u0443, \u0447\u0442\u043e \u044f\u0432\u043b\u044f\u0435\u0442\u0441\u044f \u043f\u0440\u0438\u043d\u0446\u0438\u043f\u043e\u043c \u0441\u0432\u0435\u0442\u043e\u0432\u043e\u0433\u043e \u0432\u0437\u0440\u044b\u0432\u0430. \u0427\u0430\u0441\u0442\u0438\u0446\u044b \u043f\u0438\u0433\u043c\u0435\u043d\u0442\u043d\u044b\u0445 \u043f\u044f\u0442\u0435\u043d \u0440\u0430\u0437\u0431\u0438\u0432\u0430\u044e\u0442\u0441\u044f \u043d\u0430 \u0444\u0440\u0430\u0433\u043c\u0435\u043d\u0442\u044b, \u043d\u0435\u043a\u043e\u0442\u043e\u0440\u044b\u0435 \u0438\u0437 \u043d\u0438\u0445 \u043c\u043e\u0433\u0443\u0442 \u043e\u0442\u0441\u043a\u043e\u0447\u0438\u0442\u044c \u043e\u0442 \u043a\u043e\u0436\u0438, \u0430 \u0434\u0440\u0443\u0433\u0438\u0435 \u043c\u043e\u0433\u0443\u0442 \u0431\u044b\u0442\u044c \u0440\u0430\u0441\u0449\u0435\u043f\u043b\u0435\u043d\u044b \u043d\u0430 \u043a\u0440\u043e\u0448\u0435\u0447\u043d\u044b\u0435 \u0447\u0430\u0441\u0442\u0438\u0446\u044b, \u043a\u043e\u0442\u043e\u0440\u044b\u0435 \u043c\u043e\u0433\u0443\u0442 \u0431\u044b\u0442\u044c \u043f\u043e\u0433\u043b\u043e\u0449\u0435\u043d\u044b \u0444\u0430\u0433\u043e\u0446\u0438\u0442\u0430\u043c\u0438 \u0438 \u0437\u0430\u0442\u0435\u043c \u0443\u0434\u0430\u043b\u0435\u043d\u044b \u043b\u0438\u043c\u0444\u0430\u0442\u0438\u0447\u0435\u0441\u043a\u043e\u0439 \u0441\u0438\u0441\u0442\u0435\u043c\u043e\u0439.\" \/>\n<meta property=\"og:url\" content=\"https:\/\/amt.eu.com\/pl\/produkt\/ns-1200\/\" \/>\n<meta property=\"og:site_name\" content=\"\u042d\u0441\u0442\u0435\u0442\u0438\u0447\u0435\u0441\u043a\u0438\u0435 \u041c\u0435\u0434\u0438\u0446\u0438\u043d\u0441\u043a\u0438\u0435 \u0422\u0435\u0445\u043d\u043e\u043b\u043e\u0433\u0438\u0438 - Aesthetic Medical Technology\" \/>\n<meta property=\"article:modified_time\" content=\"2022-10-22T11:21:52+00:00\" \/>\n<meta property=\"og:image\" content=\"https:\/\/amt.eu.com\/wp-content\/uploads\/2022\/02\/Yiliya-1064QCCH-1.jpg\" \/>\n\t<meta property=\"og:image:width\" content=\"2362\" \/>\n\t<meta property=\"og:image:height\" content=\"2362\" \/>\n<meta name=\"twitter:card\" content=\"summary_large_image\" \/>\n<meta name=\"twitter:label1\" content=\"Szacowany czas czytania\">\n\t<meta name=\"twitter:data1\" content=\"5 minut\">\n<script type=\"application\/ld+json\" class=\"yoast-schema-graph\">{\"@context\":\"https:\/\/schema.org\",\"@graph\":[{\"@type\":\"WebSite\",\"@id\":\"https:\/\/amt.eu.com\/#website\",\"url\":\"https:\/\/amt.eu.com\/\",\"name\":\"\\u042d\\u0441\\u0442\\u0435\\u0442\\u0438\\u0447\\u0435\\u0441\\u043a\\u0438\\u0435 \\u041c\\u0435\\u0434\\u0438\\u0446\\u0438\\u043d\\u0441\\u043a\\u0438\\u0435 \\u0422\\u0435\\u0445\\u043d\\u043e\\u043b\\u043e\\u0433\\u0438\\u0438 - Aesthetic Medical Technology\",\"description\":\"\\u041c\\u0435\\u0434\\u0438\\u0446\\u0438\\u043d\\u0441\\u043a\\u0438\\u0435 \\u0442\\u0435\\u0445\\u043d\\u043e\\u043b\\u043e\\u0433\\u0438\\u0438 \\u0438 \\u043f\\u0440\\u043e\\u0446\\u0435\\u0434\\u0443\\u0440\\u044b\",\"potentialAction\":[{\"@type\":\"SearchAction\",\"target\":\"https:\/\/amt.eu.com\/?s={search_term_string}\",\"query-input\":\"required name=search_term_string\"}],\"inLanguage\":\"pl-PL\"},{\"@type\":\"ImageObject\",\"@id\":\"https:\/\/amt.eu.com\/product\/ns-1200\/#primaryimage\",\"inLanguage\":\"pl-PL\",\"url\":\"https:\/\/amt.eu.com\/wp-content\/uploads\/2022\/02\/Yiliya-1064QCCH-1.jpg\",\"width\":2362,\"height\":2362},{\"@type\":\"WebPage\",\"@id\":\"https:\/\/amt.eu.com\/product\/ns-1200\/#webpage\",\"url\":\"https:\/\/amt.eu.com\/product\/ns-1200\/\",\"name\":\"NS-1200 - \\u042d\\u0441\\u0442\\u0435\\u0442\\u0438\\u0447\\u0435\\u0441\\u043a\\u0438\\u0435 \\u041c\\u0435\\u0434\\u0438\\u0446\\u0438\\u043d\\u0441\\u043a\\u0438\\u0435 \\u0422\\u0435\\u0445\\u043d\\u043e\\u043b\\u043e\\u0433\\u0438\\u0438 - Aesthetic Medical Technology\",\"isPartOf\":{\"@id\":\"https:\/\/amt.eu.com\/#website\"},\"primaryImageOfPage\":{\"@id\":\"https:\/\/amt.eu.com\/product\/ns-1200\/#primaryimage\"},\"datePublished\":\"2022-02-03T14:38:56+00:00\",\"dateModified\":\"2022-10-22T11:21:52+00:00\",\"breadcrumb\":{\"@id\":\"https:\/\/amt.eu.com\/product\/ns-1200\/#breadcrumb\"},\"inLanguage\":\"pl-PL\",\"potentialAction\":[{\"@type\":\"ReadAction\",\"target\":[\"https:\/\/amt.eu.com\/product\/ns-1200\/\"]}]},{\"@type\":\"BreadcrumbList\",\"@id\":\"https:\/\/amt.eu.com\/product\/ns-1200\/#breadcrumb\",\"itemListElement\":[{\"@type\":\"ListItem\",\"position\":1,\"item\":{\"@type\":\"WebPage\",\"@id\":\"https:\/\/amt.eu.com\/\",\"url\":\"https:\/\/amt.eu.com\/\",\"name\":\"\"}},{\"@type\":\"ListItem\",\"position\":2,\"item\":{\"@type\":\"WebPage\",\"@id\":\"https:\/\/amt.eu.com\/shop\/\",\"url\":\"https:\/\/amt.eu.com\/shop\/\",\"name\":\"\\u041c\\u0430\\u0433\\u0430\\u0437\\u0438\\u043d\"}},{\"@type\":\"ListItem\",\"position\":3,\"item\":{\"@type\":\"WebPage\",\"@id\":\"https:\/\/amt.eu.com\/product\/ns-1200\/\",\"url\":\"https:\/\/amt.eu.com\/product\/ns-1200\/\",\"name\":\"NS-1200\"}}]}]}<\/script>\n<!-- \/ Yoast SEO Premium plugin. -->","_links":{"self":[{"href":"https:\/\/amt.eu.com\/pl\/wp-json\/wp\/v2\/product\/2210"}],"collection":[{"href":"https:\/\/amt.eu.com\/pl\/wp-json\/wp\/v2\/product"}],"about":[{"href":"https:\/\/amt.eu.com\/pl\/wp-json\/wp\/v2\/types\/product"}],"replies":[{"embeddable":true,"href":"https:\/\/amt.eu.com\/pl\/wp-json\/wp\/v2\/comments?post=2210"}],"wp:featuredmedia":[{"embeddable":true,"href":"https:\/\/amt.eu.com\/pl\/wp-json\/wp\/v2\/media\/2214"}],"wp:attachment":[{"href":"https:\/\/amt.eu.com\/pl\/wp-json\/wp\/v2\/media?parent=2210"}],"wp:term":[{"taxonomy":"product_cat","embeddable":true,"href":"https:\/\/amt.eu.com\/pl\/wp-json\/wp\/v2\/product_cat?post=2210"},{"taxonomy":"product_tag","embeddable":true,"href":"https:\/\/amt.eu.com\/pl\/wp-json\/wp\/v2\/product_tag?post=2210"}],"curies":[{"name":"wp","href":"https:\/\/api.w.org\/{rel}","templated":true}]}}