{"id":2330,"date":"2022-02-23T18:33:38","date_gmt":"2022-02-23T15:33:38","guid":{"rendered":"https:\/\/amt.eu.com\/?post_type=product&#038;p=2330"},"modified":"2022-10-22T14:20:10","modified_gmt":"2022-10-22T11:20:10","slug":"cryo-mix","status":"publish","type":"product","link":"https:\/\/amt.eu.com\/pl\/produkt\/cryo-mix\/","title":{"rendered":"Mieszanka kriogeniczna"},"content":{"rendered":"<h3>PROCEDURA KRYOLIPOLII<\/h3>\n<p>Nadmiar t\u0142uszczu, kt\u00f3ry gromadzi si\u0119 w najbardziej nieodpowiednich miejscach, zawsze martwi\u0142 wsp\u00f3\u0142czesnych m\u0119\u017cczyzn i kobiety. Na szcz\u0119\u015bcie proces ten jest odwracalny, dopiero przybranie zb\u0119dnych kilogram\u00f3w jest o wiele \u0142atwiejsze ni\u017c pozbycie si\u0119 ich. Dlatego jednym z priorytetowych obszar\u00f3w medycyny jest obecnie opracowywanie metod pozbywania si\u0119 nadmiaru tkanki t\u0142uszczowej w r\u00f3\u017cnych obszarach cia\u0142a. Ponadto g\u0142\u00f3wny nacisk k\u0142adzie si\u0119 na metody niechirurgiczne, z kt\u00f3rych jedn\u0105 jest kriolipoliza na aparacie CRYO-MIX.<\/p>\n<table style=\"border-collapse: collapse; width: 100%;\">\n<tbody>\n<tr>\n<td style=\"vertical-align: middle; width: 50%; text-align: center;\"><img decoding=\"async\" src=\"\/wp-content\/uploads\/2022\/08\/CRYO-MIX-procedura.jpg\" \/><\/td>\n<td style=\"vertical-align: middle; width: 50%; text-align: center;\"><img decoding=\"async\" src=\"\/wp-content\/uploads\/2022\/08\/CRYO-MIX-procedura-2.jpg\" \/><\/td>\n<\/tr>\n<\/tbody>\n<\/table>\n<p>&nbsp;<\/p>\n<h3>ZASADA DZIA\u0141ANIA I CECHY KRYOLIPOLIS<\/h3>\n<p>Kriolipoliza ma na celu zniszczenie kom\u00f3rek t\u0142uszczowych poprzez wystawienie ich na dzia\u0142anie zimna. Nara\u017cenie nast\u0119puje przez nienaruszon\u0105 sk\u00f3r\u0119. W tym celu nasze urz\u0105dzenie wyposa\u017cone jest w specjaln\u0105 dysz\u0119 podci\u015bnieniow\u0105, kt\u00f3ra zasysa okre\u015blony obszar tkanki i lokalnie dzia\u0142a w tym obszarze z zimna. W rezultacie b\u0142ony adipocyt\u00f3w wra\u017cliwe na niskie temperatury ulegaj\u0105 zniszczeniu, a zawarto\u015b\u0107 kom\u00f3rek przedostaje si\u0119 do uk\u0142adu limfatycznego i jest naturalnie wydalana. Dzi\u0119ki temu zabieg kriolipolizy opiera si\u0119 na naturalnych mechanizmach usuwania t\u0142uszczu, bez nadmiernego obci\u0105\u017cania organ\u00f3w wewn\u0119trznych i ca\u0142ego organizmu. Kriolipoliza mo\u017ce usuwa\u0107 t\u0142uszcz z nast\u0119puj\u0105cych obszar\u00f3w cia\u0142a:<\/p>\n<ul style=\"list-style-type: square;\">\n<li>Ramiona.<\/li>\n<li>Z powrotem.<\/li>\n<li>\u017bo\u0142\u0105dek.<\/li>\n<li>Biodra.<\/li>\n<li>Ty\u0142ek.<\/li>\n<li>Okr\u0105\u017cenie.<\/li>\n<li>Talia.<\/li>\n<\/ul>\n<p>Nale\u017cy rozumie\u0107, \u017ce aparat do kriolipolizy CRYO-MIX nie jest sposobem na odchudzanie. Przy znacznym nadmiarze masy cia\u0142a zabieg kriolipolizy nie jest wystarczaj\u0105co skuteczny. G\u0142\u00f3wnym celem techniki jest eliminacja niewielkich ilo\u015bci tkanki t\u0142uszczowej, korekta kontur\u00f3w cia\u0142a, miejscowe modelowanie form. R\u00f3wnie\u017c efekt po ekspozycji nie b\u0119dzie trwa\u0142 d\u0142ugo, je\u015bli nie b\u0119dziesz przestrzega\u0142 diety i aktywno\u015bci fizycznej. Nadmierne spo\u017cycie kalorii bardzo szybko zwr\u00f3ci ca\u0142y usuni\u0119ty t\u0142uszcz.<\/p>\n<p>&nbsp;<\/p>\n<h3><b>JAK DZIA\u0141A PROCEDURA<\/b><\/h3>\n<p>Jak wspomniano wcze\u015bniej, kriolipoliza ma specjaln\u0105 dysz\u0119 pr\u00f3\u017cniow\u0105, kt\u00f3ra zapewnia ekspozycj\u0119 na zimno w obszarze problemowym. Istnieje kilka rodzaj\u00f3w dysz stosowanych w okre\u015blonych obszarach cia\u0142a. Najpierw specjalista zbiera sk\u00f3r\u0119 w fa\u0142d i ocenia warstw\u0119 podsk\u00f3rnej tkanki t\u0142uszczowej. Na podstawie tych danych, a tak\u017ce lokalizacji obszaru problemowego, wybierany jest okre\u015blony typ dyszy. Ponadto na sk\u00f3r\u0119 nak\u0142adany jest specjalny \u017cel, kt\u00f3ry z jednej strony zapobiega wych\u0142odzeniu tkanek, a z drugiej zapewnia maksymalny kontakt sk\u00f3ry z dysz\u0105. Oznaczenia mo\u017cna r\u00f3wnie\u017c zastosowa\u0107 w celu dok\u0142adniejszego pozycjonowania czujnika i pe\u0142niejszego pokrycia ca\u0142ego problematycznego obszaru.<\/p>\n<p>Podczas zabiegu kriolipolizy dysza umieszczana jest na dotkni\u0119tym obszarze, przy czym powstaje podci\u015bnienie, kt\u00f3re pomaga cofn\u0105\u0107 sk\u00f3r\u0119 i sch\u0142odzi\u0107 j\u0105 do okre\u015blonej temperatury. Czas trwania jednej sesji zale\u017cy od obszaru obszaru problemowego i mo\u017ce wynosi\u0107 od 30 minut do 2 godzin. Efekt kriolipolizy jest bardzo trudny do natychmiastowej oceny. Wynika to z faktu, \u017ce kom\u00f3rki t\u0142uszczowe potrzebuj\u0105 czasu, aby ca\u0142kowicie si\u0119 rozpa\u015b\u0107 i opu\u015bci\u0107 organizm. Ten proces mo\u017ce potrwa\u0107 nawet kilka miesi\u0119cy. Wed\u0142ug lekarzy w jednej sesji mo\u017cna zredukowa\u0107 warstw\u0119 t\u0142uszczu o 20-25%, ale tylko w miejscu, w kt\u00f3rym wykonano kriolipoliz\u0119.<\/p>\n<p>Zabieg jest nieszkodliwy i nie wymaga specjalnego przygotowania. Zaleca si\u0119 na 2-3 dni przed ni\u0105 zwi\u0119kszy\u0107 pob\u00f3r wody do 3 litr\u00f3w wody, aby uruchomi\u0107 limf\u0119. Efekt widoczny ju\u017c po pierwszym zabiegu, przy znacznych z\u0142ogach t\u0142uszczu zalecany jest przebieg kriolipolizy. Liczba sesji 1-3 zale\u017cy od nadmiaru tkanki t\u0142uszczowej. Przerwa mi\u0119dzy sesjami wynosi 25 - 45 dni.<\/p>\n<p>&nbsp;<\/p>\n<h3>Wskazania do kriolipolizy<\/h3>\n<ul style=\"list-style-type: square;\">\n<li>obecno\u015b\u0107 lokalnych fa\u0142d t\u0142uszczu o grubo\u015bci od 2,5 do 6 cm, kt\u00f3rych nie mo\u017cna skorygowa\u0107 tradycyjnymi metodami odchudzania - sport, diety, masa\u017ce;<\/li>\n<li>poprawa kolorytu sk\u00f3ry;<\/li>\n<li>zmniejszenie obj\u0119to\u015bci cia\u0142a.<\/li>\n<\/ul>\n<h3>Przeciwwskazania<\/h3>\n<ul style=\"list-style-type: square;\">\n<li>ci\u0105\u017ca w dowolnym momencie<\/li>\n<li>choroby onkologiczne<\/li>\n<li>nieprawid\u0142owa reakcja na zimno<\/li>\n<li>obecno\u015b\u0107 rozrusznika serca<\/li>\n<li>powa\u017cna choroba nerek i w\u0105troby<\/li>\n<li>otwarte rany w obszarze zabiegowym<\/li>\n<li>choroby zaka\u017ane i autoimmunologiczne<\/li>\n<li>ostre choroby przewlek\u0142e<\/li>\n<li>Kropka.<\/li>\n<\/ul>\n<h3>MO\u017bLIWE POWIK\u0141ANIA PO KRIOLIPOLIzie<\/h3>\n<p>Nasze urz\u0105dzenie CRYO-MIX jest oficjalnie dopuszczone do u\u017cytku, dlatego skutki uboczne po zabiegu s\u0105 minimalne i nie powoduj\u0105 powa\u017cnego uszczerbku na zdrowiu. Najcz\u0119stsze powik\u0142ania to:<\/p>\n<ul style=\"list-style-type: square;\">\n<li>Zaczerwienienie, bolesno\u015b\u0107 w dotkni\u0119tym obszarze.<\/li>\n<li>Drobne krwiaki.<\/li>\n<li>Uszczelnianie tkanek.<\/li>\n<\/ul>\n<p>Warunki te wyst\u0119puj\u0105 z powodu wystawienia na zimno i dzia\u0142ania ss\u0105cego dyszy. Nie wymagaj\u0105 specjalistycznej opieki i po pewnym czasie same odchodz\u0105. W celu zmniejszenia nasilenia tych powik\u0142a\u0144, bezpo\u015brednio po zabiegu kriolipolizy mo\u017cna odby\u0107 kurs masa\u017cu.<\/p>\n<p><!--\n\n\n\n\n<h3><b>\u0418\u043d\u0442\u0435\u0440\u0444\u0435\u0439\u0441 \u0430\u043f\u043f\u0430\u0440\u0430\u0442\u0430<\/b><\/h3>\n\n\n\n\n<table style=\"border-collapse: collapse; width: 100%;\">\n\n\n<tbody>\n\n\n<tr>\n\n\n<td style=\"width: 50%; vertical-align: middle;\"><img decoding=\"async\" src=\"\/wp-content\/uploads\/2022\/05\/real-pro-interface.png\" \/><\/td>\n\n\n\n\n<td style=\"width: 50%; vertical-align: middle;\">\n\n\n<ul class=\"styled_list\">\n\t\n\n<li><span class=\"num\">1<\/span>\u0422\u0435\u043c\u043f\u0435\u0440\u0430\u0442\u0443\u0440\u043d\u044b\u0439 \u043a\u043e\u043d\u0442\u0440\u043e\u043b\u044c<\/li>\n\n\n\t\n\n<li><span class=\"num\">2<\/span>\u041d\u0430\u0441\u0442\u0440\u043e\u0439\u043a\u0430 \u0432\u0440\u0435\u043c\u0435\u043d\u0438 \u0440\u0430\u0431\u043e\u0442\u044b<\/li>\n\n\n\t\n\n<li><span class=\"num\">3<\/span>\u0412\u043e\u0441\u0435\u043c\u044c \u0430\u0434\u0441\u043e\u0440\u0431\u0446\u0438\u043e\u043d\u043d\u044b\u0445 \u0447\u0430\u0441\u0442\u043e\u0442<\/li>\n\n\n\t\n\n<li><span class=\"num\">4<\/span>\u041a\u043e\u043d\u0442\u0440\u043e\u043b\u044c \u0430\u0434\u0441\u043e\u0440\u0431\u0446\u0438\u0438<\/li>\n\n\n\t\n\n<li><span class=\"num\">5<\/span>\u0420\u0435\u0433\u0443\u043b\u0438\u0440\u043e\u0432\u043a\u0430 \u0438\u043d\u0442\u0435\u043d\u0441\u0438\u0432\u043d\u043e\u0441\u0442\u0438 \u0438\u043d\u0444\u0440\u0430\u043a\u0440\u0430\u0441\u043d\u043e\u0433\u043e \u0441\u0432\u0435\u0442\u0430<\/li>\n\n\n<\/ul>\n\n\n<\/td>\n\n\n<\/tr>\n\n\n<\/tbody>\n\n\n<\/table>\n\n\n\n\n<p>&nbsp;<\/p>\n\n\n\n\n<h3><b>\u0420\u0435\u0437\u0443\u043b\u044c\u0442\u0430\u0442\u044b \u0434\u043e \u0438 \u043f\u043e\u0441\u043b\u0435 \u043f\u0440\u043e\u0446\u0435\u0434\u0443\u0440\u044b<\/b><\/h3>\n\n\n\n\n<table style=\"border-collapse: collapse; width: 100%;\">\n\n\n<tbody>\n\n\n<tr>\n\n\n<td style=\"width: 50%;\"><img decoding=\"async\" src=\"\/wp-content\/uploads\/2022\/05\/\u0441ryo-mix-do-i-posle.png\" \/><\/td>\n\n\n\n\n<td style=\"width: 50%;\"><img decoding=\"async\" src=\"\/wp-content\/uploads\/2022\/05\/\u0441ryo-mix-do-i-posle-2.png\" \/><\/td>\n\n\n<\/tr>\n\n\n\n\n<tr>\n\n\n<td style=\"width: 50%;\"><img decoding=\"async\" src=\"\/wp-content\/uploads\/2022\/05\/\u0441ryo-mix-do-i-posle-3.png\" \/><\/td>\n\n\n\n\n<td style=\"width: 50%;\"><img decoding=\"async\" src=\"\/wp-content\/uploads\/2022\/05\/\u0441ryo-mix-do-i-posle-4.png\" \/><\/td>\n\n\n<\/tr>\n\n\n<\/tbody>\n\n\n<\/table>\n\n\n\n\n--><\/p>","protected":false},"excerpt":{"rendered":"<p>Nadmiar t\u0142uszczu, kt\u00f3ry gromadzi si\u0119 w najbardziej nieodpowiednich miejscach, zawsze martwi\u0142 wsp\u00f3\u0142czesnych m\u0119\u017cczyzn i kobiety. Na szcz\u0119\u015bcie proces ten jest odwracalny, dopiero przybranie zb\u0119dnych kilogram\u00f3w jest o wiele \u0142atwiejsze ni\u017c pozbycie si\u0119 ich. Dlatego jednym z priorytetowych obszar\u00f3w medycyny jest obecnie opracowywanie metod pozbywania si\u0119 nadmiaru tkanki t\u0142uszczowej w r\u00f3\u017cnych obszarach cia\u0142a. Ponadto g\u0142\u00f3wny nacisk k\u0142adzie si\u0119 na metody niechirurgiczne, z kt\u00f3rych jedn\u0105 jest kriolipoliza na aparacie CRYO-MIX.<\/p>","protected":false},"featured_media":2332,"comment_status":"open","ping_status":"closed","template":"","meta":{"site-sidebar-layout":"default","site-content-layout":"default","ast-main-header-display":"","ast-hfb-above-header-display":"","ast-hfb-below-header-display":"","ast-hfb-mobile-header-display":"","site-post-title":"","ast-breadcrumbs-content":"","ast-featured-img":"","footer-sml-layout":"","theme-transparent-header-meta":"","adv-header-id-meta":"","stick-header-meta":"","header-above-stick-meta":"","header-main-stick-meta":"","header-below-stick-meta":""},"product_cat":[36,46],"product_tag":[],"yoast_head":"<!-- This site is optimized with the Yoast SEO Premium plugin v15.6.2 - https:\/\/yoast.com\/wordpress\/plugins\/seo\/ -->\n<title>CRYO-Mix - \u042d\u0441\u0442\u0435\u0442\u0438\u0447\u0435\u0441\u043a\u0438\u0435 \u041c\u0435\u0434\u0438\u0446\u0438\u043d\u0441\u043a\u0438\u0435 \u0422\u0435\u0445\u043d\u043e\u043b\u043e\u0433\u0438\u0438 - Aesthetic Medical Technology<\/title>\n<meta name=\"robots\" content=\"index, follow, max-snippet:-1, max-image-preview:large, max-video-preview:-1\" \/>\n<link rel=\"canonical\" href=\"https:\/\/amt.eu.com\/pl\/produkt\/cryo-mix\/\" \/>\n<meta property=\"og:locale\" content=\"pl_PL\" \/>\n<meta property=\"og:type\" content=\"article\" \/>\n<meta property=\"og:title\" content=\"CRYO-Mix - \u042d\u0441\u0442\u0435\u0442\u0438\u0447\u0435\u0441\u043a\u0438\u0435 \u041c\u0435\u0434\u0438\u0446\u0438\u043d\u0441\u043a\u0438\u0435 \u0422\u0435\u0445\u043d\u043e\u043b\u043e\u0433\u0438\u0438 - Aesthetic Medical Technology\" \/>\n<meta property=\"og:description\" content=\"\u0418\u0437\u043b\u0438\u0448\u043a\u0438 \u0436\u0438\u0440\u0430, \u043a\u043e\u0442\u043e\u0440\u044b\u0435 \u043d\u0430\u043a\u0430\u043f\u043b\u0438\u0432\u0430\u044e\u0442\u0441\u044f \u0432 \u0441\u0430\u043c\u044b\u0445 \u043d\u0435\u043f\u043e\u0434\u0445\u043e\u0434\u044f\u0449\u0438\u0445 \u043c\u0435\u0441\u0442\u0430\u0445, \u0432\u0441\u0435\u0433\u0434\u0430 \u0432\u043e\u043b\u043d\u043e\u0432\u0430\u043b\u0438 \u0441\u043e\u0432\u0440\u0435\u043c\u0435\u043d\u043d\u044b\u0445 \u043c\u0443\u0436\u0447\u0438\u043d \u0438 \u0436\u0435\u043d\u0449\u0438\u043d. \u041a \u0441\u0447\u0430\u0441\u0442\u044c\u044e, \u044d\u0442\u043e\u0442 \u043f\u0440\u043e\u0446\u0435\u0441\u0441 \u044f\u0432\u043b\u044f\u0435\u0442\u0441\u044f \u043e\u0431\u0440\u0430\u0442\u0438\u043c\u044b\u043c, \u0432\u043e\u0442 \u0442\u043e\u043b\u044c\u043a\u043e \u043d\u0430\u0431\u0440\u0430\u0442\u044c \u043b\u0438\u0448\u043d\u0438\u0435 \u043a\u0438\u043b\u043e\u0433\u0440\u0430\u043c\u043c\u044b \u0433\u043e\u0440\u0430\u0437\u0434\u043e \u043f\u0440\u043e\u0449\u0435, \u0447\u0435\u043c \u0438\u0437\u0431\u0430\u0432\u0438\u0442\u044c\u0441\u044f \u043e\u0442 \u043d\u0438\u0445. \u041f\u043e\u044d\u0442\u043e\u043c\u0443 \u043e\u0434\u043d\u0438\u043c \u0438\u0437 \u043f\u0440\u0438\u043e\u0440\u0438\u0442\u0435\u0442\u043d\u044b\u0445 \u043d\u0430\u043f\u0440\u0430\u0432\u043b\u0435\u043d\u0438\u0439 \u043c\u0435\u0434\u0438\u0446\u0438\u043d\u044b \u0432 \u043d\u0430\u0441\u0442\u043e\u044f\u0449\u0435\u0435 \u0432\u0440\u0435\u043c\u044f \u044f\u0432\u043b\u044f\u0435\u0442\u0441\u044f \u0440\u0430\u0437\u0440\u0430\u0431\u043e\u0442\u043a\u0430 \u043c\u0435\u0442\u043e\u0434\u043e\u0432 \u0438\u0437\u0431\u0430\u0432\u043b\u0435\u043d\u0438\u044f \u043e\u0442 \u043b\u0438\u0448\u043d\u0435\u0433\u043e \u0436\u0438\u0440\u0430 \u0432 \u0440\u0430\u0437\u043b\u0438\u0447\u043d\u044b\u0445 \u0437\u043e\u043d\u0430\u0445 \u0442\u0435\u043b\u0430. \u041f\u0440\u0438\u0447\u0435\u043c \u0433\u043b\u0430\u0432\u043d\u044b\u0439 \u0443\u043f\u043e\u0440 \u0434\u0435\u043b\u0430\u0435\u0442\u0441\u044f \u0438\u043c\u0435\u043d\u043d\u043e \u043d\u0430 \u0431\u0435\u0437\u043e\u043f\u0435\u0440\u0430\u0446\u0438\u043e\u043d\u043d\u044b\u0435 \u0441\u043f\u043e\u0441\u043e\u0431\u044b, \u043e\u0434\u043d\u0438\u043c \u0438\u0437 \u043a\u043e\u0442\u043e\u0440\u044b\u0445 \u044f\u0432\u043b\u044f\u0435\u0442\u0441\u044f \u043a\u0440\u0438\u043e\u043b\u0438\u043f\u043e\u043b\u0438\u0437 \u043d\u0430 \u0430\u043f\u043f\u0430\u0440\u0430\u0442\u0435 CRYO-MIX\" \/>\n<meta property=\"og:url\" content=\"https:\/\/amt.eu.com\/pl\/produkt\/cryo-mix\/\" \/>\n<meta property=\"og:site_name\" content=\"\u042d\u0441\u0442\u0435\u0442\u0438\u0447\u0435\u0441\u043a\u0438\u0435 \u041c\u0435\u0434\u0438\u0446\u0438\u043d\u0441\u043a\u0438\u0435 \u0422\u0435\u0445\u043d\u043e\u043b\u043e\u0433\u0438\u0438 - Aesthetic Medical Technology\" \/>\n<meta property=\"article:modified_time\" content=\"2022-10-22T11:20:10+00:00\" \/>\n<meta property=\"og:image\" content=\"https:\/\/amt.eu.com\/wp-content\/uploads\/2022\/02\/CRYO-Mix-1.jpg\" \/>\n\t<meta property=\"og:image:width\" content=\"2362\" \/>\n\t<meta property=\"og:image:height\" content=\"2362\" \/>\n<meta name=\"twitter:card\" content=\"summary_large_image\" \/>\n<meta name=\"twitter:label1\" content=\"Szacowany czas czytania\">\n\t<meta name=\"twitter:data1\" content=\"5 minut\">\n<script type=\"application\/ld+json\" class=\"yoast-schema-graph\">{\"@context\":\"https:\/\/schema.org\",\"@graph\":[{\"@type\":\"WebSite\",\"@id\":\"https:\/\/amt.eu.com\/#website\",\"url\":\"https:\/\/amt.eu.com\/\",\"name\":\"\\u042d\\u0441\\u0442\\u0435\\u0442\\u0438\\u0447\\u0435\\u0441\\u043a\\u0438\\u0435 \\u041c\\u0435\\u0434\\u0438\\u0446\\u0438\\u043d\\u0441\\u043a\\u0438\\u0435 \\u0422\\u0435\\u0445\\u043d\\u043e\\u043b\\u043e\\u0433\\u0438\\u0438 - Aesthetic Medical Technology\",\"description\":\"\\u041c\\u0435\\u0434\\u0438\\u0446\\u0438\\u043d\\u0441\\u043a\\u0438\\u0435 \\u0442\\u0435\\u0445\\u043d\\u043e\\u043b\\u043e\\u0433\\u0438\\u0438 \\u0438 \\u043f\\u0440\\u043e\\u0446\\u0435\\u0434\\u0443\\u0440\\u044b\",\"potentialAction\":[{\"@type\":\"SearchAction\",\"target\":\"https:\/\/amt.eu.com\/?s={search_term_string}\",\"query-input\":\"required name=search_term_string\"}],\"inLanguage\":\"pl-PL\"},{\"@type\":\"ImageObject\",\"@id\":\"https:\/\/amt.eu.com\/product\/cryo-mix\/#primaryimage\",\"inLanguage\":\"pl-PL\",\"url\":\"https:\/\/amt.eu.com\/wp-content\/uploads\/2022\/02\/CRYO-Mix-1.jpg\",\"width\":2362,\"height\":2362},{\"@type\":\"WebPage\",\"@id\":\"https:\/\/amt.eu.com\/product\/cryo-mix\/#webpage\",\"url\":\"https:\/\/amt.eu.com\/product\/cryo-mix\/\",\"name\":\"CRYO-Mix - \\u042d\\u0441\\u0442\\u0435\\u0442\\u0438\\u0447\\u0435\\u0441\\u043a\\u0438\\u0435 \\u041c\\u0435\\u0434\\u0438\\u0446\\u0438\\u043d\\u0441\\u043a\\u0438\\u0435 \\u0422\\u0435\\u0445\\u043d\\u043e\\u043b\\u043e\\u0433\\u0438\\u0438 - Aesthetic Medical Technology\",\"isPartOf\":{\"@id\":\"https:\/\/amt.eu.com\/#website\"},\"primaryImageOfPage\":{\"@id\":\"https:\/\/amt.eu.com\/product\/cryo-mix\/#primaryimage\"},\"datePublished\":\"2022-02-23T15:33:38+00:00\",\"dateModified\":\"2022-10-22T11:20:10+00:00\",\"breadcrumb\":{\"@id\":\"https:\/\/amt.eu.com\/product\/cryo-mix\/#breadcrumb\"},\"inLanguage\":\"pl-PL\",\"potentialAction\":[{\"@type\":\"ReadAction\",\"target\":[\"https:\/\/amt.eu.com\/product\/cryo-mix\/\"]}]},{\"@type\":\"BreadcrumbList\",\"@id\":\"https:\/\/amt.eu.com\/product\/cryo-mix\/#breadcrumb\",\"itemListElement\":[{\"@type\":\"ListItem\",\"position\":1,\"item\":{\"@type\":\"WebPage\",\"@id\":\"https:\/\/amt.eu.com\/\",\"url\":\"https:\/\/amt.eu.com\/\",\"name\":\"\"}},{\"@type\":\"ListItem\",\"position\":2,\"item\":{\"@type\":\"WebPage\",\"@id\":\"https:\/\/amt.eu.com\/shop\/\",\"url\":\"https:\/\/amt.eu.com\/shop\/\",\"name\":\"\\u041c\\u0430\\u0433\\u0430\\u0437\\u0438\\u043d\"}},{\"@type\":\"ListItem\",\"position\":3,\"item\":{\"@type\":\"WebPage\",\"@id\":\"https:\/\/amt.eu.com\/product\/cryo-mix\/\",\"url\":\"https:\/\/amt.eu.com\/product\/cryo-mix\/\",\"name\":\"CRYO-Mix\"}}]}]}<\/script>\n<!-- \/ Yoast SEO Premium plugin. -->","_links":{"self":[{"href":"https:\/\/amt.eu.com\/pl\/wp-json\/wp\/v2\/product\/2330"}],"collection":[{"href":"https:\/\/amt.eu.com\/pl\/wp-json\/wp\/v2\/product"}],"about":[{"href":"https:\/\/amt.eu.com\/pl\/wp-json\/wp\/v2\/types\/product"}],"replies":[{"embeddable":true,"href":"https:\/\/amt.eu.com\/pl\/wp-json\/wp\/v2\/comments?post=2330"}],"wp:featuredmedia":[{"embeddable":true,"href":"https:\/\/amt.eu.com\/pl\/wp-json\/wp\/v2\/media\/2332"}],"wp:attachment":[{"href":"https:\/\/amt.eu.com\/pl\/wp-json\/wp\/v2\/media?parent=2330"}],"wp:term":[{"taxonomy":"product_cat","embeddable":true,"href":"https:\/\/amt.eu.com\/pl\/wp-json\/wp\/v2\/product_cat?post=2330"},{"taxonomy":"product_tag","embeddable":true,"href":"https:\/\/amt.eu.com\/pl\/wp-json\/wp\/v2\/product_tag?post=2330"}],"curies":[{"name":"wp","href":"https:\/\/api.w.org\/{rel}","templated":true}]}}