{"id":2340,"date":"2022-02-23T18:39:47","date_gmt":"2022-02-23T15:39:47","guid":{"rendered":"https:\/\/amt.eu.com\/?post_type=product&#038;p=2340"},"modified":"2022-10-22T14:19:39","modified_gmt":"2022-10-22T11:19:39","slug":"bbg-pro","status":"publish","type":"product","link":"https:\/\/amt.eu.com\/pl\/produkt\/bbg-pro\/","title":{"rendered":"BBG Pro"},"content":{"rendered":"<p>Aparatura europejskiej firmy \u201eA.M.T.\u201d niekwestionowany lider sprzeda\u017cy i niezast\u0105piony pomocnik w modelowaniu sylwetki, do pracy masa\u017cysty czy dla lekarzy w gabinetach fizjoterapeutycznych. Liczba us\u0142ug, kt\u00f3re mo\u017cna wykona\u0107 na tym urz\u0105dzeniu, ma ogromn\u0105 list\u0119. Kupuj\u0105c BBG Pro szybko podniesiesz presti\u017c kliniki i znacz\u0105co zwi\u0119kszysz zakres \u015bwiadczonych us\u0142ug!<\/p>\n<table style=\"border-collapse: collapse; width: 100%;\">\n<tbody>\n<tr>\n<td style=\"width: 50%; vertical-align: center;\"><img decoding=\"async\" src=\"\/wp-content\/uploads\/2022\/10\/BBG-Pro.jpg\" \/><\/td>\n<td style=\"width: 50%; vertical-align: center;\">\n<p style=\"padding-top: 10px;\"><strong>Urz\u0105dzenie BBG Pro<\/strong> to najnowszy innowacyjny produkt, kt\u00f3ry zrewolucjonizowa\u0142 dziedzin\u0119 nieinwazyjnego modelowania sylwetki. Unikalna technologia pozwala jednocze\u015bnie redukowa\u0107 podsk\u00f3rne z\u0142ogi t\u0142uszczu i oddzia\u0142ywa\u0107 na mi\u0119\u015bnie g\u0142\u0119bokie, zwi\u0119kszaj\u0105c je i uj\u0119drniaj\u0105c. Proces skurczu mi\u0119\u015bni stymuluje proces spalania t\u0142uszczu: kwasy t\u0142uszczowe ulegaj\u0105 rozk\u0142adowi. Produkty rozk\u0142adu s\u0105 naturalnie wydalane z organizmu w ci\u0105gu kilku tygodni.<\/p>\n<\/td>\n<\/tr>\n<\/tbody>\n<\/table>\n<p>Ta maszyna wykorzystuje technologi\u0119 HI-EMT. Jest to technologia skoncentrowanych fal elektromagnetycznych o du\u017cym nat\u0119\u017ceniu, kt\u00f3re wnikaj\u0105 g\u0142\u0119boko w warstw\u0119 mi\u0119\u015bniow\u0105, stymuluj\u0105 neurony ruchowe mi\u0119\u015bni i powoduj\u0105 ci\u0105g\u0142y skurcz mi\u0119\u015bni autologicznych. Tak wykonuje si\u0119 ekstremalne treningi, aby mi\u0119\u015bnie mog\u0142y si\u0119 g\u0142\u0119boko przebudowa\u0107. Z tego powodu dochodzi do wzrostu mi\u0119\u015bni, tworzenia nowych \u0142a\u0144cuch\u00f3w kolagenowych i w\u0142\u00f3kien mi\u0119\u015bniowych (przerost mi\u0119\u015bni). Za pomoc\u0105 fal elektromagnetycznych o du\u017cej intensywno\u015bci szybko trenuje si\u0119 mi\u0119\u015bnie ludzkie, zwi\u0119ksza si\u0119 ich g\u0119sto\u015b\u0107 i obj\u0119to\u015b\u0107, poprawia si\u0119 napi\u0119cie.<\/p>\n<p>Technologia HI-FEM powoduje oko\u0142o 20 000 mimowolnych skurcz\u00f3w mi\u0119\u015bni podczas 1 sesji. Ten rodzaj skurczu mi\u0119\u015bni jest supermaksymalny, co oznacza, \u017ce nie mo\u017cna go uzyska\u0107 poprzez trening, a tak\u017ce dobrowolne napi\u0119cie i rozlu\u017anienie mi\u0119\u015bni.<\/p>\n<p><b>Procedury na urz\u0105dzeniu BBG Pro to:<\/b><\/p>\n<ul>\n<li>Wysoce skuteczna budowa i odci\u0105\u017cenie mi\u0119\u015bni.<\/li>\n<li>Utrata do 19% t\u0142uszczu.<\/li>\n<li>Kszta\u0142towanie mocnej i pi\u0119knej sylwetki.<\/li>\n<li>Wzrost masy mi\u0119\u015bniowej do 16%.<\/li>\n<li>10 sesji - kurs przywracania napi\u0119cia mi\u0119\u015bniowego.<\/li>\n<li>Tylko 30 minut na sesj\u0119.<\/li>\n<li>Wyra\u017any efekt zwi\u0119kszenia napi\u0119cia mi\u0119\u015bniowego.<\/li>\n<li>Kolejne zaj\u0119cia mo\u017cna rezerwowa\u0107 indywidualnie.<\/li>\n<li>Idealny towarzysz na treningi lub po liposukcji.<\/li>\n<li>Niezast\u0105piony asystent regeneracji mi\u0119\u015bni po ci\u0105\u017cy.<\/li>\n<li>Skuteczny zabieg na regeneracj\u0119 mi\u0119\u015bni po kontuzji.<\/li>\n<li>Zmniejszenie przewlek\u0142ego b\u00f3lu mi\u0119\u015bni i staw\u00f3w.<\/li>\n<\/ul>\n<p>Przebiegowi wielu chor\u00f3b neurologicznych towarzyszy b\u00f3l, pogorszenie przewodzenia w\u0142\u00f3kien nerwowych, a tak\u017ce zmniejszenie lub utrata aktywno\u015bci ruchowej. Praktycznie niemo\u017cliwe jest samodzielne szybkie przywr\u00f3cenie funkcjonalno\u015bci tkanek mi\u0119\u015bniowych i nerwowych, poniewa\u017c proces rekonwalescencji wymaga od samego pacjenta du\u017co czasu i wysi\u0142ku. Bardziej skutecznym sposobem jest zestaw \u015brodk\u00f3w terapii rehabilitacyjnej, kt\u00f3ra polega na wykorzystaniu nowoczesnych technik fizjoterapeutycznych. W tym przypadku nasze urz\u0105dzenie b\u0119dzie niezast\u0105pionym asystentem dla Twoich lekarzy w gabinetach lekarskich.<\/p>\n<h3>Wskazania do stosowania urz\u0105dzenia BBG Pro do cel\u00f3w medycznych.<\/h3>\n<p>Dzi\u0119ki unikalnemu dzia\u0142aniu leczniczemu metoda stymulacji jest z powodzeniem stosowana w leczeniu nast\u0119pstw wielu schorze\u0144 neurologicznych, ortopedycznych, traumatologicznych, a tak\u017ce uszkodze\u0144 uk\u0142adu mi\u0119\u015bniowo-szkieletowego.<\/p>\n<p>Fale elektromagnetyczne o du\u017cej intensywno\u015bci s\u0105 przepisywane do rehabilitacji pacjent\u00f3w:<\/p>\n<ul>\n<li>z zapaleniem staw\u00f3w i artroz\u0105 oraz chorobami kr\u0119gos\u0142upa;<\/li>\n<li>ze zmianami mia\u017cd\u017cycowymi naczy\u0144 ko\u0144czyn dolnych;<\/li>\n<li>po urazach czaszkowo-m\u00f3zgowych i kr\u0119gos\u0142upa, po zabiegach operacyjnych, z parali\u017cem;<\/li>\n<li>z upo\u015bledzon\u0105 funkcj\u0105 motoryczn\u0105 lub atoni\u0105 narz\u0105d\u00f3w wewn\u0119trznych - przew\u00f3d pokarmowy, p\u0119cherz moczowy, macica;<\/li>\n<li>po korekcji ortopedycznej \u2013 likwidacja deformacji ko\u0144czyn, endoprotezoplastyka;<\/li>\n<li>z patologiami m\u00f3zgu i rdzenia kr\u0119gowego, w\u0119z\u0142ami nerwowo-mi\u0119\u015bniowymi, obwodowym i autonomicznym uk\u0142adem nerwowym.<\/li>\n<\/ul>\n<p>Obecn\u0105 stymulacj\u0119 stosuje si\u0119 r\u00f3wnie\u017c w celu zapobiegania dystrofii mi\u0119\u015bniowej, zakrzepicy \u017cy\u0142, impotencji, hipokinezji, skoliozie.<\/p>\n<table style=\"border-collapse: collapse; width: 100%;\">\n<tbody>\n<tr>\n<td style=\"width: 50%; vertical-align: center;\"><img decoding=\"async\" src=\"\/wp-content\/uploads\/2022\/10\/BBG-Pro-2.jpg\" \/><\/td>\n<td style=\"width: 50%; vertical-align: center;\">\n<p style=\"padding-top: 10px;\"><b>Dlaczego warto kupi\u0107 BBG Pro do swojego salonu lub kliniki?<\/b><\/p>\n<ul class=\"styled_list\">\n<li><span class=\"num\">1<\/span>Posiada przyjazny interfejs u\u017cytkownika, mo\u017cna ustawi\u0107 precyzyjne indywidualne ustawienia.<\/li>\n<li><span class=\"num\">2<\/span>Zestaw zawiera 4 dysze na cia\u0142o oraz 1 na po\u015bladki i mi\u0119\u015bnie intymne w pozycji siedz\u0105cej.<\/li>\n<li><span class=\"num\">3<\/span>Zabieg mo\u017cna przeprowadzi\u0107 przez ubranie, co znacznie u\u0142atwia \u017cycie klientki i prac\u0119 specjalisty.<\/li>\n<li><span class=\"num\">4<\/span>Wygodny futera\u0142 pozwala na \u0142atwe zwijanie urz\u0105dzenia w r\u00f3\u017cnych biurach.<\/li>\n<li><span class=\"num\">5<\/span>Dobrze gumowany w\u0105\u017c do manipulator\u00f3w.<\/li>\n<li><span class=\"num\">6<\/span>Nie wymaga stosowania \u017celu sprz\u0119towego.<\/li>\n<\/ul>\n<\/td>\n<\/tr>\n<\/tbody>\n<\/table>\n<p><b>Przy pomocy naszego urz\u0105dzenia w gabinecie fizjoterapeutycznym mo\u017cesz:<\/b><\/p>\n<ul>\n<li>spowolni\u0107 atrofi\u0119 tkanek;<\/li>\n<li>wyeliminowa\u0107 skurcze mi\u0119\u015bni;<\/li>\n<li>zmniejszy\u0107 intensywno\u015b\u0107 b\u00f3lu staw\u00f3w;<\/li>\n<li>poprawi\u0107 kr\u0105\u017cenie krwi;<\/li>\n<li>zwi\u0119kszy\u0107 odp\u0142yw limfy;<\/li>\n<li>tworz\u0105 stereotyp motoryczny zbli\u017cony do naturalnego.<\/li>\n<\/ul>\n<p>Urz\u0105dzenie z technologi\u0105 HI-FEM przeznaczone jest przede wszystkim do poprawy tonusu i wzmocnienia mi\u0119\u015bni brzucha, a tak\u017ce kszta\u0142towania i wzmacniania mi\u0119\u015bni po\u015bladk\u00f3w, ale mo\u017ce by\u0107 r\u00f3wnie\u017c stosowane do mi\u0119\u015bni ramion i n\u00f3g.<\/p>\n<p>Zabieg jest bezbolesny i nie wymaga znieczulenia. Podczas zabiegu odczuwalne s\u0105 intensywne, ale bezbolesne skurcze mi\u0119\u015bni w leczonym obszarze.<\/p>\n<p>Zabieg nie wymaga rehabilitacji. Bezpo\u015brednio po zabiegu mo\u017cesz wr\u00f3ci\u0107 do codziennych zaj\u0119\u0107.<\/p>\n<p><img decoding=\"async\" src=\"\/wp-content\/uploads\/2022\/10\/BBG-Pro-3.jpg\" \/><\/p>\n<p>Po zakupie urz\u0105dzenia BBG Pro nasza firma zapewnia bezp\u0142atne szkolenie i wsparcie specjalisty w kwestiach zwi\u0105zanych z prac\u0105 z urz\u0105dzeniem, prowadzeniem klient\u00f3w w sprz\u0119towym modelowaniu sylwetki oraz kompetentnym doborze metod kszta\u0142towania \u201ewymarzonej sylwetki\u201d!<\/p>\n<p>Program studi\u00f3w obejmuje cz\u0119\u015b\u0107 teoretyczn\u0105 i praktyczn\u0105 z testowaniem na modelach. Na zako\u0144czenie szkolenia firma wystawi Ci dyplom europejski oraz zapewni sta\u0142e wsparcie doradcze specjalist\u00f3w z zakresu pracy z aparatem elektromagnetycznym.<\/p>\n<h3>Zalety<\/h3>\n<div class=\"image-content\">\n<div class=\"item\">\n<div class=\"img\" style=\"background-image: url('\/wp-content\/uploads\/2022\/05\/bbg-pro-advantage-1.jpg');\">\u00a0<\/div>\n<div class=\"description\">\n<h4>Korzy\u015b\u0107 1<\/h4>\n<p>Fabrycznie nowy system oku\u0107 ch\u0142odzony powietrzem, ci\u0105g\u0142a praca bez awarii.<\/p>\n<\/div>\n<\/div>\n<div class=\"item reverse\">\n<div class=\"img\" style=\"background-image: url('\/wp-content\/uploads\/2022\/05\/bbg-pro-advantage-2.jpg');\">\u00a0<\/div>\n<div class=\"description\">\n<h4>Korzy\u015b\u0107 2<\/h4>\n<p>Prosta i wygodna kontrola.<\/p>\n<\/div>\n<\/div>\n<div class=\"item\">\n<div class=\"img\" style=\"background-image: url('\/wp-content\/uploads\/2022\/05\/bbg-pro-advantage-3.jpg');\">\u00a0<\/div>\n<div class=\"description\">\n<h4>Korzy\u015b\u0107 3<\/h4>\n<p>Nieinwazyjne, bez przestoj\u00f3w, bez skutk\u00f3w ubocznych i bezbolesne.<br \/>\nCa\u0142kowicie bezpieczny<\/p>\n<\/div>\n<\/div>\n<div class=\"item reverse\">\n<div class=\"img\" style=\"background-image: url('\/wp-content\/uploads\/2022\/05\/bbg-pro-advantage-4.jpg');\">\u00a0<\/div>\n<div class=\"description\">\n<h4>Korzy\u015b\u0107 4<\/h4>\n<p>Trening dna miednicy, powr\u00f3t do zdrowia po porodzie, prywatno\u015b\u0107 reprodukcyjna.<\/p>\n<\/div>\n<\/div>\n<div class=\"item\">\n<div class=\"img\" style=\"background-image: url('\/wp-content\/uploads\/2022\/05\/bbg-pro-advantage-5.jpg');\">\u00a0<\/div>\n<div class=\"description\">\n<h4>Korzy\u015b\u0107 5<\/h4>\n<p>G\u0142owica robocza (uchwyt) ma \u017cywotno\u015b\u0107 ponad 600 godzin, a wszystkie g\u0142owice robocze s\u0105 ch\u0142odzone powietrzem.<\/p>\n<\/div>\n<\/div>\n<div class=\"item reverse\">\n<div class=\"img\" style=\"background-image: url('\/wp-content\/uploads\/2022\/05\/bbg-pro-advantage-6.jpg');\">\u00a0<\/div>\n<div class=\"description\">\n<h4>Zaleta 6<\/h4>\n<p>Standardowa konfiguracja z 2 g\u0142owicami do pracy na brzuchu i 2 g\u0142owicami do pracy na \u0142ydki.<\/p>\n<\/div>\n<\/div>\n<\/div>\n<p>&nbsp;<\/p>\n<p>&nbsp;<\/p>\n<h3>Przed i po<\/h3>\n<table style=\"border-collapse: collapse; width: 100%; margin: 0;\">\n<tbody>\n<tr>\n<td style=\"width: 50%;\">\n<h4>\u017bo\u0142\u0105dek<\/h4>\n<p><img decoding=\"async\" src=\"\/wp-content\/uploads\/2022\/05\/bbg-pro-do-i-posle-1.jpg\" \/><\/p>\n<\/td>\n<td style=\"width: 50%;\">\n<h4>Ramiona<\/h4>\n<p><img decoding=\"async\" src=\"\/wp-content\/uploads\/2022\/05\/bbg-pro-do-i-posle-2.jpg\" \/><\/p>\n<\/td>\n<\/tr>\n<tr style=\"margin: 0;\">\n<td style=\"width: 50%;\">\n<h4>Nogi<\/h4>\n<p><img decoding=\"async\" src=\"\/wp-content\/uploads\/2022\/05\/bbg-pro-do-i-posle-3.jpg\" \/><\/p>\n<\/td>\n<td style=\"width: 50%;\">\n<h4>Ty\u0142ek<\/h4>\n<p><img decoding=\"async\" src=\"\/wp-content\/uploads\/2022\/05\/bbg-pro-do-i-posle-4.jpg\" \/><\/p>\n<\/td>\n<\/tr>\n<\/tbody>\n<\/table>","protected":false},"excerpt":{"rendered":"<p>Ta maszyna wykorzystuje technologi\u0119 HIEMT (High Intensity Focused Electromagnetic Wave Technology), skoncentrowane fale elektromagnetyczne o wysokiej energii przenikaj\u0105 do g\u0142\u0119boko\u015bci warstwy mi\u0119\u015bniowej \u00b5m. stymuluj\u0105 neurony ruchowe mi\u0119\u015bni, powoduj\u0105 ci\u0105g\u0142y skurcz mi\u0119\u015bni autologicznych. wykonywanie ekstremalnych trening\u00f3w, aby mi\u0119\u015bnie mog\u0142y dog\u0142\u0119bnie przebudowa\u0107, czyli rozrost miofibryli (wzrost mi\u0119\u015bni) oraz produkcj\u0119 nowych \u0142a\u0144cuch\u00f3w kolagenowych i w\u0142\u00f3kien mi\u0119\u015bniowych (przerost mi\u0119\u015bni), a tym samym \u0107wiczy\u0107 i zwi\u0119ksza\u0107 g\u0119sto\u015b\u0107 i obj\u0119to\u015b\u0107 mi\u0119\u015bni.<\/p>","protected":false},"featured_media":2342,"comment_status":"open","ping_status":"closed","template":"","meta":{"site-sidebar-layout":"default","site-content-layout":"default","ast-main-header-display":"","ast-hfb-above-header-display":"","ast-hfb-below-header-display":"","ast-hfb-mobile-header-display":"","site-post-title":"","ast-breadcrumbs-content":"","ast-featured-img":"","footer-sml-layout":"","theme-transparent-header-meta":"","adv-header-id-meta":"","stick-header-meta":"","header-above-stick-meta":"","header-main-stick-meta":"","header-below-stick-meta":""},"product_cat":[36,46],"product_tag":[],"yoast_head":"<!-- This site is optimized with the Yoast SEO Premium plugin v15.6.2 - https:\/\/yoast.com\/wordpress\/plugins\/seo\/ -->\n<title>BBG Pro - \u042d\u0441\u0442\u0435\u0442\u0438\u0447\u0435\u0441\u043a\u0438\u0435 \u041c\u0435\u0434\u0438\u0446\u0438\u043d\u0441\u043a\u0438\u0435 \u0422\u0435\u0445\u043d\u043e\u043b\u043e\u0433\u0438\u0438 - Aesthetic Medical Technology<\/title>\n<meta name=\"robots\" content=\"index, follow, max-snippet:-1, max-image-preview:large, max-video-preview:-1\" \/>\n<link rel=\"canonical\" href=\"https:\/\/amt.eu.com\/pl\/produkt\/bbg-pro\/\" \/>\n<meta property=\"og:locale\" content=\"pl_PL\" \/>\n<meta property=\"og:type\" content=\"article\" \/>\n<meta property=\"og:title\" content=\"BBG Pro - \u042d\u0441\u0442\u0435\u0442\u0438\u0447\u0435\u0441\u043a\u0438\u0435 \u041c\u0435\u0434\u0438\u0446\u0438\u043d\u0441\u043a\u0438\u0435 \u0422\u0435\u0445\u043d\u043e\u043b\u043e\u0433\u0438\u0438 - Aesthetic Medical Technology\" \/>\n<meta property=\"og:description\" content=\"\u0412 \u044d\u0442\u043e\u043c \u0430\u043f\u043f\u0430\u0440\u0430\u0442\u0435 \u0438\u0441\u043f\u043e\u043b\u044c\u0437\u0443\u0435\u0442\u0441\u044f HIEMT (\u0442\u0435\u0445\u043d\u043e\u043b\u043e\u0433\u0438\u044f \u0432\u044b\u0441\u043e\u043a\u043e\u0438\u043d\u0442\u0435\u043d\u0441\u0438\u0432\u043d\u044b\u0445 \u0441\u0444\u043e\u043a\u0443\u0441\u0438\u0440\u043e\u0432\u0430\u043d\u043d\u044b\u0445 \u044d\u043b\u0435\u043a\u0442\u0440\u043e\u043c\u0430\u0433\u043d\u0438\u0442\u043d\u044b\u0445 \u0432\u043e\u043b\u043d), \u0432\u044b\u0441\u043e\u043a\u043e\u044d\u043d\u0435\u0440\u0433\u0435\u0442\u0438\u0447\u0435\u0441\u043a\u0438\u0435 \u043a\u043e\u043d\u0446\u0435\u043d\u0442\u0440\u0438\u0440\u043e\u0432\u0430\u043d\u043d\u044b\u0435 \u044d\u043b\u0435\u043a\u0442\u0440\u043e\u043c\u0430\u0433\u043d\u0438\u0442\u043d\u044b\u0435 \u0432\u043e\u043b\u043d\u044b \u043f\u0440\u043e\u043d\u0438\u043a\u0430\u044e\u0442 \u043d\u0430 \u0433\u043b\u0443\u0431\u0438\u043d\u0443 \u043c\u044b\u0448\u0435\u0447\u043d\u043e\u0433\u043e \u0441\u043b\u043e\u044f \u043c\u043a\u043c. \u0441\u0442\u0438\u043c\u0443\u043b\u0438\u0440\u0443\u044e\u0442 \u043c\u044b\u0448\u0435\u0447\u043d\u044b\u0435 \u0434\u0432\u0438\u0433\u0430\u0442\u0435\u043b\u044c\u043d\u044b\u0435 \u043d\u0435\u0439\u0440\u043e\u043d\u044b, \u0432\u044b\u0437\u044b\u0432\u0430\u044e\u0442 \u043d\u0435\u043f\u0440\u0435\u0440\u044b\u0432\u043d\u043e\u0435 \u0441\u043e\u043a\u0440\u0430\u0449\u0435\u043d\u0438\u0435 \u0430\u0443\u0442\u043e\u043b\u043e\u0433\u0438\u0447\u043d\u044b\u0445 \u043c\u044b\u0448\u0446. \u0432\u044b\u043f\u043e\u043b\u043d\u044f\u044f \u044d\u043a\u0441\u0442\u0440\u0435\u043c\u0430\u043b\u044c\u043d\u044b\u0435 \u0442\u0440\u0435\u043d\u0438\u0440\u043e\u0432\u043a\u0438, \u0447\u0442\u043e\u0431\u044b \u043c\u044b\u0448\u0446\u044b \u043c\u043e\u0433\u043b\u0438 \u0433\u043b\u0443\u0431\u043e\u043a\u043e \u0440\u0435\u043c\u043e\u0434\u0435\u043b\u0438\u0440\u043e\u0432\u0430\u0442\u044c, \u0442\u043e \u0435\u0441\u0442\u044c \u0440\u043e\u0441\u0442 \u043c\u0438\u043e\u0444\u0438\u0431\u0440\u0438\u043b\u043b (\u0440\u043e\u0441\u0442 \u043c\u044b\u0448\u0446) \u0438 \u043f\u0440\u043e\u0438\u0437\u0432\u043e\u0434\u0441\u0442\u0432\u043e \u043d\u043e\u0432\u044b\u0445 \u0446\u0435\u043f\u0435\u0439 \u043a\u043e\u043b\u043b\u0430\u0433\u0435\u043d\u0430 \u0438 \u043c\u044b\u0448\u0435\u0447\u043d\u044b\u0445 \u0432\u043e\u043b\u043e\u043a\u043e\u043d (\u0433\u0438\u043f\u0435\u0440\u043f\u043b\u0430\u0437\u0438\u044f \u043c\u044b\u0448\u0446), \u0442\u0435\u043c \u0441\u0430\u043c\u044b\u043c \u0442\u0440\u0435\u043d\u0438\u0440\u0443\u044f \u0438 \u0443\u0432\u0435\u043b\u0438\u0447\u0438\u0432\u0430\u044f \u043f\u043b\u043e\u0442\u043d\u043e\u0441\u0442\u044c \u0438 \u043e\u0431\u044a\u0435\u043c \u043c\u044b\u0448\u0446.\" \/>\n<meta property=\"og:url\" content=\"https:\/\/amt.eu.com\/pl\/produkt\/bbg-pro\/\" \/>\n<meta property=\"og:site_name\" content=\"\u042d\u0441\u0442\u0435\u0442\u0438\u0447\u0435\u0441\u043a\u0438\u0435 \u041c\u0435\u0434\u0438\u0446\u0438\u043d\u0441\u043a\u0438\u0435 \u0422\u0435\u0445\u043d\u043e\u043b\u043e\u0433\u0438\u0438 - Aesthetic Medical Technology\" \/>\n<meta property=\"article:modified_time\" content=\"2022-10-22T11:19:39+00:00\" \/>\n<meta property=\"og:image\" content=\"https:\/\/amt.eu.com\/wp-content\/uploads\/2022\/02\/BBG-Pro-1.jpg\" \/>\n\t<meta property=\"og:image:width\" content=\"2362\" \/>\n\t<meta property=\"og:image:height\" content=\"2362\" \/>\n<meta name=\"twitter:card\" content=\"summary_large_image\" \/>\n<meta name=\"twitter:label1\" content=\"Szacowany czas czytania\">\n\t<meta name=\"twitter:data1\" content=\"5 minut\">\n<script type=\"application\/ld+json\" class=\"yoast-schema-graph\">{\"@context\":\"https:\/\/schema.org\",\"@graph\":[{\"@type\":\"WebSite\",\"@id\":\"https:\/\/amt.eu.com\/#website\",\"url\":\"https:\/\/amt.eu.com\/\",\"name\":\"\\u042d\\u0441\\u0442\\u0435\\u0442\\u0438\\u0447\\u0435\\u0441\\u043a\\u0438\\u0435 \\u041c\\u0435\\u0434\\u0438\\u0446\\u0438\\u043d\\u0441\\u043a\\u0438\\u0435 \\u0422\\u0435\\u0445\\u043d\\u043e\\u043b\\u043e\\u0433\\u0438\\u0438 - Aesthetic Medical Technology\",\"description\":\"\\u041c\\u0435\\u0434\\u0438\\u0446\\u0438\\u043d\\u0441\\u043a\\u0438\\u0435 \\u0442\\u0435\\u0445\\u043d\\u043e\\u043b\\u043e\\u0433\\u0438\\u0438 \\u0438 \\u043f\\u0440\\u043e\\u0446\\u0435\\u0434\\u0443\\u0440\\u044b\",\"potentialAction\":[{\"@type\":\"SearchAction\",\"target\":\"https:\/\/amt.eu.com\/?s={search_term_string}\",\"query-input\":\"required name=search_term_string\"}],\"inLanguage\":\"pl-PL\"},{\"@type\":\"ImageObject\",\"@id\":\"https:\/\/amt.eu.com\/product\/bbg-pro\/#primaryimage\",\"inLanguage\":\"pl-PL\",\"url\":\"https:\/\/amt.eu.com\/wp-content\/uploads\/2022\/02\/BBG-Pro-1.jpg\",\"width\":2362,\"height\":2362},{\"@type\":\"WebPage\",\"@id\":\"https:\/\/amt.eu.com\/product\/bbg-pro\/#webpage\",\"url\":\"https:\/\/amt.eu.com\/product\/bbg-pro\/\",\"name\":\"BBG Pro - \\u042d\\u0441\\u0442\\u0435\\u0442\\u0438\\u0447\\u0435\\u0441\\u043a\\u0438\\u0435 \\u041c\\u0435\\u0434\\u0438\\u0446\\u0438\\u043d\\u0441\\u043a\\u0438\\u0435 \\u0422\\u0435\\u0445\\u043d\\u043e\\u043b\\u043e\\u0433\\u0438\\u0438 - Aesthetic Medical Technology\",\"isPartOf\":{\"@id\":\"https:\/\/amt.eu.com\/#website\"},\"primaryImageOfPage\":{\"@id\":\"https:\/\/amt.eu.com\/product\/bbg-pro\/#primaryimage\"},\"datePublished\":\"2022-02-23T15:39:47+00:00\",\"dateModified\":\"2022-10-22T11:19:39+00:00\",\"breadcrumb\":{\"@id\":\"https:\/\/amt.eu.com\/product\/bbg-pro\/#breadcrumb\"},\"inLanguage\":\"pl-PL\",\"potentialAction\":[{\"@type\":\"ReadAction\",\"target\":[\"https:\/\/amt.eu.com\/product\/bbg-pro\/\"]}]},{\"@type\":\"BreadcrumbList\",\"@id\":\"https:\/\/amt.eu.com\/product\/bbg-pro\/#breadcrumb\",\"itemListElement\":[{\"@type\":\"ListItem\",\"position\":1,\"item\":{\"@type\":\"WebPage\",\"@id\":\"https:\/\/amt.eu.com\/\",\"url\":\"https:\/\/amt.eu.com\/\",\"name\":\"\"}},{\"@type\":\"ListItem\",\"position\":2,\"item\":{\"@type\":\"WebPage\",\"@id\":\"https:\/\/amt.eu.com\/shop\/\",\"url\":\"https:\/\/amt.eu.com\/shop\/\",\"name\":\"\\u041c\\u0430\\u0433\\u0430\\u0437\\u0438\\u043d\"}},{\"@type\":\"ListItem\",\"position\":3,\"item\":{\"@type\":\"WebPage\",\"@id\":\"https:\/\/amt.eu.com\/product\/bbg-pro\/\",\"url\":\"https:\/\/amt.eu.com\/product\/bbg-pro\/\",\"name\":\"BBG Pro\"}}]}]}<\/script>\n<!-- \/ Yoast SEO Premium plugin. -->","_links":{"self":[{"href":"https:\/\/amt.eu.com\/pl\/wp-json\/wp\/v2\/product\/2340"}],"collection":[{"href":"https:\/\/amt.eu.com\/pl\/wp-json\/wp\/v2\/product"}],"about":[{"href":"https:\/\/amt.eu.com\/pl\/wp-json\/wp\/v2\/types\/product"}],"replies":[{"embeddable":true,"href":"https:\/\/amt.eu.com\/pl\/wp-json\/wp\/v2\/comments?post=2340"}],"wp:featuredmedia":[{"embeddable":true,"href":"https:\/\/amt.eu.com\/pl\/wp-json\/wp\/v2\/media\/2342"}],"wp:attachment":[{"href":"https:\/\/amt.eu.com\/pl\/wp-json\/wp\/v2\/media?parent=2340"}],"wp:term":[{"taxonomy":"product_cat","embeddable":true,"href":"https:\/\/amt.eu.com\/pl\/wp-json\/wp\/v2\/product_cat?post=2340"},{"taxonomy":"product_tag","embeddable":true,"href":"https:\/\/amt.eu.com\/pl\/wp-json\/wp\/v2\/product_tag?post=2340"}],"curies":[{"name":"wp","href":"https:\/\/api.w.org\/{rel}","templated":true}]}}