{"id":2349,"date":"2022-02-23T18:47:17","date_gmt":"2022-02-23T15:47:17","guid":{"rendered":"https:\/\/amt.eu.com\/?post_type=product&#038;p=2349"},"modified":"2023-05-09T19:42:24","modified_gmt":"2023-05-09T16:42:24","slug":"amt-ret-one","status":"publish","type":"product","link":"https:\/\/amt.eu.com\/pl\/produkt\/amt-ret-one\/","title":{"rendered":"AMT RET-ONE"},"content":{"rendered":"<p><strong>AMT RET-ONE<\/strong> to najnowszej generacji urz\u0105dzenie w technologii RF. Przy cz\u0119stotliwo\u015bci zasilania 4,096 MHz, RF mo\u017ce przenika\u0107 przez grubo\u015b\u0107 10-20 mm.<\/p>\n<p>Aparat <strong>AMT RET-ONE<\/strong> \u2013 jedno z najbardziej poszukiwanych i popularnych w\u015br\u00f3d naszych klient\u00f3w urz\u0105dze\u0144 kosmetycznych. Urz\u0105dzenia liftinguj\u0105ce RF to dzi\u015b nowoczesny profesjonalny sprz\u0119t do odm\u0142adzania kom\u00f3rek i napinania sk\u00f3ry twarzy i cia\u0142a, doskona\u0142a pomoc w modelowaniu sylwetki. Zgodnie z zasad\u0105 stymulacja sk\u00f3ry w\u0142a\u015bciwej powoduje natychmiastowe napi\u0119cie i regeneracj\u0119 kolagenu, co prowadzi do efektu liftingu twarzy i wyg\u0142adzenia drobnych zmarszczek oraz redukcji tkanki t\u0142uszczowej.<\/p>\n<p>Dzi\u0119ki podwy\u017cszonej temperaturze liftingu fal radiowych aktywowana jest regeneracja kom\u00f3rek, co z kolei stymuluje syntez\u0119 kolagenu w warstwach sk\u00f3ry. Efekt odm\u0142adzania mo\u017cna zaobserwowa\u0107 po 2-3 zabiegach na profesjonalnym radiofrekwencji liftinguj\u0105cej.<\/p>\n<p>Podno\u015bnik RF posiada funkcj\u0119 regulacji temperatury ogrzewania. Dzi\u0119ki temu kosmetolog ma pe\u0142n\u0105 kontrol\u0119 nad ca\u0142ym zabiegiem, jest bezpieczny dla pacjent\u00f3w i wysoce skuteczny. R\u0119koje\u015b\u0107 urz\u0105dzenia posiada zestaw unikalnych ceramicznych dysz o r\u00f3\u017cnej wielko\u015bci do opracowywania trudno dost\u0119pnych miejsc lub obszar\u00f3w o du\u017cej obj\u0119to\u015bci.<\/p>\n<h3>Wynik po AMT RET-ONE:<\/h3>\n<ul style=\"list-style-type: square;\">\n<li>Poprawa og\u00f3lnego stanu sk\u00f3ry twarzy i cia\u0142a;<\/li>\n<li>Redukcja obrz\u0119k\u00f3w, work\u00f3w przepuklinowych pod oczami;<\/li>\n<li>Zwi\u0119kszenie elastyczno\u015bci i j\u0119drno\u015bci sk\u00f3ry;<\/li>\n<li>Widoczny lifting ju\u017c po 1 zabiegu;<\/li>\n<li>Zmniejszenie wygl\u0105du cellulitu na ciele;<\/li>\n<li>Wyg\u0142adzanie drobnych zmarszczek mimicznych;<\/li>\n<li>Poprawa kr\u0105\u017cenia krwi w kom\u00f3rkach sk\u00f3ry;<\/li>\n<li>Rozja\u015bnianie i odm\u0142adzanie sk\u00f3ry;<\/li>\n<li>Martwe kom\u00f3rki s\u0105 usuwane z organizmu, wszystkie warstwy sk\u00f3ry s\u0105 aktywnie odnawiane.<\/li>\n<\/ul>\n<p style=\"text-align: center;\"><img decoding=\"async\" style=\"max-width: 500px;\" src=\"\/wp-content\/uploads\/2022\/08\/rf-lifting-monopolyarniy.jpg\" \/><\/p>\n<p>Dodatkowo regularne zabiegi kosmetyczne na urz\u0105dzeniu <strong>AMT RET-ONE<\/strong> r\u00f3\u017cni\u0105 si\u0119 skumulowanym efektem, kt\u00f3ry trwa do sze\u015bciu miesi\u0119cy. Sam zabieg jest ca\u0142kowicie bezbolesny i bardzo przyjemny. Podnoszenie RF to procedura \u201eW drodze do wyj\u015bcia!\u201d. Po zabiegu mo\u017cesz \u0142atwo wr\u00f3ci\u0107 do normalnego trybu \u017cycia. Zabieg nie ma okresu rehabilitacji i jest przeprowadzany niezale\u017cnie od pory roku. Po uko\u0144czeniu pe\u0142nego cyklu liftingu RF mo\u017cna osi\u0105gn\u0105\u0107 zauwa\u017calne napi\u0119cie sk\u00f3ry, napi\u0119cie i popraw\u0119 cery.<\/p>\n<h3>Z jakimi problemami boryka si\u0119 AMT RET-ONE:<\/h3>\n<ul style=\"list-style-type: square;\">\n<li>cellulit;<\/li>\n<li>ma\u0142e rozst\u0119py;<\/li>\n<li>lokalne z\u0142ogi t\u0142uszczu;<\/li>\n<li>wiotko\u015b\u0107, niski ton;<\/li>\n<li>zm\u0119czona, szara cera;<\/li>\n<li>zmarszczki mimiczne;<\/li>\n<li>nier\u00f3wne kontury cia\u0142a i twarzy;<\/li>\n<\/ul>\n<h3>Jakie urz\u0105dzenie do podnoszenia RF wybra\u0107?<\/h3>\n<p>Oczywi\u015bcie taki efekt mo\u017cna osi\u0105gn\u0105\u0107 stosuj\u0105c tylko profesjonalne urz\u0105dzenia podnosz\u0105ce o cz\u0119stotliwo\u015bci radiowej, kt\u00f3re przesz\u0142y niezb\u0119dn\u0105 certyfikacj\u0119 i spe\u0142niaj\u0105 wszelkie normy jako\u015bci i bezpiecze\u0144stwa.<\/p>\n<p>Nasze monopolarne urz\u0105dzenie RF z r\u00f3\u017cnymi ko\u0144c\u00f3wkami ceramicznymi to najnowsza technika, kt\u00f3ra pozwala na napinanie sk\u00f3ry tak komfortowo i bezpiecznie, jak to tylko mo\u017cliwe dla klienta. Po ekspozycji na pr\u0105d elektryczny sk\u00f3ra pozostaje nienaruszona, ryzyko obra\u017ce\u0144 i oparze\u0144 jest ca\u0142kowicie nieobecne. Nie ma okresu rekonwalescencji. Bardzo cz\u0119sto RF-lifting w\u0142\u0105czany jest do kompleksowych program\u00f3w odm\u0142adzaj\u0105cych jako zabieg pomocniczy w okresie rekonwalescencji po operacjach plastycznych. Kosmetolog mo\u017ce go tak\u017ce \u0142\u0105czy\u0107 z innymi zabiegami sprz\u0119towymi i w\u0142\u0105cza\u0107 do ca\u0142ych kompleks\u00f3w technik, aby uzyska\u0107 lepszy efekt odm\u0142odzenia twarzy i cia\u0142a.<\/p>\n<p>Przy zakupie urz\u0105dzenia nasza firma zapewnia bezp\u0142atne szkolenie oraz wsparcie specjalisty we wszystkich kwestiach zwi\u0105zanych z prac\u0105 z urz\u0105dzeniem. Program studi\u00f3w obejmuje cz\u0119\u015b\u0107 teoretyczn\u0105 i praktyczn\u0105 z testowaniem na modelach. Po uko\u0144czeniu szkolenia wystawiamy dyplom europejski.<\/p>\n<h3>Zalety naszego urz\u0105dzenia.<\/h3>\n<p>Urz\u0105dzenie AMT RET-ONE firmy AMT ma wiele zalet, a mianowicie:<\/p>\n<ul class=\"styled_list\">\n<li><span class=\"num\">1<\/span>Skuteczno\u015b\u0107 i dok\u0142adno\u015b\u0107 zabiegu w dowolnym obszarze twarzy i cia\u0142a;<\/li>\n<li><span class=\"num\">2<\/span>Spektakularna obudowa z du\u017cym wy\u015bwietlaczem i menu, kt\u00f3re jest ju\u017c podzielone na prac\u0119 z r\u00f3\u017cnymi strefami;<\/li>\n<li><span class=\"num\">3<\/span>Dysze monopolarne, kt\u00f3re umo\u017cliwiaj\u0105 przechodzenie fal RF na maksymaln\u0105 g\u0142\u0119boko\u015b\u0107 i osi\u0105gaj\u0105 doskona\u0142e wyniki;<\/li>\n<li><span class=\"num\">4<\/span>W zestawie z urz\u0105dzeniem znajduj\u0105 si\u0119 2 manipulatory o r\u00f3\u017cnych \u015brednicach;<\/li>\n<li><span class=\"num\">5<\/span>R\u0119koje\u015b\u0107 robocza posiada 5 dysz o r\u00f3\u017cnych \u015brednicach (45mm, 35mm, 30mm, 20mm, 15mm), co pozwala specjalistom na r\u00f3\u017cne powierzchnie sk\u00f3ry;<\/li>\n<li><span class=\"num\">6<\/span>Przy cz\u0119stotliwo\u015bci zasilania 4,096 MHz, RF mo\u017ce przenika\u0107 przez grubo\u015b\u0107 10-20 mm.<\/li>\n<\/ul>\n<p>Wysokiej jako\u015bci urz\u0105dzenie podnosz\u0105ce RF mo\u017cna kupi\u0107 w naszej firmie po okazyjnej cenie.<\/p>\n<p>Urz\u0105dzenia do podnoszenia RF firmy A.M.T. produkowane przez wiarygodnego europejskiego producenta zgodnie ze wszystkimi niezb\u0119dnymi normami i standardami jako\u015bci, co gwarantuje Tobie i Twoim klientom profesjonalne zabiegi kosmetyczne odm\u0142adzania kom\u00f3rek i zachowania urody.<\/p>\n<p>Urz\u0105dzenie posiada 1 rok gwarancji oraz dalszy profesjonalny serwis.<\/p>\n<p>&nbsp;<\/p>\n<p>Okr\u0105g\u0142a elektroda, wygodniejsza konstrukcja, bli\u017cej sk\u00f3ry dla lepszego leczenia!<\/p>\n<p><img decoding=\"async\" class=\"alignnone\" src=\"\/wp-content\/uploads\/2022\/02\/amt-ret-one-electrode.jpg\" alt=\"\u041a\u0440\u0443\u0433\u043b\u044b\u0439 \u044d\u043b\u0435\u043a\u0442\u0440\u043e\u0434, \u0431\u043e\u043b\u0435\u0435 \u0443\u0434\u043e\u0431\u043d\u044b\u0439 \u0434\u0438\u0437\u0430\u0439\u043d, \u0431\u043b\u0438\u0436\u0435 \u043a \u043a\u043e\u0436\u0435 \u0434\u043b\u044f \u043b\u0443\u0447\u0448\u0435\u0433\u043e \u043b\u0435\u0447\u0435\u043d\u0438\u044f!\" \/><\/p>\n<ul class=\"inline-list\">\n<li><span style=\"font-size: 16px;\">Ograniczony zakres ogrzewania<\/span><\/li>\n<li><span style=\"font-size: 16px;\">Ogrzewanie tylko w nask\u00f3rku<\/span><\/li>\n<li><span style=\"font-size: 16px;\">Ogrzewanie g\u0142\u0119biej, szerzej i dalej<\/span><\/li>\n<\/ul>\n<p>&nbsp;<\/p>\n<h3>Napinanie sk\u00f3ry i usuwanie zmarszczek<\/h3>\n<table style=\"border-collapse: collapse; width: 100%;\">\n<tbody>\n<tr>\n<td style=\"width: 50%;\"><img decoding=\"async\" class=\"alignnone\" src=\"\/wp-content\/uploads\/2022\/05\/skin-tightening-lifting-wrinkle-removal-2.jpg\" alt=\"\u041f\u043e\u0434\u0442\u044f\u0436\u043a\u0430 \u043a\u043e\u0436\u0438 \u0438 \u0443\u0434\u0430\u043b\u0435\u043d\u0438\u0435 \u043c\u043e\u0440\u0449\u0438\u043d\" \/><\/td>\n<td style=\"width: 50%;\"><img decoding=\"async\" class=\"alignnone\" src=\"\/wp-content\/uploads\/2022\/05\/skin-tightening-lifting-wrinkle-removal.jpg\" alt=\"\u041f\u043e\u0434\u0442\u044f\u0436\u043a\u0430 \u043a\u043e\u0436\u0438 \u0438 \u0443\u0434\u0430\u043b\u0435\u043d\u0438\u0435 \u043c\u043e\u0440\u0449\u0438\u043d\" \/><\/td>\n<\/tr>\n<\/tbody>\n<\/table>\n<p>&nbsp;<\/p>\n<div class=\"image-content\">\n<div class=\"item\">\n<div class=\"img\" style=\"background-image: url('\/wp-content\/uploads\/2022\/05\/model-1.jpg');\">\u00a0<\/div>\n<div class=\"description\">\n<h4>Korzy\u015b\u0107 1 \u2013 Bezpiecze\u0144stwo<\/h4>\n<p>Skutecznie chroni\u0105 nask\u00f3rek sk\u00f3ry i \u0142atwo rozwi\u0105zuj\u0105 problemy zwi\u0105zane ze starzeniem si\u0119 w komfortowym i zrelaksowanym stanie. Bez wp\u0142ywu na codzienn\u0105 rutyn\u0119, bez specjalnej piel\u0119gnacji, o ile jest wilgo\u0107.<\/p>\n<\/div>\n<\/div>\n<div class=\"item reverse\">\n<div class=\"img\" style=\"background-image: url('\/wp-content\/uploads\/2022\/05\/model-2.jpg');\">\u00a0<\/div>\n<div class=\"description\">\n<h4>Korzy\u015b\u0107 2 \u2013 Trwa\u0142o\u015b\u0107<\/h4>\n<p>Po wst\u0119pnym zabiegu sk\u00f3ra mo\u017ce uzyska\u0107 efekt liftingu i napi\u0119cia ku g\u00f3rze, nast\u0119pnie stymulowana tkanka kolagenowa stopniowo ko\u0144czy proces regeneracji, a efekt napi\u0119cia staje si\u0119 coraz bardziej widoczny.<\/p>\n<\/div>\n<\/div>\n<div class=\"item\">\n<div class=\"img\" style=\"background-image: url('\/wp-content\/uploads\/2022\/05\/model-3.jpg');\">\u00a0<\/div>\n<div class=\"description\">\n<h4>Korzy\u015b\u0107 3 \u2013 Wysoka cz\u0119stotliwo\u015b\u0107<\/h4>\n<p>Skuteczna stymulacja reorganizacji kolagenu, napi\u0119cia sk\u00f3ry i redukcji zmarszczek. W por\u00f3wnaniu z tradycyjnym masa\u017cem urz\u0105dzenie mo\u017ce szybko generowa\u0107 ciep\u0142o, poprawiaj\u0105c kr\u0105\u017cenie krwi, zwi\u0119kszaj\u0105c w\u0142\u00f3kna kolagenowe i poprawiaj\u0105c elastyczno\u015b\u0107 sk\u00f3ry.<\/p>\n<\/div>\n<\/div>\n<\/div>\n<p>&nbsp;<\/p>\n<h3>Przed i po<\/h3>\n<table style=\"border-collapse: collapse; width: 100%; margin-bottom: 0;\">\n<tbody>\n<tr style=\"margin-bottom: 0;\">\n<td style=\"width: 33.3333%;\">\n<p><img decoding=\"async\" class=\"aligncenter\" src=\"\/wp-content\/uploads\/2022\/05\/treatment-comparison.jpg\" data-wp-editing=\"1\" \/><\/p>\n<p style=\"text-align: center; margin-bottom: 0;\">Delikatne zmarszczki wok\u00f3\u0142 oczu<\/p>\n<\/td>\n<td style=\"width: 33.3333%;\">\n<p><img decoding=\"async\" class=\"aligncenter\" src=\"\/wp-content\/uploads\/2022\/05\/treatment-comparison-2.jpg\" \/><\/p>\n<p style=\"text-align: center; margin-bottom: 0;\">Linia \u017cuchwy<\/p>\n<\/td>\n<td style=\"width: 33.3333%;\">\n<p><img decoding=\"async\" class=\"aligncenter\" src=\"\/wp-content\/uploads\/2022\/05\/treatment-comparison-3.jpg\" \/><\/p>\n<p style=\"text-align: center; margin-bottom: 0;\">Ca\u0142a twarz<\/p>\n<\/td>\n<\/tr>\n<\/tbody>\n<\/table>","protected":false},"excerpt":{"rendered":"<p><strong>AMT RET-ONE<\/strong> to najnowszej generacji urz\u0105dzenie w technologii RF. Przy cz\u0119stotliwo\u015bci zasilania 4,096 MHz, RF mo\u017ce przenika\u0107 przez grubo\u015b\u0107 10-20 mm.<\/p>\n<p>Aparat <strong>AMT RET-ONE<\/strong> \u2013 jedno z najbardziej poszukiwanych i popularnych w\u015br\u00f3d naszych klient\u00f3w urz\u0105dze\u0144 kosmetycznych. Urz\u0105dzenia liftinguj\u0105ce RF to dzi\u015b nowoczesny profesjonalny sprz\u0119t do odm\u0142adzania kom\u00f3rek i napinania sk\u00f3ry twarzy i cia\u0142a, doskona\u0142a pomoc w modelowaniu sylwetki. Zgodnie z zasad\u0105 stymulacja sk\u00f3ry w\u0142a\u015bciwej powoduje natychmiastowe napi\u0119cie i regeneracj\u0119 kolagenu, co prowadzi do efektu liftingu twarzy i wyg\u0142adzenia drobnych zmarszczek oraz redukcji tkanki t\u0142uszczowej.<\/p>","protected":false},"featured_media":2351,"comment_status":"open","ping_status":"closed","template":"","meta":{"site-sidebar-layout":"default","site-content-layout":"default","ast-main-header-display":"","ast-hfb-above-header-display":"","ast-hfb-below-header-display":"","ast-hfb-mobile-header-display":"","site-post-title":"","ast-breadcrumbs-content":"","ast-featured-img":"","footer-sml-layout":"","theme-transparent-header-meta":"","adv-header-id-meta":"","stick-header-meta":"","header-above-stick-meta":"","header-main-stick-meta":"","header-below-stick-meta":""},"product_cat":[36,46],"product_tag":[],"yoast_head":"<!-- This site is optimized with the Yoast SEO Premium plugin v15.6.2 - https:\/\/yoast.com\/wordpress\/plugins\/seo\/ -->\n<title>AMT RET-ONE - \u042d\u0441\u0442\u0435\u0442\u0438\u0447\u0435\u0441\u043a\u0438\u0435 \u041c\u0435\u0434\u0438\u0446\u0438\u043d\u0441\u043a\u0438\u0435 \u0422\u0435\u0445\u043d\u043e\u043b\u043e\u0433\u0438\u0438 - Aesthetic Medical Technology<\/title>\n<meta name=\"robots\" content=\"index, follow, max-snippet:-1, max-image-preview:large, max-video-preview:-1\" \/>\n<link rel=\"canonical\" href=\"https:\/\/amt.eu.com\/pl\/produkt\/amt-ret-one\/\" \/>\n<meta property=\"og:locale\" content=\"pl_PL\" \/>\n<meta property=\"og:type\" content=\"article\" \/>\n<meta property=\"og:title\" content=\"AMT RET-ONE - \u042d\u0441\u0442\u0435\u0442\u0438\u0447\u0435\u0441\u043a\u0438\u0435 \u041c\u0435\u0434\u0438\u0446\u0438\u043d\u0441\u043a\u0438\u0435 \u0422\u0435\u0445\u043d\u043e\u043b\u043e\u0433\u0438\u0438 - Aesthetic Medical Technology\" \/>\n<meta property=\"og:description\" content=\"AMT RET-ONE \u2013 \u044d\u0442\u043e \u0430\u043f\u043f\u0430\u0440\u0430\u0442 \u043f\u043e\u0441\u043b\u0435\u0434\u043d\u0435\u0433\u043e \u043f\u043e\u043a\u043e\u043b\u0435\u043d\u0438\u044f \u0432 \u0442\u0435\u0445\u043d\u043e\u043b\u043e\u0433\u0438\u0438 RF. \u0411\u043b\u0430\u0433\u043e\u0434\u0430\u0440\u044f \u0447\u0430\u0441\u0442\u043e\u0442\u0435 \u044d\u043b\u0435\u043a\u0442\u0440\u043e\u043f\u0438\u0442\u0430\u043d\u0438\u044f 4.096\u043c\u0433\u0446 RF \u0441\u043c\u043e\u0436\u0435\u0442 \u043f\u0440\u043e\u043d\u0438\u043a\u0430\u0442\u044c \u043d\u0430 \u0442\u043e\u043b\u0449\u0438\u043d\u0443 10-20\u043c\u043c. \u0410\u043f\u043f\u0430\u0440\u0430\u0442 AMT RET-ONE \u2013 \u043e\u0434\u0438\u043d \u0438\u0437 \u043d\u0430\u0438\u0431\u043e\u043b\u0435\u0435 \u0432\u043e\u0441\u0442\u0440\u0435\u0431\u043e\u0432\u0430\u043d\u043d\u044b\u0445 \u0438 \u043f\u043e\u043f\u0443\u043b\u044f\u0440\u043d\u044b\u0445 \u043a\u043e\u0441\u043c\u0435\u0442\u043e\u043b\u043e\u0433\u0438\u0447\u0435\u0441\u043a\u0438\u0445 \u0430\u043f\u043f\u0430\u0440\u0430\u0442\u043e\u0432 \u0441\u0440\u0435\u0434\u0438 \u043d\u0430\u0448\u0438\u0445 \u043a\u043b\u0438\u0435\u043d\u0442\u043e\u0432. \u0410\u043f\u043f\u0430\u0440\u0430\u0442\u044b RF \u043b\u0438\u0444\u0442\u0438\u043d\u0433\u0430 \u0441\u0435\u0433\u043e\u0434\u043d\u044f \u2013 \u044d\u0442\u043e \u0441\u043e\u0432\u0440\u0435\u043c\u0435\u043d\u043d\u043e\u0435 \u043f\u0440\u043e\u0444\u0435\u0441\u0441\u0438\u043e\u043d\u0430\u043b\u044c\u043d\u043e\u0435 \u043e\u0431\u043e\u0440\u0443\u0434\u043e\u0432\u0430\u043d\u0438\u0435 \u0434\u043b\u044f \u043e\u043c\u043e\u043b\u043e\u0436\u0435\u043d\u0438\u044f \u043a\u043b\u0435\u0442\u043e\u043a \u0438 \u043f\u043e\u0434\u0442\u044f\u0436\u043a\u0438 \u043a\u043e\u0436\u0438 \u043b\u0438\u0446\u0430 \u0438 \u0442\u0435\u043b\u0430, \u043e\u0442\u043b\u0438\u0447\u043d\u0430\u044f \u043f\u043e\u043c\u043e\u0449\u044c \u0432 \u043a\u043e\u0440\u0440\u0435\u043a\u0446\u0438\u0438 \u0444\u0438\u0433\u0443\u0440\u044b. \u0421\u043e\u0433\u043b\u0430\u0441\u043d\u043e \u043f\u0440\u0438\u043d\u0446\u0438\u043f\u0443, \u0441\u0442\u0438\u043c\u0443\u043b\u044f\u0446\u0438\u044f \u0434\u0435\u0440\u043c\u044b \u0432\u044b\u0437\u044b\u0432\u0430\u0435\u0442 \u043d\u0435\u043c\u0435\u0434\u043b\u0435\u043d\u043d\u043e\u0435 \u0443\u043f\u043b\u043e\u0442\u043d\u0435\u043d\u0438\u0435 \u0438 \u0440\u0435\u0433\u0435\u043d\u0435\u0440\u0430\u0446\u0438\u044e \u043a\u043e\u043b\u043b\u0430\u0433\u0435\u043d\u0430, \u0447\u0442\u043e \u043f\u0440\u0438\u0432\u043e\u0434\u0438\u0442 \u043a \u044d\u0444\u0444\u0435\u043a\u0442\u0443 \u043f\u043e\u0434\u0442\u044f\u0436\u043a\u0438 \u043b\u0438\u0446\u0430 \u0438 \u0440\u0430\u0437\u0433\u043b\u0430\u0436\u0438\u0432\u0430\u043d\u0438\u044e \u043c\u0435\u043b\u043a\u0438\u0445 \u043c\u043e\u0440\u0449\u0438\u043d \u0438 \u0443\u043c\u0435\u043d\u044c\u0448\u0435\u043d\u0438\u044e \u0436\u0438\u0440\u043e\u0432\u043e\u0439 \u043f\u0440\u043e\u0441\u043b\u043e\u0439\u043a\u0438.\" \/>\n<meta property=\"og:url\" content=\"https:\/\/amt.eu.com\/pl\/produkt\/amt-ret-one\/\" \/>\n<meta property=\"og:site_name\" content=\"\u042d\u0441\u0442\u0435\u0442\u0438\u0447\u0435\u0441\u043a\u0438\u0435 \u041c\u0435\u0434\u0438\u0446\u0438\u043d\u0441\u043a\u0438\u0435 \u0422\u0435\u0445\u043d\u043e\u043b\u043e\u0433\u0438\u0438 - Aesthetic Medical Technology\" \/>\n<meta property=\"article:modified_time\" content=\"2023-05-09T16:42:24+00:00\" \/>\n<meta property=\"og:image\" content=\"https:\/\/amt.eu.com\/wp-content\/uploads\/2022\/02\/RF-Lift-1.jpg\" \/>\n\t<meta property=\"og:image:width\" content=\"2362\" \/>\n\t<meta property=\"og:image:height\" content=\"2362\" \/>\n<meta name=\"twitter:card\" content=\"summary_large_image\" \/>\n<meta name=\"twitter:label1\" content=\"Szacowany czas czytania\">\n\t<meta name=\"twitter:data1\" content=\"5 minut\">\n<script type=\"application\/ld+json\" class=\"yoast-schema-graph\">{\"@context\":\"https:\/\/schema.org\",\"@graph\":[{\"@type\":\"WebSite\",\"@id\":\"https:\/\/amt.eu.com\/#website\",\"url\":\"https:\/\/amt.eu.com\/\",\"name\":\"\\u042d\\u0441\\u0442\\u0435\\u0442\\u0438\\u0447\\u0435\\u0441\\u043a\\u0438\\u0435 \\u041c\\u0435\\u0434\\u0438\\u0446\\u0438\\u043d\\u0441\\u043a\\u0438\\u0435 \\u0422\\u0435\\u0445\\u043d\\u043e\\u043b\\u043e\\u0433\\u0438\\u0438 - Aesthetic Medical Technology\",\"description\":\"\\u041c\\u0435\\u0434\\u0438\\u0446\\u0438\\u043d\\u0441\\u043a\\u0438\\u0435 \\u0442\\u0435\\u0445\\u043d\\u043e\\u043b\\u043e\\u0433\\u0438\\u0438 \\u0438 \\u043f\\u0440\\u043e\\u0446\\u0435\\u0434\\u0443\\u0440\\u044b\",\"potentialAction\":[{\"@type\":\"SearchAction\",\"target\":\"https:\/\/amt.eu.com\/?s={search_term_string}\",\"query-input\":\"required name=search_term_string\"}],\"inLanguage\":\"pl-PL\"},{\"@type\":\"ImageObject\",\"@id\":\"https:\/\/amt.eu.com\/product\/amt-ret-one\/#primaryimage\",\"inLanguage\":\"pl-PL\",\"url\":\"https:\/\/amt.eu.com\/wp-content\/uploads\/2022\/02\/RF-Lift-1.jpg\",\"width\":2362,\"height\":2362},{\"@type\":\"WebPage\",\"@id\":\"https:\/\/amt.eu.com\/product\/amt-ret-one\/#webpage\",\"url\":\"https:\/\/amt.eu.com\/product\/amt-ret-one\/\",\"name\":\"AMT RET-ONE - \\u042d\\u0441\\u0442\\u0435\\u0442\\u0438\\u0447\\u0435\\u0441\\u043a\\u0438\\u0435 \\u041c\\u0435\\u0434\\u0438\\u0446\\u0438\\u043d\\u0441\\u043a\\u0438\\u0435 \\u0422\\u0435\\u0445\\u043d\\u043e\\u043b\\u043e\\u0433\\u0438\\u0438 - Aesthetic Medical Technology\",\"isPartOf\":{\"@id\":\"https:\/\/amt.eu.com\/#website\"},\"primaryImageOfPage\":{\"@id\":\"https:\/\/amt.eu.com\/product\/amt-ret-one\/#primaryimage\"},\"datePublished\":\"2022-02-23T15:47:17+00:00\",\"dateModified\":\"2023-05-09T16:42:24+00:00\",\"breadcrumb\":{\"@id\":\"https:\/\/amt.eu.com\/product\/amt-ret-one\/#breadcrumb\"},\"inLanguage\":\"pl-PL\",\"potentialAction\":[{\"@type\":\"ReadAction\",\"target\":[\"https:\/\/amt.eu.com\/product\/amt-ret-one\/\"]}]},{\"@type\":\"BreadcrumbList\",\"@id\":\"https:\/\/amt.eu.com\/product\/amt-ret-one\/#breadcrumb\",\"itemListElement\":[{\"@type\":\"ListItem\",\"position\":1,\"item\":{\"@type\":\"WebPage\",\"@id\":\"https:\/\/amt.eu.com\/\",\"url\":\"https:\/\/amt.eu.com\/\",\"name\":\"\"}},{\"@type\":\"ListItem\",\"position\":2,\"item\":{\"@type\":\"WebPage\",\"@id\":\"https:\/\/amt.eu.com\/shop\/\",\"url\":\"https:\/\/amt.eu.com\/shop\/\",\"name\":\"\\u041c\\u0430\\u0433\\u0430\\u0437\\u0438\\u043d\"}},{\"@type\":\"ListItem\",\"position\":3,\"item\":{\"@type\":\"WebPage\",\"@id\":\"https:\/\/amt.eu.com\/product\/amt-ret-one\/\",\"url\":\"https:\/\/amt.eu.com\/product\/amt-ret-one\/\",\"name\":\"AMT RET-ONE\"}}]}]}<\/script>\n<!-- \/ Yoast SEO Premium plugin. -->","_links":{"self":[{"href":"https:\/\/amt.eu.com\/pl\/wp-json\/wp\/v2\/product\/2349"}],"collection":[{"href":"https:\/\/amt.eu.com\/pl\/wp-json\/wp\/v2\/product"}],"about":[{"href":"https:\/\/amt.eu.com\/pl\/wp-json\/wp\/v2\/types\/product"}],"replies":[{"embeddable":true,"href":"https:\/\/amt.eu.com\/pl\/wp-json\/wp\/v2\/comments?post=2349"}],"wp:featuredmedia":[{"embeddable":true,"href":"https:\/\/amt.eu.com\/pl\/wp-json\/wp\/v2\/media\/2351"}],"wp:attachment":[{"href":"https:\/\/amt.eu.com\/pl\/wp-json\/wp\/v2\/media?parent=2349"}],"wp:term":[{"taxonomy":"product_cat","embeddable":true,"href":"https:\/\/amt.eu.com\/pl\/wp-json\/wp\/v2\/product_cat?post=2349"},{"taxonomy":"product_tag","embeddable":true,"href":"https:\/\/amt.eu.com\/pl\/wp-json\/wp\/v2\/product_tag?post=2349"}],"curies":[{"name":"wp","href":"https:\/\/api.w.org\/{rel}","templated":true}]}}