{"id":2460,"date":"2022-05-13T17:52:12","date_gmt":"2022-05-13T14:52:12","guid":{"rendered":"https:\/\/amt.eu.com\/?post_type=product&#038;p=2460"},"modified":"2022-07-27T12:36:31","modified_gmt":"2022-07-27T09:36:31","slug":"hidropeel","status":"publish","type":"product","link":"https:\/\/amt.eu.com\/pl\/produkt\/hidropeel\/","title":{"rendered":"HydroPeel"},"content":{"rendered":"<ul class=\"styled_list\">\n<li><span class=\"num\">1<\/span>HidroPeel - intensywny peeling strumieniowy bez chemii<\/li>\n<li><span class=\"num\">2<\/span>Masa\u017c drena\u017cu limfatycznego<\/li>\n<li><span class=\"num\">3<\/span>\u0141uszczenie si\u0119<\/li>\n<li><span class=\"num\">4<\/span>Pobudzaj\u0105cy mikromasa\u017c<\/li>\n<li><span class=\"num\">5<\/span>Regularne oczyszczanie twarzy<\/li>\n<li><span class=\"num\">5<\/span>Intensywne oczyszczanie twarzy<\/li>\n<li><span class=\"num\">5<\/span>Mezoterapia nieinwazyjna.<\/li>\n<\/ul>\n<p>&nbsp;<\/p>\n<p>Nowo\u015b\u0107 popularnej europejskiej marki AMT to \u015bwietny spos\u00f3b na poszerzenie wachlarza oferowanych us\u0142ug kosmetycznych i wyr\u00f3\u017cnienie si\u0119 na tle konkurencji.<\/p>\n<p>&nbsp;<\/p>\n<h3>Nowe technologie dla pi\u0119kna i wiecznej m\u0142odo\u015bci<\/h3>\n<p>Terminowe oczyszczanie i z\u0142uszczanie to klucz do zdrowej, m\u0142odzie\u0144czej sk\u00f3ry. Urz\u0105dzenie do obierania gazowo-cieczowego rozwi\u0105zuje te problemy, uwalniaj\u0105c mieszany strumie\u0144 soli fizjologicznej i tlenu pod ci\u015bnieniem. Kiedy tkanki zderzaj\u0105 si\u0119 ze strumieniem gazowo-cieczowym:<\/p>\n<ul>\n<li>martwe warstwy kom\u00f3rek s\u0105 niszczone i z\u0142uszczane;<\/li>\n<li>aktywowany jest przep\u0142yw limfy i lokalne kr\u0105\u017cenie krwi;<\/li>\n<li>uruchamiane s\u0105 naturalne procesy metaboliczne.<\/li>\n<\/ul>\n<p>Technologia HidroPeel \u0142\u0105czy w sobie intensywny peeling mechaniczny i stymuluj\u0105cy masa\u017c. Zabieg nie wymaga u\u017cycia kwas\u00f3w ani innych \u015brodk\u00f3w chemicznych, kt\u00f3re uszkadzaj\u0105 naturaln\u0105 barier\u0119 sk\u00f3ry. Zabieg strumieniowy nie jest traumatyczny, w przeciwie\u0144stwie do tradycyjnych peeling\u00f3w \u015bciernych i peeling\u00f3w. Twoi klienci b\u0119d\u0105 mogli uzyska\u0107 ca\u0142\u0105 potrzebn\u0105 im piel\u0119gnacj\u0119 bez zagro\u017cenia \u201estarzeniem si\u0119\u201d sk\u00f3ry przy regularnym oczyszczaniu.<\/p>\n<p>&nbsp;<\/p>\n<h3>Obieraczka gazowo-cieczowa: nr 1 do kompleksowej odnowy<\/h3>\n<p>Je\u015bli potrzebujesz najlepszego profesjonalnego rozwi\u0105zania do z\u0142uszczania, polerowania i g\u0142\u0119bokiego oczyszczania, wystarczy kupi\u0107 oryginaln\u0105 maszyn\u0119 do peelingu gazowo-cieczowego HidroPeel. Pr\u0119dko\u015b\u0107 przep\u0142ywu powietrza 280 m\/s i wi\u0119cej gwarantuje optymalny wynik, niezale\u017cnie od strategii piel\u0119gnacyjnej (pojedyncze czyszczenie, terapia kursowa, grupa kurs\u00f3w, regularna piel\u0119gnacja).<\/p>\n<p>Peeling strumieniowy, mikromasa\u017c i inne zabiegi z u\u017cyciem strumieni gazowo-cieczowych maj\u0105 kompleksowy wp\u0142yw na struktur\u0119 sk\u00f3ry:<\/p>\n<ul class=\"styled_list\">\n<li><span class=\"num\">1<\/span>ca\u0142kowicie usu\u0144 martwe kom\u00f3rki nask\u00f3rka<\/li>\n<li><span class=\"num\">2<\/span>delikatnie przeszlifuj powierzchni\u0119 i usu\u0144 drobne zmarszczki<\/li>\n<li><span class=\"num\">3<\/span>usu\u0144 zask\u00f3rniki i oczy\u015b\u0107 pory<\/li>\n<li><span class=\"num\">4<\/span>stymuluj\u0105 kr\u0105\u017cenie krwi<\/li>\n<li><span class=\"num\">5<\/span>zwi\u0119kszy\u0107 mi\u0119\u015bnie i og\u00f3lne napi\u0119cie<\/li>\n<li><span class=\"num\">6<\/span>pozby\u0107 si\u0119 zacisk\u00f3w i z\u0142agodzi\u0107 napi\u0119cie mi\u0119\u015bni twarzy<\/li>\n<li><span class=\"num\">7<\/span>normalizowa\u0107 przep\u0142yw limfy<\/li>\n<li><span class=\"num\">8<\/span>przyspieszy\u0107 procesy metaboliczne<\/li>\n<\/ul>\n<p>Peeling gazowo-cieczowy mo\u017cna skonfigurowa\u0107 do pracy z g\u00f3rn\u0105 (peeling i powierzchowne czyszczenie), \u015brodkow\u0105 (g\u0142\u0119bokie czyszczenie, stymulacja) i g\u0142\u0119bok\u0105 (odm\u0142adzaj\u0105cy mikromasa\u017c, mezoterapia) warstw\u0105 sk\u00f3ry. Dostosuj poziom ci\u015bnienia i zarz\u0105dzaj moc\u0105 za pomoc\u0105 kilku dotkni\u0119\u0107 bez przerywania procedury.<\/p>\n<p><img decoding=\"async\" src=\"\/wp-content\/uploads\/2022\/07\/laser-udaleniya-sosudov-amt.jpg\" \/><\/p>\n<p>&nbsp;<\/p>\n<h3>Mezoterapia bez zastrzyk\u00f3w z HidroPeel<\/h3>\n<p>Do urz\u0105dzenia do\u0142\u0105czony jest innowacyjny pistolet natryskowy (spray) do nieinwazyjnej mezoterapii. Strumienie gazu pod ci\u015bnieniem staj\u0105 si\u0119 idealnym przewodem dla witamin i sk\u0142adnik\u00f3w aktywnych dla zdrowia sk\u00f3ry. Zalety mezoterapii pistoletem strumieniowym:<\/p>\n<div class=\"image-content\" style=\"box-shadow: none;\">\n<div class=\"item\">\n<div class=\"description\" style=\"background: none; width: 60%;\">\n<ul class=\"styled_list\">\n<li><span class=\"num\">1<\/span><strong>Bez zastrzyk\u00f3w.<\/strong> Substancje docieraj\u0105 do tkanek bez nak\u0142u\u0107, sk\u00f3ra nie wymaga rehabilitacji po zabiegu.<\/li>\n<li><span class=\"num\">2<\/span><strong>Brak dyskomfortu.<\/strong> Klienci opisuj\u0105 doznania p\u0142yn\u0105ce z mezoterapii strumieniowej jako \u201eprzyjemny masa\u017c\u201d, po kt\u00f3rym sk\u00f3ra na d\u0142ugo pozostaje witalna i \u015bwie\u017ca.<\/li>\n<li><span class=\"num\">3<\/span><strong>Nienaganny wygl\u0105d zaraz po sesji.<\/strong> Sk\u00f3ra staje si\u0119 \u015bwie\u017ca i aksamitna, poprawia si\u0119 koloryt, a kontury twarzy s\u0105 napi\u0119te.<\/li>\n<li><span class=\"num\">4<\/span><strong>Maksymalna wydajno\u015b\u0107.<\/strong> Strawno\u015b\u0107 lek\u00f3w nie tylko nie ust\u0119puje tradycyjnym metodom.<\/li>\n<\/ul>\n<\/div>\n<div class=\"img\" style=\"background-image: url('\/wp-content\/uploads\/2022\/07\/apparat-gazogidkostnogo-pilinga-amt.webp'); background-size: contain; width: 40%;\">\u00a0<\/div>\n<\/div>\n<\/div>\n<p>Efekt zabieg\u00f3w mezoterapii na HidroPeel zauwa\u017calny jest ju\u017c po pierwszej sesji. Wystarczy, aby przeci\u0119tny pacjent kosmetologa raz wykupi\u0142 kurs i odczu\u0142 jego korzy\u015bci, aby raz po raz wraca\u0107 do salonu.<\/p>\n<p>&nbsp;<\/p>\n<h3>O\u017cywcza dawka tlenu dla sk\u00f3ry problematycznej<\/h3>\n<p>Niedostateczna absorpcja tlenu jest jedn\u0105 z g\u0142\u00f3wnych przyczyn wczesnego starzenia si\u0119 i wi\u0119dni\u0119cia sk\u00f3ry. Urz\u0105dzenie do peelingu gazowo-cieczowego dostarcza do tkanek roztw\u00f3r soli fizjologicznej zmieszany ze strumieniem st\u0119\u017conego tlenu. Nap\u0142yw \u015bwie\u017cego powietrza daje pozytywny efekt w kilku kierunkach jednocze\u015bnie:<\/p>\n<div class=\"image-content\" style=\"box-shadow: none;\">\n<div class=\"item\">\n<div class=\"img\" style=\"background-image: url('\/wp-content\/uploads\/2022\/07\/apparat-gazogidkostnogo-pilinga-amt.jpg'); background-size: contain; width: 50%;\">\u00a0<\/div>\n<div class=\"description\" style=\"background: none; width: 50%;\">\n<ul class=\"styled_list\">\n<li><span class=\"num\">1<\/span>Z\u0142uszczanie kom\u00f3rek przebiega delikatnie, bez niebezpiecze\u0144stwa uszkodzenia sk\u00f3ry lub wywo\u0142ania podra\u017cnie\u0144.<\/li>\n<li><span class=\"num\">2<\/span>Zwi\u0119ksza si\u0119 podatno\u015b\u0107 sk\u00f3ry na korzystne sk\u0142adniki. U\u017cyj pistoletu natryskowego, aby dostarczy\u0107 preparaty lecznicze bezpo\u015brednio do g\u0142\u0119bokich tkanek lub eksperymentuj z od\u017cywczymi maskami po peelingu strumieniowym.<\/li>\n<li><span class=\"num\">3<\/span>Sk\u00f3ra otrzymuje najczystszy tlen, kt\u00f3ry trafia bezpo\u015brednio do kom\u00f3rek i b\u0142yskawicznie wp\u0142ywa na zdrowie i dobre samopoczucie sk\u00f3ry.<\/li>\n<\/ul>\n<\/div>\n<\/div>\n<p>HidroPeel to najlepszy sprz\u0119t tlenowy do odm\u0142adzania i piel\u0119gnacji. Dotlenianie stymuluje naturalne procesy sk\u00f3ry, czyni\u0105c j\u0105 bardziej podatn\u0105 na kolejne zabiegi.<\/p>\n<p>&nbsp;<\/p>\n<h3>Wskazania do leczenia kursowego<\/h3>\n<p>Peeling gazowo-cieczowy jest w pe\u0142ni przystosowany do pracy ze sk\u00f3r\u0105 problematyczn\u0105 i starzej\u0105c\u0105 si\u0119. Elastyczne ustawienia umo\u017cliwiaj\u0105 tworzenie osobistych tryb\u00f3w, uwzgl\u0119dniaj\u0105cych cechy ka\u017cdego pacjenta.<\/p>\n<p>Profesjonali\u015bci polecaj\u0105 zakup HidroPeel do intensywnego leczenia typowych problem\u00f3w kosmetycznych:<\/p>\n<ul class=\"styled_list\">\n<li><span class=\"num\">1<\/span>matowa, nier\u00f3wna sk\u00f3ra;<\/li>\n<li><span class=\"num\">2<\/span>zwi\u0119kszona wra\u017cliwo\u015b\u0107, zaczerwienienie;<\/li>\n<li><span class=\"num\">3<\/span>ci\u0105g\u0142e \u0142uszczenie i sucho\u015b\u0107;<\/li>\n<li><span class=\"num\">4<\/span>tr\u0105dzik i zatkane pory;<\/li>\n<li><span class=\"num\">5<\/span>zmarszczki wiekowe i mimiczne;<\/li>\n<li><span class=\"num\">6<\/span>zwiotczenie lub utrata elastyczno\u015bci;<\/li>\n<li><span class=\"num\">7<\/span>obrz\u0119ki, cienie i worki pod oczami;<\/li>\n<li><span class=\"num\">8<\/span>miejscowe zaburzenia pigmentacji;<\/li>\n<li><span class=\"num\">9<\/span>nadmierna produkcja sebum;<\/li>\n<li><span class=\"num\">10<\/span>lokalne zaburzenia kr\u0105\u017cenia krwi, metabolizm;<\/li>\n<li><span class=\"num\">11<\/span>op\u00f3\u017aniona regeneracja sk\u00f3ry itp.<\/li>\n<\/ul>\n<p>Jest to wysokiej klasy narz\u0119dzie dla salon\u00f3w kosmetycznych, centr\u00f3w urody i gabinet\u00f3w medycyny kosmetycznej o dowolnym profilu. Kompleksowo eliminuje problemy, kt\u00f3re wcze\u015bniej wydawa\u0142y si\u0119 nieodwracalne, bez operacji czy bolesnych zastrzyk\u00f3w.<\/p>\n<p>&nbsp;<\/p>\n<h3>Nowe technologie dla pi\u0119kna i wiecznej m\u0142odo\u015bci<\/h3>\n<p>Terminowe oczyszczanie i z\u0142uszczanie to klucz do zdrowej, m\u0142odzie\u0144czej sk\u00f3ry. Urz\u0105dzenie do obierania gazowo-cieczowego rozwi\u0105zuje te problemy, uwalniaj\u0105c mieszany strumie\u0144 soli fizjologicznej i tlenu pod ci\u015bnieniem. Kiedy tkanki zderzaj\u0105 si\u0119 ze strumieniem gazowo-cieczowym:<\/p>\n<h3>Aplikacja<\/h3>\n<ul class=\"styled_list\">\n<li><span class=\"num\">1<\/span>Usuwanie tr\u0105dziku.<\/li>\n<li><span class=\"num\">2<\/span>Wybielanie sk\u00f3ry, poprawa tekstury sk\u00f3ry.<\/li>\n<li><span class=\"num\">3<\/span>G\u0142\u0119bokie oczyszczenie sk\u00f3ry, nawil\u017cenie sk\u00f3ry.<\/li>\n<li><span class=\"num\">4<\/span>Leczenie zapalenia mieszk\u00f3w w\u0142osowych.<\/li>\n<li><span class=\"num\">5<\/span>W po\u0142\u0105czeniu z dowolnymi urz\u0105dzeniami RF, IPL i E-light do g\u0142\u0119bokiego oczyszczania sk\u00f3ry przed i po zabiegu.<\/li>\n<\/ul>\n<p>&nbsp;<\/p>\n<h3>Zalety<\/h3>\n<p>W por\u00f3wnaniu z innymi podobnymi urz\u0105dzeniami, peeling gazowo-cieczowy HydroPeel ma szereg zalet, do kt\u00f3rych nale\u017c\u0105:<\/p>\n<div class=\"image-content\" style=\"box-shadow: none;\">\n<div class=\"item\">\n<div class=\"img\" style=\"background-image: url('\/wp-content\/uploads\/2022\/05\/amt-m-207.jpg'); width: 50%;\">\u00a0<\/div>\n<div class=\"description\" style=\"background: none; width: 50%;\">\n<ol style=\"margin-left: 15px;\">\n<li>Specjalna dysza z trzema otworami japo\u0144skiej firmy Fuji do rozpylania mieszanki o \u015brednicy 50-80\u03bcm (mniejsze pory 80-100\u03bcm);<\/li>\n<li>Importowana pompa niemieckiej firmy \u201eThomas\u201d zapewnia stabilne ci\u015bnienie 8 atmosfer, pod kt\u00f3rym mo\u017ce wyp\u0142yn\u0105\u0107 maksymalna pr\u0119dko\u015b\u0107 230 m \/ s.<\/li>\n<li>Roztwory soli i witamin - roztw\u00f3r soli (izotoniczny roztw\u00f3r chlorku sodu 0,9%) lub dowolny koktajl witamin s\u0142u\u017cy jako roztw\u00f3r leku w sprayu, kt\u00f3rego kropelki staj\u0105 si\u0119 materia\u0142em \u015bciernym do z\u0142uszczania i jednocze\u015bnie od\u017cywiaj\u0105 kom\u00f3rki.<\/li>\n<li>Masa\u017c intensywny - zabieg r\u00f3\u017cni si\u0119 tym, \u017ce efekt odm\u0142odzenia widoczny jest ju\u017c po pierwszych sesjach, gdy\u017c intensywny masa\u017c za pomoc\u0105 sch\u0142odzonego tlenu szybko normalizuje \u0142o\u017cysko mikrokr\u0105\u017cenia naczy\u0144 powierzchownych.<\/li>\n<li>Ch\u0142odzenie powietrzem pozwala na prac\u0119 urz\u0105dzenia 24 godziny na dob\u0119.<\/li>\n<li>Luksusowa konstrukcja peelingu gazowo-cieczowego z ulepszon\u0105 funkcj\u0105 RF.<\/li>\n<\/ol>\n<\/div>\n<\/div>\n<\/div>\n<p>&nbsp;<\/p>\n<table style=\"border-collapse: collapse; width: 100%;\">\n<tbody>\n<tr>\n<td style=\"width: 60%;\"><img decoding=\"async\" src=\"\/wp-content\/uploads\/2022\/07\/amt-m-207-description.jpg\" \/><\/td>\n<td style=\"width: 40%;\"><img decoding=\"async\" src=\"\/wp-content\/uploads\/2022\/05\/amt-m-207-description-2.jpg\" \/><\/td>\n<\/tr>\n<\/tbody>\n<\/table>\n<p>&nbsp;<\/p>\n<h3>Przed i po<\/h3>\n<table style=\"border-collapse: collapse; width: 100%;\">\n<tbody>\n<tr>\n<td style=\"width: 50%;\">\n<h4>tr\u0105dzik<\/h4>\n<p><img decoding=\"async\" src=\"\/wp-content\/uploads\/2022\/05\/akne-do-i-posle.jpg\" \/><\/p>\n<\/td>\n<td style=\"width: 50%;\">\n<h4>Zw\u0119\u017cenie por\u00f3w<\/h4>\n<p><img decoding=\"async\" src=\"\/wp-content\/uploads\/2022\/05\/suzheniye-por-do-i-posle.jpg\" \/><\/p>\n<\/td>\n<\/tr>\n<tr>\n<td style=\"width: 50%;\">\n<h4>Bielenie<\/h4>\n<p><img decoding=\"async\" src=\"\/wp-content\/uploads\/2022\/05\/otbelivaniye-do-i-posle.jpg\" \/><\/p>\n<\/td>\n<td style=\"width: 50%;\">\n<h4>Odm\u0142odzenie sk\u00f3ry<\/h4>\n<p><img decoding=\"async\" src=\"\/wp-content\/uploads\/2022\/05\/omolozheniye-kozhy.jpg\" \/><\/p>\n<\/td>\n<\/tr>\n<\/tbody>\n<\/table>\n<\/div>","protected":false},"excerpt":{"rendered":"<p>HidroPeel: innowacyjna maszyna do peelingu gazowo-cieczowego zapewniaj\u0105ca nieskaziteln\u0105 sk\u00f3r\u0119.<\/p>\n<p>Peeling gazowo-cieczowy lub HidroPeel to najnowszy trend w kosmetologii przeciwstarzeniowej i regeneruj\u0105cej. Urz\u0105dzenie do peelingu gazowo-cieczowego HidroPeel umo\u017cliwia wykonanie wszystkich popularnych zabieg\u00f3w z wykorzystaniem technologii strumieniowej:<\/p>","protected":false},"featured_media":2461,"comment_status":"open","ping_status":"closed","template":"","meta":{"site-sidebar-layout":"default","site-content-layout":"default","ast-main-header-display":"","ast-hfb-above-header-display":"","ast-hfb-below-header-display":"","ast-hfb-mobile-header-display":"","site-post-title":"","ast-breadcrumbs-content":"","ast-featured-img":"","footer-sml-layout":"","theme-transparent-header-meta":"default","adv-header-id-meta":"","stick-header-meta":"","header-above-stick-meta":"","header-main-stick-meta":"","header-below-stick-meta":""},"product_cat":[36,46],"product_tag":[],"yoast_head":"<!-- This site is optimized with the Yoast SEO Premium plugin v15.6.2 - https:\/\/yoast.com\/wordpress\/plugins\/seo\/ -->\n<title>HidroPeel - \u042d\u0441\u0442\u0435\u0442\u0438\u0447\u0435\u0441\u043a\u0438\u0435 \u041c\u0435\u0434\u0438\u0446\u0438\u043d\u0441\u043a\u0438\u0435 \u0422\u0435\u0445\u043d\u043e\u043b\u043e\u0433\u0438\u0438 - Aesthetic Medical Technology<\/title>\n<meta name=\"robots\" content=\"index, follow, max-snippet:-1, max-image-preview:large, max-video-preview:-1\" \/>\n<link rel=\"canonical\" href=\"https:\/\/amt.eu.com\/pl\/produkt\/hidropeel\/\" \/>\n<meta property=\"og:locale\" content=\"pl_PL\" \/>\n<meta property=\"og:type\" content=\"article\" \/>\n<meta property=\"og:title\" content=\"HidroPeel - \u042d\u0441\u0442\u0435\u0442\u0438\u0447\u0435\u0441\u043a\u0438\u0435 \u041c\u0435\u0434\u0438\u0446\u0438\u043d\u0441\u043a\u0438\u0435 \u0422\u0435\u0445\u043d\u043e\u043b\u043e\u0433\u0438\u0438 - Aesthetic Medical Technology\" \/>\n<meta property=\"og:description\" content=\"HidroPeel: \u0438\u043d\u043d\u043e\u0432\u0430\u0446\u0438\u043e\u043d\u043d\u044b\u0439 \u0430\u043f\u043f\u0430\u0440\u0430\u0442 \u0433\u0430\u0437\u043e\u0436\u0438\u0434\u043a\u043e\u0441\u0442\u043d\u043e\u0433\u043e \u043f\u0438\u043b\u0438\u043d\u0433\u0430 \u0434\u043b\u044f \u0431\u0435\u0437\u0443\u043f\u0440\u0435\u0447\u043d\u043e\u0439 \u043a\u043e\u0436\u0438. \u0413\u0430\u0437\u043e\u0436\u0438\u0434\u043a\u043e\u0441\u0442\u043d\u044b\u0439 \u043f\u0438\u043b\u0438\u043d\u0433 \u0438\u043b\u0438 HidroPeel \u2013 \u043d\u043e\u0432\u0435\u0439\u0448\u0435\u0435 \u043d\u0430\u043f\u0440\u0430\u0432\u043b\u0435\u043d\u0438\u0435 \u043e\u043c\u043e\u043b\u0430\u0436\u0438\u0432\u0430\u044e\u0449\u0435\u0439 \u0438 \u0432\u043e\u0441\u0441\u0442\u0430\u043d\u043e\u0432\u0438\u0442\u0435\u043b\u044c\u043d\u043e\u0439 \u043a\u043e\u0441\u043c\u0435\u0442\u043e\u043b\u043e\u0433\u0438\u0438. \u0410\u043f\u043f\u0430\u0440\u0430\u0442 \u0433\u0430\u0437\u043e\u0436\u0438\u0434\u043a\u043e\u0441\u0442\u043d\u043e\u0433\u043e \u043f\u0438\u043b\u0438\u043d\u0433\u0430 HidroPeel \u043f\u043e\u0437\u0432\u043e\u043b\u044f\u0435\u0442 \u043f\u0440\u043e\u0432\u043e\u0434\u0438\u0442\u044c \u0432\u0441\u0435 \u0432\u043e\u0441\u0442\u0440\u0435\u0431\u043e\u0432\u0430\u043d\u043d\u044b\u0435 \u043f\u0440\u043e\u0446\u0435\u0434\u0443\u0440\u044b \u0441 \u043f\u0440\u0438\u043c\u0435\u043d\u0435\u043d\u0438\u0435\u043c \u0441\u0442\u0440\u0443\u0439\u043d\u043e\u0439 \u0442\u0435\u0445\u043d\u043e\u043b\u043e\u0433\u0438\u0438:\" \/>\n<meta property=\"og:url\" content=\"https:\/\/amt.eu.com\/pl\/produkt\/hidropeel\/\" \/>\n<meta property=\"og:site_name\" content=\"\u042d\u0441\u0442\u0435\u0442\u0438\u0447\u0435\u0441\u043a\u0438\u0435 \u041c\u0435\u0434\u0438\u0446\u0438\u043d\u0441\u043a\u0438\u0435 \u0422\u0435\u0445\u043d\u043e\u043b\u043e\u0433\u0438\u0438 - Aesthetic Medical Technology\" \/>\n<meta property=\"article:modified_time\" content=\"2022-07-27T09:36:31+00:00\" \/>\n<meta property=\"og:image\" content=\"https:\/\/amt.eu.com\/wp-content\/uploads\/2022\/05\/amt-m-207.jpg\" \/>\n\t<meta property=\"og:image:width\" content=\"2362\" \/>\n\t<meta property=\"og:image:height\" content=\"2362\" \/>\n<meta name=\"twitter:card\" content=\"summary_large_image\" \/>\n<meta name=\"twitter:label1\" content=\"Szacowany czas czytania\">\n\t<meta name=\"twitter:data1\" content=\"6 minut\">\n<script type=\"application\/ld+json\" class=\"yoast-schema-graph\">{\"@context\":\"https:\/\/schema.org\",\"@graph\":[{\"@type\":\"WebSite\",\"@id\":\"https:\/\/amt.eu.com\/#website\",\"url\":\"https:\/\/amt.eu.com\/\",\"name\":\"\\u042d\\u0441\\u0442\\u0435\\u0442\\u0438\\u0447\\u0435\\u0441\\u043a\\u0438\\u0435 \\u041c\\u0435\\u0434\\u0438\\u0446\\u0438\\u043d\\u0441\\u043a\\u0438\\u0435 \\u0422\\u0435\\u0445\\u043d\\u043e\\u043b\\u043e\\u0433\\u0438\\u0438 - Aesthetic Medical Technology\",\"description\":\"\\u041c\\u0435\\u0434\\u0438\\u0446\\u0438\\u043d\\u0441\\u043a\\u0438\\u0435 \\u0442\\u0435\\u0445\\u043d\\u043e\\u043b\\u043e\\u0433\\u0438\\u0438 \\u0438 \\u043f\\u0440\\u043e\\u0446\\u0435\\u0434\\u0443\\u0440\\u044b\",\"potentialAction\":[{\"@type\":\"SearchAction\",\"target\":\"https:\/\/amt.eu.com\/?s={search_term_string}\",\"query-input\":\"required name=search_term_string\"}],\"inLanguage\":\"pl-PL\"},{\"@type\":\"ImageObject\",\"@id\":\"https:\/\/amt.eu.com\/product\/hidropeel\/#primaryimage\",\"inLanguage\":\"pl-PL\",\"url\":\"https:\/\/amt.eu.com\/wp-content\/uploads\/2022\/05\/amt-m-207.jpg\",\"width\":2362,\"height\":2362},{\"@type\":\"WebPage\",\"@id\":\"https:\/\/amt.eu.com\/product\/hidropeel\/#webpage\",\"url\":\"https:\/\/amt.eu.com\/product\/hidropeel\/\",\"name\":\"HidroPeel - \\u042d\\u0441\\u0442\\u0435\\u0442\\u0438\\u0447\\u0435\\u0441\\u043a\\u0438\\u0435 \\u041c\\u0435\\u0434\\u0438\\u0446\\u0438\\u043d\\u0441\\u043a\\u0438\\u0435 \\u0422\\u0435\\u0445\\u043d\\u043e\\u043b\\u043e\\u0433\\u0438\\u0438 - Aesthetic Medical Technology\",\"isPartOf\":{\"@id\":\"https:\/\/amt.eu.com\/#website\"},\"primaryImageOfPage\":{\"@id\":\"https:\/\/amt.eu.com\/product\/hidropeel\/#primaryimage\"},\"datePublished\":\"2022-05-13T14:52:12+00:00\",\"dateModified\":\"2022-07-27T09:36:31+00:00\",\"breadcrumb\":{\"@id\":\"https:\/\/amt.eu.com\/product\/hidropeel\/#breadcrumb\"},\"inLanguage\":\"pl-PL\",\"potentialAction\":[{\"@type\":\"ReadAction\",\"target\":[\"https:\/\/amt.eu.com\/product\/hidropeel\/\"]}]},{\"@type\":\"BreadcrumbList\",\"@id\":\"https:\/\/amt.eu.com\/product\/hidropeel\/#breadcrumb\",\"itemListElement\":[{\"@type\":\"ListItem\",\"position\":1,\"item\":{\"@type\":\"WebPage\",\"@id\":\"https:\/\/amt.eu.com\/\",\"url\":\"https:\/\/amt.eu.com\/\",\"name\":\"\"}},{\"@type\":\"ListItem\",\"position\":2,\"item\":{\"@type\":\"WebPage\",\"@id\":\"https:\/\/amt.eu.com\/shop\/\",\"url\":\"https:\/\/amt.eu.com\/shop\/\",\"name\":\"\\u041c\\u0430\\u0433\\u0430\\u0437\\u0438\\u043d\"}},{\"@type\":\"ListItem\",\"position\":3,\"item\":{\"@type\":\"WebPage\",\"@id\":\"https:\/\/amt.eu.com\/product\/hidropeel\/\",\"url\":\"https:\/\/amt.eu.com\/product\/hidropeel\/\",\"name\":\"HidroPeel\"}}]}]}<\/script>\n<!-- \/ Yoast SEO Premium plugin. -->","_links":{"self":[{"href":"https:\/\/amt.eu.com\/pl\/wp-json\/wp\/v2\/product\/2460"}],"collection":[{"href":"https:\/\/amt.eu.com\/pl\/wp-json\/wp\/v2\/product"}],"about":[{"href":"https:\/\/amt.eu.com\/pl\/wp-json\/wp\/v2\/types\/product"}],"replies":[{"embeddable":true,"href":"https:\/\/amt.eu.com\/pl\/wp-json\/wp\/v2\/comments?post=2460"}],"wp:featuredmedia":[{"embeddable":true,"href":"https:\/\/amt.eu.com\/pl\/wp-json\/wp\/v2\/media\/2461"}],"wp:attachment":[{"href":"https:\/\/amt.eu.com\/pl\/wp-json\/wp\/v2\/media?parent=2460"}],"wp:term":[{"taxonomy":"product_cat","embeddable":true,"href":"https:\/\/amt.eu.com\/pl\/wp-json\/wp\/v2\/product_cat?post=2460"},{"taxonomy":"product_tag","embeddable":true,"href":"https:\/\/amt.eu.com\/pl\/wp-json\/wp\/v2\/product_tag?post=2460"}],"curies":[{"name":"wp","href":"https:\/\/api.w.org\/{rel}","templated":true}]}}