{"id":2478,"date":"2022-05-13T21:32:29","date_gmt":"2022-05-13T18:32:29","guid":{"rendered":"https:\/\/amt.eu.com\/?post_type=product&#038;p=2478"},"modified":"2022-10-17T12:41:14","modified_gmt":"2022-10-17T09:41:14","slug":"remo-laser","status":"publish","type":"product","link":"https:\/\/amt.eu.com\/pl\/produkt\/remo-laser\/","title":{"rendered":"Remo-laser"},"content":{"rendered":"<p>Urz\u0105dzenia do usuwania laserowego mog\u0105 by\u0107 u\u017cywane do usuwania wszelkich defekt\u00f3w kapilarnych. Ta metoda ma nast\u0119puj\u0105ce zalety:<\/p>\n<ul class=\"styled_list\">\n<li><span class=\"num\">1<\/span>bezpiecze\u0144stwo;<\/li>\n<li><span class=\"num\">2<\/span>brak blizn i blizn;<\/li>\n<li><span class=\"num\">3<\/span>brak uszkodze\u0144 sk\u00f3ry<\/li>\n<li><span class=\"num\">4<\/span>natychmiastowy efekt;<\/li>\n<li><span class=\"num\">5<\/span>brak reakcji alergicznych.<\/li>\n<\/ul>\n<p>&nbsp;<\/p>\n<p><strong>Laserowe usuwanie naczynek<\/strong> - procedura po\u017c\u0105dana, dlatego zaleca si\u0119 zakup profesjonalnego urz\u0105dzenia laserowego na wyposa\u017cenie salon\u00f3w kosmetycznych, klinik kosmetycznych i gabinet\u00f3w. Poszerzy zakres us\u0142ug, przyci\u0105gnie wi\u0119cej klient\u00f3w i zagwarantuje pacjentom najwy\u017csze standardy zabieg\u00f3w kosmetycznych.<\/p>\n<p><img decoding=\"async\" src=\"\/wp-content\/uploads\/2022\/07\/laser-udaleniya-sosudov.jpg\" \/><\/p>\n<p>&nbsp;<\/p>\n<h3>Naczynia znikaj\u0105 na naszych oczach. Jak to dzia\u0142a?<\/h3>\n<p>Lasery do usuwania naczynek s\u0105 najskuteczniejsze przy usuwaniu niebieskich i czerwonych naczynek. Ju\u017c od pierwszej aplikacji \u201egwiazdki\u201d i \u201esiateczka\u201d staj\u0105 si\u0119 mniej wyra\u017ane i bledn\u0105 dos\u0142ownie na naszych oczach. W zale\u017cno\u015bci od lokalizacji i wielko\u015bci naczy\u0144 mog\u0105 by\u0107 wymagane 2-3 procedury.<\/p>\n<p>Usuwanie naczynek laserem ma dodatkowe efekty, warto zwr\u00f3ci\u0107 uwag\u0119 na bakteriob\u00f3jcze w\u0142a\u015bciwo\u015bci promieniowania. U\u017cywaj\u0105c lasera do usuwania naczynek eliminujesz ryzyko infekcji.<\/p>\n<p>Dzia\u0142anie zabieg\u00f3w opiera si\u0119 na zdolno\u015bci krwinek czerwonych do poch\u0142aniania promieniowania \u015bwietlnego o okre\u015blonym spektrum i przekszta\u0142cania go w energi\u0119 ciepln\u0105. Laser diodowy daje efekt miejscowy, kt\u00f3ry prowadzi do sklejenia \u015bcianek naczynia. Nast\u0119pnie lutowany obszar rozpuszcza si\u0119, co prowadzi do wyeliminowania defektu kosmetycznego.<\/p>\n<p>&nbsp;<\/p>\n<h3>Aplikacja<\/h3>\n<ul class=\"styled_list\">\n<li><span class=\"num\">1<\/span>Usu\u0144 zmiany naczyniowe<\/li>\n<li><span class=\"num\">2<\/span>Naczynka na nogach<\/li>\n<li><span class=\"num\">3<\/span>kapilary na ciele<\/li>\n<li><span class=\"num\">4<\/span>Wi\u015bniowe naczyniaki<\/li>\n<\/ul>\n<p>&nbsp;<\/p>\n<h3>Zalety lasera diodowego Remo-laser<\/h3>\n<ul class=\"styled_list\">\n<li><span class=\"num\">1<\/span>Laser o wysokiej wydajno\u015bci: Generator lasera du\u017cej mocy jest importowany z Niemiec, co zapewnia skuteczne efekty leczenia i zadowolenie klienta. Ponadto zwi\u0119ksza \u017cywotno\u015b\u0107 urz\u0105dzenia.<\/li>\n<li><span class=\"num\">2<\/span>Bezpiecze\u0144stwo zabiegu.<\/li>\n<li><span class=\"num\">3<\/span>Nieinwazyjna procedura leczenia.<\/li>\n<li><span class=\"num\">4<\/span>Emitowana ma\u0142a wi\u0105zka lasera dzia\u0142a tylko na angiotelektaz\u0119, bez wp\u0142ywu na otaczaj\u0105ce tkanki w tym obszarze.<\/li>\n<li><span class=\"num\">5<\/span>Szybkie tempo zabiegu realizowane jest dzi\u0119ki skoordynowanemu dzia\u0142aniu impulsowemu.<\/li>\n<li><span class=\"num\">6<\/span>Kompaktowa konstrukcja przeno\u015bnego urz\u0105dzenia u\u0142atwia przenoszenie.<\/li>\n<li><span class=\"num\">7<\/span>Prowadz\u0105ca wi\u0105zka urz\u0105dzenia pozwala lekarzowi precyzyjnie oddzia\u0142ywa\u0107 na angiotelektazj\u0119.<\/li>\n<li><span class=\"num\">8<\/span>Dwa tryby pracy:\n<ul>\n<li>Tryb ci\u0105g\u0142y - do usuwania brodawek i brodawczak\u00f3w<\/li>\n<li>Tryb pulsacyjny - do usuwania czerwonych barwnik\u00f3w krwi.<\/li>\n<\/ul>\n<\/li>\n<li><span class=\"num\">9<\/span>W trybie pulsacyjnym mo\u017cna regulowa\u0107 energi\u0119 i cz\u0119stotliwo\u015b\u0107.<\/li>\n<li><span class=\"num\">10<\/span>Brak materia\u0142\u00f3w eksploatacyjnych.<\/li>\n<li><span class=\"num\">11<\/span>Ch\u0142odzenie powietrzem pozwala na prac\u0119 urz\u0105dzenia 24 godziny na dob\u0119.<\/li>\n<\/ul>\n<p>&nbsp;<\/p>\n<h3><b>Zalety lasera diodowego<\/b><b> Remo-laser<\/b><\/h3>\n<p>Laserowa g\u0142owica \u015bwiat\u0142owodowa z trzema dyszami (dost\u0119pne rozmiary pier\u015bcieni: 1mm, 2mm, 3mm), w zale\u017cno\u015bci od g\u0142\u0119boko\u015bci naczy\u0144. Wybierz odpowiedni\u0105 r\u0119koje\u015b\u0107, aby nie uszkodzi\u0107 otaczaj\u0105cych tkanek w tym obszarze. Na przyk\u0142ad, je\u015bli pacjent ma g\u0142\u0119bokie naczynia, mo\u017cna wybra\u0107 ko\u0144c\u00f3wk\u0119 3 mm.<\/p>\n<p>&nbsp;<\/p>\n<h3><b>Przeciwwskazania do lasera diodowego Remo-laser<\/b><\/h3>\n<ul class=\"styled_list\">\n<li><span class=\"num\">1<\/span>Czas ci\u0105\u017cy i karmienia piersi\u0105.<\/li>\n<li><span class=\"num\">2<\/span>Obecno\u015b\u0107 czujnik\u00f3w t\u0119tna (rozrusznik\u00f3w serca).<\/li>\n<li><span class=\"num\">3<\/span>Obecno\u015b\u0107 metalowych implant\u00f3w w dotkni\u0119tym obszarze (nie obejmuje to koron ani implant\u00f3w dentystycznych).<\/li>\n<li><span class=\"num\">4<\/span>Choroby neuropsychiatryczne, w tym padaczka.<\/li>\n<li><span class=\"num\">5<\/span>Ropne zapalenie sk\u00f3ry.<\/li>\n<li><span class=\"num\">6<\/span>Ostre i przewlek\u0142e ogniska infekcji w organizmie.<\/li>\n<li><span class=\"num\">7<\/span>Choroby uk\u0142adu hormonalnego (cukrzyca, tyreotoksykoza i inne).<\/li>\n<li><span class=\"num\">8<\/span>Choroby onkologiczne (\u0142agodne i z\u0142o\u015bliwe).<\/li>\n<li><span class=\"num\">9<\/span>Twardzina sk\u00f3ry, tocze\u0144 rumieniowaty uk\u0142adowy i inne uk\u0142adowe choroby tkanki \u0142\u0105cznej.<\/li>\n<\/ul>\n<p>&nbsp;<\/p>\n<h3>Przed i po<\/h3>\n<table style=\"border-collapse: collapse; width: 100%;\">\n<tbody>\n<tr>\n<td style=\"width: 50%;\">\n<p><img decoding=\"async\" src=\"\/wp-content\/uploads\/2022\/05\/amt-980K-30-do-i-posle.jpg\" \/><\/p>\n<\/td>\n<td style=\"width: 50%;\">\n<p><img decoding=\"async\" src=\"\/wp-content\/uploads\/2022\/05\/amt-980K-30-do-i-posle-2.jpg\" \/><\/p>\n<\/td>\n<\/tr>\n<tr>\n<td style=\"width: 50%;\">\n<p><img decoding=\"async\" src=\"\/wp-content\/uploads\/2022\/05\/amt-980K-30-do-i-posle-3.jpg\" \/><\/p>\n<\/td>\n<td style=\"width: 50%;\">\n<p><img decoding=\"async\" src=\"\/wp-content\/uploads\/2022\/05\/amt-980K-30-do-i-posle-4.jpg\" \/><\/p>\n<\/td>\n<\/tr>\n<\/tbody>\n<\/table>","protected":false},"excerpt":{"rendered":"<h2>Lasery do usuwania naczy\u0144: zastosowanie, cechy i mo\u017cliwo\u015bci lasera:<\/h2>\n<p>Patologie naczyniowe obserwuje si\u0119 u co drugiego pacjenta klinik kosmetologicznych. Z biegiem czasu \u015bciany naczy\u0144 w\u0142osowatych trac\u0105 elastyczno\u015b\u0107, pojawiaj\u0105 si\u0119 \u201esiatki\u201d, \u201egwiazdy\u201d, naczynia prze\u015bwituj\u0105 przez sk\u00f3r\u0119. Najskuteczniejsz\u0105 i najbezpieczniejsz\u0105 metod\u0105 leczenia jest laser do usuwania naczynek.<\/p>\n<p><strong>Szybka eliminacja wad kapilarnych<\/strong><\/p>","protected":false},"featured_media":2479,"comment_status":"open","ping_status":"closed","template":"","meta":{"site-sidebar-layout":"default","site-content-layout":"default","ast-main-header-display":"","ast-hfb-above-header-display":"","ast-hfb-below-header-display":"","ast-hfb-mobile-header-display":"","site-post-title":"","ast-breadcrumbs-content":"","ast-featured-img":"","footer-sml-layout":"","theme-transparent-header-meta":"default","adv-header-id-meta":"","stick-header-meta":"","header-above-stick-meta":"","header-main-stick-meta":"","header-below-stick-meta":""},"product_cat":[36,46],"product_tag":[],"yoast_head":"<!-- This site is optimized with the Yoast SEO Premium plugin v15.6.2 - https:\/\/yoast.com\/wordpress\/plugins\/seo\/ -->\n<title>Remo-laser - \u042d\u0441\u0442\u0435\u0442\u0438\u0447\u0435\u0441\u043a\u0438\u0435 \u041c\u0435\u0434\u0438\u0446\u0438\u043d\u0441\u043a\u0438\u0435 \u0422\u0435\u0445\u043d\u043e\u043b\u043e\u0433\u0438\u0438 - Aesthetic Medical Technology<\/title>\n<meta name=\"robots\" content=\"index, follow, max-snippet:-1, max-image-preview:large, max-video-preview:-1\" \/>\n<link rel=\"canonical\" href=\"https:\/\/amt.eu.com\/pl\/produkt\/remo-laser\/\" \/>\n<meta property=\"og:locale\" content=\"pl_PL\" \/>\n<meta property=\"og:type\" content=\"article\" \/>\n<meta property=\"og:title\" content=\"Remo-laser - \u042d\u0441\u0442\u0435\u0442\u0438\u0447\u0435\u0441\u043a\u0438\u0435 \u041c\u0435\u0434\u0438\u0446\u0438\u043d\u0441\u043a\u0438\u0435 \u0422\u0435\u0445\u043d\u043e\u043b\u043e\u0433\u0438\u0438 - Aesthetic Medical Technology\" \/>\n<meta property=\"og:description\" content=\"\u041b\u0430\u0437\u0435\u0440\u044b \u0434\u043b\u044f \u0443\u0434\u0430\u043b\u0435\u043d\u0438\u044f \u0441\u043e\u0441\u0443\u0434\u043e\u0432: \u043f\u0440\u0438\u043c\u0435\u043d\u0435\u043d\u0438\u0435, \u043e\u0441\u043e\u0431\u0435\u043d\u043d\u043e\u0441\u0442\u0438 \u0438 \u0432\u043e\u0437\u043c\u043e\u0436\u043d\u043e\u0441\u0442\u0438 \u043b\u0430\u0437\u0435\u0440\u0430: \u0421\u043e\u0441\u0443\u0434\u0438\u0441\u0442\u044b\u0435 \u043f\u0430\u0442\u043e\u043b\u043e\u0433\u0438\u0438 \u043d\u0430\u0431\u043b\u044e\u0434\u0430\u044e\u0442\u0441\u044f \u0443 \u043a\u0430\u0436\u0434\u043e\u0433\u043e \u0432\u0442\u043e\u0440\u043e\u0433\u043e \u043f\u0430\u0446\u0438\u0435\u043d\u0442\u0430 \u043a\u043e\u0441\u043c\u0435\u0442\u043e\u043b\u043e\u0433\u0438\u0447\u0435\u0441\u043a\u0438\u0445 \u043a\u043b\u0438\u043d\u0438\u043a. \u0421\u043e \u0432\u0440\u0435\u043c\u0435\u043d\u0435\u043c \u0441\u0442\u0435\u043d\u043a\u0438 \u043a\u0430\u043f\u0438\u043b\u043b\u044f\u0440\u043e\u0432 \u0442\u0435\u0440\u044f\u044e\u0442 \u044d\u043b\u0430\u0441\u0442\u0438\u0447\u043d\u043e\u0441\u0442\u044c, \u043f\u043e\u044f\u0432\u043b\u044f\u044e\u0442\u0441\u044f \u00ab\u0441\u0435\u0442\u043e\u0447\u043a\u0438\u00bb, \u00ab\u0437\u0432\u0435\u0437\u0434\u043e\u0447\u043a\u0438\u00bb, \u0441\u043e\u0441\u0443\u0434\u044b \u043f\u0440\u043e\u0441\u0432\u0435\u0447\u0438\u0432\u0430\u044e\u0442 \u0441\u043a\u0432\u043e\u0437\u044c \u043a\u043e\u0436\u0443. \u0421\u0430\u043c\u044b\u043c \u044d\u0444\u0444\u0435\u043a\u0442\u0438\u0432\u043d\u044b\u043c \u0438 \u0431\u0435\u0437\u043e\u043f\u0430\u0441\u043d\u044b\u043c \u043c\u0435\u0442\u043e\u0434\u043e\u043c \u043b\u0435\u0447\u0435\u043d\u0438\u044f \u044f\u0432\u043b\u044f\u0435\u0442\u0441\u044f \u043b\u0430\u0437\u0435\u0440 \u0434\u043b\u044f \u0443\u0434\u0430\u043b\u0435\u043d\u0438\u044f \u0441\u043e\u0441\u0443\u0434\u043e\u0432. \u0411\u044b\u0441\u0442\u0440\u043e\u0435 \u0443\u0441\u0442\u0440\u0430\u043d\u0435\u043d\u0438\u0435 \u043a\u0430\u043f\u0438\u043b\u043b\u044f\u0440\u043d\u044b\u0445 \u0434\u0435\u0444\u0435\u043a\u0442\u043e\u0432\" \/>\n<meta property=\"og:url\" content=\"https:\/\/amt.eu.com\/pl\/produkt\/remo-laser\/\" \/>\n<meta property=\"og:site_name\" content=\"\u042d\u0441\u0442\u0435\u0442\u0438\u0447\u0435\u0441\u043a\u0438\u0435 \u041c\u0435\u0434\u0438\u0446\u0438\u043d\u0441\u043a\u0438\u0435 \u0422\u0435\u0445\u043d\u043e\u043b\u043e\u0433\u0438\u0438 - Aesthetic Medical Technology\" \/>\n<meta property=\"article:modified_time\" content=\"2022-10-17T09:41:14+00:00\" \/>\n<meta property=\"og:image\" content=\"https:\/\/amt.eu.com\/wp-content\/uploads\/2022\/05\/amt-980K-30.jpg\" \/>\n\t<meta property=\"og:image:width\" content=\"2362\" \/>\n\t<meta property=\"og:image:height\" content=\"2362\" \/>\n<meta name=\"twitter:card\" content=\"summary_large_image\" \/>\n<meta name=\"twitter:label1\" content=\"Szacowany czas czytania\">\n\t<meta name=\"twitter:data1\" content=\"3 minuty\">\n<script type=\"application\/ld+json\" class=\"yoast-schema-graph\">{\"@context\":\"https:\/\/schema.org\",\"@graph\":[{\"@type\":\"WebSite\",\"@id\":\"https:\/\/amt.eu.com\/#website\",\"url\":\"https:\/\/amt.eu.com\/\",\"name\":\"\\u042d\\u0441\\u0442\\u0435\\u0442\\u0438\\u0447\\u0435\\u0441\\u043a\\u0438\\u0435 \\u041c\\u0435\\u0434\\u0438\\u0446\\u0438\\u043d\\u0441\\u043a\\u0438\\u0435 \\u0422\\u0435\\u0445\\u043d\\u043e\\u043b\\u043e\\u0433\\u0438\\u0438 - Aesthetic Medical Technology\",\"description\":\"\\u041c\\u0435\\u0434\\u0438\\u0446\\u0438\\u043d\\u0441\\u043a\\u0438\\u0435 \\u0442\\u0435\\u0445\\u043d\\u043e\\u043b\\u043e\\u0433\\u0438\\u0438 \\u0438 \\u043f\\u0440\\u043e\\u0446\\u0435\\u0434\\u0443\\u0440\\u044b\",\"potentialAction\":[{\"@type\":\"SearchAction\",\"target\":\"https:\/\/amt.eu.com\/?s={search_term_string}\",\"query-input\":\"required name=search_term_string\"}],\"inLanguage\":\"pl-PL\"},{\"@type\":\"ImageObject\",\"@id\":\"https:\/\/amt.eu.com\/product\/remo-laser\/#primaryimage\",\"inLanguage\":\"pl-PL\",\"url\":\"https:\/\/amt.eu.com\/wp-content\/uploads\/2022\/05\/amt-980K-30.jpg\",\"width\":2362,\"height\":2362},{\"@type\":\"WebPage\",\"@id\":\"https:\/\/amt.eu.com\/product\/remo-laser\/#webpage\",\"url\":\"https:\/\/amt.eu.com\/product\/remo-laser\/\",\"name\":\"Remo-laser - \\u042d\\u0441\\u0442\\u0435\\u0442\\u0438\\u0447\\u0435\\u0441\\u043a\\u0438\\u0435 \\u041c\\u0435\\u0434\\u0438\\u0446\\u0438\\u043d\\u0441\\u043a\\u0438\\u0435 \\u0422\\u0435\\u0445\\u043d\\u043e\\u043b\\u043e\\u0433\\u0438\\u0438 - Aesthetic Medical Technology\",\"isPartOf\":{\"@id\":\"https:\/\/amt.eu.com\/#website\"},\"primaryImageOfPage\":{\"@id\":\"https:\/\/amt.eu.com\/product\/remo-laser\/#primaryimage\"},\"datePublished\":\"2022-05-13T18:32:29+00:00\",\"dateModified\":\"2022-10-17T09:41:14+00:00\",\"breadcrumb\":{\"@id\":\"https:\/\/amt.eu.com\/product\/remo-laser\/#breadcrumb\"},\"inLanguage\":\"pl-PL\",\"potentialAction\":[{\"@type\":\"ReadAction\",\"target\":[\"https:\/\/amt.eu.com\/product\/remo-laser\/\"]}]},{\"@type\":\"BreadcrumbList\",\"@id\":\"https:\/\/amt.eu.com\/product\/remo-laser\/#breadcrumb\",\"itemListElement\":[{\"@type\":\"ListItem\",\"position\":1,\"item\":{\"@type\":\"WebPage\",\"@id\":\"https:\/\/amt.eu.com\/\",\"url\":\"https:\/\/amt.eu.com\/\",\"name\":\"\"}},{\"@type\":\"ListItem\",\"position\":2,\"item\":{\"@type\":\"WebPage\",\"@id\":\"https:\/\/amt.eu.com\/shop\/\",\"url\":\"https:\/\/amt.eu.com\/shop\/\",\"name\":\"\\u041c\\u0430\\u0433\\u0430\\u0437\\u0438\\u043d\"}},{\"@type\":\"ListItem\",\"position\":3,\"item\":{\"@type\":\"WebPage\",\"@id\":\"https:\/\/amt.eu.com\/product\/remo-laser\/\",\"url\":\"https:\/\/amt.eu.com\/product\/remo-laser\/\",\"name\":\"Remo-laser\"}}]}]}<\/script>\n<!-- \/ Yoast SEO Premium plugin. -->","_links":{"self":[{"href":"https:\/\/amt.eu.com\/pl\/wp-json\/wp\/v2\/product\/2478"}],"collection":[{"href":"https:\/\/amt.eu.com\/pl\/wp-json\/wp\/v2\/product"}],"about":[{"href":"https:\/\/amt.eu.com\/pl\/wp-json\/wp\/v2\/types\/product"}],"replies":[{"embeddable":true,"href":"https:\/\/amt.eu.com\/pl\/wp-json\/wp\/v2\/comments?post=2478"}],"wp:featuredmedia":[{"embeddable":true,"href":"https:\/\/amt.eu.com\/pl\/wp-json\/wp\/v2\/media\/2479"}],"wp:attachment":[{"href":"https:\/\/amt.eu.com\/pl\/wp-json\/wp\/v2\/media?parent=2478"}],"wp:term":[{"taxonomy":"product_cat","embeddable":true,"href":"https:\/\/amt.eu.com\/pl\/wp-json\/wp\/v2\/product_cat?post=2478"},{"taxonomy":"product_tag","embeddable":true,"href":"https:\/\/amt.eu.com\/pl\/wp-json\/wp\/v2\/product_tag?post=2478"}],"curies":[{"name":"wp","href":"https:\/\/api.w.org\/{rel}","templated":true}]}}