{"id":3540,"date":"2024-09-14T12:31:58","date_gmt":"2024-09-14T09:31:58","guid":{"rendered":"https:\/\/amt.eu.com\/?post_type=product&#038;p=3540"},"modified":"2024-09-14T13:37:31","modified_gmt":"2024-09-14T10:37:31","slug":"l-1200","status":"publish","type":"product","link":"https:\/\/amt.eu.com\/pl\/produkt\/l-1200\/","title":{"rendered":"L-1200+"},"content":{"rendered":"<p>Z tym urz\u0105dzeniem depilacja Twoich klientek b\u0119dzie wygodna, szybka i skuteczna! Laser diodowy L-1200+ ma wiele zalet i stanie si\u0119 Twoim niezast\u0105pionym pomocnikiem w Twojej pracy.<\/p>\n<h3>Dlaczego warto kupi\u0107 depilator laserowy L-1200+ firmy A.M.T.<\/h3>\n<p>To jedyna maszyna do depilacji, kt\u00f3ra \u0142\u0105czy w sobie wszystkie zaawansowane technologie:<\/p>\n<ul class=\"styled_list\">\n<li><span class=\"num\">1<\/span>Ultrakr\u00f3tkie impulsy energii \u015bwietlnej pomog\u0105 delikatnie pozby\u0107 si\u0119 niechcianych w\u0142os\u00f3w bez nara\u017cania delikatnej i wra\u017cliwej sk\u00f3ry.<\/li>\n<li><span class=\"num\">2<\/span>Zwi\u0119kszona \u017cywotno\u015b\u0107 lasera diodowego to 30 milion\u00f3w b\u0142ysk\u00f3w, co oznacza nieograniczone mo\u017cliwo\u015bci regularnej pracy.<\/li>\n<li><span class=\"num\">3<\/span>Nadajnik diodowy mikrokana\u0142owy jest teraz 2 razy mocniejszy.<\/li>\n<li><span class=\"num\">4<\/span>Bardzo trwa\u0142e szafirowe szk\u0142o utrzymuje r\u0119koje\u015b\u0107 w nienaruszonym stanie podczas codziennego u\u017cytkowania.<\/li>\n<li><span class=\"num\">5<\/span>Depilacja za pomoc\u0105 tego urz\u0105dzenia jest \u0142atwa dzi\u0119ki lekkiej r\u0119koje\u015bci, wygodnemu ekranowi dotykowemu oraz dobrze gumowanemu i elastycznemu kablowi.<\/li>\n<li><span class=\"num\">6<\/span>Moc \u017ar\u00f3d\u0142a lasera to 1200 W, co pozwoli na mo\u017cliwie bezbolesn\u0105 i wydajn\u0105 depilacj\u0119.<\/li>\n<li><span class=\"num\">7<\/span>Nowy system ch\u0142odzenia lasera diodowego zapewnia szybki spadek temperatury r\u0119koje\u015bci w obszarze podej\u015bcia do sk\u00f3ry.<\/li>\n<li><span class=\"num\">8<\/span>Przyst\u0119pna cena - doskona\u0142a jako\u015b\u0107, poniewa\u017c nasza firma jest dystrybutorem w produkcji europejskiego sprz\u0119tu kosmetologicznego.<\/li>\n<li><span class=\"num\">9<\/span>Na naszym urz\u0105dzeniu depilacj\u0119 mo\u017cna wykona\u0107 nawet latem bez przerywania przebiegu zabieg\u00f3w!<\/li>\n<li><span class=\"num\">10<\/span>Gwarancja i jako\u015b\u0107 us\u0142ug.<\/li>\n<\/ul>\n<p>Dzi\u0119ki depilacji laserowej b\u0119dzie tak bezpieczna i komfortowa jak to tylko mo\u017cliwe dla Twoich klient\u00f3w! Stylowy pi\u0119kny design urz\u0105dzenia wzbudza zaufanie klient\u00f3w i wzmacnia reputacj\u0119 salonu. Urz\u0105dzenie wykonane jest w wygodnej walizce, ma niewielkie rozmiary i zajmuje niewiele miejsca w gabinecie specjalisty.<\/p>\n<p>Depilacja laserowa to jedna z najbardziej dochodowych dziedzin w kosmetologii sprz\u0119towej. Jest na to sta\u0142e zapotrzebowanie, a koszt zabieg\u00f3w jest taki, \u017ce pozwala na zwrot koszt\u00f3w urz\u0105dzenia w ci\u0105gu kilku miesi\u0119cy. Co wi\u0119cej, urz\u0105dzenie dzia\u0142a wy\u0142\u0105cznie dla kliniki.<\/p>\n<p>Parametry techniczne i mo\u017cliwo\u015bci naszego sprz\u0119tu nie maj\u0105 sobie r\u00f3wnych! Ich godno\u015b\u0107 z \u0142atwo\u015bci\u0105 doceni\u0105 mistrzowie depilacji i kosmetolodzy sprz\u0119towi.<\/p>\n<p>Zapotrzebowanie i popularno\u015b\u0107 depilacji laserowej ro\u015bnie z ka\u017cdym dniem.<\/p>\n<p><strong>Jego zalety s\u0105 oczywiste!<\/strong><\/p>\n<ul style=\"list-style-type: square;\">\n<li>Usuwanie niechcianych w\u0142os\u00f3w bez naruszania integralno\u015bci sk\u00f3ry<\/li>\n<li>Wysoka wydajno\u015b\u0107 metody<\/li>\n<li>Brak blizn i podra\u017cnie\u0144 sk\u00f3ry<\/li>\n<li>Ultrakr\u00f3tka d\u0142ugo\u015b\u0107 impulsu zapewniaj\u0105ca komfortowe i bezbolesne zabiegi<\/li>\n<li>Kr\u00f3tki okres rekonwalescencji<\/li>\n<\/ul>\n<p>Nasza firma &quot;A.M.T.&quot; anga\u017cuje si\u0119 w edukacj\u0119 Ciebie lub Twoich technik\u00f3w w zakresie prawid\u0142owej obs\u0142ugi lasera diodowego i zrozumienia r\u00f3\u017cnicy mi\u0119dzy innymi urz\u0105dzeniami do depilacji laserowej. Przekonasz si\u0119, dlaczego w wielu salonach depilacja nie daje rezultat\u00f3w 100% lub w og\u00f3le jej nie ma! Poznasz najcz\u0119stsze b\u0142\u0119dy specjalist\u00f3w od depilacji laserowej i zrozumiesz, dlaczego klienci musz\u0105 chodzi\u0107 na zabiegi wi\u0119cej ni\u017c 12 razy, co przynosi z\u0142\u0105 reputacj\u0119 salonu i negatywne recenzje.<\/p>\n<p>Istot\u0105 depilacji laserowej jest selektywna absorpcja energii promieniowania laserowego przez melanin\u0119 zawart\u0105 w mieszku w\u0142osowym. Procesowi temu towarzyszy nagrzewanie si\u0119 mieszk\u00f3w w\u0142osowych i \u015bmier\u0107 kom\u00f3rek odpowiedzialnych za porost w\u0142os\u00f3w.<\/p>\n<p>Depilacja dowolnego obszaru wymaga kilku procedur ostatecznego pozbycia si\u0119 niechcianych w\u0142os\u00f3w. Ilo\u015b\u0107 powt\u00f3rze\u0144 zale\u017cy od wydajno\u015bci urz\u0105dzenia laserowego, od mo\u017cliwo\u015bci dostosowania jego mocy podczas procesu depilacji, tak aby w ka\u017cdym przypadku wybra\u0107 tryb najbardziej odpowiedni. Z naszym urz\u0105dzeniem <strong>L-1200+<\/strong> nie musisz liczy\u0107 i oszcz\u0119dza\u0107 b\u0142ysk\u00f3w, a jego moc pomo\u017ce przeprowadzi\u0107 zabieg tak komfortowo i bezbole\u015bnie, jak to tylko mo\u017cliwe.<\/p>\n<p>Bardzo wa\u017cnym parametrem przy wyborze lasera do depilacji jest to, do jakich fototyp\u00f3w sk\u00f3ry Fitzpatrick mo\u017cna go zastosowa\u0107. Zgodnie z t\u0105 klasyfikacj\u0105 wyr\u00f3\u017cnia si\u0119 sze\u015b\u0107 fototyp\u00f3w sk\u00f3ry, r\u00f3\u017cni\u0105cych si\u0119 wysyceniem nask\u00f3rka melanin\u0105. Im szersze mo\u017cliwo\u015bci lasera w tym kierunku, tym jest on bardziej wszechstronny i mo\u017ce by\u0107 stosowany zar\u00f3wno u os\u00f3b o jasnej karnacji, o ciemnych w\u0142osach, jak i u os\u00f3b o ciemniejszej karnacji. Nasze urz\u0105dzenie pracuje na 6 r\u00f3\u017cnych fototypach sk\u00f3ry, dzi\u0119ki czemu baza Twoich klient\u00f3w odpowiednio si\u0119 powi\u0119ksza.<\/p>\n<p><strong>Kup laser diodowy od A.M.T.<\/strong> to realne rozwi\u0105zanie dla mistrz\u00f3w depilacji, kosmetolog\u00f3w i przedsi\u0119biorc\u00f3w zainteresowanych osi\u0105gni\u0119ciem sukcesu. Aby odnie\u015b\u0107 sukces na tym rynku, przyci\u0105gn\u0105\u0107 wielu klient\u00f3w do swojego salonu i osi\u0105gn\u0105\u0107 wysokie zyski, musisz pracowa\u0107 na niezawodnym i wydajnym sprz\u0119cie, kt\u00f3ry spe\u0142nia wsp\u00f3\u0142czesne wymagania. Jeszcze wa\u017cniejsze jest kupowanie go od firmy, kt\u00f3ra zadba o utrzymanie sprz\u0119tu, pomo\u017ce przeszkoli\u0107 pracownik\u00f3w i zwi\u0119kszy przep\u0142yw klient\u00f3w. Zastosowanie urz\u0105dzenia do usuwania niechcianego ow\u0142osienia poprawi jako\u015b\u0107 \u015bwiadczonych us\u0142ug. Jednocze\u015bnie sprz\u0119t bardzo szybko si\u0119 zwraca. Depilacja jest wygodna, poniewa\u017c urz\u0105dzenie ma 1200 wat\u00f3w. A procedury szybko przynios\u0105 doskona\u0142e rezultaty. Twoi klienci b\u0119d\u0105 usatysfakcjonowani i na pewno polec\u0105 ka\u017cdemu poddanie si\u0119 depilacji na Twoim sprz\u0119cie.<\/p>\n<p>Dzi\u0119ki niezawodnemu znieczuleniu zabieg depilacji na aparacie firmy \u201eA.M.T.\u201d staje si\u0119 naprawd\u0119 wygodny. Dodatkowymi zaletami urz\u0105dzenia jest jego wszechstronno\u015b\u0107 w zastosowaniu do dowolnych fototyp\u00f3w sk\u00f3ry oraz potrzeba mniejszej liczby zabieg\u00f3w w por\u00f3wnaniu z laserami aleksandrytowymi i neodymowymi.<\/p>\n<p>Przy zakupie urz\u0105dzenia nasza firma zapewnia bezp\u0142atne szkolenie oraz wsparcie specjalisty we wszystkich kwestiach zwi\u0105zanych z prac\u0105 z urz\u0105dzeniem. Program studi\u00f3w obejmuje cz\u0119\u015b\u0107 teoretyczn\u0105 i praktyczn\u0105 z testowaniem na modelach. Na zako\u0144czenie szkolenia firma wystawi Ci europejski dyplom oraz zapewni sta\u0142e wsparcie konsultacyjne specjalisty w pracy z urz\u0105dzeniem.<\/p>\n<table style=\"border-collapse: collapse; width: 100%;\">\n<tbody>\n<tr>\n<td style=\"width: 50%; vertical-align: middle;\"><img decoding=\"async\" class=\"aligncenter\" src=\"\/wp-content\/uploads\/2021\/11\/808CUTE7-1.jpg\" \/><\/td>\n<td style=\"width: 50%; vertical-align: middle;\">\n<h3>Zalety<\/h3>\n<ol>\n<li>Zajmuje ma\u0142o miejsca w kabinie<\/li>\n<li>Emiter z kana\u0142em makro<\/li>\n<li>Uchwyt na w\u0105\u017c - dla wygody mistrza<\/li>\n<\/ol>\n<\/td>\n<\/tr>\n<tr class=\"mobile-reverse\">\n<td style=\"width: 50%; vertical-align: middle;\">\n<h3>Zasada leczenia<\/h3>\n<p>Do usuwania w\u0142osk\u00f3w wykorzystuje si\u0119 lasery diodowe, kt\u00f3re dzia\u0142aj\u0105 na zasadzie selektywnej fototermolizy, co oznacza, \u017ce pewna d\u0142ugo\u015b\u0107 fali \u015bwiat\u0142a lasera mo\u017ce by\u0107 selektywnie absorbowana przez docelowy chromofor. Melanina wyst\u0119puje w mieszku w\u0142osowym i trzonie w\u0142osa, jest rozprowadzana po kom\u00f3rkach macierzy w\u0142osa i mo\u017ce by\u0107 przenoszona do struktur trzonu w\u0142osa (rdze\u0144, kora i gruczo\u0142y \u0142ojowe).<\/p>\n<p>Pod wp\u0142ywem okre\u015blonej d\u0142ugo\u015bci fali lasera z melanin\u0105 jako docelow\u0105 baz\u0105 koloru, melanina w trzonie w\u0142osa poch\u0142ania energi\u0119 \u015bwietln\u0105 i zamienia j\u0105 w energi\u0119 ciepln\u0105, powoduj\u0105c nag\u0142y wzrost temperatury. Pod warunkiem, \u017ce szeroko\u015b\u0107 impulsu odpowiada czasowi uszkodzenia termicznego tkanki mieszk\u00f3w w\u0142osowych, energia cieplna jest przekazywana do p\u0105czka mieszk\u00f3w w\u0142osowych i korzenia w\u0142osa poprzez bia\u0142ko w trzonie w\u0142osa, powoduj\u0105c nieodwracalne uszkodzenie kom\u00f3rek macierzystych mieszk\u00f3w w\u0142osowych lub wzrost cz\u0119\u015b\u0107 brodawki w\u0142osowej, skutecznie niszcz\u0105c tkank\u0119 mieszk\u00f3w w\u0142osowych. W efekcie dochodzi do nieodwracalnego uszkodzenia tkanki mieszk\u00f3w w\u0142osowych, co spowalnia wzrost w\u0142os\u00f3w, sprawiaj\u0105c, \u017ce odrastaj\u0105ce w\u0142osy staj\u0105 si\u0119 cie\u0144sze i ja\u015bniejsze.<\/p>\n<\/td>\n<td style=\"width: 50%; vertical-align: middle;\"><img decoding=\"async\" class=\"aligncenter\" src=\"\/wp-content\/uploads\/2021\/11\/808CUTE2-1.jpg\" \/><\/td>\n<\/tr>\n<tr class=\"mobile-reverse\">\n<td style=\"width: 50%; vertical-align: middle;\">\n<h3>Aplikacja<\/h3>\n<ul style=\"list-style-type: square;\">\n<li>G\u00f3rna warga<\/li>\n<li>Pachy<\/li>\n<li>Usta<\/li>\n<li>Ramiona<\/li>\n<li>Obszar bikini<\/li>\n<li>Ca\u0142e cia\u0142o<\/li>\n<li>Biodra<\/li>\n<li>\n<p>Kawior<\/p>\n<\/li>\n<\/ul>\n<\/td>\n<td style=\"width: 50%; vertical-align: middle;\"><img decoding=\"async\" class=\"aligncenter\" src=\"\/wp-content\/uploads\/2021\/11\/808CUTE4-1.jpg\" \/><\/td>\n<\/tr>\n<tr>\n<td style=\"width: 50%; vertical-align: middle;\"><img decoding=\"async\" class=\"aligncenter\" src=\"\/wp-content\/uploads\/2021\/11\/808CUTE3-1.jpg\" \/><\/td>\n<td style=\"width: 50%; vertical-align: middle;\">\n<h3>808-diodowy sprz\u0119t do depilacji laserowej<\/h3>\n<p>Pot\u0119\u017cne ulepszenia s\u0105 bezpieczniejsze, szybsze, bezbolesne, skuteczne, to Twoje ulubione urz\u0105dzenie do usuwania w\u0142os\u00f3w.<\/p>\n<\/td>\n<\/tr>\n<tr class=\"mobile-reverse\">\n<td style=\"width: 50%; vertical-align: middle;\">\n<h3>Detale<\/h3>\n<ul style=\"list-style-type: square;\">\n<li>Ekran dotykowy<\/li>\n<li>HF-05 Uchwyt (obr\u00f3bka)<\/li>\n<li>Zlokalizowana g\u0142owica zabiegowa<\/li>\n<\/ul>\n<\/td>\n<td style=\"width: 50%; vertical-align: middle;\">\n<p><img decoding=\"async\" class=\"aligncenter\" src=\"\/wp-content\/uploads\/2022\/05\/L-1200-2-excerpt.jpg\" \/><\/p>\n<\/td>\n<\/tr>\n<tr>\n<td style=\"width: 50%; vertical-align: middle;\"><img decoding=\"async\" class=\"aligncenter\" src=\"\/wp-content\/uploads\/2021\/11\/808CUTE6-2.jpg\" \/><\/td>\n<td style=\"width: 50%; vertical-align: middle;\">\n<h3>D\u0142ugopis z du\u017cymi kropkami<\/h3>\n<p>Uchwyt punktowy 12 mm * 23 mm mo\u017ce wykonywa\u0107 przesuwanie w sta\u0142ym punkcie i obs\u0142ugiwa\u0107 ma\u0142e cz\u0119\u015bci z du\u017c\u0105 pr\u0119dko\u015bci\u0105 usuwania.<\/p>\n<ul style=\"list-style-type: square;\">\n<li>Bezpiecznie<\/li>\n<li>Skuteczny<\/li>\n<li>Szybko<\/li>\n<\/ul>\n<\/td>\n<\/tr>\n<\/tbody>\n<\/table>","protected":false},"excerpt":{"rendered":"<p>Z tym urz\u0105dzeniem depilacja Twoich klientek b\u0119dzie wygodna, szybka i skuteczna! Laser diodowy L-1200+ ma wiele zalet i stanie si\u0119 Twoim niezast\u0105pionym pomocnikiem w Twojej pracy.<\/p>\n<ul>\n<li aria-level=\"1\">Ultrakr\u00f3tkie impulsy - pozb\u0105d\u017a si\u0119 w\u0142os\u00f3w bez zagro\u017cenia dla delikatnej i wra\u017cliwej sk\u00f3ry.<\/li>\n<li aria-level=\"1\">Ko\u0144c\u00f3wki ch\u0142odz\u0105ce \u2013 depilacja jest bezbolesna i skuteczna dzi\u0119ki jeszcze mocniejszemu sprz\u0119towi.<\/li>\n<li aria-level=\"1\">Przyst\u0119pna cena i doskona\u0142a jako\u015b\u0107 - nasza firma jest dealerem w produkcji europejskiego sprz\u0119tu kosmetologicznego.<\/li>\n<\/ul>","protected":false},"featured_media":3541,"comment_status":"open","ping_status":"closed","template":"","meta":{"site-sidebar-layout":"default","site-content-layout":"default","ast-main-header-display":"","ast-hfb-above-header-display":"","ast-hfb-below-header-display":"","ast-hfb-mobile-header-display":"","site-post-title":"","ast-breadcrumbs-content":"","ast-featured-img":"","footer-sml-layout":"","theme-transparent-header-meta":"default","adv-header-id-meta":"","stick-header-meta":"","header-above-stick-meta":"","header-main-stick-meta":"","header-below-stick-meta":""},"product_cat":[36,46],"product_tag":[],"yoast_head":"<!-- This site is optimized with the Yoast SEO Premium plugin v15.6.2 - https:\/\/yoast.com\/wordpress\/plugins\/seo\/ -->\n<title>L-1200 + - \u042d\u0441\u0442\u0435\u0442\u0438\u0447\u0435\u0441\u043a\u0438\u0435 \u041c\u0435\u0434\u0438\u0446\u0438\u043d\u0441\u043a\u0438\u0435 \u0422\u0435\u0445\u043d\u043e\u043b\u043e\u0433\u0438\u0438 - Aesthetic Medical Technology<\/title>\n<meta name=\"robots\" content=\"index, follow, max-snippet:-1, max-image-preview:large, max-video-preview:-1\" \/>\n<link rel=\"canonical\" href=\"https:\/\/amt.eu.com\/pl\/produkt\/l-1200\/\" \/>\n<meta property=\"og:locale\" content=\"pl_PL\" \/>\n<meta property=\"og:type\" content=\"article\" \/>\n<meta property=\"og:title\" content=\"L-1200 + - \u042d\u0441\u0442\u0435\u0442\u0438\u0447\u0435\u0441\u043a\u0438\u0435 \u041c\u0435\u0434\u0438\u0446\u0438\u043d\u0441\u043a\u0438\u0435 \u0422\u0435\u0445\u043d\u043e\u043b\u043e\u0433\u0438\u0438 - Aesthetic Medical Technology\" \/>\n<meta property=\"og:description\" content=\"\u0421 \u044d\u0442\u0438\u043c \u0430\u043f\u043f\u0430\u0440\u0430\u0442\u043e\u043c \u0443\u0434\u0430\u043b\u0435\u043d\u0438\u0435 \u0432\u043e\u043b\u043e\u0441 \u0443 \u0432\u0430\u0448\u0438\u0445 \u043a\u043b\u0438\u0435\u043d\u0442\u043e\u0432 \u0431\u0443\u0434\u0435\u0442 \u043a\u043e\u043c\u0444\u043e\u0440\u0442\u043d\u044b\u043c, \u0431\u044b\u0441\u0442\u0440\u044b\u043c \u0438 \u044d\u0444\u0444\u0435\u043a\u0442\u0438\u0432\u043d\u044b\u043c! \u0414\u0438\u043e\u0434\u043d\u044b\u0439 \u043b\u0430\u0437\u0435\u0440 L-1200+ \u0438\u043c\u0435\u0435\u0442 \u043c\u0430\u0441\u0441\u0443 \u043f\u0440\u0435\u0438\u043c\u0443\u0449\u0435\u0441\u0442\u0432 \u0438 \u0441\u0442\u0430\u043d\u0435\u0442 \u0432\u0430\u043c \u043d\u0435\u0437\u0430\u043c\u0435\u043d\u0438\u043c\u044b\u043c \u043f\u043e\u043c\u043e\u0449\u043d\u0438\u043a\u043e\u043c \u0432 \u0440\u0430\u0431\u043e\u0442\u0435.   \u0421\u0432\u0435\u0440\u0445\u043a\u043e\u0440\u043e\u0442\u043a\u0438\u0435 \u0438\u043c\u043f\u0443\u043b\u044c\u0441\u044b - \u0438\u0437\u0431\u0430\u0432\u044f\u0442 \u043e\u0442 \u0432\u043e\u043b\u043e\u0441 \u0431\u0435\u0437 \u043e\u043f\u0430\u0441\u043d\u043e\u0441\u0442\u0438 \u0434\u043b\u044f \u043d\u0435\u0436\u043d\u043e\u0439 \u0438 \u0447\u0443\u0432\u0441\u0442\u0432\u0438\u0442\u0435\u043b\u044c\u043d\u043e\u0439 \u043a\u043e\u0436\u0438.  \u041c\u0430\u043d\u0438\u043f\u0443\u043b\u0430\u043c \u0441 \u043e\u0445\u043b\u0430\u0436\u0434\u0435\u043d\u0438\u0435\u043c - \u044d\u043f\u0438\u043b\u044f\u0446\u0438\u044f \u043f\u0440\u043e\u0432\u043e\u0434\u0438\u0442\u0441\u044f \u0431\u0435\u0437\u0431\u043e\u043b\u0435\u0437\u043d\u0435\u043d\u043d\u043e \u0438 \u044d\u0444\u0444\u0435\u043a\u0442\u0438\u0432\u043d\u043e \u0431\u043b\u0430\u0433\u043e\u0434\u0430\u0440\u044f \u0435\u0449\u0435 \u0431\u043e\u043b\u0435\u0435 \u043c\u043e\u0449\u043d\u043e\u043c\u0443 \u043e\u0431\u043e\u0440\u0443\u0434\u043e\u0432\u0430\u043d\u0438\u044e.  \u0414\u043e\u0441\u0442\u0443\u043f\u043d\u0430\u044f \u0446\u0435\u043d\u0430 \u0438 \u043e\u0442\u043b\u0438\u0447\u043d\u043e\u0435 \u043a\u0430\u0447\u0435\u0441\u0442\u0432\u043e \u2013 \u043d\u0430\u0448\u0430 \u0444\u0438\u0440\u043c\u0430 \u044f\u0432\u043b\u044f\u0435\u0442\u0441\u044f \u0434\u0438\u043b\u0435\u0440\u043e\u043c \u0432 \u043f\u0440\u043e\u0438\u0437\u0432\u043e\u0434\u0441\u0442\u0432\u0435 \u0415\u0432\u0440\u043e\u043f\u0435\u0439\u0441\u043a\u043e\u0433\u043e \u043a\u043e\u0441\u043c\u0435\u0442\u043e\u043b\u043e\u0433\u0438\u0447\u0435\u0441\u043a\u043e\u0433\u043e \u043e\u0431\u043e\u0440\u0443\u0434\u043e\u0432\u0430\u043d\u0438\u044f.\" \/>\n<meta property=\"og:url\" content=\"https:\/\/amt.eu.com\/pl\/produkt\/l-1200\/\" \/>\n<meta property=\"og:site_name\" content=\"\u042d\u0441\u0442\u0435\u0442\u0438\u0447\u0435\u0441\u043a\u0438\u0435 \u041c\u0435\u0434\u0438\u0446\u0438\u043d\u0441\u043a\u0438\u0435 \u0422\u0435\u0445\u043d\u043e\u043b\u043e\u0433\u0438\u0438 - Aesthetic Medical Technology\" \/>\n<meta property=\"article:modified_time\" content=\"2024-09-14T10:37:31+00:00\" \/>\n<meta property=\"og:image\" content=\"https:\/\/amt.eu.com\/wp-content\/uploads\/2024\/09\/l1200.jpg\" \/>\n\t<meta property=\"og:image:width\" content=\"868\" \/>\n\t<meta property=\"og:image:height\" content=\"1090\" \/>\n<meta name=\"twitter:card\" content=\"summary_large_image\" \/>\n<meta name=\"twitter:label1\" content=\"Szacowany czas czytania\">\n\t<meta name=\"twitter:data1\" content=\"6 minut\">\n<script type=\"application\/ld+json\" class=\"yoast-schema-graph\">{\"@context\":\"https:\/\/schema.org\",\"@graph\":[{\"@type\":\"WebSite\",\"@id\":\"https:\/\/amt.eu.com\/#website\",\"url\":\"https:\/\/amt.eu.com\/\",\"name\":\"\\u042d\\u0441\\u0442\\u0435\\u0442\\u0438\\u0447\\u0435\\u0441\\u043a\\u0438\\u0435 \\u041c\\u0435\\u0434\\u0438\\u0446\\u0438\\u043d\\u0441\\u043a\\u0438\\u0435 \\u0422\\u0435\\u0445\\u043d\\u043e\\u043b\\u043e\\u0433\\u0438\\u0438 - Aesthetic Medical Technology\",\"description\":\"\\u041c\\u0435\\u0434\\u0438\\u0446\\u0438\\u043d\\u0441\\u043a\\u0438\\u0435 \\u0442\\u0435\\u0445\\u043d\\u043e\\u043b\\u043e\\u0433\\u0438\\u0438 \\u0438 \\u043f\\u0440\\u043e\\u0446\\u0435\\u0434\\u0443\\u0440\\u044b\",\"potentialAction\":[{\"@type\":\"SearchAction\",\"target\":\"https:\/\/amt.eu.com\/?s={search_term_string}\",\"query-input\":\"required name=search_term_string\"}],\"inLanguage\":\"pl-PL\"},{\"@type\":\"ImageObject\",\"@id\":\"https:\/\/amt.eu.com\/product\/l-1200\/#primaryimage\",\"inLanguage\":\"pl-PL\",\"url\":\"https:\/\/amt.eu.com\/wp-content\/uploads\/2024\/09\/l1200.jpg\",\"width\":868,\"height\":1090},{\"@type\":\"WebPage\",\"@id\":\"https:\/\/amt.eu.com\/product\/l-1200\/#webpage\",\"url\":\"https:\/\/amt.eu.com\/product\/l-1200\/\",\"name\":\"L-1200 + - \\u042d\\u0441\\u0442\\u0435\\u0442\\u0438\\u0447\\u0435\\u0441\\u043a\\u0438\\u0435 \\u041c\\u0435\\u0434\\u0438\\u0446\\u0438\\u043d\\u0441\\u043a\\u0438\\u0435 \\u0422\\u0435\\u0445\\u043d\\u043e\\u043b\\u043e\\u0433\\u0438\\u0438 - Aesthetic Medical Technology\",\"isPartOf\":{\"@id\":\"https:\/\/amt.eu.com\/#website\"},\"primaryImageOfPage\":{\"@id\":\"https:\/\/amt.eu.com\/product\/l-1200\/#primaryimage\"},\"datePublished\":\"2024-09-14T09:31:58+00:00\",\"dateModified\":\"2024-09-14T10:37:31+00:00\",\"breadcrumb\":{\"@id\":\"https:\/\/amt.eu.com\/product\/l-1200\/#breadcrumb\"},\"inLanguage\":\"pl-PL\",\"potentialAction\":[{\"@type\":\"ReadAction\",\"target\":[\"https:\/\/amt.eu.com\/product\/l-1200\/\"]}]},{\"@type\":\"BreadcrumbList\",\"@id\":\"https:\/\/amt.eu.com\/product\/l-1200\/#breadcrumb\",\"itemListElement\":[{\"@type\":\"ListItem\",\"position\":1,\"item\":{\"@type\":\"WebPage\",\"@id\":\"https:\/\/amt.eu.com\/\",\"url\":\"https:\/\/amt.eu.com\/\",\"name\":\"\"}},{\"@type\":\"ListItem\",\"position\":2,\"item\":{\"@type\":\"WebPage\",\"@id\":\"https:\/\/amt.eu.com\/shop\/\",\"url\":\"https:\/\/amt.eu.com\/shop\/\",\"name\":\"\\u041c\\u0430\\u0433\\u0430\\u0437\\u0438\\u043d\"}},{\"@type\":\"ListItem\",\"position\":3,\"item\":{\"@type\":\"WebPage\",\"@id\":\"https:\/\/amt.eu.com\/product\/l-1200\/\",\"url\":\"https:\/\/amt.eu.com\/product\/l-1200\/\",\"name\":\"L-1200 +\"}}]}]}<\/script>\n<!-- \/ Yoast SEO Premium plugin. -->","_links":{"self":[{"href":"https:\/\/amt.eu.com\/pl\/wp-json\/wp\/v2\/product\/3540"}],"collection":[{"href":"https:\/\/amt.eu.com\/pl\/wp-json\/wp\/v2\/product"}],"about":[{"href":"https:\/\/amt.eu.com\/pl\/wp-json\/wp\/v2\/types\/product"}],"replies":[{"embeddable":true,"href":"https:\/\/amt.eu.com\/pl\/wp-json\/wp\/v2\/comments?post=3540"}],"wp:featuredmedia":[{"embeddable":true,"href":"https:\/\/amt.eu.com\/pl\/wp-json\/wp\/v2\/media\/3541"}],"wp:attachment":[{"href":"https:\/\/amt.eu.com\/pl\/wp-json\/wp\/v2\/media?parent=3540"}],"wp:term":[{"taxonomy":"product_cat","embeddable":true,"href":"https:\/\/amt.eu.com\/pl\/wp-json\/wp\/v2\/product_cat?post=3540"},{"taxonomy":"product_tag","embeddable":true,"href":"https:\/\/amt.eu.com\/pl\/wp-json\/wp\/v2\/product_tag?post=3540"}],"curies":[{"name":"wp","href":"https:\/\/api.w.org\/{rel}","templated":true}]}}