{"id":662,"date":"2021-11-04T04:15:57","date_gmt":"2021-11-04T01:15:57","guid":{"rendered":"https:\/\/amt.eu.com\/?post_type=product&#038;p=662"},"modified":"2022-08-19T17:26:27","modified_gmt":"2022-08-19T14:26:27","slug":"elos-o4","status":"publish","type":"product","link":"https:\/\/amt.eu.com\/pl\/produkt\/elos-o4\/","title":{"rendered":"Elos 04"},"content":{"rendered":"<p>Fotolaser <strong>Elos 04 europejskiej firmy &quot;A.M.T.&quot;<\/strong> to nowa technologia OPT, kt\u00f3ra oznacza dla Twojej firmy nowe mo\u017cliwo\u015bci \u015bwiadczenia wysokiej jako\u015bci us\u0142ug swoim klientom!<\/p>\n<p style=\"text-align: center;\"><img decoding=\"async\" src=\"\/wp-content\/uploads\/2022\/08\/elos-04.jpg\" \/><\/p>\n<h3>Co oznacza technologia ORT, w kt\u00f3r\u0105 wyposa\u017cony jest nasz laser?<\/h3>\n<p>Technologia optymalnego pulsu OPT w urz\u0105dzeniu Elos 04 jest jedn\u0105 z najpopularniejszych w kosmetologii. Najcz\u0119\u015bciej technologia ta wykorzystywana jest w urz\u0105dzeniach do fotoodm\u0142adzania i fotoepilacji, jest r\u00f3wnie\u017c skuteczna w korygowaniu pigmentowanych i drobnych defekt\u00f3w naczyniowych sk\u00f3ry.<\/p>\n<p>Istot\u0105 technologii OPT jest utrzymanie wysokiego, stabilnego poziomu przep\u0142ywu mocy przez ca\u0142y impuls. W systemach IPL bez OPT moc impulsu ca\u0142y czas spada w trakcie jego dostarczania, dlatego dla zapewnienia efektywnej fluencji konieczne jest przeszacowanie mocy na pocz\u0105tku impulsu.<\/p>\n<p style=\"text-align: center;\"><img decoding=\"async\" style=\"max-width: 250px;\" src=\"\/wp-content\/uploads\/2022\/08\/chto-takoye-elos-04.jpg\" \/><\/p>\n<p>Odm\u0142adzanie sk\u00f3ry urz\u0105dzeniem Elos 04 polega na oddzia\u0142ywaniu impuls\u00f3w \u015bwietlnych na g\u0142\u0119bokie warstwy sk\u00f3ry. S\u0105 wychwytywane przez melanin\u0119, w wyniku ogrzewania niszczone s\u0105 niechciane pigmenty, gin\u0105 bakterie.<\/p>\n<h3>Dlaczego warto kupi\u0107 fotolaser firmy A.M.T. z technologi\u0105 ORT?<\/h3>\n<ul class=\"styled_list\">\n<li><span class=\"num\">1<\/span>Urz\u0105dzenie posiada 4 r\u00f3\u017cne manipulatory z elastycznymi d\u0142ugimi rurkami do wygodnej pracy specjalisty. Zestaw zawiera 5 wymiennych filtr\u00f3w.<\/li>\n<li><span class=\"num\">2<\/span>Wyposa\u017cony w technologi\u0119 ORT Optimal Pulse, kt\u00f3ra zapewnia stabiln\u0105 moc wyj\u015bciow\u0105 energii z ka\u017cdego impulsu i zapewnia klientom bezpieczny, bezbolesny i skuteczny wynik.<\/li>\n<li><span class=\"num\">3<\/span>Du\u017cy interfejs dotykowy jest bardzo wygodny dla mistrza z mo\u017cliwo\u015bci\u0105 precyzyjnego dostrojenia poszczeg\u00f3lnych parametr\u00f3w ekspozycji.<\/li>\n<li><span class=\"num\">4<\/span>Unikalna technologia podci\u015bnieniowa r\u0119koje\u015bci depiluj\u0105cej zapewnia bardziej efektywne rezultaty zabiegu. Podci\u015bnienie zasysa leczony obszar sk\u00f3ry, co zapewnia sprawniejsze dostarczanie energii do kom\u00f3rek docelowych oraz zmniejsza wch\u0142anianie energii przez otaczaj\u0105ce tkanki.<\/li>\n<li><span class=\"num\">5<\/span>W trybie SHR cz\u0119stotliwo\u015b\u0107 1-10 Hz zapewnia szybki zabieg na du\u017cych obszarach sk\u00f3ry.<\/li>\n<li><span class=\"num\">6<\/span>Dzi\u0119ki unikalnym modu\u0142om urz\u0105dzenie mo\u017ce obj\u0105\u0107 ca\u0142y zakres us\u0142ug kosmetologii laserowej oraz wykona\u0107 du\u017c\u0105 ilo\u015b\u0107 zabieg\u00f3w na twarz i cia\u0142o.<\/li>\n<li><span class=\"num\">7<\/span>Mo\u017ce by\u0107 stosowany na dowoln\u0105 cz\u0119\u015b\u0107 cia\u0142a.<\/li>\n<li><span class=\"num\">8<\/span>Kr\u00f3tki okres rekonwalescencji.<\/li>\n<li><span class=\"num\">9<\/span>Szeroki zakres wskaza\u0144 do stosowania.<\/li>\n<li><span class=\"num\">10<\/span>Aparat <strong>Elos 04<\/strong> wyposa\u017cony w dodatkow\u0105 funkcj\u0119 bipolarnego grzania Rf (5-50W), dla jeszcze lepszych rezultat\u00f3w.<\/li>\n<\/ul>\n<h3>Wskazania do stosowania naszego urz\u0105dzenia:<\/h3>\n<ul style=\"list-style-type: square;\">\n<li>depilacja twarzy i cia\u0142a;<\/li>\n<li>usuwanie przebarwie\u0144, pieg\u00f3w;<\/li>\n<li>leczenie sieci naczyniowej, tr\u0105dziku r\u00f3\u017cowatego;<\/li>\n<li>leczenie tr\u0105dziku;<\/li>\n<li>fotoodm\u0142adzanie, lifting sk\u00f3ry.<\/li>\n<\/ul>\n<h3>Procedury Elos 04:<\/h3>\n<ul class=\"styled_list\">\n<li><span class=\"num\">1<\/span><strong>Fotoepilacja<\/strong> (610-1200 nm)<\/li>\n<\/ul>\n<p>B\u0142yski \u015bwiat\u0142a wnikaj\u0105ce w sk\u00f3r\u0119 s\u0105 skoncentrowane w melaninie. W wyniku oddzia\u0142ywania powstaje energia cieplna, kt\u00f3ra prowadzi do zniszczenia \u017car\u00f3wki. Po zabiegu w\u0142osy same wypadaj\u0105. Poniewa\u017c impulsy \u015bwietlne oddzia\u0142uj\u0105 na melanin\u0119 (pigment), a jej najwi\u0119ksza ilo\u015b\u0107 wyst\u0119puje we w\u0142osach ciemnych, zabieg mo\u017ce nie by\u0107 skuteczny w walce z w\u0142osami blond lub siwymi. B\u0142yski \u015bwiat\u0142a wp\u0142ywaj\u0105 tylko na cebulki znajduj\u0105ce si\u0119 w fazie aktywnego wzrostu. W jednym zabiegu mo\u017cna usun\u0105\u0107 oko\u0142o 30% niechcianych w\u0142os\u00f3w, jednak po pewnym czasie sesj\u0119 trzeba powt\u00f3rzy\u0107 od 8 do 14 zabieg\u00f3w, aby pozby\u0107 si\u0119 ca\u0142ego nadmiaru w\u0142os\u00f3w.<\/p>\n<p style=\"text-align: center;\"><img decoding=\"async\" style=\"max-width: 400px;\" src=\"\/wp-content\/uploads\/2022\/08\/elos-04-procedura.jpg\" \/><\/p>\n<ul class=\"styled_list\">\n<li><span class=\"num\">2<\/span><strong>Fotoodm\u0142adzanie<\/strong> (530-1200 nm)<\/li>\n<\/ul>\n<p>Wraz z wiekiem zmniejsza si\u0119 produkcja kolagenu przez sk\u00f3r\u0119, co prowadzi do jej wiotczenia, pojawienia si\u0119 \u201ekurzych \u0142apek\u201d w k\u0105cikach oczu, pierwszych zmarszczek mimicznych. Pod wp\u0142ywem promieniowania \u015bwietlnego o wysokiej cz\u0119stotliwo\u015bci w procesie \u201erozgrzewania\u201d nask\u00f3rka dochodzi do dodatkowej produkcji w du\u017cych ilo\u015bciach kolagenu, co poprawia kondycj\u0119 sk\u00f3ry: wyg\u0142adza si\u0119, staje si\u0119 bardziej elastyczna, mi\u0119kka, rozszerzone i rozszerzone pory w\u0105ski.<\/p>\n<p style=\"text-align: center;\"><img decoding=\"async\" style=\"max-width: 250px;\" src=\"\/wp-content\/uploads\/2022\/08\/elos-04-fotoomolozheniye.jpg\" \/><\/p>\n<ul class=\"styled_list\">\n<li><span class=\"num\">3<\/span><strong>Kuracja naczynkowa<\/strong> (585-1200 nm)<\/li>\n<\/ul>\n<p>W leczeniu rozszerzonych naczynek za pomoc\u0105 technologii elos, zawarta we krwi hemoglobina poch\u0142ania \u015bwiat\u0142o wi\u0105zki lasera, kt\u00f3re zamieniane jest na energi\u0119 ciepln\u0105. Na skutek nagrzewania wywo\u0142anego po\u0142\u0105czonym dzia\u0142aniem lasera optycznego naczynie zostaje nagrzane do temperatury wystarczaj\u0105cej do trwa\u0142ego uszkodzenia przydanki i \u015br\u00f3db\u0142onka, co prowadzi do bliznowacenia lub zaniku naczynia. Zachodz\u0105ca tu termoliza daje po\u017c\u0105dany efekt - naczynie zostaje zalutowane, jego \u015bwiat\u0142o zostaje zatkane, a co za tym idzie zatrzymuje si\u0119 kr\u0105\u017cenie krwi. W przypadku braku kr\u0105\u017cenia krwi w rozszerzonym naczyniu stopniowo blednie i znika.<\/p>\n<p style=\"text-align: center;\"><img decoding=\"async\" style=\"max-width: 250px;\" src=\"\/wp-content\/uploads\/2022\/08\/elos-04-lecheniye-kuperoza.jpg\" \/><\/p>\n<ul class=\"styled_list\">\n<li><span class=\"num\">4<\/span><strong>leczenie tr\u0105dziku<\/strong> (430-1200nm) (opcjonalnie)<\/li>\n<\/ul>\n<p>W leczeniu ELOS bakterie propionowe i kokaotw\u00f3rcze powoduj\u0105ce tr\u0105dzik s\u0105 niszczone przez ekspozycj\u0119 na \u015bwiat\u0142o o szerokim spektrum. Kiedy promienie \u015bwietlne uderzaj\u0105 w protoporfiryny, powstaj\u0105 wolne rodniki, kt\u00f3re zabijaj\u0105 patogenne mikroorganizmy w zatkanych porach. Jednocze\u015bnie dochodzi do zniszczenia czop\u00f3w \u0142ojowych i zmniejszenia zawarto\u015bci t\u0142uszczu w sk\u00f3rze.<\/p>\n<p style=\"text-align: center;\"><img decoding=\"async\" style=\"max-width: 250px;\" src=\"\/wp-content\/uploads\/2022\/08\/elos-04-lecheniye-akne.jpg\" \/><\/p>\n<ul class=\"styled_list\">\n<li><span class=\"num\">5<\/span><strong>Usuwanie pieg\u00f3w, przebarwie\u0144<\/strong> (560-1200 nm) (opcjonalnie)<\/li>\n<\/ul>\n<p>Obszar problemowy jest wystawiony na dzia\u0142anie \u015bwiat\u0142a Elos. Specjalna dysza naszego urz\u0105dzenia pozwala oddzia\u0142ywa\u0107 na g\u0142\u0119bokie warstwy nask\u00f3rka. Kom\u00f3rki, kt\u00f3re przesz\u0142y pigmentacj\u0119 otrzymuj\u0105 silny strumie\u0144 \u015bwiat\u0142a OPT i dzi\u0119ki temu nagrzewaj\u0105 si\u0119, a pr\u0105d bipolarny pomaga zniszczy\u0107 pigment. Nast\u0119pnie usuwane s\u0105 martwe kom\u00f3rki barwnikowe, w wyniku czego pigmentacja zanika, a co wa\u017cne ELOS umo\u017cliwia leczenie pieg\u00f3w bez uszkadzania samej sk\u00f3ry. Po zabiegu miejscowo leczone miejsca ciemniej\u0105, a po kilku dniach sk\u00f3ra odzyskuje jednolity koloryt, ale bez przebarwie\u0144 \u2013 znika.<\/p>\n<p style=\"text-align: center;\"><img decoding=\"async\" style=\"max-width: 250px;\" src=\"\/wp-content\/uploads\/2022\/08\/elos-04-udalenoye-vesnushek-i-pegmentaciyi.jpg\" \/><\/p>\n<p>Przy zakupie kombajnu <strong>Elos 04 A.M.T.<\/strong> nauczy Ciebie i Twoich kosmetolog\u00f3w pracy z urz\u0105dzeniem, monitorowania jego dzia\u0142ania, prawid\u0142owego \u0142\u0105czenia z innymi zabiegami Twojego salonu oraz doboru odpowiedniego zestawu us\u0142ug dodatkowych dla klientek. Tok studi\u00f3w obejmuje cz\u0119\u015b\u0107 teoretyczn\u0105 i praktyczn\u0105 z testowaniem na modelach. Na zako\u0144czenie szkolenia firma wystawi Ci europejski dyplom oraz zapewni sta\u0142e wsparcie konsultacyjne specjalisty w zakresie pracy z urz\u0105dzeniem.<\/p>\n<p>Urz\u0105dzenie OPT rozwi\u0105zuje problem redukcji energii konwencjonalnego IPL i redukuje pierwszy szczyt energii impulsu, tak\u0105 sam\u0105 energi\u0119 w ka\u017cdym impulsie, b\u0119dziemy odczuwa\u0107 mniejszy b\u00f3l a efekt b\u0119dzie lepszy ni\u017c konwencjonalny IPL oraz skr\u00f3ci czas zabiegu.<\/p>\n<table style=\"border-collapse: collapse; width: 100%; border: 0px;\">\n<tbody>\n<tr>\n<td style=\"width: 50%; vertical-align: middle;\"><img decoding=\"async\" class=\"aligncenter\" src=\"\/wp-content\/uploads\/2021\/11\/S3C-apparat-deatils-2.jpg\" \/><\/td>\n<td style=\"width: 50%; vertical-align: middle;\"><img decoding=\"async\" class=\"aligncenter\" src=\"\/wp-content\/uploads\/2021\/11\/S3C-apparat-deatils-1.jpg\" \/><\/td>\n<\/tr>\n<\/tbody>\n<\/table>","protected":false},"excerpt":{"rendered":"<p>Fotolaser <strong>Elos 04 europejskiej firmy \u201eA.M.T.\u201d<\/strong> to nowa technologia OPT, kt\u00f3ra oznacza dla Twojej firmy nowe mo\u017cliwo\u015bci \u015bwiadczenia wysokiej jako\u015bci us\u0142ug swoim klientom!<\/p>","protected":false},"featured_media":2239,"comment_status":"open","ping_status":"closed","template":"","meta":{"site-sidebar-layout":"default","site-content-layout":"default","ast-main-header-display":"","ast-hfb-above-header-display":"","ast-hfb-below-header-display":"","ast-hfb-mobile-header-display":"","site-post-title":"","ast-breadcrumbs-content":"","ast-featured-img":"","footer-sml-layout":"","theme-transparent-header-meta":"default","adv-header-id-meta":"","stick-header-meta":"","header-above-stick-meta":"","header-main-stick-meta":"","header-below-stick-meta":""},"product_cat":[36,46],"product_tag":[],"yoast_head":"<!-- This site is optimized with the Yoast SEO Premium plugin v15.6.2 - https:\/\/yoast.com\/wordpress\/plugins\/seo\/ -->\n<title>Elos 04 - \u042d\u0441\u0442\u0435\u0442\u0438\u0447\u0435\u0441\u043a\u0438\u0435 \u041c\u0435\u0434\u0438\u0446\u0438\u043d\u0441\u043a\u0438\u0435 \u0422\u0435\u0445\u043d\u043e\u043b\u043e\u0433\u0438\u0438 - Aesthetic Medical Technology<\/title>\n<meta name=\"robots\" content=\"index, follow, max-snippet:-1, max-image-preview:large, max-video-preview:-1\" \/>\n<link rel=\"canonical\" href=\"https:\/\/amt.eu.com\/pl\/produkt\/elos-o4\/\" \/>\n<meta property=\"og:locale\" content=\"pl_PL\" \/>\n<meta property=\"og:type\" content=\"article\" \/>\n<meta property=\"og:title\" content=\"Elos 04 - \u042d\u0441\u0442\u0435\u0442\u0438\u0447\u0435\u0441\u043a\u0438\u0435 \u041c\u0435\u0434\u0438\u0446\u0438\u043d\u0441\u043a\u0438\u0435 \u0422\u0435\u0445\u043d\u043e\u043b\u043e\u0433\u0438\u0438 - Aesthetic Medical Technology\" \/>\n<meta property=\"og:description\" content=\"\u0424\u043e\u0442\u043e\u043b\u0430\u0437\u0435\u0440 Elos 04 \u0415\u0432\u0440\u043e\u043f\u0435\u0439\u0441\u043a\u043e\u0439\u00a0 \u0444\u0438\u0440\u043c\u044b \u00ab\u0410.\u041c.\u0422.\u00bb - \u044d\u0442\u043e \u043d\u043e\u0432\u0430\u044f OPT \u0442\u0435\u0445\u043d\u043e\u043b\u043e\u0433\u0438\u044f, \u0430 \u0437\u043d\u0430\u0447\u0438\u0442 \u043d\u043e\u0432\u044b\u0435 \u0432\u043e\u0437\u043c\u043e\u0436\u043d\u043e\u0441\u0442\u0438 \u0432\u0430\u0448\u0435\u0439 \u0444\u0438\u0440\u043c\u044b \u043f\u043e \u043f\u0440\u0435\u0434\u043e\u0441\u0442\u0430\u0432\u043b\u0435\u043d\u0438\u044e \u043a\u0430\u0447\u0435\u0441\u0442\u0432\u0435\u043d\u043d\u044b\u0445 \u0443\u0441\u043b\u0443\u0433 \u0441\u0432\u043e\u0438\u043c \u043a\u043b\u0438\u0435\u043d\u0442\u0430\u043c!\" \/>\n<meta property=\"og:url\" content=\"https:\/\/amt.eu.com\/pl\/produkt\/elos-o4\/\" \/>\n<meta property=\"og:site_name\" content=\"\u042d\u0441\u0442\u0435\u0442\u0438\u0447\u0435\u0441\u043a\u0438\u0435 \u041c\u0435\u0434\u0438\u0446\u0438\u043d\u0441\u043a\u0438\u0435 \u0422\u0435\u0445\u043d\u043e\u043b\u043e\u0433\u0438\u0438 - Aesthetic Medical Technology\" \/>\n<meta property=\"article:modified_time\" content=\"2022-08-19T14:26:27+00:00\" \/>\n<meta property=\"og:image\" content=\"https:\/\/amt.eu.com\/wp-content\/uploads\/2021\/11\/S3C-1-scaled.jpg\" \/>\n\t<meta property=\"og:image:width\" content=\"2560\" \/>\n\t<meta property=\"og:image:height\" content=\"2560\" \/>\n<meta name=\"twitter:card\" content=\"summary_large_image\" \/>\n<meta name=\"twitter:label1\" content=\"Szacowany czas czytania\">\n\t<meta name=\"twitter:data1\" content=\"6 minut\">\n<script type=\"application\/ld+json\" class=\"yoast-schema-graph\">{\"@context\":\"https:\/\/schema.org\",\"@graph\":[{\"@type\":\"WebSite\",\"@id\":\"https:\/\/amt.eu.com\/#website\",\"url\":\"https:\/\/amt.eu.com\/\",\"name\":\"\\u042d\\u0441\\u0442\\u0435\\u0442\\u0438\\u0447\\u0435\\u0441\\u043a\\u0438\\u0435 \\u041c\\u0435\\u0434\\u0438\\u0446\\u0438\\u043d\\u0441\\u043a\\u0438\\u0435 \\u0422\\u0435\\u0445\\u043d\\u043e\\u043b\\u043e\\u0433\\u0438\\u0438 - Aesthetic Medical Technology\",\"description\":\"\\u041c\\u0435\\u0434\\u0438\\u0446\\u0438\\u043d\\u0441\\u043a\\u0438\\u0435 \\u0442\\u0435\\u0445\\u043d\\u043e\\u043b\\u043e\\u0433\\u0438\\u0438 \\u0438 \\u043f\\u0440\\u043e\\u0446\\u0435\\u0434\\u0443\\u0440\\u044b\",\"potentialAction\":[{\"@type\":\"SearchAction\",\"target\":\"https:\/\/amt.eu.com\/?s={search_term_string}\",\"query-input\":\"required name=search_term_string\"}],\"inLanguage\":\"pl-PL\"},{\"@type\":\"ImageObject\",\"@id\":\"https:\/\/amt.eu.com\/product\/elos-o4\/#primaryimage\",\"inLanguage\":\"pl-PL\",\"url\":\"https:\/\/amt.eu.com\/wp-content\/uploads\/2021\/11\/S3C-1-scaled.jpg\",\"width\":2560,\"height\":2560},{\"@type\":\"WebPage\",\"@id\":\"https:\/\/amt.eu.com\/product\/elos-o4\/#webpage\",\"url\":\"https:\/\/amt.eu.com\/product\/elos-o4\/\",\"name\":\"Elos 04 - \\u042d\\u0441\\u0442\\u0435\\u0442\\u0438\\u0447\\u0435\\u0441\\u043a\\u0438\\u0435 \\u041c\\u0435\\u0434\\u0438\\u0446\\u0438\\u043d\\u0441\\u043a\\u0438\\u0435 \\u0422\\u0435\\u0445\\u043d\\u043e\\u043b\\u043e\\u0433\\u0438\\u0438 - Aesthetic Medical Technology\",\"isPartOf\":{\"@id\":\"https:\/\/amt.eu.com\/#website\"},\"primaryImageOfPage\":{\"@id\":\"https:\/\/amt.eu.com\/product\/elos-o4\/#primaryimage\"},\"datePublished\":\"2021-11-04T01:15:57+00:00\",\"dateModified\":\"2022-08-19T14:26:27+00:00\",\"breadcrumb\":{\"@id\":\"https:\/\/amt.eu.com\/product\/elos-o4\/#breadcrumb\"},\"inLanguage\":\"pl-PL\",\"potentialAction\":[{\"@type\":\"ReadAction\",\"target\":[\"https:\/\/amt.eu.com\/product\/elos-o4\/\"]}]},{\"@type\":\"BreadcrumbList\",\"@id\":\"https:\/\/amt.eu.com\/product\/elos-o4\/#breadcrumb\",\"itemListElement\":[{\"@type\":\"ListItem\",\"position\":1,\"item\":{\"@type\":\"WebPage\",\"@id\":\"https:\/\/amt.eu.com\/\",\"url\":\"https:\/\/amt.eu.com\/\",\"name\":\"\"}},{\"@type\":\"ListItem\",\"position\":2,\"item\":{\"@type\":\"WebPage\",\"@id\":\"https:\/\/amt.eu.com\/shop\/\",\"url\":\"https:\/\/amt.eu.com\/shop\/\",\"name\":\"\\u041c\\u0430\\u0433\\u0430\\u0437\\u0438\\u043d\"}},{\"@type\":\"ListItem\",\"position\":3,\"item\":{\"@type\":\"WebPage\",\"@id\":\"https:\/\/amt.eu.com\/product\/elos-o4\/\",\"url\":\"https:\/\/amt.eu.com\/product\/elos-o4\/\",\"name\":\"Elos 04\"}}]}]}<\/script>\n<!-- \/ Yoast SEO Premium plugin. -->","_links":{"self":[{"href":"https:\/\/amt.eu.com\/pl\/wp-json\/wp\/v2\/product\/662"}],"collection":[{"href":"https:\/\/amt.eu.com\/pl\/wp-json\/wp\/v2\/product"}],"about":[{"href":"https:\/\/amt.eu.com\/pl\/wp-json\/wp\/v2\/types\/product"}],"replies":[{"embeddable":true,"href":"https:\/\/amt.eu.com\/pl\/wp-json\/wp\/v2\/comments?post=662"}],"wp:featuredmedia":[{"embeddable":true,"href":"https:\/\/amt.eu.com\/pl\/wp-json\/wp\/v2\/media\/2239"}],"wp:attachment":[{"href":"https:\/\/amt.eu.com\/pl\/wp-json\/wp\/v2\/media?parent=662"}],"wp:term":[{"taxonomy":"product_cat","embeddable":true,"href":"https:\/\/amt.eu.com\/pl\/wp-json\/wp\/v2\/product_cat?post=662"},{"taxonomy":"product_tag","embeddable":true,"href":"https:\/\/amt.eu.com\/pl\/wp-json\/wp\/v2\/product_tag?post=662"}],"curies":[{"name":"wp","href":"https:\/\/api.w.org\/{rel}","templated":true}]}}